{"id":2551,"date":"2021-09-28T17:57:46","date_gmt":"2021-09-28T17:57:46","guid":{"rendered":"https:\/\/www.antonioferreira.gallery\/sv\/exposicoes-2\/"},"modified":"2026-01-11T18:23:52","modified_gmt":"2026-01-11T18:23:52","slug":"utstallningar","status":"publish","type":"page","link":"https:\/\/www.antonioferreira.gallery\/sv\/utstallningar\/","title":{"rendered":"Utst\u00e4llningar"},"content":{"rendered":"\n<div class=\"wp-block-columns has-background is-layout-flex wp-container-core-columns-is-layout-9d6595d7 wp-block-columns-is-layout-flex\" style=\"background-color:#1f72a636\">\n<div class=\"wp-block-column is-vertically-aligned-top is-layout-flow wp-block-column-is-layout-flow\" style=\"flex-basis:100%\">\n<div class=\"wp-block-columns is-layout-flex wp-container-core-columns-is-layout-9d6595d7 wp-block-columns-is-layout-flex\">\n<div class=\"wp-block-column is-vertically-aligned-top is-layout-flow wp-block-column-is-layout-flow\" style=\"flex-basis:60%\">\n<h2 class=\"wp-block-heading\">Kommande utsl\u00e4llning <\/h2>\n\n\n\n<div style=\"height:20px\" aria-hidden=\"true\" class=\"wp-block-spacer\"><\/div>\n\n\n\n<p class=\"has-text-color has-link-color has-medium-font-size wp-elements-ffe5ebd988c685332c9018729229f115\" style=\"color:#414141\">Monacos konstm\u00e4ssa 26<\/p>\n\n\n\n<div style=\"height:20px\" aria-hidden=\"true\" class=\"wp-block-spacer\"><\/div>\n\n\n\n<p class=\"has-text-color has-link-color wp-elements-f3ec53e1b1274d8dfc83989a6c89225a\" style=\"color:#414141\"><strong>18-20 september 2026 &#8211; Chapiteau de Fontvieille 5, avenue des Ligures 98000 Monaco<\/strong><\/p>\n<\/div>\n\n\n\n<div class=\"wp-block-column is-layout-flow wp-block-column-is-layout-flow\" style=\"flex-basis:40%\"><\/div>\n<\/div>\n<\/div>\n<\/div>\n\n\n\n<div class=\"wp-block-columns has-background is-layout-flex wp-container-core-columns-is-layout-9d6595d7 wp-block-columns-is-layout-flex\" style=\"background-color:#f4f4f4\">\n<div class=\"wp-block-column is-vertically-aligned-top is-layout-flow wp-block-column-is-layout-flow\" style=\"flex-basis:100%\">\n<div class=\"wp-block-columns is-layout-flex wp-container-core-columns-is-layout-9d6595d7 wp-block-columns-is-layout-flex\">\n<div class=\"wp-block-column is-vertically-aligned-top is-layout-flow wp-block-column-is-layout-flow\" style=\"flex-basis:33.33%\">\n<div style=\"height:20px\" aria-hidden=\"true\" class=\"wp-block-spacer\"><\/div>\n\n\n\n<h2 class=\"wp-block-heading\"><meta charset=\"utf-8\">Gemensamma utst\u00e4llningar<\/h2>\n\n\n\n<div style=\"height:10px\" aria-hidden=\"true\" class=\"wp-block-spacer\"><\/div>\n\n\n\n<h5 class=\"wp-block-heading has-text-color\" style=\"color:#414141\"><strong>202<\/strong>5<\/h5>\n\n\n\n<p class=\"has-text-color has-link-color wp-elements-4006d1a3744722b7fe353eaca41a11aa\" style=\"color:#414141\">\u2022 Internationell utst\u00e4llning f\u00f6r samtida konst, Galerie Thuillier. Paris, Frankrike.<\/p>\n\n\n\n<p>\u2022 Doroczna Sala Udzia\u0142owc\u00f3w &#8211; Narodowe Towarzystwo Sztuk Pi\u0119knych, Lizbona<\/p>\n\n\n\n<p class=\"has-text-color has-link-color wp-elements-ce25780a62d2520f5dc5e5cad8e1c587\" style=\"color:#414141\">\u2022 &#8220;Sammankopplande linjer&#8221; organiserad av Artio Gallery, p\u00e5 European Museum of Modern Art MEAM i Barcelona, \u200b\u200b\u200b\u200bfr\u00e5n 13 till 15 juni, d\u00e4r den vann andra pris.<\/p>\n\n\n\n<p class=\"has-text-color has-link-color wp-elements-b3b3f3e7136cc2be749ae6c1e481fe41\" style=\"color:#414141\">\u2022 &#8220;D\u00e9cor&#8221; Internationell utst\u00e4llning f\u00f6r samtida konst presenterad av Artemida Experience, Spazio Arte Tolomeo, Milano.<\/p>\n\n\n\n<p class=\"has-text-color has-link-color wp-elements-eaf0a6079579683722422b57e1f873e7\" style=\"color:#414141\">\u2022 &#8220;Venice International Art Fair&#8221; \u2013 21:a upplagan, organiserad av Itsliquid Group<\/p>\n\n\n\n<p class=\"has-text-color has-link-color wp-elements-68fda02c3d0448fc48897a3877b539bc\" style=\"color:#414141\">\u2022 Doroczna Sala Udzia\u0142owc\u00f3w &#8211; Narodowe Towarzystwo Sztuk Pi\u0119knych, Lizbona<\/p>\n\n\n\n<h5 class=\"wp-block-heading has-text-color has-link-color wp-elements-e06e3fa49d269e233937698f78ea8e0c\" style=\"color:#414141\"><strong>2024<\/strong><\/h5>\n\n\n\n<p class=\"has-text-color has-link-color wp-elements-1b35a8449d61190435ab4d66f142e2b8\" style=\"color:#414141\">\u2022 &#8220;\u00c5rlig utst\u00e4llning f\u00f6r medlemmar&#8221; &#8211; Nationella konstf\u00f6reningen, Lissabon <\/p>\n\n\n\n<p class=\"has-text-color has-link-color wp-elements-650ef49376e10bf845cf2de976d1306f\" style=\"color:#414141\">\u2022 Nationella konstf\u00f6reningen, Lissabon<\/p>\n\n\n\n<p class=\"has-text-color has-link-color wp-elements-40d7cc47d8f81c980ea32148ba3b6cda\" style=\"color:#414141\">\u2022 Workshops f\u00f6r utbildning och kulturell animation, Aljustrel<\/p>\n\n\n\n<h5 class=\"wp-block-heading has-text-color has-link-color wp-elements-29ab03d208fec9508c2ef8554671caa7\" style=\"color:#414141\"><strong>2023<\/strong><\/h5>\n\n\n\n<p class=\"has-text-color has-link-color wp-elements-de1a8dad7a3df474e67ab941c5847be1\" style=\"color:#414141\">\u2022 Galerias de S. Ant\u00f3nio, Monchique<\/p>\n\n\n\n<p class=\"has-text-color has-link-color wp-elements-650ef49376e10bf845cf2de976d1306f\" style=\"color:#414141\">\u2022 Nationella konstf\u00f6reningen, Lissabon<\/p>\n\n\n\n<p class=\"has-text-color has-link-color wp-elements-40d7cc47d8f81c980ea32148ba3b6cda\" style=\"color:#414141\">\u2022 Workshops f\u00f6r utbildning och kulturell animation, Aljustrel<\/p>\n\n\n\n<h5 class=\"wp-block-heading has-text-color has-link-color wp-elements-be1fa8cd72104f1172e5e1d07a799e3a\" style=\"color:#414141\"><strong>2022<\/strong><\/h5>\n\n\n\n<p class=\"has-text-color has-link-color wp-elements-650ef49376e10bf845cf2de976d1306f\" style=\"color:#414141\">\u2022 Nationella konstf\u00f6reningen, Lissabon<\/p>\n\n\n\n<p class=\"has-text-color has-link-color wp-elements-fab5e71059dd4b972c1d31f29acd5c13\" style=\"color:#414141\">\u2022 \u201c\u00c5rlig utst\u00e4llning f\u00f6r medlemmar\u201d &#8211; Nationella konstf\u00f6reningen, Lissabon<\/p>\n\n\n\n<p class=\"has-text-color has-link-color wp-elements-40d7cc47d8f81c980ea32148ba3b6cda\" style=\"color:#414141\">\u2022 Workshops f\u00f6r utbildning och kulturell animation, Aljustrel<\/p>\n\n\n\n<h5 class=\"wp-block-heading has-text-color\" style=\"color:#414141\"><strong>2021<\/strong><\/h5>\n\n\n\n<p class=\"has-text-color\" style=\"color:#414141\">\u2022 Sal\u00e3o Anual dos S\u00f3cios\u201d &#8211; Sociedade Nacional de Belas Artes, Lisboa<\/p>\n\n\n\n<p class=\"has-text-color\" style=\"color:#414141\">\u2022 &#8220;Art Fest&#8221;, CascaisShopping, Lisboa.<\/p>\n\n\n\n<p class=\"has-text-color\" style=\"color:#414141\">\u2022 <meta charset=\"utf-8\">Sociedade Nacional de Belas Artes, Lisboa<\/p>\n\n\n\n<div style=\"height:10px\" aria-hidden=\"true\" class=\"wp-block-spacer\"><\/div>\n\n\n\n<h5 class=\"wp-block-heading has-text-color\" style=\"color:#414141\"><strong>2020<\/strong><\/h5>\n\n\n\n<p class=\"has-text-color\" style=\"color:#414141\">\u2022 Sociedade Nacional de Belas Artes, Lisboa<\/p>\n\n\n\n<p class=\"has-text-color\" style=\"color:#414141\">\u2022 &#8220;Sal\u00e3o Anual dos S\u00f3cios&#8221; Sociedade Nacional de Belas Artes, Lisboa<\/p>\n\n\n\n<p class=\"has-text-color\" style=\"color:#414141\">\u2022 Oficinas de forma\u00e7\u00e3o e anima\u00e7\u00e3o cultural, Aljustrel<\/p>\n\n\n\n<div style=\"height:10px\" aria-hidden=\"true\" class=\"wp-block-spacer\"><\/div>\n\n\n\n<h5 class=\"wp-block-heading has-text-color\" style=\"color:#414141\"><strong>2019<\/strong><\/h5>\n\n\n\n<p class=\"has-text-color\" style=\"color:#414141\">\u2022 &#8220;Sal\u00e3o dos artistas s\u00f3cios da Sociedade Nacional de Belas Artes&#8221;, Lisboa<\/p>\n\n\n\n<p class=\"has-text-color\" style=\"color:#414141\">\u2022 Oficinas de forma\u00e7\u00e3o e anima\u00e7\u00e3o cultural, Aljustrel<\/p>\n\n\n\n<p class=\"has-text-color\" style=\"color:#414141\">\u2022Sociedade Nacional de Belas Artes\u201d, Lisboa<\/p>\n\n\n\n<div style=\"height:10px\" aria-hidden=\"true\" class=\"wp-block-spacer\"><\/div>\n\n\n\n<h5 class=\"wp-block-heading has-text-color\" style=\"color:#414141\"><strong>2018<\/strong><\/h5>\n\n\n\n<p class=\"has-text-color\" style=\"color:#414141\">\u2022 Oficinas de forma\u00e7\u00e3o e anima\u00e7\u00e3o cultural, Aljustrel<\/p>\n\n\n\n<p class=\"has-text-color\" style=\"color:#414141\">\u2022 &nbsp;Sociedade Nacional de Belas Artes, Lisboa<\/p>\n<\/div>\n\n\n\n<div class=\"wp-block-column is-vertically-aligned-top is-layout-flow wp-block-column-is-layout-flow\" style=\"flex-basis:66.67%\">\n<div style=\"height:20px\" aria-hidden=\"true\" class=\"wp-block-spacer\"><\/div>\n\n\n<div class=\"wp-block-image\">\n<figure class=\"alignleft size-large\"><a href=\"https:\/\/www.antonioferreira.gallery\/wp-content\/uploads\/2022\/03\/im-exhibitions.jpg\"><img loading=\"lazy\" decoding=\"async\" width=\"1280\" height=\"825\" src=\"https:\/\/www.antonioferreira.gallery\/wp-content\/uploads\/2022\/03\/im-exhibitions-1280x825.jpg\" alt=\"\" class=\"wp-image-2528\" srcset=\"https:\/\/www.antonioferreira.gallery\/wp-content\/uploads\/2022\/03\/im-exhibitions-1280x825.jpg 1280w, https:\/\/www.antonioferreira.gallery\/wp-content\/uploads\/2022\/03\/im-exhibitions-700x451.jpg 700w, https:\/\/www.antonioferreira.gallery\/wp-content\/uploads\/2022\/03\/im-exhibitions-150x97.jpg 150w, https:\/\/www.antonioferreira.gallery\/wp-content\/uploads\/2022\/03\/im-exhibitions-768x495.jpg 768w, https:\/\/www.antonioferreira.gallery\/wp-content\/uploads\/2022\/03\/im-exhibitions-1536x990.jpg 1536w, https:\/\/www.antonioferreira.gallery\/wp-content\/uploads\/2022\/03\/im-exhibitions.jpg 1920w\" sizes=\"auto, (max-width: 1280px) 100vw, 1280px\" \/><\/a><figcaption class=\"wp-element-caption\"><meta charset=\"utf-8\">Sal\u00e3o Anual dos S\u00f3cios&#8221; Sociedade Nacional de Belas Artes, 2019<\/figcaption><\/figure>\n<\/div><\/div>\n<\/div>\n<\/div>\n<\/div>\n\n\n\n<h2 class=\"wp-block-heading no-vertical-margin has-white-background-color has-text-color has-background\" style=\"color:#414141;font-size:22px\">Tidigare utst\u00e4llninga<\/h2>\n\n\n\n<div class=\"wp-block-columns has-white-background-color has-background is-layout-flex wp-container-core-columns-is-layout-9d6595d7 wp-block-columns-is-layout-flex\">\n<div class=\"wp-block-column is-vertically-aligned-top is-layout-flow wp-block-column-is-layout-flow\" style=\"flex-basis:90%\">\n<div class=\"wp-block-columns is-layout-flex wp-container-core-columns-is-layout-9d6595d7 wp-block-columns-is-layout-flex\">\n<div class=\"wp-block-column is-vertically-aligned-top is-layout-flow wp-block-column-is-layout-flow\" style=\"flex-basis:66.66%\"><div class=\"wp-block-image is-resized\">\n<figure class=\"alignleft size-full\"><a href=\"https:\/\/www.antonioferreira.gallery\/wp-content\/uploads\/2015\/04\/expo3.gif\"><img loading=\"lazy\" decoding=\"async\" width=\"1170\" height=\"832\" src=\"https:\/\/www.antonioferreira.gallery\/wp-content\/uploads\/2015\/04\/expo3.gif\" alt=\"\" class=\"wp-image-820\"\/><\/a><\/figure>\n<\/div><\/div>\n\n\n\n<div class=\"wp-block-column is-vertically-aligned-top is-layout-flow wp-block-column-is-layout-flow\" style=\"flex-basis:33.33%\">\n<h5 class=\"wp-block-heading has-text-color\" style=\"color:#414141\"><strong>2023<\/strong><\/h5>\n\n\n\n<p class=\"has-text-color has-link-color wp-elements-5d48237ff2ef4a516503dd86e46b9eba\" style=\"color:#414141\">\u2022 Espa\u00e7o Atmosfera M, Lissabon &#8211; Lansering av virtuell utst\u00e4llning (samutst\u00e4llning med skulpt\u00f6ren Jos\u00e9 Maur\u00edcio)<\/p>\n\n\n\n<p class=\"has-text-color has-link-color wp-elements-6ffc8b7441ae4ee4046eb8b38a401337\" style=\"color:#414141\">\u2022 CodigoDesign Gallery, Porto &#8211; Entis (samutst\u00e4llning med skulpt\u00f6ren \u00c2ngela Fonseca)<\/p>\n\n\n\n<h5 class=\"wp-block-heading has-text-color\" style=\"color:#414141\"><strong>2016<\/strong><\/h5>\n\n\n\n<p class=\"has-text-color\" style=\"color:#414141\">\u2022 &#8220;Pintar a Europa&#8221;<\/p>\n\n\n\n<p class=\"has-text-color\" style=\"color:#414141\">O Tuga, Corunha, Espanha<\/p>\n\n\n\n<div style=\"height:10px\" aria-hidden=\"true\" class=\"wp-block-spacer\"><\/div>\n\n\n\n<h5 class=\"wp-block-heading has-text-color\" style=\"color:#414141\"><strong>2014<\/strong><\/h5>\n\n\n\n<p class=\"has-text-color\" style=\"color:#414141\">\u2022 &#8220;Viagem Interior&#8221;<\/p>\n\n\n\n<p class=\"has-text-color\" style=\"color:#414141\">Galerias de Santo Ant\u00f3nio, Monchique, Portugal<\/p>\n\n\n\n<blockquote class=\"wp-block-quote is-layout-flow wp-block-quote-is-layout-flow\">\n<p>Absolutely stunning. Very expressive and vibrant<\/p>\n<\/blockquote>\n\n\n\n<blockquote class=\"wp-block-quote is-layout-flow wp-block-quote-is-layout-flow\">\n<p>Nos ha encantado. Gracias por proporcionarnos este fant\u00e1stico momento<\/p>\n<\/blockquote>\n<\/div>\n<\/div>\n<\/div>\n<\/div>\n","protected":false},"excerpt":{"rendered":"<p>Kommande utsl\u00e4llning Monacos konstm\u00e4ssa 26 18-20 september 2026 &#8211; Chapiteau de Fontvieille 5, avenue des Ligures 98000 Monaco Gemensamma utst\u00e4llningar 2025 \u2022 Internationell utst\u00e4llning f\u00f6r samtida konst, Galerie Thuillier. Paris, Frankrike. \u2022 Doroczna Sala Udzia\u0142owc\u00f3w &#8211; Narodowe Towarzystwo Sztuk Pi\u0119knych, Lizbona \u2022 &#8220;Sammankopplande linjer&#8221; organiserad av Artio Gallery, p\u00e5 European Museum of Modern Art MEAM&#8230;<\/p>\n","protected":false},"author":1,"featured_media":0,"parent":0,"menu_order":0,"comment_status":"closed","ping_status":"closed","template":"page-full.php","meta":{"_exactmetrics_skip_tracking":false,"_exactmetrics_sitenote_active":false,"_exactmetrics_sitenote_note":"","_exactmetrics_sitenote_category":0,"footnotes":""},"class_list":["post-2551","page","type-page","status-publish","hentry"],"yoast_head":"<!-- This site is optimized with the Yoast SEO plugin v27.5 - https:\/\/yoast.com\/product\/yoast-seo-wordpress\/ -->\n<title>Utst\u00e4llningar - Ant\u00f3nio Artur Ferreira Gallery<\/title>\n<meta name=\"description\" content=\"Alla utst\u00e4llningar av konstn\u00e4ren Ant\u00f3nio Ferreira sedan 2009, individuella och kollektiva.\" \/>\n<meta name=\"robots\" content=\"index, follow, max-snippet:-1, max-image-preview:large, max-video-preview:-1\" \/>\n<link rel=\"canonical\" href=\"https:\/\/www.antonioferreira.gallery\/sv\/utstallningar\/\" \/>\n<meta property=\"og:locale\" content=\"sv_SE\" \/>\n<meta property=\"og:type\" content=\"article\" \/>\n<meta property=\"og:title\" content=\"Utst\u00e4llningar - Ant\u00f3nio Artur Ferreira Gallery\" \/>\n<meta property=\"og:description\" content=\"Alla utst\u00e4llningar av konstn\u00e4ren Ant\u00f3nio Ferreira sedan 2009, individuella och kollektiva.\" \/>\n<meta property=\"og:url\" content=\"https:\/\/www.antonioferreira.gallery\/sv\/utstallningar\/\" \/>\n<meta property=\"og:site_name\" content=\"Ant\u00f3nio Artur Ferreira Gallery\" \/>\n<meta property=\"article:modified_time\" content=\"2026-01-11T18:23:52+00:00\" \/>\n<meta property=\"og:image\" content=\"https:\/\/www.antonioferreira.gallery\/wp-content\/uploads\/2022\/03\/im-exhibitions.jpg\" \/>\n\t<meta property=\"og:image:width\" content=\"1920\" \/>\n\t<meta property=\"og:image:height\" content=\"1237\" \/>\n\t<meta property=\"og:image:type\" content=\"image\/jpeg\" \/>\n<meta name=\"twitter:label1\" content=\"Est. reading time\" \/>\n\t<meta name=\"twitter:data1\" content=\"3 minutes\" \/>\n<script type=\"application\/ld+json\" class=\"yoast-schema-graph\">{\"@context\":\"https:\\\/\\\/schema.org\",\"@graph\":[{\"@type\":\"WebPage\",\"@id\":\"https:\\\/\\\/www.antonioferreira.gallery\\\/sv\\\/utstallningar\\\/\",\"url\":\"https:\\\/\\\/www.antonioferreira.gallery\\\/sv\\\/utstallningar\\\/\",\"name\":\"Utst\u00e4llningar - Ant\u00f3nio Artur Ferreira Gallery\",\"isPartOf\":{\"@id\":\"https:\\\/\\\/www.antonioferreira.gallery\\\/#website\"},\"primaryImageOfPage\":{\"@id\":\"https:\\\/\\\/www.antonioferreira.gallery\\\/sv\\\/utstallningar\\\/#primaryimage\"},\"image\":{\"@id\":\"https:\\\/\\\/www.antonioferreira.gallery\\\/sv\\\/utstallningar\\\/#primaryimage\"},\"thumbnailUrl\":\"https:\\\/\\\/www.antonioferreira.gallery\\\/wp-content\\\/uploads\\\/2022\\\/03\\\/im-exhibitions-1280x825.jpg\",\"datePublished\":\"2021-09-28T17:57:46+00:00\",\"dateModified\":\"2026-01-11T18:23:52+00:00\",\"description\":\"Alla utst\u00e4llningar av konstn\u00e4ren Ant\u00f3nio Ferreira sedan 2009, individuella och kollektiva.\",\"breadcrumb\":{\"@id\":\"https:\\\/\\\/www.antonioferreira.gallery\\\/sv\\\/utstallningar\\\/#breadcrumb\"},\"inLanguage\":\"sv-SE\",\"potentialAction\":[{\"@type\":\"ReadAction\",\"target\":[\"https:\\\/\\\/www.antonioferreira.gallery\\\/sv\\\/utstallningar\\\/\"]}]},{\"@type\":\"ImageObject\",\"inLanguage\":\"sv-SE\",\"@id\":\"https:\\\/\\\/www.antonioferreira.gallery\\\/sv\\\/utstallningar\\\/#primaryimage\",\"url\":\"https:\\\/\\\/www.antonioferreira.gallery\\\/wp-content\\\/uploads\\\/2022\\\/03\\\/im-exhibitions-1280x825.jpg\",\"contentUrl\":\"https:\\\/\\\/www.antonioferreira.gallery\\\/wp-content\\\/uploads\\\/2022\\\/03\\\/im-exhibitions-1280x825.jpg\"},{\"@type\":\"BreadcrumbList\",\"@id\":\"https:\\\/\\\/www.antonioferreira.gallery\\\/sv\\\/utstallningar\\\/#breadcrumb\",\"itemListElement\":[{\"@type\":\"ListItem\",\"position\":1,\"name\":\"Home\",\"item\":\"https:\\\/\\\/www.antonioferreira.gallery\\\/sv\\\/\"},{\"@type\":\"ListItem\",\"position\":2,\"name\":\"Utst\u00e4llningar\"}]},{\"@type\":\"WebSite\",\"@id\":\"https:\\\/\\\/www.antonioferreira.gallery\\\/#website\",\"url\":\"https:\\\/\\\/www.antonioferreira.gallery\\\/\",\"name\":\"Ant\u00f3nio Artur Ferreira Gallery\",\"description\":\"Visual Artist\",\"potentialAction\":[{\"@type\":\"SearchAction\",\"target\":{\"@type\":\"EntryPoint\",\"urlTemplate\":\"https:\\\/\\\/www.antonioferreira.gallery\\\/?s={search_term_string}\"},\"query-input\":{\"@type\":\"PropertyValueSpecification\",\"valueRequired\":true,\"valueName\":\"search_term_string\"}}],\"inLanguage\":\"sv-SE\"}]}<\/script>\n<!-- \/ Yoast SEO plugin. -->","yoast_head_json":{"title":"Utst\u00e4llningar - Ant\u00f3nio Artur Ferreira Gallery","description":"Alla utst\u00e4llningar av konstn\u00e4ren Ant\u00f3nio Ferreira sedan 2009, individuella och kollektiva.","robots":{"index":"index","follow":"follow","max-snippet":"max-snippet:-1","max-image-preview":"max-image-preview:large","max-video-preview":"max-video-preview:-1"},"canonical":"https:\/\/www.antonioferreira.gallery\/sv\/utstallningar\/","og_locale":"sv_SE","og_type":"article","og_title":"Utst\u00e4llningar - Ant\u00f3nio Artur Ferreira Gallery","og_description":"Alla utst\u00e4llningar av konstn\u00e4ren Ant\u00f3nio Ferreira sedan 2009, individuella och kollektiva.","og_url":"https:\/\/www.antonioferreira.gallery\/sv\/utstallningar\/","og_site_name":"Ant\u00f3nio Artur Ferreira Gallery","article_modified_time":"2026-01-11T18:23:52+00:00","og_image":[{"width":1920,"height":1237,"url":"https:\/\/www.antonioferreira.gallery\/wp-content\/uploads\/2022\/03\/im-exhibitions.jpg","type":"image\/jpeg"}],"twitter_misc":{"Est. reading time":"3 minutes"},"schema":{"@context":"https:\/\/schema.org","@graph":[{"@type":"WebPage","@id":"https:\/\/www.antonioferreira.gallery\/sv\/utstallningar\/","url":"https:\/\/www.antonioferreira.gallery\/sv\/utstallningar\/","name":"Utst\u00e4llningar - Ant\u00f3nio Artur Ferreira Gallery","isPartOf":{"@id":"https:\/\/www.antonioferreira.gallery\/#website"},"primaryImageOfPage":{"@id":"https:\/\/www.antonioferreira.gallery\/sv\/utstallningar\/#primaryimage"},"image":{"@id":"https:\/\/www.antonioferreira.gallery\/sv\/utstallningar\/#primaryimage"},"thumbnailUrl":"https:\/\/www.antonioferreira.gallery\/wp-content\/uploads\/2022\/03\/im-exhibitions-1280x825.jpg","datePublished":"2021-09-28T17:57:46+00:00","dateModified":"2026-01-11T18:23:52+00:00","description":"Alla utst\u00e4llningar av konstn\u00e4ren Ant\u00f3nio Ferreira sedan 2009, individuella och kollektiva.","breadcrumb":{"@id":"https:\/\/www.antonioferreira.gallery\/sv\/utstallningar\/#breadcrumb"},"inLanguage":"sv-SE","potentialAction":[{"@type":"ReadAction","target":["https:\/\/www.antonioferreira.gallery\/sv\/utstallningar\/"]}]},{"@type":"ImageObject","inLanguage":"sv-SE","@id":"https:\/\/www.antonioferreira.gallery\/sv\/utstallningar\/#primaryimage","url":"https:\/\/www.antonioferreira.gallery\/wp-content\/uploads\/2022\/03\/im-exhibitions-1280x825.jpg","contentUrl":"https:\/\/www.antonioferreira.gallery\/wp-content\/uploads\/2022\/03\/im-exhibitions-1280x825.jpg"},{"@type":"BreadcrumbList","@id":"https:\/\/www.antonioferreira.gallery\/sv\/utstallningar\/#breadcrumb","itemListElement":[{"@type":"ListItem","position":1,"name":"Home","item":"https:\/\/www.antonioferreira.gallery\/sv\/"},{"@type":"ListItem","position":2,"name":"Utst\u00e4llningar"}]},{"@type":"WebSite","@id":"https:\/\/www.antonioferreira.gallery\/#website","url":"https:\/\/www.antonioferreira.gallery\/","name":"Ant\u00f3nio Artur Ferreira Gallery","description":"Visual Artist","potentialAction":[{"@type":"SearchAction","target":{"@type":"EntryPoint","urlTemplate":"https:\/\/www.antonioferreira.gallery\/?s={search_term_string}"},"query-input":{"@type":"PropertyValueSpecification","valueRequired":true,"valueName":"search_term_string"}}],"inLanguage":"sv-SE"}]}},"_links":{"self":[{"href":"https:\/\/www.antonioferreira.gallery\/sv\/wp-json\/wp\/v2\/pages\/2551","targetHints":{"allow":["GET"]}}],"collection":[{"href":"https:\/\/www.antonioferreira.gallery\/sv\/wp-json\/wp\/v2\/pages"}],"about":[{"href":"https:\/\/www.antonioferreira.gallery\/sv\/wp-json\/wp\/v2\/types\/page"}],"author":[{"embeddable":true,"href":"https:\/\/www.antonioferreira.gallery\/sv\/wp-json\/wp\/v2\/users\/1"}],"replies":[{"embeddable":true,"href":"https:\/\/www.antonioferreira.gallery\/sv\/wp-json\/wp\/v2\/comments?post=2551"}],"version-history":[{"count":9,"href":"https:\/\/www.antonioferreira.gallery\/sv\/wp-json\/wp\/v2\/pages\/2551\/revisions"}],"predecessor-version":[{"id":4706,"href":"https:\/\/www.antonioferreira.gallery\/sv\/wp-json\/wp\/v2\/pages\/2551\/revisions\/4706"}],"wp:attachment":[{"href":"https:\/\/www.antonioferreira.gallery\/sv\/wp-json\/wp\/v2\/media?parent=2551"}],"curies":[{"name":"wp","href":"https:\/\/api.w.org\/{rel}","templated":true}]}}