{"id":2502,"date":"2015-02-15T16:30:23","date_gmt":"2015-02-15T16:30:23","guid":{"rendered":"https:\/\/www.antonioferreira.gallery\/sv\/antonio-ferreira\/"},"modified":"2023-11-29T23:58:35","modified_gmt":"2023-11-29T23:58:35","slug":"antonio-ferreira","status":"publish","type":"page","link":"https:\/\/www.antonioferreira.gallery\/sv\/antonio-ferreira\/","title":{"rendered":"Ant\u00f3nio Ferreira"},"content":{"rendered":"\n\t\n\t<div class=\"section  st-invert\" id=\"home-about-bio\"\t\tstyle=\"\n\t\t\tpadding-top: 40px;\t\t\tpadding-bottom: 40px;\t\t\tbackground-color: #414141;\t\t\t background-image: url('https:\/\/www.antonioferreira.gallery\/wp-content\/uploads\/2022\/02\/anotnio-about.jpg');\t\t\t\t\t\t\"\n\t\t\t\t\t>\n\n\t\n\t<section>\n\n\t\n\t\n\t<div class=\"container\">\t\t\n<p class=\"p1\"><div class=\"row\"><div class=\"col-sm-6\">\n<h5 class=\"p1\"><strong><span style=\"color: #ededed;\">Om f\u00f6rfattaren<\/span><\/strong><\/h5>\n<p class=\"p1\"><span style=\"color: #ededed;\">2009 inledde Artur Ferreira sin konstn\u00e4rliga karri\u00e4r med m\u00e5let att dela med sig av sina id\u00e9er genom bilder. Med principen att han m\u00e5lar id\u00e9er och inte saker best\u00e4mde sig Artur Ferreira f\u00f6r att m\u00e5la sin livserfarenhet, sin oro och att f\u00f6rmedla ett budskap om h\u00e5llbarhet.<\/span><\/p>\n<p class=\"p1\"><span style=\"color: #ededed;\">Hans f\u00f6rsta separatutst\u00e4llning \u00e4gde rum i Algarve 2014 och hans andra tv\u00e5 \u00e5r senare i La Coru\u00f1a (Spanien). \u00c5r 2017 blev Artur Ferreira inbjuden att g\u00e5 det tredje \u00e5ret p\u00e5 m\u00e5larkursen vid Sociedade Nacional de Belas Artes i Lissabon. Sedan dess har han samarbetat med detta s\u00e4llskap och deltagit i flera grupputst\u00e4llningar i Lissabon och Aljustrel som anordnats av s\u00e4llskapet. Under 2023 st\u00e4llde han ocks\u00e5 ut p\u00e5 C\u00f3digoDesign Gallery i Porto och Galerias de Santo Ant\u00f3nio i Monchique (se Utst\u00e4llningar).<\/span><\/p>\n<p class=\"p1\"><span style=\"color: #ededed;\">Under 2023 ing\u00e5r utbyte av id\u00e9er genom bilder i en studiebok. Verket \"Fundamentalism\" har publicerats i l\u00e4rob\u00f6cker i religion och kommenterats p\u00e5 studiecentra i Tyskland och \u00d6sterrike.<\/span><\/p>\n<p class=\"entry-title\" style=\"text-align: left;\"><\/div><div class=\"col-sm-6\"><\/div><\/div>\n<p class=\"entry-title\" style=\"text-align: left;\">\t<\/div> <!-- container -->\n\t\n\t\t<\/section>\n\t<\/div> <!-- section -->\n\n\t\n\t\n\t\n\t<div class=\"section  st-invert\" id=\"home-about-bio-color\"\t\tstyle=\"\n\t\t\tpadding-top: 40px;\t\t\tpadding-bottom: 40px;\t\t\tbackground-color: #ededed;\t\t\t\t\t\t\t\t\t\"\n\t\t\t\t\t>\n\n\t\n\t<section>\n\n\t\n\t\n\t<div class=\"container\">\t\t\n<p class=\"entry-title\" style=\"text-align: left;\"><div class=\"row\"><div class=\"col-sm-6\">\n<h5 class=\"p1\"><strong><span style=\"color: #414141;\">Om konsten<\/span><\/strong><\/h5>\n<p class=\"p1\">Arturs intresseomr\u00e5den \u00e4r indelade i tre huvudteman: <strong>strukturerande teman<\/strong>,<strong> h\u00e5llbarhet och att uppt\u00e4cka sig sj\u00e4lv och den andre<\/strong>. Det finns flera samlingar om vart och ett av dessa teman. De strukturerande temana \u00e4r kopplade till de grundl\u00e4ggande fr\u00e5gor som definierar oss som m\u00e4nniskor - Gud, syftet med livet (att f\u00f6das och d\u00f6) och medvetenheten om det o\u00e4ndliga.<\/p>\n<p class=\"p1\">Med en djupt humanistisk utbildning och tr\u00e4ning m\u00e5lar Artur inom h\u00e5llbarhet samlingar om v\u00e4rderingar och aktuell politik och bidrar till projekt d\u00e4r medborgare av olika nationaliteter, spr\u00e5k, kulturer, raser och religioner f\u00f6rs\u00f6ker leva i gemenskap med gemensamma m\u00e5l. H\u00e5llbarhet omfattar \u00e4ven de platser d\u00e4r m\u00e4nniskor lever tillsammans, och i det h\u00e4r fallet betonar f\u00f6rfattaren i sina m\u00e5lningar de element som g\u00f6r dessa platser unika. Social h\u00e5llbarhet \u00e4r bara m\u00f6jlig om man respekterar naturens balans. Naturen \u00e4r inte bara ett tema i samlingen, utan definierar ocks\u00e5 mycket av f\u00f6rfattarens stil.<\/p>\n<p class=\"p1\">Slutligen, p\u00e5 en mer individuell niv\u00e5, finns temat att uppt\u00e4cka sig sj\u00e4lv och den andre. Dessa samlingar fokuserar p\u00e5 att m\u00e5la varje persons personliga egenskaper och deras f\u00f6rh\u00e5llande till andra, deras k\u00e4nslor och deras interaktioner. Andra konstn\u00e4rers syn p\u00e5 dessa \u00e4mnen, uttryckta i andra konstformer, \u00e4r ocks\u00e5 f\u00f6rem\u00e5l f\u00f6r vissa verk.<\/p>\n<\/div><div class=\"col-sm-6\"><div class=\"su-image-carousel  su-image-carousel-has-spacing su-image-carousel-crop su-image-carousel-crop-4-3 su-image-carousel-has-outline su-image-carousel-adaptive su-image-carousel-slides-style-minimal su-image-carousel-controls-style-light su-image-carousel-align-left\" style=\"\" data-flickity-options='{\"groupCells\":true,\"cellSelector\":\".su-image-carousel-item\",\"adaptiveHeight\":false,\"cellAlign\":\"left\",\"prevNextButtons\":false,\"pageDots\":false,\"autoPlay\":5000,\"imagesLoaded\":true,\"contain\":true,\"selectedAttraction\":0.025,\"friction\":0.28}' id=\"su_image_carousel_6a01dc6368280\"><div class=\"su-image-carousel-item\"><div class=\"su-image-carousel-item-content\"><img loading=\"lazy\" decoding=\"async\" width=\"150\" height=\"100\" src=\"https:\/\/www.antonioferreira.gallery\/wp-content\/uploads\/2023\/11\/perfil_9320-150x100.jpg\" class=\"\" alt=\"\" srcset=\"https:\/\/www.antonioferreira.gallery\/wp-content\/uploads\/2023\/11\/perfil_9320-150x100.jpg 150w, https:\/\/www.antonioferreira.gallery\/wp-content\/uploads\/2023\/11\/perfil_9320.jpg 596w\" sizes=\"auto, (max-width: 150px) 100vw, 150px\" \/><\/div><\/div><\/div><script id=\"su_image_carousel_6a01dc6368280_script\">if(window.SUImageCarousel){setTimeout(function() {window.SUImageCarousel.initGallery(document.getElementById(\"su_image_carousel_6a01dc6368280\"))}, 0);}var su_image_carousel_6a01dc6368280_script=document.getElementById(\"su_image_carousel_6a01dc6368280_script\");if(su_image_carousel_6a01dc6368280_script){su_image_carousel_6a01dc6368280_script.parentNode.removeChild(su_image_carousel_6a01dc6368280_script);}<\/script><\/div><\/div>\n<div class=\"su-spacer\" style=\"height:80px\"><\/div>\n<div class=\"row\"><div class=\"col-sm-6\"><div class=\"su-image-carousel  su-image-carousel-has-spacing su-image-carousel-crop su-image-carousel-crop-4-3 su-image-carousel-has-outline su-image-carousel-adaptive su-image-carousel-slides-style-minimal su-image-carousel-controls-style-light su-image-carousel-align-left\" style=\"\" data-flickity-options='{\"groupCells\":true,\"cellSelector\":\".su-image-carousel-item\",\"adaptiveHeight\":false,\"cellAlign\":\"left\",\"prevNextButtons\":false,\"pageDots\":false,\"autoPlay\":5000,\"imagesLoaded\":true,\"contain\":true,\"selectedAttraction\":0.025,\"friction\":0.28}' id=\"su_image_carousel_6a01dc636909f\"><div class=\"su-image-carousel-item\"><div class=\"su-image-carousel-item-content\"><img loading=\"lazy\" decoding=\"async\" width=\"150\" height=\"100\" src=\"https:\/\/www.antonioferreira.gallery\/wp-content\/uploads\/2023\/11\/detalhe-pedra_9303-150x100.jpg\" class=\"\" alt=\"\" srcset=\"https:\/\/www.antonioferreira.gallery\/wp-content\/uploads\/2023\/11\/detalhe-pedra_9303-150x100.jpg 150w, https:\/\/www.antonioferreira.gallery\/wp-content\/uploads\/2023\/11\/detalhe-pedra_9303.jpg 383w\" sizes=\"auto, (max-width: 150px) 100vw, 150px\" \/><\/div><\/div><\/div><script id=\"su_image_carousel_6a01dc636909f_script\">if(window.SUImageCarousel){setTimeout(function() {window.SUImageCarousel.initGallery(document.getElementById(\"su_image_carousel_6a01dc636909f\"))}, 0);}var su_image_carousel_6a01dc636909f_script=document.getElementById(\"su_image_carousel_6a01dc636909f_script\");if(su_image_carousel_6a01dc636909f_script){su_image_carousel_6a01dc636909f_script.parentNode.removeChild(su_image_carousel_6a01dc636909f_script);}<\/script><\/div><div class=\"col-sm-6\">\n<p class=\"p1\">Artur f\u00f6renar den<strong> traditionella tekniken med oljem\u00e5lning med inf\u00f6randet av stenar, mineraler, \u00e4delstenar och andra element i verken<\/strong>. Anv\u00e4ndningen av oljef\u00e4rger \u00e4r avsedd att f\u00f6rl\u00e4nga torktiden, samspelet mellan f\u00e4rgerna och f\u00f6rst\u00e4rka deras briljans.<\/p>\n<p class=\"p1\">Inf\u00f6randet av stenar, mineraler och \u00e4delstenar \u00e4r avsett att fr\u00e4mja <strong>naturen<\/strong> som den \u00e4r och bli en integrerad del av verkets symbolik och estetik. Den f\u00e5r en ny komplexitet och blir tredimensionell.<span class=\"Apple-converted-space\">\u00a0<\/span><\/p>\n<p class=\"p1\">Vid tolkningen av m\u00e5lningen st\u00e4lls betraktaren inf\u00f6r behovet att f\u00f6rena naturelementens egenskaper med verkets former och f\u00e4rger, och kommer d\u00e4rf\u00f6r att v\u00e4rdera naturen och dess estetik h\u00f6gre och skapa en ny balans mellan det kulturella och naturen.<\/p>\n<p class=\"entry-title\" style=\"text-align: left;\"><\/div><\/div>\t<\/div> <!-- container -->\n\t\n\t\t<\/section>\n\t<\/div> <!-- section -->\n\n\t\n\t\n","protected":false},"excerpt":{"rendered":"","protected":false},"author":1,"featured_media":0,"parent":0,"menu_order":1,"comment_status":"closed","ping_status":"closed","template":"page-full.php","meta":{"_exactmetrics_skip_tracking":false,"_exactmetrics_sitenote_active":false,"_exactmetrics_sitenote_note":"","_exactmetrics_sitenote_category":0,"footnotes":""},"class_list":["post-2502","page","type-page","status-publish","hentry"],"yoast_head":"<!-- This site is optimized with the Yoast SEO plugin v27.5 - https:\/\/yoast.com\/product\/yoast-seo-wordpress\/ -->\n<title>Ant\u00f3nio Ferreira - Ant\u00f3nio Artur Ferreira Gallery<\/title>\n<meta name=\"description\" content=\"2009 inledde Artur Ferreira sin konstn\u00e4rliga karri\u00e4r med m\u00e5let att dela med sig av sina id\u00e9er genom bilder. Med principen att han m\u00e5la...\" \/>\n<meta name=\"robots\" content=\"index, follow, max-snippet:-1, max-image-preview:large, max-video-preview:-1\" \/>\n<link rel=\"canonical\" href=\"https:\/\/www.antonioferreira.gallery\/sv\/antonio-ferreira\/\" \/>\n<meta property=\"og:locale\" content=\"sv_SE\" \/>\n<meta property=\"og:type\" content=\"article\" \/>\n<meta property=\"og:title\" content=\"Ant\u00f3nio Ferreira - Ant\u00f3nio Artur Ferreira Gallery\" \/>\n<meta property=\"og:description\" content=\"2009 inledde Artur Ferreira sin konstn\u00e4rliga karri\u00e4r med m\u00e5let att dela med sig av sina id\u00e9er genom bilder. Med principen att han m\u00e5la...\" \/>\n<meta property=\"og:url\" content=\"https:\/\/www.antonioferreira.gallery\/sv\/antonio-ferreira\/\" \/>\n<meta property=\"og:site_name\" content=\"Ant\u00f3nio Artur Ferreira Gallery\" \/>\n<meta property=\"article:modified_time\" content=\"2023-11-29T23:58:35+00:00\" \/>\n<meta name=\"twitter:label1\" content=\"Est. reading time\" \/>\n\t<meta name=\"twitter:data1\" content=\"3 minutes\" \/>\n<script type=\"application\/ld+json\" class=\"yoast-schema-graph\">{\"@context\":\"https:\\\/\\\/schema.org\",\"@graph\":[{\"@type\":\"WebPage\",\"@id\":\"https:\\\/\\\/www.antonioferreira.gallery\\\/sv\\\/antonio-ferreira\\\/\",\"url\":\"https:\\\/\\\/www.antonioferreira.gallery\\\/sv\\\/antonio-ferreira\\\/\",\"name\":\"Ant\u00f3nio Ferreira - Ant\u00f3nio Artur Ferreira Gallery\",\"isPartOf\":{\"@id\":\"https:\\\/\\\/www.antonioferreira.gallery\\\/#website\"},\"datePublished\":\"2015-02-15T16:30:23+00:00\",\"dateModified\":\"2023-11-29T23:58:35+00:00\",\"description\":\"2009 inledde Artur Ferreira sin konstn\u00e4rliga karri\u00e4r med m\u00e5let att dela med sig av sina id\u00e9er genom bilder. Med principen att han m\u00e5la...\",\"breadcrumb\":{\"@id\":\"https:\\\/\\\/www.antonioferreira.gallery\\\/sv\\\/antonio-ferreira\\\/#breadcrumb\"},\"inLanguage\":\"sv-SE\",\"potentialAction\":[{\"@type\":\"ReadAction\",\"target\":[\"https:\\\/\\\/www.antonioferreira.gallery\\\/sv\\\/antonio-ferreira\\\/\"]}]},{\"@type\":\"BreadcrumbList\",\"@id\":\"https:\\\/\\\/www.antonioferreira.gallery\\\/sv\\\/antonio-ferreira\\\/#breadcrumb\",\"itemListElement\":[{\"@type\":\"ListItem\",\"position\":1,\"name\":\"Home\",\"item\":\"https:\\\/\\\/www.antonioferreira.gallery\\\/sv\\\/\"},{\"@type\":\"ListItem\",\"position\":2,\"name\":\"Ant\u00f3nio Ferreira\"}]},{\"@type\":\"WebSite\",\"@id\":\"https:\\\/\\\/www.antonioferreira.gallery\\\/#website\",\"url\":\"https:\\\/\\\/www.antonioferreira.gallery\\\/\",\"name\":\"Ant\u00f3nio Artur Ferreira Gallery\",\"description\":\"Visual Artist\",\"potentialAction\":[{\"@type\":\"SearchAction\",\"target\":{\"@type\":\"EntryPoint\",\"urlTemplate\":\"https:\\\/\\\/www.antonioferreira.gallery\\\/?s={search_term_string}\"},\"query-input\":{\"@type\":\"PropertyValueSpecification\",\"valueRequired\":true,\"valueName\":\"search_term_string\"}}],\"inLanguage\":\"sv-SE\"}]}<\/script>\n<!-- \/ Yoast SEO plugin. -->","yoast_head_json":{"title":"Ant\u00f3nio Ferreira - Ant\u00f3nio Artur Ferreira Gallery","description":"2009 inledde Artur Ferreira sin konstn\u00e4rliga karri\u00e4r med m\u00e5let att dela med sig av sina id\u00e9er genom bilder. Med principen att han m\u00e5la...","robots":{"index":"index","follow":"follow","max-snippet":"max-snippet:-1","max-image-preview":"max-image-preview:large","max-video-preview":"max-video-preview:-1"},"canonical":"https:\/\/www.antonioferreira.gallery\/sv\/antonio-ferreira\/","og_locale":"sv_SE","og_type":"article","og_title":"Ant\u00f3nio Ferreira - Ant\u00f3nio Artur Ferreira Gallery","og_description":"2009 inledde Artur Ferreira sin konstn\u00e4rliga karri\u00e4r med m\u00e5let att dela med sig av sina id\u00e9er genom bilder. Med principen att han m\u00e5la...","og_url":"https:\/\/www.antonioferreira.gallery\/sv\/antonio-ferreira\/","og_site_name":"Ant\u00f3nio Artur Ferreira Gallery","article_modified_time":"2023-11-29T23:58:35+00:00","twitter_misc":{"Est. reading time":"3 minutes"},"schema":{"@context":"https:\/\/schema.org","@graph":[{"@type":"WebPage","@id":"https:\/\/www.antonioferreira.gallery\/sv\/antonio-ferreira\/","url":"https:\/\/www.antonioferreira.gallery\/sv\/antonio-ferreira\/","name":"Ant\u00f3nio Ferreira - Ant\u00f3nio Artur Ferreira Gallery","isPartOf":{"@id":"https:\/\/www.antonioferreira.gallery\/#website"},"datePublished":"2015-02-15T16:30:23+00:00","dateModified":"2023-11-29T23:58:35+00:00","description":"2009 inledde Artur Ferreira sin konstn\u00e4rliga karri\u00e4r med m\u00e5let att dela med sig av sina id\u00e9er genom bilder. Med principen att han m\u00e5la...","breadcrumb":{"@id":"https:\/\/www.antonioferreira.gallery\/sv\/antonio-ferreira\/#breadcrumb"},"inLanguage":"sv-SE","potentialAction":[{"@type":"ReadAction","target":["https:\/\/www.antonioferreira.gallery\/sv\/antonio-ferreira\/"]}]},{"@type":"BreadcrumbList","@id":"https:\/\/www.antonioferreira.gallery\/sv\/antonio-ferreira\/#breadcrumb","itemListElement":[{"@type":"ListItem","position":1,"name":"Home","item":"https:\/\/www.antonioferreira.gallery\/sv\/"},{"@type":"ListItem","position":2,"name":"Ant\u00f3nio Ferreira"}]},{"@type":"WebSite","@id":"https:\/\/www.antonioferreira.gallery\/#website","url":"https:\/\/www.antonioferreira.gallery\/","name":"Ant\u00f3nio Artur Ferreira Gallery","description":"Visual Artist","potentialAction":[{"@type":"SearchAction","target":{"@type":"EntryPoint","urlTemplate":"https:\/\/www.antonioferreira.gallery\/?s={search_term_string}"},"query-input":{"@type":"PropertyValueSpecification","valueRequired":true,"valueName":"search_term_string"}}],"inLanguage":"sv-SE"}]}},"_links":{"self":[{"href":"https:\/\/www.antonioferreira.gallery\/sv\/wp-json\/wp\/v2\/pages\/2502","targetHints":{"allow":["GET"]}}],"collection":[{"href":"https:\/\/www.antonioferreira.gallery\/sv\/wp-json\/wp\/v2\/pages"}],"about":[{"href":"https:\/\/www.antonioferreira.gallery\/sv\/wp-json\/wp\/v2\/types\/page"}],"author":[{"embeddable":true,"href":"https:\/\/www.antonioferreira.gallery\/sv\/wp-json\/wp\/v2\/users\/1"}],"replies":[{"embeddable":true,"href":"https:\/\/www.antonioferreira.gallery\/sv\/wp-json\/wp\/v2\/comments?post=2502"}],"version-history":[{"count":4,"href":"https:\/\/www.antonioferreira.gallery\/sv\/wp-json\/wp\/v2\/pages\/2502\/revisions"}],"predecessor-version":[{"id":3544,"href":"https:\/\/www.antonioferreira.gallery\/sv\/wp-json\/wp\/v2\/pages\/2502\/revisions\/3544"}],"wp:attachment":[{"href":"https:\/\/www.antonioferreira.gallery\/sv\/wp-json\/wp\/v2\/media?parent=2502"}],"curies":[{"name":"wp","href":"https:\/\/api.w.org\/{rel}","templated":true}]}}