{"id":3279,"date":"2022-01-20T23:42:51","date_gmt":"2022-01-20T23:42:51","guid":{"rendered":"https:\/\/www.antonioferreira.gallery\/pl\/valores-religiao\/"},"modified":"2023-12-01T01:13:17","modified_gmt":"2023-12-01T01:13:17","slug":"wartosci","status":"publish","type":"page","link":"https:\/\/www.antonioferreira.gallery\/pl\/wartosci\/","title":{"rendered":"Warto\u015bci"},"content":{"rendered":"\n\t\n\t<div class=\"section \" \t\tstyle=\"\n\t\t\t\t\t\t\t\t\tbackground-color: #ededed;\t\t\t\t\t\t\t\t\t\"\n\t\t\t\t\t>\n\n\t\n\t<section>\n\n\t\n\t\n\t<div class=\"container\">\t\t\n<h5 style=\"text-align: center;\"><span style=\"color: #414141;\"><div class=\"row\"><div class=\"col-sm-12\">Zr\u00f3wnowa\u017cony rozw\u00f3j<\/div><\/div><\/span><\/h5>\n<h2 style=\"text-align: center;\"><span style=\"color: #414141;\"><div class=\"row\"><div class=\"col-sm-12\">Warto\u015bci<\/div><\/div><\/span><\/h2>\n<p style=\"text-align: left;\"><div class=\"row\"><div class=\"col-sm-12\"><\/div><\/div>\n<div class=\"su-spacer\" style=\"height:50px\"><\/div>\n\n\t\n\t<ul id=\"gallery-690\"\n\t    class=\"gallery gl-cols-3 gl-pinterest\"\n\t    data-options=\"id: gallery-690; category: 180; type: pinterest; items_per_page: 200; columns_count: 3; show_load_more: no; show_filter: no; fixed_items: fixed; load_on_scroll: no; preview_full_size: no; preview_show_zoom: yes; preview_show_readmore: yes; preview_show_share: yes; ajax_action: mental_gallery; \">\n\n\t\t\n   \n\t\t\t\t<li class=\"gl-item gl-loading          \"\n\t\t\tdata-category=\"wartosci\">\n\n\t\t\t<a href=\"https:\/\/www.antonioferreira.gallery\/pl\/gallery\/wina\/\">\n\t\t\t\t<figure>\n\t\t\t\t\t\t\t\t\t\t\t<img decoding=\"async\" src=\"https:\/\/www.antonioferreira.gallery\/wp-content\/uploads\/2022\/01\/Culpa-a-causa-sem-efeito-no-determinismo-562x700.jpg\" class=\"attachment-medium size-medium wp-post-image\" alt=\"\" srcset=\"https:\/\/www.antonioferreira.gallery\/wp-content\/uploads\/2022\/01\/Culpa-a-causa-sem-efeito-no-determinismo-562x700.jpg 562w, https:\/\/www.antonioferreira.gallery\/wp-content\/uploads\/2022\/01\/Culpa-a-causa-sem-efeito-no-determinismo-1029x1280.jpg 1029w, https:\/\/www.antonioferreira.gallery\/wp-content\/uploads\/2022\/01\/Culpa-a-causa-sem-efeito-no-determinismo-121x150.jpg 121w, https:\/\/www.antonioferreira.gallery\/wp-content\/uploads\/2022\/01\/Culpa-a-causa-sem-efeito-no-determinismo-768x956.jpg 768w, https:\/\/www.antonioferreira.gallery\/wp-content\/uploads\/2022\/01\/Culpa-a-causa-sem-efeito-no-determinismo-1234x1536.jpg 1234w, https:\/\/www.antonioferreira.gallery\/wp-content\/uploads\/2022\/01\/Culpa-a-causa-sem-efeito-no-determinismo.jpg 1579w\" sizes=\"(max-width: 562px) 100vw, 562px\" \/>\t\t\t\t\t\t\t\t\t\t<figcaption>\n\t\t\t\t\t\t<div class=\"middle\">\n\t\t\t\t\t\t\t<div class=\"middle-inner\">\n\n\t\t\t\t\t\t\t\t\n\t\t\t\t\t\t\t\t<p class=\"gl-item-title\">Wina: Przyczyna bez Wp\u0142ywu w Determini\u017cmie<\/p>\n\n\t\t\t\t\t\t\t\t\t\t\t\t\t\t\t\t\t<p class=\"gl-item-descr\">Olej na p\u0142\u00f3tnie z kola\u017cem pirytu<\/p>\n\t\t\t\t\t\t\t\t\n\t\t\t\t\t\t\t<\/div>\n\t\t\t\t\t\t<\/div>\n\t\t\t\t\t<\/figcaption>\n\t\t\t\t<\/figure>\n\t\t\t<\/a>\n\n\t\t\t\n\t\t<\/li>\n\n\t\n\t\t\t\t<li class=\"gl-item gl-loading          \"\n\t\t\tdata-category=\"wartosci\">\n\n\t\t\t<a href=\"https:\/\/www.antonioferreira.gallery\/pl\/gallery\/nomos\/\">\n\t\t\t\t<figure>\n\t\t\t\t\t\t\t\t\t\t\t<img decoding=\"async\" src=\"https:\/\/www.antonioferreira.gallery\/wp-content\/uploads\/2020\/02\/Nomos-568x700.jpg\" class=\"attachment-medium size-medium wp-post-image\" alt=\"\" srcset=\"https:\/\/www.antonioferreira.gallery\/wp-content\/uploads\/2020\/02\/Nomos-568x700.jpg 568w, https:\/\/www.antonioferreira.gallery\/wp-content\/uploads\/2020\/02\/Nomos-122x150.jpg 122w, https:\/\/www.antonioferreira.gallery\/wp-content\/uploads\/2020\/02\/Nomos-768x946.jpg 768w, https:\/\/www.antonioferreira.gallery\/wp-content\/uploads\/2020\/02\/Nomos.jpg 785w\" sizes=\"(max-width: 568px) 100vw, 568px\" \/>\t\t\t\t\t\t\t\t\t\t<figcaption>\n\t\t\t\t\t\t<div class=\"middle\">\n\t\t\t\t\t\t\t<div class=\"middle-inner\">\n\n\t\t\t\t\t\t\t\t\n\t\t\t\t\t\t\t\t<p class=\"gl-item-title\">Nomos<\/p>\n\n\t\t\t\t\t\t\t\t\t\t\t\t\t\t\t\t\t<p class=\"gl-item-descr\"><\/p>\n\t\t\t\t\t\t\t\t\n\t\t\t\t\t\t\t<\/div>\n\t\t\t\t\t\t<\/div>\n\t\t\t\t\t<\/figcaption>\n\t\t\t\t<\/figure>\n\t\t\t<\/a>\n\n\t\t\t\n\t\t<\/li>\n\n\t\n\t\t\t\t<li class=\"gl-item gl-loading          \"\n\t\t\tdata-category=\"wartosci\">\n\n\t\t\t<a href=\"https:\/\/www.antonioferreira.gallery\/pl\/gallery\/wartosci-jako-zwykle-abstrakcje\/\">\n\t\t\t\t<figure>\n\t\t\t\t\t\t\t\t\t\t\t<img decoding=\"async\" src=\"https:\/\/www.antonioferreira.gallery\/wp-content\/uploads\/2015\/02\/valores-I-1-493x700.gif\" class=\"attachment-medium size-medium wp-post-image\" alt=\"\" srcset=\"https:\/\/www.antonioferreira.gallery\/wp-content\/uploads\/2015\/02\/valores-I-1-493x700.gif 493w, https:\/\/www.antonioferreira.gallery\/wp-content\/uploads\/2015\/02\/valores-I-1-106x150.gif 106w, https:\/\/www.antonioferreira.gallery\/wp-content\/uploads\/2015\/02\/valores-I-1-902x1280.gif 902w\" sizes=\"(max-width: 493px) 100vw, 493px\" \/>\t\t\t\t\t\t\t\t\t\t<figcaption>\n\t\t\t\t\t\t<div class=\"middle\">\n\t\t\t\t\t\t\t<div class=\"middle-inner\">\n\n\t\t\t\t\t\t\t\t\n\t\t\t\t\t\t\t\t<p class=\"gl-item-title\">Warto\u015bci jako zwyk\u0142e abstrakcje to puste koncepcje, kt\u00f3re same siebie niszcz\u0105 wzajemnie<\/p>\n\n\t\t\t\t\t\t\t\t\t\t\t\t\t\t\t\t\t<p class=\"gl-item-descr\">Olej na p\u0142\u00f3tnie<\/p>\n\t\t\t\t\t\t\t\t\n\t\t\t\t\t\t\t<\/div>\n\t\t\t\t\t\t<\/div>\n\t\t\t\t\t<\/figcaption>\n\t\t\t\t<\/figure>\n\t\t\t<\/a>\n\n\t\t\t\n\t\t<\/li>\n\n\t\n\t\t\t\t<li class=\"gl-item gl-loading          \"\n\t\t\tdata-category=\"wartosci\">\n\n\t\t\t<a href=\"https:\/\/www.antonioferreira.gallery\/pl\/gallery\/warrosci-ujawaniaja-sie\/\">\n\t\t\t\t<figure>\n\t\t\t\t\t\t\t\t\t\t\t<img decoding=\"async\" src=\"https:\/\/www.antonioferreira.gallery\/wp-content\/uploads\/2015\/02\/valores-II_MINIMO.jpg\" class=\"attachment-medium size-medium wp-post-image\" alt=\"\" \/>\t\t\t\t\t\t\t\t\t\t<figcaption>\n\t\t\t\t\t\t<div class=\"middle\">\n\t\t\t\t\t\t\t<div class=\"middle-inner\">\n\n\t\t\t\t\t\t\t\t\n\t\t\t\t\t\t\t\t<p class=\"gl-item-title\">Warro\u015bci ujawaniaj\u0105 si\u0119, krok po kroku, w tym co jest konkretne<\/p>\n\n\t\t\t\t\t\t\t\t\t\t\t\t\t\t\t\t\t<p class=\"gl-item-descr\">Olej na p\u0142\u00f3tnie<\/p>\n\t\t\t\t\t\t\t\t\n\t\t\t\t\t\t\t<\/div>\n\t\t\t\t\t\t<\/div>\n\t\t\t\t\t<\/figcaption>\n\t\t\t\t<\/figure>\n\t\t\t<\/a>\n\n\t\t\t\n\t\t<\/li>\n\n\t\n\t\t\t\t<li class=\"gl-item gl-loading          \"\n\t\t\tdata-category=\"wartosci\">\n\n\t\t\t<a href=\"https:\/\/www.antonioferreira.gallery\/pl\/gallery\/sprawiedliwosc\/\">\n\t\t\t\t<figure>\n\t\t\t\t\t\t\t\t\t\t\t<img decoding=\"async\" src=\"https:\/\/www.antonioferreira.gallery\/wp-content\/uploads\/2015\/02\/Justica-488x700.jpg\" class=\"attachment-medium size-medium wp-post-image\" alt=\"\" srcset=\"https:\/\/www.antonioferreira.gallery\/wp-content\/uploads\/2015\/02\/Justica-488x700.jpg 488w, https:\/\/www.antonioferreira.gallery\/wp-content\/uploads\/2015\/02\/Justica-893x1280.jpg 893w, https:\/\/www.antonioferreira.gallery\/wp-content\/uploads\/2015\/02\/Justica-105x150.jpg 105w, https:\/\/www.antonioferreira.gallery\/wp-content\/uploads\/2015\/02\/Justica-768x1101.jpg 768w, https:\/\/www.antonioferreira.gallery\/wp-content\/uploads\/2015\/02\/Justica-1071x1536.jpg 1071w, https:\/\/www.antonioferreira.gallery\/wp-content\/uploads\/2015\/02\/Justica-1429x2048.jpg 1429w, https:\/\/www.antonioferreira.gallery\/wp-content\/uploads\/2015\/02\/Justica-scaled.jpg 1786w\" sizes=\"(max-width: 488px) 100vw, 488px\" \/>\t\t\t\t\t\t\t\t\t\t<figcaption>\n\t\t\t\t\t\t<div class=\"middle\">\n\t\t\t\t\t\t\t<div class=\"middle-inner\">\n\n\t\t\t\t\t\t\t\t\n\t\t\t\t\t\t\t\t<p class=\"gl-item-title\">Sprawiedliwo\u015b\u0107<\/p>\n\n\t\t\t\t\t\t\t\t\t\t\t\t\t\t\t\t\t<p class=\"gl-item-descr\">Olej na p\u0142\u00f3tnie i geoda kwarcowa\u00a0<\/p>\n\t\t\t\t\t\t\t\t\n\t\t\t\t\t\t\t<\/div>\n\t\t\t\t\t\t<\/div>\n\t\t\t\t\t<\/figcaption>\n\t\t\t\t<\/figure>\n\t\t\t<\/a>\n\n\t\t\t\n\t\t<\/li>\n\n\t\n\t\t\t\t<li class=\"gl-item gl-loading          \"\n\t\t\tdata-category=\"wartosci\">\n\n\t\t\t<a href=\"https:\/\/www.antonioferreira.gallery\/pl\/gallery\/wolnosc\/\">\n\t\t\t\t<figure>\n\t\t\t\t\t\t\t\t\t\t\t<img decoding=\"async\" src=\"https:\/\/www.antonioferreira.gallery\/wp-content\/uploads\/2015\/02\/liberdade_MINIMO.jpg\" class=\"attachment-medium size-medium wp-post-image\" alt=\"\" \/>\t\t\t\t\t\t\t\t\t\t<figcaption>\n\t\t\t\t\t\t<div class=\"middle\">\n\t\t\t\t\t\t\t<div class=\"middle-inner\">\n\n\t\t\t\t\t\t\t\t\n\t\t\t\t\t\t\t\t<p class=\"gl-item-title\">Wolno\u015b\u0107<\/p>\n\n\t\t\t\t\t\t\t\t\t\t\t\t\t\t\t\t\t<p class=\"gl-item-descr\">Olej na p\u0142\u00f3tnie z kola\u017cem dw\u00f3ch malachit\u00f3w, karneolu i zielonego kalcytu<\/p>\n\t\t\t\t\t\t\t\t\n\t\t\t\t\t\t\t<\/div>\n\t\t\t\t\t\t<\/div>\n\t\t\t\t\t<\/figcaption>\n\t\t\t\t<\/figure>\n\t\t\t<\/a>\n\n\t\t\t\n\t\t<\/li>\n\n\t\t<\/ul> <!-- gallery -->\n\n\t\n\t\n\t\t<\/div> <!-- container -->\n\t\n\t\t<\/section>\n\t<\/div> <!-- section -->\n\n\t\n\t\n","protected":false},"excerpt":{"rendered":"","protected":false},"author":1,"featured_media":0,"parent":0,"menu_order":0,"comment_status":"closed","ping_status":"closed","template":"page-full.php","meta":{"_exactmetrics_skip_tracking":false,"_exactmetrics_sitenote_active":false,"_exactmetrics_sitenote_note":"","_exactmetrics_sitenote_category":0,"footnotes":""},"class_list":["post-3279","page","type-page","status-publish","hentry"],"yoast_head":"<!-- This site is optimized with the Yoast SEO plugin v27.5 - https:\/\/yoast.com\/product\/yoast-seo-wordpress\/ -->\n<title>Warto\u015bci - Ant\u00f3nio Artur Ferreira Gallery<\/title>\n<meta name=\"description\" content=\"O Portf\u00f3lio de Antonio \u00e9 categorizado em v\u00e1rias se\u00e7\u00f5es. Uma delas \u00e9 &quot;valores\/ religi\u00e3o&quot;, onde podemos encontrar pinturas sobre eles.\" \/>\n<meta name=\"robots\" content=\"index, follow, max-snippet:-1, max-image-preview:large, max-video-preview:-1\" \/>\n<link rel=\"canonical\" href=\"https:\/\/www.antonioferreira.gallery\/pl\/wartosci\/\" \/>\n<meta property=\"og:locale\" content=\"pl_PL\" \/>\n<meta property=\"og:type\" content=\"article\" \/>\n<meta property=\"og:title\" content=\"Warto\u015bci - Ant\u00f3nio Artur Ferreira Gallery\" \/>\n<meta property=\"og:description\" content=\"O Portf\u00f3lio de Antonio \u00e9 categorizado em v\u00e1rias se\u00e7\u00f5es. Uma delas \u00e9 &quot;valores\/ religi\u00e3o&quot;, onde podemos encontrar pinturas sobre eles.\" \/>\n<meta property=\"og:url\" content=\"https:\/\/www.antonioferreira.gallery\/pl\/wartosci\/\" \/>\n<meta property=\"og:site_name\" content=\"Ant\u00f3nio Artur Ferreira Gallery\" \/>\n<meta property=\"article:modified_time\" content=\"2023-12-01T01:13:17+00:00\" \/>\n<meta name=\"twitter:label1\" content=\"Est. reading time\" \/>\n\t<meta name=\"twitter:data1\" content=\"1 minute\" \/>\n<script type=\"application\/ld+json\" class=\"yoast-schema-graph\">{\"@context\":\"https:\\\/\\\/schema.org\",\"@graph\":[{\"@type\":\"WebPage\",\"@id\":\"https:\\\/\\\/www.antonioferreira.gallery\\\/pl\\\/wartosci\\\/\",\"url\":\"https:\\\/\\\/www.antonioferreira.gallery\\\/pl\\\/wartosci\\\/\",\"name\":\"Warto\u015bci - Ant\u00f3nio Artur Ferreira Gallery\",\"isPartOf\":{\"@id\":\"https:\\\/\\\/www.antonioferreira.gallery\\\/#website\"},\"datePublished\":\"2022-01-20T23:42:51+00:00\",\"dateModified\":\"2023-12-01T01:13:17+00:00\",\"description\":\"O Portf\u00f3lio de Antonio \u00e9 categorizado em v\u00e1rias se\u00e7\u00f5es. Uma delas \u00e9 \\\"valores\\\/ religi\u00e3o\\\", onde podemos encontrar pinturas sobre eles.\",\"breadcrumb\":{\"@id\":\"https:\\\/\\\/www.antonioferreira.gallery\\\/pl\\\/wartosci\\\/#breadcrumb\"},\"inLanguage\":\"pl-PL\",\"potentialAction\":[{\"@type\":\"ReadAction\",\"target\":[\"https:\\\/\\\/www.antonioferreira.gallery\\\/pl\\\/wartosci\\\/\"]}]},{\"@type\":\"BreadcrumbList\",\"@id\":\"https:\\\/\\\/www.antonioferreira.gallery\\\/pl\\\/wartosci\\\/#breadcrumb\",\"itemListElement\":[{\"@type\":\"ListItem\",\"position\":1,\"name\":\"Home\",\"item\":\"https:\\\/\\\/www.antonioferreira.gallery\\\/pl\\\/\"},{\"@type\":\"ListItem\",\"position\":2,\"name\":\"Warto\u015bci\"}]},{\"@type\":\"WebSite\",\"@id\":\"https:\\\/\\\/www.antonioferreira.gallery\\\/#website\",\"url\":\"https:\\\/\\\/www.antonioferreira.gallery\\\/\",\"name\":\"Ant\u00f3nio Artur Ferreira Gallery\",\"description\":\"Visual Artist\",\"potentialAction\":[{\"@type\":\"SearchAction\",\"target\":{\"@type\":\"EntryPoint\",\"urlTemplate\":\"https:\\\/\\\/www.antonioferreira.gallery\\\/?s={search_term_string}\"},\"query-input\":{\"@type\":\"PropertyValueSpecification\",\"valueRequired\":true,\"valueName\":\"search_term_string\"}}],\"inLanguage\":\"pl-PL\"}]}<\/script>\n<!-- \/ Yoast SEO plugin. -->","yoast_head_json":{"title":"Warto\u015bci - Ant\u00f3nio Artur Ferreira Gallery","description":"O Portf\u00f3lio de Antonio \u00e9 categorizado em v\u00e1rias se\u00e7\u00f5es. Uma delas \u00e9 \"valores\/ religi\u00e3o\", onde podemos encontrar pinturas sobre eles.","robots":{"index":"index","follow":"follow","max-snippet":"max-snippet:-1","max-image-preview":"max-image-preview:large","max-video-preview":"max-video-preview:-1"},"canonical":"https:\/\/www.antonioferreira.gallery\/pl\/wartosci\/","og_locale":"pl_PL","og_type":"article","og_title":"Warto\u015bci - Ant\u00f3nio Artur Ferreira Gallery","og_description":"O Portf\u00f3lio de Antonio \u00e9 categorizado em v\u00e1rias se\u00e7\u00f5es. Uma delas \u00e9 \"valores\/ religi\u00e3o\", onde podemos encontrar pinturas sobre eles.","og_url":"https:\/\/www.antonioferreira.gallery\/pl\/wartosci\/","og_site_name":"Ant\u00f3nio Artur Ferreira Gallery","article_modified_time":"2023-12-01T01:13:17+00:00","twitter_misc":{"Est. reading time":"1 minute"},"schema":{"@context":"https:\/\/schema.org","@graph":[{"@type":"WebPage","@id":"https:\/\/www.antonioferreira.gallery\/pl\/wartosci\/","url":"https:\/\/www.antonioferreira.gallery\/pl\/wartosci\/","name":"Warto\u015bci - Ant\u00f3nio Artur Ferreira Gallery","isPartOf":{"@id":"https:\/\/www.antonioferreira.gallery\/#website"},"datePublished":"2022-01-20T23:42:51+00:00","dateModified":"2023-12-01T01:13:17+00:00","description":"O Portf\u00f3lio de Antonio \u00e9 categorizado em v\u00e1rias se\u00e7\u00f5es. Uma delas \u00e9 \"valores\/ religi\u00e3o\", onde podemos encontrar pinturas sobre eles.","breadcrumb":{"@id":"https:\/\/www.antonioferreira.gallery\/pl\/wartosci\/#breadcrumb"},"inLanguage":"pl-PL","potentialAction":[{"@type":"ReadAction","target":["https:\/\/www.antonioferreira.gallery\/pl\/wartosci\/"]}]},{"@type":"BreadcrumbList","@id":"https:\/\/www.antonioferreira.gallery\/pl\/wartosci\/#breadcrumb","itemListElement":[{"@type":"ListItem","position":1,"name":"Home","item":"https:\/\/www.antonioferreira.gallery\/pl\/"},{"@type":"ListItem","position":2,"name":"Warto\u015bci"}]},{"@type":"WebSite","@id":"https:\/\/www.antonioferreira.gallery\/#website","url":"https:\/\/www.antonioferreira.gallery\/","name":"Ant\u00f3nio Artur Ferreira Gallery","description":"Visual Artist","potentialAction":[{"@type":"SearchAction","target":{"@type":"EntryPoint","urlTemplate":"https:\/\/www.antonioferreira.gallery\/?s={search_term_string}"},"query-input":{"@type":"PropertyValueSpecification","valueRequired":true,"valueName":"search_term_string"}}],"inLanguage":"pl-PL"}]}},"_links":{"self":[{"href":"https:\/\/www.antonioferreira.gallery\/pl\/wp-json\/wp\/v2\/pages\/3279","targetHints":{"allow":["GET"]}}],"collection":[{"href":"https:\/\/www.antonioferreira.gallery\/pl\/wp-json\/wp\/v2\/pages"}],"about":[{"href":"https:\/\/www.antonioferreira.gallery\/pl\/wp-json\/wp\/v2\/types\/page"}],"author":[{"embeddable":true,"href":"https:\/\/www.antonioferreira.gallery\/pl\/wp-json\/wp\/v2\/users\/1"}],"replies":[{"embeddable":true,"href":"https:\/\/www.antonioferreira.gallery\/pl\/wp-json\/wp\/v2\/comments?post=3279"}],"version-history":[{"count":3,"href":"https:\/\/www.antonioferreira.gallery\/pl\/wp-json\/wp\/v2\/pages\/3279\/revisions"}],"predecessor-version":[{"id":3707,"href":"https:\/\/www.antonioferreira.gallery\/pl\/wp-json\/wp\/v2\/pages\/3279\/revisions\/3707"}],"wp:attachment":[{"href":"https:\/\/www.antonioferreira.gallery\/pl\/wp-json\/wp\/v2\/media?parent=3279"}],"curies":[{"name":"wp","href":"https:\/\/api.w.org\/{rel}","templated":true}]}}