{"id":3211,"date":"2021-09-28T17:57:46","date_gmt":"2021-09-28T17:57:46","guid":{"rendered":"https:\/\/www.antonioferreira.gallery\/pl\/exposicoes-2\/"},"modified":"2026-01-11T18:25:48","modified_gmt":"2026-01-11T18:25:48","slug":"exposicoes-2","status":"publish","type":"page","link":"https:\/\/www.antonioferreira.gallery\/pl\/exposicoes-2\/","title":{"rendered":"Wystawy"},"content":{"rendered":"\n<div class=\"wp-block-columns has-background is-layout-flex wp-container-core-columns-is-layout-9d6595d7 wp-block-columns-is-layout-flex\" style=\"background-color:#1f72a636\">\n<div class=\"wp-block-column is-vertically-aligned-top is-layout-flow wp-block-column-is-layout-flow\" style=\"flex-basis:100%\">\n<div class=\"wp-block-columns is-layout-flex wp-container-core-columns-is-layout-9d6595d7 wp-block-columns-is-layout-flex\">\n<div class=\"wp-block-column is-vertically-aligned-top is-layout-flow wp-block-column-is-layout-flow\" style=\"flex-basis:60%\">\n<h2 class=\"wp-block-heading\">Nadchodzaca whystawa<\/h2>\n\n\n\n<div style=\"height:20px\" aria-hidden=\"true\" class=\"wp-block-spacer\"><\/div>\n\n\n\n<p class=\"has-text-color has-link-color has-medium-font-size wp-elements-b7b27f589c13240e344b48e7fbb4afd3\" style=\"color:#414141\">Targi Sztuki w Monako 26<\/p>\n\n\n\n<div style=\"height:20px\" aria-hidden=\"true\" class=\"wp-block-spacer\"><\/div>\n\n\n\n<p class=\"has-text-color has-link-color wp-elements-b7c16d20502b1a25ab2064ce4891a435\" style=\"color:#414141\"><strong>18-20 wrze\u015bnia 2026 r<\/strong>.<strong> &#8211; Chapiteau de Fontvieille 5, avenue des Ligures 98000 Monaco<\/strong><\/p>\n<\/div>\n\n\n\n<div class=\"wp-block-column is-layout-flow wp-block-column-is-layout-flow\" style=\"flex-basis:40%\"><\/div>\n<\/div>\n<\/div>\n<\/div>\n\n\n\n<div class=\"wp-block-columns has-background is-layout-flex wp-container-core-columns-is-layout-9d6595d7 wp-block-columns-is-layout-flex\" style=\"background-color:#f4f4f4\">\n<div class=\"wp-block-column is-vertically-aligned-top is-layout-flow wp-block-column-is-layout-flow\" style=\"flex-basis:100%\">\n<div class=\"wp-block-columns is-layout-flex wp-container-core-columns-is-layout-9d6595d7 wp-block-columns-is-layout-flex\">\n<div class=\"wp-block-column is-vertically-aligned-top is-layout-flow wp-block-column-is-layout-flow\" style=\"flex-basis:33.33%\">\n<div style=\"height:20px\" aria-hidden=\"true\" class=\"wp-block-spacer\"><\/div>\n\n\n\n<h2 class=\"wp-block-heading\"><meta charset=\"utf-8\">Wystawy Zbiorowe<\/h2>\n\n\n\n<div style=\"height:10px\" aria-hidden=\"true\" class=\"wp-block-spacer\"><\/div>\n\n\n\n<h5 class=\"wp-block-heading has-text-color\" style=\"color:#414141\"><strong>202<\/strong>5<\/h5>\n\n\n\n<p class=\"has-text-color has-link-color wp-elements-accf909dfa66916df9633492cc53b135\" style=\"color:#414141\">\u2022 Mi\u0119dzynarodowa Wystawa Sztuki Wsp\u00f3\u0142czesnej, Galerie Thuillier. Pary\u017c, Francja.<\/p>\n\n\n\n<p>\u2022 Doroczna Sala Udzia\u0142owc\u00f3w &#8211; Narodowe Towarzystwo Sztuk Pi\u0119knych, Lizbona<\/p>\n\n\n\n<p class=\"has-text-color has-link-color wp-elements-ce65facf075a48ecdb1ec93ab787de9e\" style=\"color:#414141\">\u2022 Wystawa \u201eInterconnecting Lines\u201d zorganizowana przez Galeri\u0119 Artio w Europejskim Muzeum Sztuki Nowoczesnej MEAM w Barcelonie, od 13 do 15 czerwca, gdzie zdoby\u0142a II nagrod\u0119.<\/p>\n\n\n\n<p class=\"has-text-color has-link-color wp-elements-8945876e3fcc6f6db6015f7a72fbe041\" style=\"color:#414141\">\u2022 Mi\u0119dzynarodowa Wystawa Sztuki Wsp\u00f3\u0142czesnej \u201eD\u00e9cor\u201d prezentowana przez Artemida Experience, Spazio Arte Tolomeo, Mediolan<\/p>\n\n\n\n<p class=\"has-text-color has-link-color wp-elements-c977438897f628f31cd940f1bd101a47\" style=\"color:#414141\">\u2022 \u201eMi\u0119dzynarodowe Targi Sztuki w Wenecji\u201d \u2013 21. edycja, organizator: Itsliquid Group<\/p>\n\n\n\n<p class=\"has-text-color has-link-color wp-elements-68fda02c3d0448fc48897a3877b539bc\" style=\"color:#414141\">\u2022 Doroczna Sala Udzia\u0142owc\u00f3w &#8211; Narodowe Towarzystwo Sztuk Pi\u0119knych, Lizbona<\/p>\n\n\n\n<h5 class=\"wp-block-heading has-text-color\" style=\"color:#414141\"><strong>2024<\/strong><\/h5>\n\n\n\n<p class=\"has-text-color has-link-color wp-elements-68fda02c3d0448fc48897a3877b539bc\" style=\"color:#414141\">\u2022 Doroczna Sala Udzia\u0142owc\u00f3w &#8211; Narodowe Towarzystwo Sztuk Pi\u0119knych, Lizbona<\/p>\n\n\n\n<p class=\"has-text-color has-link-color wp-elements-1431f24eeb4e62b489c81fc233117b0e\" style=\"color:#414141\">\u2022 Narodowe Towarzystwo Sztuk Pi\u0119knych, Lizbona<\/p>\n\n\n\n<p class=\"has-text-color has-link-color wp-elements-041edc6061f0a4152237bf1a4e77a2a4\" style=\"color:#414141\">\u2022 Warsztaty szkoleniowe oraz warsztaty animacji kulturowej, Aljustrel<\/p>\n\n\n\n<h5 class=\"wp-block-heading\"><strong>2023<\/strong><\/h5>\n\n\n\n<p class=\"has-text-color has-link-color wp-elements-de1a8dad7a3df474e67ab941c5847be1\" style=\"color:#414141\">\u2022 Galerias de S. Ant\u00f3nio, Monchique<\/p>\n\n\n\n<p class=\"has-text-color has-link-color wp-elements-1431f24eeb4e62b489c81fc233117b0e\" style=\"color:#414141\">\u2022 Narodowe Towarzystwo Sztuk Pi\u0119knych, Lizbona<\/p>\n\n\n\n<p class=\"has-text-color has-link-color wp-elements-041edc6061f0a4152237bf1a4e77a2a4\" style=\"color:#414141\">\u2022 Warsztaty szkoleniowe oraz warsztaty animacji kulturowej, Aljustrel<\/p>\n\n\n\n<h5 class=\"wp-block-heading\"><strong>2022<\/strong><\/h5>\n\n\n\n<p class=\"has-text-color has-link-color wp-elements-1431f24eeb4e62b489c81fc233117b0e\" style=\"color:#414141\">\u2022 Narodowe Towarzystwo Sztuk Pi\u0119knych, Lizbona<\/p>\n\n\n\n<p class=\"has-text-color has-link-color wp-elements-68fda02c3d0448fc48897a3877b539bc\" style=\"color:#414141\">\u2022 Doroczna Sala Udzia\u0142owc\u00f3w &#8211; Narodowe Towarzystwo Sztuk Pi\u0119knych, Lizbona<\/p>\n\n\n\n<p class=\"has-text-color has-link-color wp-elements-041edc6061f0a4152237bf1a4e77a2a4\" style=\"color:#414141\">\u2022 Warsztaty szkoleniowe oraz warsztaty animacji kulturowej, Aljustrel<\/p>\n\n\n\n<h5 class=\"wp-block-heading has-text-color\" style=\"color:#414141\"><strong>2021<\/strong><\/h5>\n\n\n\n<p class=\"has-text-color\" style=\"color:#414141\">\u2022 \u201cSal\u00e3o Anual dos S\u00f3cios\u201d (Doroczna Sala Udzia\u0142owc\u00f3w) &#8211; Pa\u0144stwowe Towarzystwo Sztuk Pi\u0119knych, Lizbona<\/p>\n\n\n\n<p class=\"has-text-color\" style=\"color:#414141\">\u2022 Pa\u0144stwowe Towarzystwo Sztuk Pi\u0119knych, Lizbona<\/p>\n\n\n\n<p class=\"has-text-color\" style=\"color:#414141\">\u2022 <meta charset=\"utf-8\">&nbsp;\u201cArt Fest\u201d, CascaisShopping, Lizbona.<\/p>\n\n\n\n<div style=\"height:10px\" aria-hidden=\"true\" class=\"wp-block-spacer\"><\/div>\n\n\n\n<h5 class=\"wp-block-heading has-text-color\" style=\"color:#414141\"><strong>2020<\/strong><\/h5>\n\n\n\n<p class=\"has-text-color\" style=\"color:#414141\">\u2022 Pa\u0144stwowe Towarzystwo Sztuk Pi\u0119knych, Lizbona<\/p>\n\n\n\n<p class=\"has-text-color\" style=\"color:#414141\">\u2022 \u201cSal\u00e3o Anual dos S\u00f3cios (Doroczna Sala Udzia\u0142owc\u00f3w)\u201d &#8211; Pa\u0144stwowe Towarzystwo Sztuk Pi\u0119knych, Lizbona<\/p>\n\n\n\n<p class=\"has-text-color\" style=\"color:#414141\">\u2022 Warsztaty szkoleniowe oraz warsztaty animacji kulturowej, Aljustrel<\/p>\n\n\n\n<div style=\"height:10px\" aria-hidden=\"true\" class=\"wp-block-spacer\"><\/div>\n\n\n\n<h5 class=\"wp-block-heading has-text-color\" style=\"color:#414141\"><strong>2019<\/strong><\/h5>\n\n\n\n<p class=\"has-text-color\" style=\"color:#414141\">\u2022 \u201cSala artyst\u00f3w udzia\u0142owc\u00f3w Pa\u0144stwowego Towarzystwa Sztuk Pi\u0119knych\u201d, Lizbona<\/p>\n\n\n\n<p class=\"has-text-color\" style=\"color:#414141\">\u2022 Pa\u0144stwowe Towarzystwo Sztuk Pi\u0119knych, Lizbona<\/p>\n\n\n\n<p class=\"has-text-color\" style=\"color:#414141\">\u2022Warsztaty szkoleniowe oraz warsztaty animacji kulturowej, Aljustrel<\/p>\n\n\n\n<div style=\"height:10px\" aria-hidden=\"true\" class=\"wp-block-spacer\"><\/div>\n\n\n\n<h5 class=\"wp-block-heading has-text-color\" style=\"color:#414141\"><strong>2018<\/strong><\/h5>\n\n\n\n<p class=\"has-text-color\" style=\"color:#414141\">\u2022 Warsztaty szkoleniowe oraz warsztaty animacji kulturowej, Aljustrel<\/p>\n\n\n\n<p class=\"has-text-color\" style=\"color:#414141\">\u2022 Pa\u0144stwowe Towarzystwo Sztuk Pi\u0119knych, Lizbona<\/p>\n<\/div>\n\n\n\n<div class=\"wp-block-column is-vertically-aligned-top is-layout-flow wp-block-column-is-layout-flow\" style=\"flex-basis:66.67%\">\n<div style=\"height:20px\" aria-hidden=\"true\" class=\"wp-block-spacer\"><\/div>\n\n\n<div class=\"wp-block-image\">\n<figure class=\"alignleft size-large\"><a href=\"https:\/\/www.antonioferreira.gallery\/wp-content\/uploads\/2022\/03\/im-exhibitions.jpg\"><img loading=\"lazy\" decoding=\"async\" width=\"1280\" height=\"825\" src=\"https:\/\/www.antonioferreira.gallery\/wp-content\/uploads\/2022\/03\/im-exhibitions-1280x825.jpg\" alt=\"\" class=\"wp-image-2528\" srcset=\"https:\/\/www.antonioferreira.gallery\/wp-content\/uploads\/2022\/03\/im-exhibitions-1280x825.jpg 1280w, https:\/\/www.antonioferreira.gallery\/wp-content\/uploads\/2022\/03\/im-exhibitions-700x451.jpg 700w, https:\/\/www.antonioferreira.gallery\/wp-content\/uploads\/2022\/03\/im-exhibitions-150x97.jpg 150w, https:\/\/www.antonioferreira.gallery\/wp-content\/uploads\/2022\/03\/im-exhibitions-768x495.jpg 768w, https:\/\/www.antonioferreira.gallery\/wp-content\/uploads\/2022\/03\/im-exhibitions-1536x990.jpg 1536w, https:\/\/www.antonioferreira.gallery\/wp-content\/uploads\/2022\/03\/im-exhibitions.jpg 1920w\" sizes=\"auto, (max-width: 1280px) 100vw, 1280px\" \/><\/a><figcaption class=\"wp-element-caption\"><meta charset=\"utf-8\">\u201cSal\u00e3o Anual dos S\u00f3cios\u201d (Doroczna Sala Udzia\u0142owc\u00f3w) &#8211; Pa\u0144stwowe Towarzystwo Sztuk Pi\u0119knych, Lizbona, 2019<\/figcaption><\/figure>\n<\/div><\/div>\n<\/div>\n<\/div>\n<\/div>\n\n\n\n<h2 class=\"wp-block-heading no-vertical-margin has-white-background-color has-text-color has-background\" style=\"color:#414141;font-size:22px\">Wystawy Indywidualne <\/h2>\n\n\n\n<div class=\"wp-block-columns has-white-background-color has-background is-layout-flex wp-container-core-columns-is-layout-9d6595d7 wp-block-columns-is-layout-flex\">\n<div class=\"wp-block-column is-vertically-aligned-top is-layout-flow wp-block-column-is-layout-flow\" style=\"flex-basis:90%\">\n<div class=\"wp-block-columns is-layout-flex wp-container-core-columns-is-layout-9d6595d7 wp-block-columns-is-layout-flex\">\n<div class=\"wp-block-column is-vertically-aligned-top is-layout-flow wp-block-column-is-layout-flow\" style=\"flex-basis:66.66%\"><div class=\"wp-block-image is-resized\">\n<figure class=\"alignleft size-full\"><a href=\"https:\/\/www.antonioferreira.gallery\/wp-content\/uploads\/2015\/04\/expo3.gif\"><img loading=\"lazy\" decoding=\"async\" width=\"1170\" height=\"832\" src=\"https:\/\/www.antonioferreira.gallery\/wp-content\/uploads\/2015\/04\/expo3.gif\" alt=\"\" class=\"wp-image-820\"\/><\/a><\/figure>\n<\/div><\/div>\n\n\n\n<div class=\"wp-block-column is-vertically-aligned-top is-layout-flow wp-block-column-is-layout-flow\" style=\"flex-basis:33.33%\">\n<h5 class=\"wp-block-heading has-text-color\" style=\"color:#414141\"><strong>2023<\/strong><\/h5>\n\n\n\n<p class=\"has-text-color has-link-color wp-elements-13b9bd3c3b43dff0e06175617507e694\" style=\"color:#414141\">\u2022 Espa\u00e7o Atmosfera M, Lizbona &#8211; Rozpocz\u0119cie wirtualnej wystawy (wsp\u00f3lna wystawa z rze\u017abiarzem Jos\u00e9 Maur\u00edcio)<\/p>\n\n\n\n<p class=\"has-text-color has-link-color wp-elements-46230d0b1f15f3cf3beae151e2a736b5\" style=\"color:#414141\">\u2022 Galeria CodigoDesign, Porto &#8211; Entis (wsp\u00f3lna wystawa z rze\u017abiark\u0105 Angel\u0105 Fonseca)<\/p>\n\n\n\n<h5 class=\"wp-block-heading has-text-color\" style=\"color:#414141\"><strong>2016<\/strong><\/h5>\n\n\n\n<p class=\"has-text-color\" style=\"color:#414141\">\u2022 \u201cNamalowa\u0107 Europ\u0119\u201d<\/p>\n\n\n\n<p class=\"has-text-color\" style=\"color:#414141\">Tuga, La Coruna, Hiszpania<\/p>\n\n\n\n<div style=\"height:10px\" aria-hidden=\"true\" class=\"wp-block-spacer\"><\/div>\n\n\n\n<h5 class=\"wp-block-heading has-text-color\" style=\"color:#414141\"><strong>2014<\/strong><\/h5>\n\n\n\n<p class=\"has-text-color\" style=\"color:#414141\">\u2022 &#8220;Podr\u00f3\u017c wewn\u0105trz (wsp\u00f3lna wystawa z rze\u017abiarzem Jos\u00e9 Maur\u00edcio)<\/p>\n\n\n\n<p class=\"has-text-color\" style=\"color:#414141\">Galerias de Santo Ant\u00f3nio (Galerie \u015awi\u0119tego Antoniego), Monchique, Portugalia<\/p>\n\n\n\n<blockquote class=\"wp-block-quote is-layout-flow wp-block-quote-is-layout-flow\">\n<p>Absolutely stunning. Very expressive and vibrant<\/p>\n<\/blockquote>\n\n\n\n<blockquote class=\"wp-block-quote is-layout-flow wp-block-quote-is-layout-flow\">\n<p>Nos ha encantado. Gracias por proporcionarnos este fant\u00e1stico momento<\/p>\n<\/blockquote>\n<\/div>\n<\/div>\n<\/div>\n<\/div>\n","protected":false},"excerpt":{"rendered":"<p>Nadchodzaca whystawa Targi Sztuki w Monako 26 18-20 wrze\u015bnia 2026 r. &#8211; Chapiteau de Fontvieille 5, avenue des Ligures 98000 Monaco Wystawy Zbiorowe 2025 \u2022 Mi\u0119dzynarodowa Wystawa Sztuki Wsp\u00f3\u0142czesnej, Galerie Thuillier. Pary\u017c, Francja. \u2022 Doroczna Sala Udzia\u0142owc\u00f3w &#8211; Narodowe Towarzystwo Sztuk Pi\u0119knych, Lizbona \u2022 Wystawa \u201eInterconnecting Lines\u201d zorganizowana przez Galeri\u0119 Artio w Europejskim Muzeum Sztuki&#8230;<\/p>\n","protected":false},"author":1,"featured_media":0,"parent":0,"menu_order":0,"comment_status":"closed","ping_status":"closed","template":"page-full.php","meta":{"_exactmetrics_skip_tracking":false,"_exactmetrics_sitenote_active":false,"_exactmetrics_sitenote_note":"","_exactmetrics_sitenote_category":0,"footnotes":""},"class_list":["post-3211","page","type-page","status-publish","hentry"],"yoast_head":"<!-- This site is optimized with the Yoast SEO plugin v27.5 - https:\/\/yoast.com\/product\/yoast-seo-wordpress\/ -->\n<title>Wystawy - Ant\u00f3nio Artur Ferreira Gallery<\/title>\n<meta name=\"description\" content=\"Todas as exposi\u00e7\u00f5es do artista Ant\u00f3nio Ferreira desde 2009, individuais e colectivas.\" \/>\n<meta name=\"robots\" content=\"index, follow, max-snippet:-1, max-image-preview:large, max-video-preview:-1\" \/>\n<link rel=\"canonical\" href=\"https:\/\/www.antonioferreira.gallery\/pl\/exposicoes-2\/\" \/>\n<meta property=\"og:locale\" content=\"pl_PL\" \/>\n<meta property=\"og:type\" content=\"article\" \/>\n<meta property=\"og:title\" content=\"Wystawy - Ant\u00f3nio Artur Ferreira Gallery\" \/>\n<meta property=\"og:description\" content=\"Todas as exposi\u00e7\u00f5es do artista Ant\u00f3nio Ferreira desde 2009, individuais e colectivas.\" \/>\n<meta property=\"og:url\" content=\"https:\/\/www.antonioferreira.gallery\/pl\/exposicoes-2\/\" \/>\n<meta property=\"og:site_name\" content=\"Ant\u00f3nio Artur Ferreira Gallery\" \/>\n<meta property=\"article:modified_time\" content=\"2026-01-11T18:25:48+00:00\" \/>\n<meta property=\"og:image\" content=\"https:\/\/www.antonioferreira.gallery\/wp-content\/uploads\/2022\/03\/im-exhibitions.jpg\" \/>\n\t<meta property=\"og:image:width\" content=\"1920\" \/>\n\t<meta property=\"og:image:height\" content=\"1237\" \/>\n\t<meta property=\"og:image:type\" content=\"image\/jpeg\" \/>\n<meta name=\"twitter:label1\" content=\"Est. reading time\" \/>\n\t<meta name=\"twitter:data1\" content=\"3 minutes\" \/>\n<script type=\"application\/ld+json\" class=\"yoast-schema-graph\">{\"@context\":\"https:\\\/\\\/schema.org\",\"@graph\":[{\"@type\":\"WebPage\",\"@id\":\"https:\\\/\\\/www.antonioferreira.gallery\\\/pl\\\/exposicoes-2\\\/\",\"url\":\"https:\\\/\\\/www.antonioferreira.gallery\\\/pl\\\/exposicoes-2\\\/\",\"name\":\"Wystawy - Ant\u00f3nio Artur Ferreira Gallery\",\"isPartOf\":{\"@id\":\"https:\\\/\\\/www.antonioferreira.gallery\\\/#website\"},\"primaryImageOfPage\":{\"@id\":\"https:\\\/\\\/www.antonioferreira.gallery\\\/pl\\\/exposicoes-2\\\/#primaryimage\"},\"image\":{\"@id\":\"https:\\\/\\\/www.antonioferreira.gallery\\\/pl\\\/exposicoes-2\\\/#primaryimage\"},\"thumbnailUrl\":\"https:\\\/\\\/www.antonioferreira.gallery\\\/wp-content\\\/uploads\\\/2022\\\/03\\\/im-exhibitions-1280x825.jpg\",\"datePublished\":\"2021-09-28T17:57:46+00:00\",\"dateModified\":\"2026-01-11T18:25:48+00:00\",\"description\":\"Todas as exposi\u00e7\u00f5es do artista Ant\u00f3nio Ferreira desde 2009, individuais e colectivas.\",\"breadcrumb\":{\"@id\":\"https:\\\/\\\/www.antonioferreira.gallery\\\/pl\\\/exposicoes-2\\\/#breadcrumb\"},\"inLanguage\":\"pl-PL\",\"potentialAction\":[{\"@type\":\"ReadAction\",\"target\":[\"https:\\\/\\\/www.antonioferreira.gallery\\\/pl\\\/exposicoes-2\\\/\"]}]},{\"@type\":\"ImageObject\",\"inLanguage\":\"pl-PL\",\"@id\":\"https:\\\/\\\/www.antonioferreira.gallery\\\/pl\\\/exposicoes-2\\\/#primaryimage\",\"url\":\"https:\\\/\\\/www.antonioferreira.gallery\\\/wp-content\\\/uploads\\\/2022\\\/03\\\/im-exhibitions-1280x825.jpg\",\"contentUrl\":\"https:\\\/\\\/www.antonioferreira.gallery\\\/wp-content\\\/uploads\\\/2022\\\/03\\\/im-exhibitions-1280x825.jpg\"},{\"@type\":\"BreadcrumbList\",\"@id\":\"https:\\\/\\\/www.antonioferreira.gallery\\\/pl\\\/exposicoes-2\\\/#breadcrumb\",\"itemListElement\":[{\"@type\":\"ListItem\",\"position\":1,\"name\":\"Home\",\"item\":\"https:\\\/\\\/www.antonioferreira.gallery\\\/pl\\\/\"},{\"@type\":\"ListItem\",\"position\":2,\"name\":\"Wystawy\"}]},{\"@type\":\"WebSite\",\"@id\":\"https:\\\/\\\/www.antonioferreira.gallery\\\/#website\",\"url\":\"https:\\\/\\\/www.antonioferreira.gallery\\\/\",\"name\":\"Ant\u00f3nio Artur Ferreira Gallery\",\"description\":\"Visual Artist\",\"potentialAction\":[{\"@type\":\"SearchAction\",\"target\":{\"@type\":\"EntryPoint\",\"urlTemplate\":\"https:\\\/\\\/www.antonioferreira.gallery\\\/?s={search_term_string}\"},\"query-input\":{\"@type\":\"PropertyValueSpecification\",\"valueRequired\":true,\"valueName\":\"search_term_string\"}}],\"inLanguage\":\"pl-PL\"}]}<\/script>\n<!-- \/ Yoast SEO plugin. -->","yoast_head_json":{"title":"Wystawy - Ant\u00f3nio Artur Ferreira Gallery","description":"Todas as exposi\u00e7\u00f5es do artista Ant\u00f3nio Ferreira desde 2009, individuais e colectivas.","robots":{"index":"index","follow":"follow","max-snippet":"max-snippet:-1","max-image-preview":"max-image-preview:large","max-video-preview":"max-video-preview:-1"},"canonical":"https:\/\/www.antonioferreira.gallery\/pl\/exposicoes-2\/","og_locale":"pl_PL","og_type":"article","og_title":"Wystawy - Ant\u00f3nio Artur Ferreira Gallery","og_description":"Todas as exposi\u00e7\u00f5es do artista Ant\u00f3nio Ferreira desde 2009, individuais e colectivas.","og_url":"https:\/\/www.antonioferreira.gallery\/pl\/exposicoes-2\/","og_site_name":"Ant\u00f3nio Artur Ferreira Gallery","article_modified_time":"2026-01-11T18:25:48+00:00","og_image":[{"width":1920,"height":1237,"url":"https:\/\/www.antonioferreira.gallery\/wp-content\/uploads\/2022\/03\/im-exhibitions.jpg","type":"image\/jpeg"}],"twitter_misc":{"Est. reading time":"3 minutes"},"schema":{"@context":"https:\/\/schema.org","@graph":[{"@type":"WebPage","@id":"https:\/\/www.antonioferreira.gallery\/pl\/exposicoes-2\/","url":"https:\/\/www.antonioferreira.gallery\/pl\/exposicoes-2\/","name":"Wystawy - Ant\u00f3nio Artur Ferreira Gallery","isPartOf":{"@id":"https:\/\/www.antonioferreira.gallery\/#website"},"primaryImageOfPage":{"@id":"https:\/\/www.antonioferreira.gallery\/pl\/exposicoes-2\/#primaryimage"},"image":{"@id":"https:\/\/www.antonioferreira.gallery\/pl\/exposicoes-2\/#primaryimage"},"thumbnailUrl":"https:\/\/www.antonioferreira.gallery\/wp-content\/uploads\/2022\/03\/im-exhibitions-1280x825.jpg","datePublished":"2021-09-28T17:57:46+00:00","dateModified":"2026-01-11T18:25:48+00:00","description":"Todas as exposi\u00e7\u00f5es do artista Ant\u00f3nio Ferreira desde 2009, individuais e colectivas.","breadcrumb":{"@id":"https:\/\/www.antonioferreira.gallery\/pl\/exposicoes-2\/#breadcrumb"},"inLanguage":"pl-PL","potentialAction":[{"@type":"ReadAction","target":["https:\/\/www.antonioferreira.gallery\/pl\/exposicoes-2\/"]}]},{"@type":"ImageObject","inLanguage":"pl-PL","@id":"https:\/\/www.antonioferreira.gallery\/pl\/exposicoes-2\/#primaryimage","url":"https:\/\/www.antonioferreira.gallery\/wp-content\/uploads\/2022\/03\/im-exhibitions-1280x825.jpg","contentUrl":"https:\/\/www.antonioferreira.gallery\/wp-content\/uploads\/2022\/03\/im-exhibitions-1280x825.jpg"},{"@type":"BreadcrumbList","@id":"https:\/\/www.antonioferreira.gallery\/pl\/exposicoes-2\/#breadcrumb","itemListElement":[{"@type":"ListItem","position":1,"name":"Home","item":"https:\/\/www.antonioferreira.gallery\/pl\/"},{"@type":"ListItem","position":2,"name":"Wystawy"}]},{"@type":"WebSite","@id":"https:\/\/www.antonioferreira.gallery\/#website","url":"https:\/\/www.antonioferreira.gallery\/","name":"Ant\u00f3nio Artur Ferreira Gallery","description":"Visual Artist","potentialAction":[{"@type":"SearchAction","target":{"@type":"EntryPoint","urlTemplate":"https:\/\/www.antonioferreira.gallery\/?s={search_term_string}"},"query-input":{"@type":"PropertyValueSpecification","valueRequired":true,"valueName":"search_term_string"}}],"inLanguage":"pl-PL"}]}},"_links":{"self":[{"href":"https:\/\/www.antonioferreira.gallery\/pl\/wp-json\/wp\/v2\/pages\/3211","targetHints":{"allow":["GET"]}}],"collection":[{"href":"https:\/\/www.antonioferreira.gallery\/pl\/wp-json\/wp\/v2\/pages"}],"about":[{"href":"https:\/\/www.antonioferreira.gallery\/pl\/wp-json\/wp\/v2\/types\/page"}],"author":[{"embeddable":true,"href":"https:\/\/www.antonioferreira.gallery\/pl\/wp-json\/wp\/v2\/users\/1"}],"replies":[{"embeddable":true,"href":"https:\/\/www.antonioferreira.gallery\/pl\/wp-json\/wp\/v2\/comments?post=3211"}],"version-history":[{"count":9,"href":"https:\/\/www.antonioferreira.gallery\/pl\/wp-json\/wp\/v2\/pages\/3211\/revisions"}],"predecessor-version":[{"id":4708,"href":"https:\/\/www.antonioferreira.gallery\/pl\/wp-json\/wp\/v2\/pages\/3211\/revisions\/4708"}],"wp:attachment":[{"href":"https:\/\/www.antonioferreira.gallery\/pl\/wp-json\/wp\/v2\/media?parent=3211"}],"curies":[{"name":"wp","href":"https:\/\/api.w.org\/{rel}","templated":true}]}}