{"id":3195,"date":"2015-02-23T17:34:34","date_gmt":"2015-02-23T17:34:34","guid":{"rendered":"https:\/\/www.antonioferreira.gallery\/pl\/obras-arte\/"},"modified":"2023-12-01T12:41:26","modified_gmt":"2023-12-01T12:41:26","slug":"odkrywanie-siebie-i-innych","status":"publish","type":"page","link":"https:\/\/www.antonioferreira.gallery\/pl\/odkrywanie-siebie-i-innych\/","title":{"rendered":"Malowanie z perspektywy innych artyst\u00f3w"},"content":{"rendered":"\n\t\n\t<div class=\"section \" \t\tstyle=\"\n\t\t\t\t\t\t\t\t\tbackground-color: #ededed;\t\t\t\t\t\t\t\t\t\"\n\t\t\t\t\t>\n\n\t\n\t<section>\n\n\t\n\t\n\t<div class=\"container\">\t\t\n<h5 style=\"text-align: center;\"><span style=\"color: #414141;\"><div class=\"row\"><div class=\"col-sm-12\">Odkrywanie siebie i innych<\/div><\/div><\/span><\/h5>\n<h2 style=\"text-align: center;\"><span style=\"color: #414141;\"><div class=\"row\"><div class=\"col-sm-12\">Malowanie z perspektywy innych artyst\u00f3w<\/div><\/div><\/span><\/h2>\n<p style=\"text-align: left;\"><div class=\"su-spacer\" style=\"height:50px\"><\/div>\n\n\t\n\t<ul id=\"gallery-363\"\n\t    class=\"gallery gl-cols-3 gl-pinterest\"\n\t    data-options=\"id: gallery-363; category: 178; type: pinterest; items_per_page: 200; columns_count: 3; show_load_more: no; show_filter: no; fixed_items: fixed; load_on_scroll: no; preview_full_size: no; preview_show_zoom: yes; preview_show_readmore: yes; preview_show_share: yes; ajax_action: mental_gallery; \">\n\n\t\t\n   \n\t\t\t\t<li class=\"gl-item gl-loading          \"\n\t\t\tdata-category=\"pismo\">\n\n\t\t\t<a href=\"https:\/\/www.antonioferreira.gallery\/pl\/gallery\/saramago\/\">\n\t\t\t\t<figure>\n\t\t\t\t\t\t\t\t\t\t\t<img decoding=\"async\" src=\"https:\/\/www.antonioferreira.gallery\/wp-content\/uploads\/2023\/11\/Saramago-488x700.jpg\" class=\"attachment-medium size-medium wp-post-image\" alt=\"\" srcset=\"https:\/\/www.antonioferreira.gallery\/wp-content\/uploads\/2023\/11\/Saramago-488x700.jpg 488w, https:\/\/www.antonioferreira.gallery\/wp-content\/uploads\/2023\/11\/Saramago-892x1280.jpg 892w, https:\/\/www.antonioferreira.gallery\/wp-content\/uploads\/2023\/11\/Saramago-105x150.jpg 105w, https:\/\/www.antonioferreira.gallery\/wp-content\/uploads\/2023\/11\/Saramago-768x1102.jpg 768w, https:\/\/www.antonioferreira.gallery\/wp-content\/uploads\/2023\/11\/Saramago-1071x1536.jpg 1071w, https:\/\/www.antonioferreira.gallery\/wp-content\/uploads\/2023\/11\/Saramago.jpg 1120w\" sizes=\"(max-width: 488px) 100vw, 488px\" \/>\t\t\t\t\t\t\t\t\t\t<figcaption>\n\t\t\t\t\t\t<div class=\"middle\">\n\t\t\t\t\t\t\t<div class=\"middle-inner\">\n\n\t\t\t\t\t\t\t\t\n\t\t\t\t\t\t\t\t<p class=\"gl-item-title\">Saramago<\/p>\n\n\t\t\t\t\t\t\t\t\t\t\t\t\t\t\t\t\t<p class=\"gl-item-descr\">Olej na p\u0142\u00f3tnie z kamieniem chalcedonowym<\/p>\n\t\t\t\t\t\t\t\t\n\t\t\t\t\t\t\t<\/div>\n\t\t\t\t\t\t<\/div>\n\t\t\t\t\t<\/figcaption>\n\t\t\t\t<\/figure>\n\t\t\t<\/a>\n\n\t\t\t\n\t\t<\/li>\n\n\t\n\t\t\t\t<li class=\"gl-item gl-loading          \"\n\t\t\tdata-category=\"pismo\">\n\n\t\t\t<a href=\"https:\/\/www.antonioferreira.gallery\/pl\/gallery\/orzechowka\/\">\n\t\t\t\t<figure>\n\t\t\t\t\t\t\t\t\t\t\t<img decoding=\"async\" src=\"https:\/\/www.antonioferreira.gallery\/wp-content\/uploads\/2023\/11\/Quebra-nozes-700x488.jpg\" class=\"attachment-medium size-medium wp-post-image\" alt=\"\" srcset=\"https:\/\/www.antonioferreira.gallery\/wp-content\/uploads\/2023\/11\/Quebra-nozes-700x488.jpg 700w, https:\/\/www.antonioferreira.gallery\/wp-content\/uploads\/2023\/11\/Quebra-nozes-1280x892.jpg 1280w, https:\/\/www.antonioferreira.gallery\/wp-content\/uploads\/2023\/11\/Quebra-nozes-150x105.jpg 150w, https:\/\/www.antonioferreira.gallery\/wp-content\/uploads\/2023\/11\/Quebra-nozes-768x535.jpg 768w, https:\/\/www.antonioferreira.gallery\/wp-content\/uploads\/2023\/11\/Quebra-nozes-1536x1071.jpg 1536w, https:\/\/www.antonioferreira.gallery\/wp-content\/uploads\/2023\/11\/Quebra-nozes-2048x1428.jpg 2048w\" sizes=\"(max-width: 700px) 100vw, 700px\" \/>\t\t\t\t\t\t\t\t\t\t<figcaption>\n\t\t\t\t\t\t<div class=\"middle\">\n\t\t\t\t\t\t\t<div class=\"middle-inner\">\n\n\t\t\t\t\t\t\t\t\n\t\t\t\t\t\t\t\t<p class=\"gl-item-title\">Orzech\u00f3wka<\/p>\n\n\t\t\t\t\t\t\t\t\t\t\t\t\t\t\t\t\t<p class=\"gl-item-descr\">Olej na p\u0142\u00f3tnie z dwoma ametystowymi kamieniami<\/p>\n\t\t\t\t\t\t\t\t\n\t\t\t\t\t\t\t<\/div>\n\t\t\t\t\t\t<\/div>\n\t\t\t\t\t<\/figcaption>\n\t\t\t\t<\/figure>\n\t\t\t<\/a>\n\n\t\t\t\n\t\t<\/li>\n\n\t\n\t\t\t\t<li class=\"gl-item gl-loading          \"\n\t\t\tdata-category=\"pismo\">\n\n\t\t\t<a href=\"https:\/\/www.antonioferreira.gallery\/pl\/gallery\/cztery-pory-roku\/\">\n\t\t\t\t<figure>\n\t\t\t\t\t\t\t\t\t\t\t<img decoding=\"async\" src=\"https:\/\/www.antonioferreira.gallery\/wp-content\/uploads\/2022\/01\/As-4-estac\u0327o\u0303es-466x700.jpg\" class=\"attachment-medium size-medium wp-post-image\" alt=\"\" srcset=\"https:\/\/www.antonioferreira.gallery\/wp-content\/uploads\/2022\/01\/As-4-estac\u0327o\u0303es-466x700.jpg 466w, https:\/\/www.antonioferreira.gallery\/wp-content\/uploads\/2022\/01\/As-4-estac\u0327o\u0303es-852x1280.jpg 852w, https:\/\/www.antonioferreira.gallery\/wp-content\/uploads\/2022\/01\/As-4-estac\u0327o\u0303es-100x150.jpg 100w, https:\/\/www.antonioferreira.gallery\/wp-content\/uploads\/2022\/01\/As-4-estac\u0327o\u0303es-768x1154.jpg 768w, https:\/\/www.antonioferreira.gallery\/wp-content\/uploads\/2022\/01\/As-4-estac\u0327o\u0303es-1022x1536.jpg 1022w, https:\/\/www.antonioferreira.gallery\/wp-content\/uploads\/2022\/01\/As-4-estac\u0327o\u0303es-1363x2048.jpg 1363w, https:\/\/www.antonioferreira.gallery\/wp-content\/uploads\/2022\/01\/As-4-estac\u0327o\u0303es-scaled.jpg 1704w\" sizes=\"(max-width: 466px) 100vw, 466px\" \/>\t\t\t\t\t\t\t\t\t\t<figcaption>\n\t\t\t\t\t\t<div class=\"middle\">\n\t\t\t\t\t\t\t<div class=\"middle-inner\">\n\n\t\t\t\t\t\t\t\t\n\t\t\t\t\t\t\t\t<p class=\"gl-item-title\">Cztery Pory Roku<\/p>\n\n\t\t\t\t\t\t\t\t\t\t\t\t\t\t\t\t\t<p class=\"gl-item-descr\">Olej na p\u0142\u00f3tnie z kola\u017cem r\u0119kodzie\u0142a (miniaturowe skrzypce i smyczek)<\/p>\n\t\t\t\t\t\t\t\t\n\t\t\t\t\t\t\t<\/div>\n\t\t\t\t\t\t<\/div>\n\t\t\t\t\t<\/figcaption>\n\t\t\t\t<\/figure>\n\t\t\t<\/a>\n\n\t\t\t\n\t\t<\/li>\n\n\t\t<\/ul> <!-- gallery -->\n\n\t\n\t\n\t\t<\/div> <!-- container -->\n\t\n\t\t<\/section>\n\t<\/div> <!-- section -->\n\n\t\n\t\n","protected":false},"excerpt":{"rendered":"","protected":false},"author":1,"featured_media":0,"parent":0,"menu_order":0,"comment_status":"open","ping_status":"closed","template":"page-full.php","meta":{"_exactmetrics_skip_tracking":false,"_exactmetrics_sitenote_active":false,"_exactmetrics_sitenote_note":"","_exactmetrics_sitenote_category":0,"footnotes":""},"class_list":["post-3195","page","type-page","status-publish","hentry"],"yoast_head":"<!-- This site is optimized with the Yoast SEO plugin v27.5 - https:\/\/yoast.com\/product\/yoast-seo-wordpress\/ -->\n<title>Malowanie z perspektywy innych artyst\u00f3w - Ant\u00f3nio Artur Ferreira Gallery<\/title>\n<meta name=\"description\" content=\"Jedn\u0105 z kolekcji Ant\u00f3nio Artura Ferreiry jest Odkrycie siebie i innego - Malarskie perspektywy innych artyst\u00f3w.\" \/>\n<meta name=\"robots\" content=\"index, follow, max-snippet:-1, max-image-preview:large, max-video-preview:-1\" \/>\n<link rel=\"canonical\" href=\"https:\/\/www.antonioferreira.gallery\/pl\/odkrywanie-siebie-i-innych\/\" \/>\n<meta property=\"og:locale\" content=\"pl_PL\" \/>\n<meta property=\"og:type\" content=\"article\" \/>\n<meta property=\"og:title\" content=\"Malowanie z perspektywy innych artyst\u00f3w - Ant\u00f3nio Artur Ferreira Gallery\" \/>\n<meta property=\"og:description\" content=\"Jedn\u0105 z kolekcji Ant\u00f3nio Artura Ferreiry jest Odkrycie siebie i innego - Malarskie perspektywy innych artyst\u00f3w.\" \/>\n<meta property=\"og:url\" content=\"https:\/\/www.antonioferreira.gallery\/pl\/odkrywanie-siebie-i-innych\/\" \/>\n<meta property=\"og:site_name\" content=\"Ant\u00f3nio Artur Ferreira Gallery\" \/>\n<meta property=\"article:modified_time\" content=\"2023-12-01T12:41:26+00:00\" \/>\n<meta name=\"twitter:label1\" content=\"Est. reading time\" \/>\n\t<meta name=\"twitter:data1\" content=\"1 minute\" \/>\n<script type=\"application\/ld+json\" class=\"yoast-schema-graph\">{\"@context\":\"https:\\\/\\\/schema.org\",\"@graph\":[{\"@type\":\"WebPage\",\"@id\":\"https:\\\/\\\/www.antonioferreira.gallery\\\/pl\\\/odkrywanie-siebie-i-innych\\\/\",\"url\":\"https:\\\/\\\/www.antonioferreira.gallery\\\/pl\\\/odkrywanie-siebie-i-innych\\\/\",\"name\":\"Malowanie z perspektywy innych artyst\u00f3w - Ant\u00f3nio Artur Ferreira Gallery\",\"isPartOf\":{\"@id\":\"https:\\\/\\\/www.antonioferreira.gallery\\\/#website\"},\"datePublished\":\"2015-02-23T17:34:34+00:00\",\"dateModified\":\"2023-12-01T12:41:26+00:00\",\"description\":\"Jedn\u0105 z kolekcji Ant\u00f3nio Artura Ferreiry jest Odkrycie siebie i innego - Malarskie perspektywy innych artyst\u00f3w.\",\"breadcrumb\":{\"@id\":\"https:\\\/\\\/www.antonioferreira.gallery\\\/pl\\\/odkrywanie-siebie-i-innych\\\/#breadcrumb\"},\"inLanguage\":\"pl-PL\",\"potentialAction\":[{\"@type\":\"ReadAction\",\"target\":[\"https:\\\/\\\/www.antonioferreira.gallery\\\/pl\\\/odkrywanie-siebie-i-innych\\\/\"]}]},{\"@type\":\"BreadcrumbList\",\"@id\":\"https:\\\/\\\/www.antonioferreira.gallery\\\/pl\\\/odkrywanie-siebie-i-innych\\\/#breadcrumb\",\"itemListElement\":[{\"@type\":\"ListItem\",\"position\":1,\"name\":\"Home\",\"item\":\"https:\\\/\\\/www.antonioferreira.gallery\\\/pl\\\/\"},{\"@type\":\"ListItem\",\"position\":2,\"name\":\"Malowanie z perspektywy innych artyst\u00f3w\"}]},{\"@type\":\"WebSite\",\"@id\":\"https:\\\/\\\/www.antonioferreira.gallery\\\/#website\",\"url\":\"https:\\\/\\\/www.antonioferreira.gallery\\\/\",\"name\":\"Ant\u00f3nio Artur Ferreira Gallery\",\"description\":\"Visual Artist\",\"potentialAction\":[{\"@type\":\"SearchAction\",\"target\":{\"@type\":\"EntryPoint\",\"urlTemplate\":\"https:\\\/\\\/www.antonioferreira.gallery\\\/?s={search_term_string}\"},\"query-input\":{\"@type\":\"PropertyValueSpecification\",\"valueRequired\":true,\"valueName\":\"search_term_string\"}}],\"inLanguage\":\"pl-PL\"}]}<\/script>\n<!-- \/ Yoast SEO plugin. -->","yoast_head_json":{"title":"Malowanie z perspektywy innych artyst\u00f3w - Ant\u00f3nio Artur Ferreira Gallery","description":"Jedn\u0105 z kolekcji Ant\u00f3nio Artura Ferreiry jest Odkrycie siebie i innego - Malarskie perspektywy innych artyst\u00f3w.","robots":{"index":"index","follow":"follow","max-snippet":"max-snippet:-1","max-image-preview":"max-image-preview:large","max-video-preview":"max-video-preview:-1"},"canonical":"https:\/\/www.antonioferreira.gallery\/pl\/odkrywanie-siebie-i-innych\/","og_locale":"pl_PL","og_type":"article","og_title":"Malowanie z perspektywy innych artyst\u00f3w - Ant\u00f3nio Artur Ferreira Gallery","og_description":"Jedn\u0105 z kolekcji Ant\u00f3nio Artura Ferreiry jest Odkrycie siebie i innego - Malarskie perspektywy innych artyst\u00f3w.","og_url":"https:\/\/www.antonioferreira.gallery\/pl\/odkrywanie-siebie-i-innych\/","og_site_name":"Ant\u00f3nio Artur Ferreira Gallery","article_modified_time":"2023-12-01T12:41:26+00:00","twitter_misc":{"Est. reading time":"1 minute"},"schema":{"@context":"https:\/\/schema.org","@graph":[{"@type":"WebPage","@id":"https:\/\/www.antonioferreira.gallery\/pl\/odkrywanie-siebie-i-innych\/","url":"https:\/\/www.antonioferreira.gallery\/pl\/odkrywanie-siebie-i-innych\/","name":"Malowanie z perspektywy innych artyst\u00f3w - Ant\u00f3nio Artur Ferreira Gallery","isPartOf":{"@id":"https:\/\/www.antonioferreira.gallery\/#website"},"datePublished":"2015-02-23T17:34:34+00:00","dateModified":"2023-12-01T12:41:26+00:00","description":"Jedn\u0105 z kolekcji Ant\u00f3nio Artura Ferreiry jest Odkrycie siebie i innego - Malarskie perspektywy innych artyst\u00f3w.","breadcrumb":{"@id":"https:\/\/www.antonioferreira.gallery\/pl\/odkrywanie-siebie-i-innych\/#breadcrumb"},"inLanguage":"pl-PL","potentialAction":[{"@type":"ReadAction","target":["https:\/\/www.antonioferreira.gallery\/pl\/odkrywanie-siebie-i-innych\/"]}]},{"@type":"BreadcrumbList","@id":"https:\/\/www.antonioferreira.gallery\/pl\/odkrywanie-siebie-i-innych\/#breadcrumb","itemListElement":[{"@type":"ListItem","position":1,"name":"Home","item":"https:\/\/www.antonioferreira.gallery\/pl\/"},{"@type":"ListItem","position":2,"name":"Malowanie z perspektywy innych artyst\u00f3w"}]},{"@type":"WebSite","@id":"https:\/\/www.antonioferreira.gallery\/#website","url":"https:\/\/www.antonioferreira.gallery\/","name":"Ant\u00f3nio Artur Ferreira Gallery","description":"Visual Artist","potentialAction":[{"@type":"SearchAction","target":{"@type":"EntryPoint","urlTemplate":"https:\/\/www.antonioferreira.gallery\/?s={search_term_string}"},"query-input":{"@type":"PropertyValueSpecification","valueRequired":true,"valueName":"search_term_string"}}],"inLanguage":"pl-PL"}]}},"_links":{"self":[{"href":"https:\/\/www.antonioferreira.gallery\/pl\/wp-json\/wp\/v2\/pages\/3195","targetHints":{"allow":["GET"]}}],"collection":[{"href":"https:\/\/www.antonioferreira.gallery\/pl\/wp-json\/wp\/v2\/pages"}],"about":[{"href":"https:\/\/www.antonioferreira.gallery\/pl\/wp-json\/wp\/v2\/types\/page"}],"author":[{"embeddable":true,"href":"https:\/\/www.antonioferreira.gallery\/pl\/wp-json\/wp\/v2\/users\/1"}],"replies":[{"embeddable":true,"href":"https:\/\/www.antonioferreira.gallery\/pl\/wp-json\/wp\/v2\/comments?post=3195"}],"version-history":[{"count":3,"href":"https:\/\/www.antonioferreira.gallery\/pl\/wp-json\/wp\/v2\/pages\/3195\/revisions"}],"predecessor-version":[{"id":3911,"href":"https:\/\/www.antonioferreira.gallery\/pl\/wp-json\/wp\/v2\/pages\/3195\/revisions\/3911"}],"wp:attachment":[{"href":"https:\/\/www.antonioferreira.gallery\/pl\/wp-json\/wp\/v2\/media?parent=3195"}],"curies":[{"name":"wp","href":"https:\/\/api.w.org\/{rel}","templated":true}]}}