{"id":3137,"date":"2015-02-15T16:30:23","date_gmt":"2015-02-15T16:30:23","guid":{"rendered":"https:\/\/www.antonioferreira.gallery\/pl\/antonio-ferreira\/"},"modified":"2023-11-30T00:01:49","modified_gmt":"2023-11-30T00:01:49","slug":"antonio-ferreira","status":"publish","type":"page","link":"https:\/\/www.antonioferreira.gallery\/pl\/antonio-ferreira\/","title":{"rendered":"Ant\u00f3nio Artur Ferreira"},"content":{"rendered":"\n\t\n\t<div class=\"section  st-invert\" id=\"home-about-bio\"\t\tstyle=\"\n\t\t\tpadding-top: 40px;\t\t\tpadding-bottom: 40px;\t\t\tbackground-color: #414141;\t\t\t background-image: url('https:\/\/www.antonioferreira.gallery\/wp-content\/uploads\/2022\/02\/anotnio-about.jpg');\t\t\t\t\t\t\"\n\t\t\t\t\t>\n\n\t\n\t<section>\n\n\t\n\t\n\t<div class=\"container\">\t\t\n<p class=\"p1\"><div class=\"row\"><div class=\"col-sm-6\">\n<h5 class=\"p1\"><span style=\"color: #ededed;\"><strong>O autorze<\/strong><\/span><\/h5>\n<p class=\"p1\"><span style=\"color: #ededed;\">W 2009 roku Artur Ferreira rozpocz\u0105\u0142 swoj\u0105 karier\u0119 artystyczn\u0105 z zamiarem dzielenia si\u0119 swoimi pomys\u0142ami poprzez obrazy. Zgodnie z zasad\u0105, \u017ce maluje idee, a nie rzeczy, Artur Ferreira postanowi\u0142 namalowa\u0107 swoje do\u015bwiadczenia \u017cyciowe, swoje obawy i przekaza\u0107 przes\u0142anie zr\u00f3wnowa\u017conego rozwoju.<\/span><\/p>\n<p class=\"p1\"><span style=\"color: #ededed;\">Jego pierwsza indywidualna wystawa odby\u0142a si\u0119 w Algarve w 2014 roku, a druga dwa lata p\u00f3\u017aniej w La Coru\u00f1a (Hiszpania). W 2017 roku Artur Ferreira zosta\u0142 zaproszony na 3. rok kursu malarstwa w Sociedade Nacional de Belas Artes w Lizbonie. Od tego czasu wsp\u00f3\u0142pracuje z tym stowarzyszeniem i bra\u0142 udzia\u0142 w kilku wystawach zbiorowych organizowanych przez nie w Lizbonie i Aljustrel. W 2023 roku wystawia\u0142 r\u00f3wnie\u017c w Galerii C\u00f3digoDesign w Porto i Galerii Santo Ant\u00f3nio w Monchique (patrz Wystawy).<\/span><\/p>\n<p class=\"p1\"><span style=\"color: #ededed;\">W 2023 r. dzielenie si\u0119 pomys\u0142ami poprzez obrazy sta\u0142o si\u0119 ksi\u0105\u017ck\u0105 studyjn\u0105. Praca \"Fundamentalizm\" zosta\u0142a opublikowana w podr\u0119cznikach do religii i skomentowana w o\u015brodkach studi\u00f3w w Niemczech i Austrii.<\/span><\/p>\n<p class=\"entry-title\" style=\"text-align: left;\"><\/div><div class=\"col-sm-6\"><\/div><\/div>\n<p class=\"entry-title\" style=\"text-align: left;\">\t<\/div> <!-- container -->\n\t\n\t\t<\/section>\n\t<\/div> <!-- section -->\n\n\t\n\t\n\t\n\t<div class=\"section  st-invert\" id=\"home-about-bio-color\"\t\tstyle=\"\n\t\t\tpadding-top: 40px;\t\t\tpadding-bottom: 40px;\t\t\tbackground-color: #ededed;\t\t\t\t\t\t\t\t\t\"\n\t\t\t\t\t>\n\n\t\n\t<section>\n\n\t\n\t\n\t<div class=\"container\">\t\t\n<p class=\"entry-title\" style=\"text-align: left;\"><div class=\"row\"><div class=\"col-sm-6\">\n<h5 class=\"p1\"><strong>O sztuce<\/strong><\/h5>\n<p class=\"p1\">Obawy Artura s\u0105 podzielone na trzy g\u0142\u00f3wne tematy: strukturyzowanie temat\u00f3w; zr\u00f3wnowa\u017cony rozw\u00f3j; oraz odkrywanie siebie i innych. Na ka\u017cdy z tych temat\u00f3w sk\u0142ada si\u0119 kilka kolekcji. Tematy strukturyzuj\u0105ce s\u0105 zwi\u0105zane z podstawowymi pytaniami, kt\u00f3re definiuj\u0105 nas jako ludzi - B\u00f3g; cel \u017cycia (narodziny i \u015bmier\u0107); oraz \u015bwiadomo\u015b\u0107 niesko\u0144czono\u015bci.<\/p>\n<p class=\"p1\">Dzi\u0119ki g\u0142\u0119boko humanistycznemu wykszta\u0142ceniu i szkoleniu, w ramach zr\u00f3wnowa\u017conego rozwoju Artur maluje kolekcje dotycz\u0105ce warto\u015bci i bie\u017c\u0105cej polityki, przyczyniaj\u0105c si\u0119 do projekt\u00f3w, w kt\u00f3rych obywatele r\u00f3\u017cnych narodowo\u015bci, j\u0119zyk\u00f3w, kultur, ras i religii staraj\u0105 si\u0119 \u017cy\u0107 we wsp\u00f3lnocie, maj\u0105c wsp\u00f3lne cele. Zr\u00f3wnowa\u017cony rozw\u00f3j obejmuje r\u00f3wnie\u017c miejsca, w kt\u00f3rych ludzie \u017cyj\u0105 razem, i w tym przypadku autor podkre\u015bla w swoich obrazach elementy, kt\u00f3re czyni\u0105 te miejsca wyj\u0105tkowymi. Zr\u00f3wnowa\u017cony rozw\u00f3j spo\u0142eczny jest mo\u017cliwy tylko przy poszanowaniu naturalnej r\u00f3wnowagi. Natura jest nie tylko tematem kolekcji, ale tak\u017ce definiuje styl autora.<\/p>\n<p class=\"p1\">Wreszcie, na bardziej indywidualnym poziomie, pojawia si\u0119 temat odkrywania siebie i innych. Kolekcje te koncentruj\u0105 si\u0119 na malowaniu osobistych cech ka\u017cdej osoby i jej relacji z innymi, ich uczu\u0107 i interakcji. Wizja innych artyst\u00f3w na te tematy, wyra\u017cona w innych formach sztuki, jest r\u00f3wnie\u017c tematem niekt\u00f3rych prac.<\/p>\n<\/div><div class=\"col-sm-6\"><div class=\"su-image-carousel  su-image-carousel-has-spacing su-image-carousel-crop su-image-carousel-crop-4-3 su-image-carousel-has-outline su-image-carousel-adaptive su-image-carousel-slides-style-minimal su-image-carousel-controls-style-light su-image-carousel-align-left\" style=\"\" data-flickity-options='{\"groupCells\":true,\"cellSelector\":\".su-image-carousel-item\",\"adaptiveHeight\":false,\"cellAlign\":\"left\",\"prevNextButtons\":false,\"pageDots\":false,\"autoPlay\":5000,\"imagesLoaded\":true,\"contain\":true,\"selectedAttraction\":0.025,\"friction\":0.28}' id=\"su_image_carousel_69fe9f12d616e\"><div class=\"su-image-carousel-item\"><div class=\"su-image-carousel-item-content\"><img loading=\"lazy\" decoding=\"async\" width=\"150\" height=\"100\" src=\"https:\/\/www.antonioferreira.gallery\/wp-content\/uploads\/2023\/11\/perfil_9320-150x100.jpg\" class=\"\" alt=\"\" srcset=\"https:\/\/www.antonioferreira.gallery\/wp-content\/uploads\/2023\/11\/perfil_9320-150x100.jpg 150w, https:\/\/www.antonioferreira.gallery\/wp-content\/uploads\/2023\/11\/perfil_9320.jpg 596w\" sizes=\"auto, (max-width: 150px) 100vw, 150px\" \/><\/div><\/div><\/div><script id=\"su_image_carousel_69fe9f12d616e_script\">if(window.SUImageCarousel){setTimeout(function() {window.SUImageCarousel.initGallery(document.getElementById(\"su_image_carousel_69fe9f12d616e\"))}, 0);}var su_image_carousel_69fe9f12d616e_script=document.getElementById(\"su_image_carousel_69fe9f12d616e_script\");if(su_image_carousel_69fe9f12d616e_script){su_image_carousel_69fe9f12d616e_script.parentNode.removeChild(su_image_carousel_69fe9f12d616e_script);}<\/script><\/div><\/div>\n<div class=\"su-spacer\" style=\"height:80px\"><\/div>\n<div class=\"row\"><div class=\"col-sm-6\"><div class=\"su-image-carousel  su-image-carousel-has-spacing su-image-carousel-crop su-image-carousel-crop-4-3 su-image-carousel-has-outline su-image-carousel-adaptive su-image-carousel-slides-style-minimal su-image-carousel-controls-style-light su-image-carousel-align-left\" style=\"\" data-flickity-options='{\"groupCells\":true,\"cellSelector\":\".su-image-carousel-item\",\"adaptiveHeight\":false,\"cellAlign\":\"left\",\"prevNextButtons\":false,\"pageDots\":false,\"autoPlay\":5000,\"imagesLoaded\":true,\"contain\":true,\"selectedAttraction\":0.025,\"friction\":0.28}' id=\"su_image_carousel_69fe9f12d7103\"><div class=\"su-image-carousel-item\"><div class=\"su-image-carousel-item-content\"><img loading=\"lazy\" decoding=\"async\" width=\"150\" height=\"100\" src=\"https:\/\/www.antonioferreira.gallery\/wp-content\/uploads\/2023\/11\/detalhe-pedra_9303-150x100.jpg\" class=\"\" alt=\"\" srcset=\"https:\/\/www.antonioferreira.gallery\/wp-content\/uploads\/2023\/11\/detalhe-pedra_9303-150x100.jpg 150w, https:\/\/www.antonioferreira.gallery\/wp-content\/uploads\/2023\/11\/detalhe-pedra_9303.jpg 383w\" sizes=\"auto, (max-width: 150px) 100vw, 150px\" \/><\/div><\/div><\/div><script id=\"su_image_carousel_69fe9f12d7103_script\">if(window.SUImageCarousel){setTimeout(function() {window.SUImageCarousel.initGallery(document.getElementById(\"su_image_carousel_69fe9f12d7103\"))}, 0);}var su_image_carousel_69fe9f12d7103_script=document.getElementById(\"su_image_carousel_69fe9f12d7103_script\");if(su_image_carousel_69fe9f12d7103_script){su_image_carousel_69fe9f12d7103_script.parentNode.removeChild(su_image_carousel_69fe9f12d7103_script);}<\/script><\/div><div class=\"col-sm-6\">\n<p class=\"p1\">Pod wzgl\u0119dem obrazowym Artur godzi <strong>tradycyjn\u0105 technik\u0119 malarstwa olejnego z wprowadzeniem do prac ska\u0142, minera\u0142\u00f3w, klejnot\u00f3w i innych element\u00f3w.<\/strong> Zastosowanie farb olejnych ma na celu wyd\u0142u\u017cenie czasu schni\u0119cia, interakcji kolor\u00f3w i zwi\u0119kszenie ich blasku.<\/p>\n<p class=\"p1\">Wprowadzenie ska\u0142, minera\u0142\u00f3w i klejnot\u00f3w ma na celu promowanie <strong>natury<\/strong> takiej, jaka jest, staj\u0105c si\u0119 integraln\u0105 cz\u0119\u015bci\u0105 symboliki i estetyki dzie\u0142a. Nabiera ona nowej z\u0142o\u017cono\u015bci i staje si\u0119 tr\u00f3jwymiarowa.<span class=\"Apple-converted-space\">\u00a0<\/span><\/p>\n<p class=\"p1\">Interpretuj\u0105c obraz, widz staje przed konieczno\u015bci\u0105 pogodzenia cech naturalnych element\u00f3w z kszta\u0142tami i kolorami dzie\u0142a, a tym samym b\u0119dzie bardziej ceni\u0142 natur\u0119 i jej estetyk\u0119 oraz ustanowi now\u0105 r\u00f3wnowag\u0119 mi\u0119dzy kultur\u0105 a natur\u0105.<\/p>\n<p class=\"entry-title\" style=\"text-align: left;\"><\/div><\/div>\t<\/div> <!-- container -->\n\t\n\t\t<\/section>\n\t<\/div> <!-- section -->\n\n\t\n\t\n","protected":false},"excerpt":{"rendered":"","protected":false},"author":1,"featured_media":0,"parent":0,"menu_order":1,"comment_status":"closed","ping_status":"closed","template":"page-full.php","meta":{"_exactmetrics_skip_tracking":false,"_exactmetrics_sitenote_active":false,"_exactmetrics_sitenote_note":"","_exactmetrics_sitenote_category":0,"footnotes":""},"class_list":["post-3137","page","type-page","status-publish","hentry"],"yoast_head":"<!-- This site is optimized with the Yoast SEO plugin v27.5 - https:\/\/yoast.com\/product\/yoast-seo-wordpress\/ -->\n<title>Ant\u00f3nio Artur Ferreira - Ant\u00f3nio Artur Ferreira Gallery<\/title>\n<meta name=\"description\" content=\"W 2009 roku Artur Ferreira rozpocz\u0105\u0142 swoj\u0105 karier\u0119 artystyczn\u0105 z zamiarem dzielenia si\u0119 swoimi pomys\u0142ami poprzez obrazy...\" \/>\n<meta name=\"robots\" content=\"index, follow, max-snippet:-1, max-image-preview:large, max-video-preview:-1\" \/>\n<link rel=\"canonical\" href=\"https:\/\/www.antonioferreira.gallery\/pl\/antonio-ferreira\/\" \/>\n<meta property=\"og:locale\" content=\"pl_PL\" \/>\n<meta property=\"og:type\" content=\"article\" \/>\n<meta property=\"og:title\" content=\"Ant\u00f3nio Artur Ferreira - Ant\u00f3nio Artur Ferreira Gallery\" \/>\n<meta property=\"og:description\" content=\"W 2009 roku Artur Ferreira rozpocz\u0105\u0142 swoj\u0105 karier\u0119 artystyczn\u0105 z zamiarem dzielenia si\u0119 swoimi pomys\u0142ami poprzez obrazy...\" \/>\n<meta property=\"og:url\" content=\"https:\/\/www.antonioferreira.gallery\/pl\/antonio-ferreira\/\" \/>\n<meta property=\"og:site_name\" content=\"Ant\u00f3nio Artur Ferreira Gallery\" \/>\n<meta property=\"article:modified_time\" content=\"2023-11-30T00:01:49+00:00\" \/>\n<meta name=\"twitter:label1\" content=\"Est. reading time\" \/>\n\t<meta name=\"twitter:data1\" content=\"3 minutes\" \/>\n<script type=\"application\/ld+json\" class=\"yoast-schema-graph\">{\"@context\":\"https:\\\/\\\/schema.org\",\"@graph\":[{\"@type\":\"WebPage\",\"@id\":\"https:\\\/\\\/www.antonioferreira.gallery\\\/pl\\\/antonio-ferreira\\\/\",\"url\":\"https:\\\/\\\/www.antonioferreira.gallery\\\/pl\\\/antonio-ferreira\\\/\",\"name\":\"Ant\u00f3nio Artur Ferreira - Ant\u00f3nio Artur Ferreira Gallery\",\"isPartOf\":{\"@id\":\"https:\\\/\\\/www.antonioferreira.gallery\\\/#website\"},\"datePublished\":\"2015-02-15T16:30:23+00:00\",\"dateModified\":\"2023-11-30T00:01:49+00:00\",\"description\":\"W 2009 roku Artur Ferreira rozpocz\u0105\u0142 swoj\u0105 karier\u0119 artystyczn\u0105 z zamiarem dzielenia si\u0119 swoimi pomys\u0142ami poprzez obrazy...\",\"breadcrumb\":{\"@id\":\"https:\\\/\\\/www.antonioferreira.gallery\\\/pl\\\/antonio-ferreira\\\/#breadcrumb\"},\"inLanguage\":\"pl-PL\",\"potentialAction\":[{\"@type\":\"ReadAction\",\"target\":[\"https:\\\/\\\/www.antonioferreira.gallery\\\/pl\\\/antonio-ferreira\\\/\"]}]},{\"@type\":\"BreadcrumbList\",\"@id\":\"https:\\\/\\\/www.antonioferreira.gallery\\\/pl\\\/antonio-ferreira\\\/#breadcrumb\",\"itemListElement\":[{\"@type\":\"ListItem\",\"position\":1,\"name\":\"Home\",\"item\":\"https:\\\/\\\/www.antonioferreira.gallery\\\/pl\\\/\"},{\"@type\":\"ListItem\",\"position\":2,\"name\":\"Ant\u00f3nio Artur Ferreira\"}]},{\"@type\":\"WebSite\",\"@id\":\"https:\\\/\\\/www.antonioferreira.gallery\\\/#website\",\"url\":\"https:\\\/\\\/www.antonioferreira.gallery\\\/\",\"name\":\"Ant\u00f3nio Artur Ferreira Gallery\",\"description\":\"Visual Artist\",\"potentialAction\":[{\"@type\":\"SearchAction\",\"target\":{\"@type\":\"EntryPoint\",\"urlTemplate\":\"https:\\\/\\\/www.antonioferreira.gallery\\\/?s={search_term_string}\"},\"query-input\":{\"@type\":\"PropertyValueSpecification\",\"valueRequired\":true,\"valueName\":\"search_term_string\"}}],\"inLanguage\":\"pl-PL\"}]}<\/script>\n<!-- \/ Yoast SEO plugin. -->","yoast_head_json":{"title":"Ant\u00f3nio Artur Ferreira - Ant\u00f3nio Artur Ferreira Gallery","description":"W 2009 roku Artur Ferreira rozpocz\u0105\u0142 swoj\u0105 karier\u0119 artystyczn\u0105 z zamiarem dzielenia si\u0119 swoimi pomys\u0142ami poprzez obrazy...","robots":{"index":"index","follow":"follow","max-snippet":"max-snippet:-1","max-image-preview":"max-image-preview:large","max-video-preview":"max-video-preview:-1"},"canonical":"https:\/\/www.antonioferreira.gallery\/pl\/antonio-ferreira\/","og_locale":"pl_PL","og_type":"article","og_title":"Ant\u00f3nio Artur Ferreira - Ant\u00f3nio Artur Ferreira Gallery","og_description":"W 2009 roku Artur Ferreira rozpocz\u0105\u0142 swoj\u0105 karier\u0119 artystyczn\u0105 z zamiarem dzielenia si\u0119 swoimi pomys\u0142ami poprzez obrazy...","og_url":"https:\/\/www.antonioferreira.gallery\/pl\/antonio-ferreira\/","og_site_name":"Ant\u00f3nio Artur Ferreira Gallery","article_modified_time":"2023-11-30T00:01:49+00:00","twitter_misc":{"Est. reading time":"3 minutes"},"schema":{"@context":"https:\/\/schema.org","@graph":[{"@type":"WebPage","@id":"https:\/\/www.antonioferreira.gallery\/pl\/antonio-ferreira\/","url":"https:\/\/www.antonioferreira.gallery\/pl\/antonio-ferreira\/","name":"Ant\u00f3nio Artur Ferreira - Ant\u00f3nio Artur Ferreira Gallery","isPartOf":{"@id":"https:\/\/www.antonioferreira.gallery\/#website"},"datePublished":"2015-02-15T16:30:23+00:00","dateModified":"2023-11-30T00:01:49+00:00","description":"W 2009 roku Artur Ferreira rozpocz\u0105\u0142 swoj\u0105 karier\u0119 artystyczn\u0105 z zamiarem dzielenia si\u0119 swoimi pomys\u0142ami poprzez obrazy...","breadcrumb":{"@id":"https:\/\/www.antonioferreira.gallery\/pl\/antonio-ferreira\/#breadcrumb"},"inLanguage":"pl-PL","potentialAction":[{"@type":"ReadAction","target":["https:\/\/www.antonioferreira.gallery\/pl\/antonio-ferreira\/"]}]},{"@type":"BreadcrumbList","@id":"https:\/\/www.antonioferreira.gallery\/pl\/antonio-ferreira\/#breadcrumb","itemListElement":[{"@type":"ListItem","position":1,"name":"Home","item":"https:\/\/www.antonioferreira.gallery\/pl\/"},{"@type":"ListItem","position":2,"name":"Ant\u00f3nio Artur Ferreira"}]},{"@type":"WebSite","@id":"https:\/\/www.antonioferreira.gallery\/#website","url":"https:\/\/www.antonioferreira.gallery\/","name":"Ant\u00f3nio Artur Ferreira Gallery","description":"Visual Artist","potentialAction":[{"@type":"SearchAction","target":{"@type":"EntryPoint","urlTemplate":"https:\/\/www.antonioferreira.gallery\/?s={search_term_string}"},"query-input":{"@type":"PropertyValueSpecification","valueRequired":true,"valueName":"search_term_string"}}],"inLanguage":"pl-PL"}]}},"_links":{"self":[{"href":"https:\/\/www.antonioferreira.gallery\/pl\/wp-json\/wp\/v2\/pages\/3137","targetHints":{"allow":["GET"]}}],"collection":[{"href":"https:\/\/www.antonioferreira.gallery\/pl\/wp-json\/wp\/v2\/pages"}],"about":[{"href":"https:\/\/www.antonioferreira.gallery\/pl\/wp-json\/wp\/v2\/types\/page"}],"author":[{"embeddable":true,"href":"https:\/\/www.antonioferreira.gallery\/pl\/wp-json\/wp\/v2\/users\/1"}],"replies":[{"embeddable":true,"href":"https:\/\/www.antonioferreira.gallery\/pl\/wp-json\/wp\/v2\/comments?post=3137"}],"version-history":[{"count":4,"href":"https:\/\/www.antonioferreira.gallery\/pl\/wp-json\/wp\/v2\/pages\/3137\/revisions"}],"predecessor-version":[{"id":3546,"href":"https:\/\/www.antonioferreira.gallery\/pl\/wp-json\/wp\/v2\/pages\/3137\/revisions\/3546"}],"wp:attachment":[{"href":"https:\/\/www.antonioferreira.gallery\/pl\/wp-json\/wp\/v2\/media?parent=3137"}],"curies":[{"name":"wp","href":"https:\/\/api.w.org\/{rel}","templated":true}]}}