{"id":3031,"date":"2022-01-20T23:42:51","date_gmt":"2022-01-20T23:42:51","guid":{"rendered":"https:\/\/www.antonioferreira.gallery\/it\/valores\/"},"modified":"2023-12-01T01:08:53","modified_gmt":"2023-12-01T01:08:53","slug":"valores","status":"publish","type":"page","link":"https:\/\/www.antonioferreira.gallery\/it\/valores\/","title":{"rendered":"Valori"},"content":{"rendered":"\n\t\n\t<div class=\"section \" \t\tstyle=\"\n\t\t\t\t\t\t\t\t\tbackground-color: #ededed;\t\t\t\t\t\t\t\t\t\"\n\t\t\t\t\t>\n\n\t\n\t<section>\n\n\t\n\t\n\t<div class=\"container\">\t\t\n<h5 style=\"text-align: center;\"><span style=\"color: #414141;\"><div class=\"row\"><div class=\"col-sm-12\">sostenibilit\u00e0<\/div><\/div><\/span><\/h5>\n<h2 style=\"text-align: center;\"><span style=\"color: #414141;\"><div class=\"row\"><div class=\"col-sm-12\">Valori<\/div><\/div><\/span><\/h2>\n<p style=\"text-align: left;\"><div class=\"row\"><div class=\"col-sm-12\"><\/div><\/div>\n<div class=\"su-spacer\" style=\"height:50px\"><\/div>\n\n\t\n\t<ul id=\"gallery-131\"\n\t    class=\"gallery gl-cols-3 gl-pinterest\"\n\t    data-options=\"id: gallery-131; category: 142; type: pinterest; items_per_page: 200; columns_count: 3; show_load_more: no; show_filter: no; fixed_items: fixed; load_on_scroll: no; preview_full_size: no; preview_show_zoom: yes; preview_show_readmore: yes; preview_show_share: yes; ajax_action: mental_gallery; \">\n\n\t\t\n   \n\t\t\t\t<li class=\"gl-item gl-loading          \"\n\t\t\tdata-category=\"valori\">\n\n\t\t\t<a href=\"https:\/\/www.antonioferreira.gallery\/it\/gallery\/colpa\/\">\n\t\t\t\t<figure>\n\t\t\t\t\t\t\t\t\t\t\t<img decoding=\"async\" src=\"https:\/\/www.antonioferreira.gallery\/wp-content\/uploads\/2022\/01\/Culpa-a-causa-sem-efeito-no-determinismo-562x700.jpg\" class=\"attachment-medium size-medium wp-post-image\" alt=\"\" srcset=\"https:\/\/www.antonioferreira.gallery\/wp-content\/uploads\/2022\/01\/Culpa-a-causa-sem-efeito-no-determinismo-562x700.jpg 562w, https:\/\/www.antonioferreira.gallery\/wp-content\/uploads\/2022\/01\/Culpa-a-causa-sem-efeito-no-determinismo-1029x1280.jpg 1029w, https:\/\/www.antonioferreira.gallery\/wp-content\/uploads\/2022\/01\/Culpa-a-causa-sem-efeito-no-determinismo-121x150.jpg 121w, https:\/\/www.antonioferreira.gallery\/wp-content\/uploads\/2022\/01\/Culpa-a-causa-sem-efeito-no-determinismo-768x956.jpg 768w, https:\/\/www.antonioferreira.gallery\/wp-content\/uploads\/2022\/01\/Culpa-a-causa-sem-efeito-no-determinismo-1234x1536.jpg 1234w, https:\/\/www.antonioferreira.gallery\/wp-content\/uploads\/2022\/01\/Culpa-a-causa-sem-efeito-no-determinismo.jpg 1579w\" sizes=\"(max-width: 562px) 100vw, 562px\" \/>\t\t\t\t\t\t\t\t\t\t<figcaption>\n\t\t\t\t\t\t<div class=\"middle\">\n\t\t\t\t\t\t\t<div class=\"middle-inner\">\n\n\t\t\t\t\t\t\t\t\n\t\t\t\t\t\t\t\t<p class=\"gl-item-title\">Colpa: la causa senza effetto sul determinismo<\/p>\n\n\t\t\t\t\t\t\t\t\t\t\t\t\t\t\t\t\t<p class=\"gl-item-descr\">Olio su tela con pirite<\/p>\n\t\t\t\t\t\t\t\t\n\t\t\t\t\t\t\t<\/div>\n\t\t\t\t\t\t<\/div>\n\t\t\t\t\t<\/figcaption>\n\t\t\t\t<\/figure>\n\t\t\t<\/a>\n\n\t\t\t\n\t\t<\/li>\n\n\t\n\t\t\t\t<li class=\"gl-item gl-loading          \"\n\t\t\tdata-category=\"valori\">\n\n\t\t\t<a href=\"https:\/\/www.antonioferreira.gallery\/it\/gallery\/nomos\/\">\n\t\t\t\t<figure>\n\t\t\t\t\t\t\t\t\t\t\t<img decoding=\"async\" src=\"https:\/\/www.antonioferreira.gallery\/wp-content\/uploads\/2020\/02\/Nomos-568x700.jpg\" class=\"attachment-medium size-medium wp-post-image\" alt=\"\" srcset=\"https:\/\/www.antonioferreira.gallery\/wp-content\/uploads\/2020\/02\/Nomos-568x700.jpg 568w, https:\/\/www.antonioferreira.gallery\/wp-content\/uploads\/2020\/02\/Nomos-122x150.jpg 122w, https:\/\/www.antonioferreira.gallery\/wp-content\/uploads\/2020\/02\/Nomos-768x946.jpg 768w, https:\/\/www.antonioferreira.gallery\/wp-content\/uploads\/2020\/02\/Nomos.jpg 785w\" sizes=\"(max-width: 568px) 100vw, 568px\" \/>\t\t\t\t\t\t\t\t\t\t<figcaption>\n\t\t\t\t\t\t<div class=\"middle\">\n\t\t\t\t\t\t\t<div class=\"middle-inner\">\n\n\t\t\t\t\t\t\t\t\n\t\t\t\t\t\t\t\t<p class=\"gl-item-title\">Nomos<\/p>\n\n\t\t\t\t\t\t\t\t\t\t\t\t\t\t\t\t\t<p class=\"gl-item-descr\">Olio su tela con occhio di quarzo tigre, gemma di ametista, due ulexite e luce artificiale<\/p>\n\t\t\t\t\t\t\t\t\n\t\t\t\t\t\t\t<\/div>\n\t\t\t\t\t\t<\/div>\n\t\t\t\t\t<\/figcaption>\n\t\t\t\t<\/figure>\n\t\t\t<\/a>\n\n\t\t\t\n\t\t<\/li>\n\n\t\n\t\t\t\t<li class=\"gl-item gl-loading          \"\n\t\t\tdata-category=\"valori\">\n\n\t\t\t<a href=\"https:\/\/www.antonioferreira.gallery\/it\/gallery\/valori-in-quanto-mere-astrazioni\/\">\n\t\t\t\t<figure>\n\t\t\t\t\t\t\t\t\t\t\t<img decoding=\"async\" src=\"https:\/\/www.antonioferreira.gallery\/wp-content\/uploads\/2015\/02\/valores-I-1-493x700.gif\" class=\"attachment-medium size-medium wp-post-image\" alt=\"\" srcset=\"https:\/\/www.antonioferreira.gallery\/wp-content\/uploads\/2015\/02\/valores-I-1-493x700.gif 493w, https:\/\/www.antonioferreira.gallery\/wp-content\/uploads\/2015\/02\/valores-I-1-106x150.gif 106w, https:\/\/www.antonioferreira.gallery\/wp-content\/uploads\/2015\/02\/valores-I-1-902x1280.gif 902w\" sizes=\"(max-width: 493px) 100vw, 493px\" \/>\t\t\t\t\t\t\t\t\t\t<figcaption>\n\t\t\t\t\t\t<div class=\"middle\">\n\t\t\t\t\t\t\t<div class=\"middle-inner\">\n\n\t\t\t\t\t\t\t\t\n\t\t\t\t\t\t\t\t<p class=\"gl-item-title\">I valori in quanto mere astrazioni sono concetti vuoti autodistruttivi<\/p>\n\n\t\t\t\t\t\t\t\t\t\t\t\t\t\t\t\t\t<p class=\"gl-item-descr\">Olio su tela<\/p>\n\t\t\t\t\t\t\t\t\n\t\t\t\t\t\t\t<\/div>\n\t\t\t\t\t\t<\/div>\n\t\t\t\t\t<\/figcaption>\n\t\t\t\t<\/figure>\n\t\t\t<\/a>\n\n\t\t\t\n\t\t<\/li>\n\n\t\n\t\t\t\t<li class=\"gl-item gl-loading          \"\n\t\t\tdata-category=\"valori\">\n\n\t\t\t<a href=\"https:\/\/www.antonioferreira.gallery\/it\/gallery\/valori-sono-rivelati-passo-dopo-passo\/\">\n\t\t\t\t<figure>\n\t\t\t\t\t\t\t\t\t\t\t<img decoding=\"async\" src=\"https:\/\/www.antonioferreira.gallery\/wp-content\/uploads\/2015\/02\/valores-II_MINIMO.jpg\" class=\"attachment-medium size-medium wp-post-image\" alt=\"\" \/>\t\t\t\t\t\t\t\t\t\t<figcaption>\n\t\t\t\t\t\t<div class=\"middle\">\n\t\t\t\t\t\t\t<div class=\"middle-inner\">\n\n\t\t\t\t\t\t\t\t\n\t\t\t\t\t\t\t\t<p class=\"gl-item-title\">I valori sono rivelati passo dopo passo, in casi concreti<\/p>\n\n\t\t\t\t\t\t\t\t\t\t\t\t\t\t\t\t\t<p class=\"gl-item-descr\">Olio su tela<\/p>\n\t\t\t\t\t\t\t\t\n\t\t\t\t\t\t\t<\/div>\n\t\t\t\t\t\t<\/div>\n\t\t\t\t\t<\/figcaption>\n\t\t\t\t<\/figure>\n\t\t\t<\/a>\n\n\t\t\t\n\t\t<\/li>\n\n\t\n\t\t\t\t<li class=\"gl-item gl-loading          \"\n\t\t\tdata-category=\"valori\">\n\n\t\t\t<a href=\"https:\/\/www.antonioferreira.gallery\/it\/gallery\/giustizia\/\">\n\t\t\t\t<figure>\n\t\t\t\t\t\t\t\t\t\t\t<img decoding=\"async\" src=\"https:\/\/www.antonioferreira.gallery\/wp-content\/uploads\/2015\/02\/Justica-488x700.jpg\" class=\"attachment-medium size-medium wp-post-image\" alt=\"\" srcset=\"https:\/\/www.antonioferreira.gallery\/wp-content\/uploads\/2015\/02\/Justica-488x700.jpg 488w, https:\/\/www.antonioferreira.gallery\/wp-content\/uploads\/2015\/02\/Justica-893x1280.jpg 893w, https:\/\/www.antonioferreira.gallery\/wp-content\/uploads\/2015\/02\/Justica-105x150.jpg 105w, https:\/\/www.antonioferreira.gallery\/wp-content\/uploads\/2015\/02\/Justica-768x1101.jpg 768w, https:\/\/www.antonioferreira.gallery\/wp-content\/uploads\/2015\/02\/Justica-1071x1536.jpg 1071w, https:\/\/www.antonioferreira.gallery\/wp-content\/uploads\/2015\/02\/Justica-1429x2048.jpg 1429w, https:\/\/www.antonioferreira.gallery\/wp-content\/uploads\/2015\/02\/Justica-scaled.jpg 1786w\" sizes=\"(max-width: 488px) 100vw, 488px\" \/>\t\t\t\t\t\t\t\t\t\t<figcaption>\n\t\t\t\t\t\t<div class=\"middle\">\n\t\t\t\t\t\t\t<div class=\"middle-inner\">\n\n\t\t\t\t\t\t\t\t\n\t\t\t\t\t\t\t\t<p class=\"gl-item-title\">Giustizia<\/p>\n\n\t\t\t\t\t\t\t\t\t\t\t\t\t\t\t\t\t<p class=\"gl-item-descr\">Olio su tela con geode di quarzo<\/p>\n\t\t\t\t\t\t\t\t\n\t\t\t\t\t\t\t<\/div>\n\t\t\t\t\t\t<\/div>\n\t\t\t\t\t<\/figcaption>\n\t\t\t\t<\/figure>\n\t\t\t<\/a>\n\n\t\t\t\n\t\t<\/li>\n\n\t\n\t\t\t\t<li class=\"gl-item gl-loading          \"\n\t\t\tdata-category=\"valori\">\n\n\t\t\t<a href=\"https:\/\/www.antonioferreira.gallery\/it\/gallery\/liberta\/\">\n\t\t\t\t<figure>\n\t\t\t\t\t\t\t\t\t\t\t<img decoding=\"async\" src=\"https:\/\/www.antonioferreira.gallery\/wp-content\/uploads\/2015\/02\/liberdade_MINIMO.jpg\" class=\"attachment-medium size-medium wp-post-image\" alt=\"\" \/>\t\t\t\t\t\t\t\t\t\t<figcaption>\n\t\t\t\t\t\t<div class=\"middle\">\n\t\t\t\t\t\t\t<div class=\"middle-inner\">\n\n\t\t\t\t\t\t\t\t\n\t\t\t\t\t\t\t\t<p class=\"gl-item-title\">Libert\u00e0<\/p>\n\n\t\t\t\t\t\t\t\t\t\t\t\t\t\t\t\t\t<p class=\"gl-item-descr\">Olio su tela con due malachite, una corniola e una calcite verde<\/p>\n\t\t\t\t\t\t\t\t\n\t\t\t\t\t\t\t<\/div>\n\t\t\t\t\t\t<\/div>\n\t\t\t\t\t<\/figcaption>\n\t\t\t\t<\/figure>\n\t\t\t<\/a>\n\n\t\t\t\n\t\t<\/li>\n\n\t\t<\/ul> <!-- gallery -->\n\n\t\n\t\n\t\t<\/div> <!-- container -->\n\t\n\t\t<\/section>\n\t<\/div> <!-- section -->\n\n\t\n\t\n","protected":false},"excerpt":{"rendered":"","protected":false},"author":1,"featured_media":0,"parent":0,"menu_order":0,"comment_status":"closed","ping_status":"closed","template":"page-full.php","meta":{"_exactmetrics_skip_tracking":false,"_exactmetrics_sitenote_active":false,"_exactmetrics_sitenote_note":"","_exactmetrics_sitenote_category":0,"footnotes":""},"class_list":["post-3031","page","type-page","status-publish","hentry"],"yoast_head":"<!-- This site is optimized with the Yoast SEO plugin v27.5 - https:\/\/yoast.com\/product\/yoast-seo-wordpress\/ -->\n<title>Valori - Ant\u00f3nio Artur Ferreira Gallery<\/title>\n<meta name=\"description\" content=\"O Portf\u00f3lio de Antonio \u00e9 categorizado em v\u00e1rias se\u00e7\u00f5es. Uma delas \u00e9 &quot;valores\/ religi\u00e3o&quot;, onde podemos encontrar pinturas sobre eles.\" \/>\n<meta name=\"robots\" content=\"index, follow, max-snippet:-1, max-image-preview:large, max-video-preview:-1\" \/>\n<link rel=\"canonical\" href=\"https:\/\/www.antonioferreira.gallery\/it\/valores\/\" \/>\n<meta property=\"og:locale\" content=\"it_IT\" \/>\n<meta property=\"og:type\" content=\"article\" \/>\n<meta property=\"og:title\" content=\"Valori - Ant\u00f3nio Artur Ferreira Gallery\" \/>\n<meta property=\"og:description\" content=\"O Portf\u00f3lio de Antonio \u00e9 categorizado em v\u00e1rias se\u00e7\u00f5es. Uma delas \u00e9 &quot;valores\/ religi\u00e3o&quot;, onde podemos encontrar pinturas sobre eles.\" \/>\n<meta property=\"og:url\" content=\"https:\/\/www.antonioferreira.gallery\/it\/valores\/\" \/>\n<meta property=\"og:site_name\" content=\"Ant\u00f3nio Artur Ferreira Gallery\" \/>\n<meta property=\"article:modified_time\" content=\"2023-12-01T01:08:53+00:00\" \/>\n<meta name=\"twitter:label1\" content=\"Est. reading time\" \/>\n\t<meta name=\"twitter:data1\" content=\"1 minute\" \/>\n<script type=\"application\/ld+json\" class=\"yoast-schema-graph\">{\"@context\":\"https:\\\/\\\/schema.org\",\"@graph\":[{\"@type\":\"WebPage\",\"@id\":\"https:\\\/\\\/www.antonioferreira.gallery\\\/it\\\/valores\\\/\",\"url\":\"https:\\\/\\\/www.antonioferreira.gallery\\\/it\\\/valores\\\/\",\"name\":\"Valori - Ant\u00f3nio Artur Ferreira Gallery\",\"isPartOf\":{\"@id\":\"https:\\\/\\\/www.antonioferreira.gallery\\\/#website\"},\"datePublished\":\"2022-01-20T23:42:51+00:00\",\"dateModified\":\"2023-12-01T01:08:53+00:00\",\"description\":\"O Portf\u00f3lio de Antonio \u00e9 categorizado em v\u00e1rias se\u00e7\u00f5es. Uma delas \u00e9 \\\"valores\\\/ religi\u00e3o\\\", onde podemos encontrar pinturas sobre eles.\",\"breadcrumb\":{\"@id\":\"https:\\\/\\\/www.antonioferreira.gallery\\\/it\\\/valores\\\/#breadcrumb\"},\"inLanguage\":\"it-IT\",\"potentialAction\":[{\"@type\":\"ReadAction\",\"target\":[\"https:\\\/\\\/www.antonioferreira.gallery\\\/it\\\/valores\\\/\"]}]},{\"@type\":\"BreadcrumbList\",\"@id\":\"https:\\\/\\\/www.antonioferreira.gallery\\\/it\\\/valores\\\/#breadcrumb\",\"itemListElement\":[{\"@type\":\"ListItem\",\"position\":1,\"name\":\"Home\",\"item\":\"https:\\\/\\\/www.antonioferreira.gallery\\\/it\\\/\"},{\"@type\":\"ListItem\",\"position\":2,\"name\":\"Valori\"}]},{\"@type\":\"WebSite\",\"@id\":\"https:\\\/\\\/www.antonioferreira.gallery\\\/#website\",\"url\":\"https:\\\/\\\/www.antonioferreira.gallery\\\/\",\"name\":\"Ant\u00f3nio Artur Ferreira Gallery\",\"description\":\"Visual Artist\",\"potentialAction\":[{\"@type\":\"SearchAction\",\"target\":{\"@type\":\"EntryPoint\",\"urlTemplate\":\"https:\\\/\\\/www.antonioferreira.gallery\\\/?s={search_term_string}\"},\"query-input\":{\"@type\":\"PropertyValueSpecification\",\"valueRequired\":true,\"valueName\":\"search_term_string\"}}],\"inLanguage\":\"it-IT\"}]}<\/script>\n<!-- \/ Yoast SEO plugin. -->","yoast_head_json":{"title":"Valori - Ant\u00f3nio Artur Ferreira Gallery","description":"O Portf\u00f3lio de Antonio \u00e9 categorizado em v\u00e1rias se\u00e7\u00f5es. Uma delas \u00e9 \"valores\/ religi\u00e3o\", onde podemos encontrar pinturas sobre eles.","robots":{"index":"index","follow":"follow","max-snippet":"max-snippet:-1","max-image-preview":"max-image-preview:large","max-video-preview":"max-video-preview:-1"},"canonical":"https:\/\/www.antonioferreira.gallery\/it\/valores\/","og_locale":"it_IT","og_type":"article","og_title":"Valori - Ant\u00f3nio Artur Ferreira Gallery","og_description":"O Portf\u00f3lio de Antonio \u00e9 categorizado em v\u00e1rias se\u00e7\u00f5es. Uma delas \u00e9 \"valores\/ religi\u00e3o\", onde podemos encontrar pinturas sobre eles.","og_url":"https:\/\/www.antonioferreira.gallery\/it\/valores\/","og_site_name":"Ant\u00f3nio Artur Ferreira Gallery","article_modified_time":"2023-12-01T01:08:53+00:00","twitter_misc":{"Est. reading time":"1 minute"},"schema":{"@context":"https:\/\/schema.org","@graph":[{"@type":"WebPage","@id":"https:\/\/www.antonioferreira.gallery\/it\/valores\/","url":"https:\/\/www.antonioferreira.gallery\/it\/valores\/","name":"Valori - Ant\u00f3nio Artur Ferreira Gallery","isPartOf":{"@id":"https:\/\/www.antonioferreira.gallery\/#website"},"datePublished":"2022-01-20T23:42:51+00:00","dateModified":"2023-12-01T01:08:53+00:00","description":"O Portf\u00f3lio de Antonio \u00e9 categorizado em v\u00e1rias se\u00e7\u00f5es. Uma delas \u00e9 \"valores\/ religi\u00e3o\", onde podemos encontrar pinturas sobre eles.","breadcrumb":{"@id":"https:\/\/www.antonioferreira.gallery\/it\/valores\/#breadcrumb"},"inLanguage":"it-IT","potentialAction":[{"@type":"ReadAction","target":["https:\/\/www.antonioferreira.gallery\/it\/valores\/"]}]},{"@type":"BreadcrumbList","@id":"https:\/\/www.antonioferreira.gallery\/it\/valores\/#breadcrumb","itemListElement":[{"@type":"ListItem","position":1,"name":"Home","item":"https:\/\/www.antonioferreira.gallery\/it\/"},{"@type":"ListItem","position":2,"name":"Valori"}]},{"@type":"WebSite","@id":"https:\/\/www.antonioferreira.gallery\/#website","url":"https:\/\/www.antonioferreira.gallery\/","name":"Ant\u00f3nio Artur Ferreira Gallery","description":"Visual Artist","potentialAction":[{"@type":"SearchAction","target":{"@type":"EntryPoint","urlTemplate":"https:\/\/www.antonioferreira.gallery\/?s={search_term_string}"},"query-input":{"@type":"PropertyValueSpecification","valueRequired":true,"valueName":"search_term_string"}}],"inLanguage":"it-IT"}]}},"_links":{"self":[{"href":"https:\/\/www.antonioferreira.gallery\/it\/wp-json\/wp\/v2\/pages\/3031","targetHints":{"allow":["GET"]}}],"collection":[{"href":"https:\/\/www.antonioferreira.gallery\/it\/wp-json\/wp\/v2\/pages"}],"about":[{"href":"https:\/\/www.antonioferreira.gallery\/it\/wp-json\/wp\/v2\/types\/page"}],"author":[{"embeddable":true,"href":"https:\/\/www.antonioferreira.gallery\/it\/wp-json\/wp\/v2\/users\/1"}],"replies":[{"embeddable":true,"href":"https:\/\/www.antonioferreira.gallery\/it\/wp-json\/wp\/v2\/comments?post=3031"}],"version-history":[{"count":3,"href":"https:\/\/www.antonioferreira.gallery\/it\/wp-json\/wp\/v2\/pages\/3031\/revisions"}],"predecessor-version":[{"id":3701,"href":"https:\/\/www.antonioferreira.gallery\/it\/wp-json\/wp\/v2\/pages\/3031\/revisions\/3701"}],"wp:attachment":[{"href":"https:\/\/www.antonioferreira.gallery\/it\/wp-json\/wp\/v2\/media?parent=3031"}],"curies":[{"name":"wp","href":"https:\/\/api.w.org\/{rel}","templated":true}]}}