{"id":2982,"date":"2015-02-22T16:01:54","date_gmt":"2015-02-22T16:01:54","guid":{"rendered":"https:\/\/www.antonioferreira.gallery\/it\/politica\/"},"modified":"2023-12-10T12:43:10","modified_gmt":"2023-12-10T12:43:10","slug":"intervento","status":"publish","type":"page","link":"https:\/\/www.antonioferreira.gallery\/it\/intervento\/","title":{"rendered":"Intervento"},"content":{"rendered":"<p style=\"text-align: left;\">\n\t\n\t<div class=\"section \" \t\tstyle=\"\n\t\t\t\t\t\t\t\t\tbackground-color: #ededed;\t\t\t\t\t\t\t\t\t\"\n\t\t\t\t\t>\n\n\t\n\t<section>\n\n\t\n\t\n\t<div class=\"container\">\t\t\n<h5 style=\"text-align: center;\"><span style=\"color: #414141;\"><div class=\"row\"><div class=\"col-sm-12\">sostenibilit\u00e0<\/div><\/div><\/span><\/h5>\n<h2 style=\"text-align: center;\"><span style=\"color: #414141;\"><div class=\"row\"><div class=\"col-sm-12\">Intervento<\/div><\/div><\/span><\/h2>\n<p style=\"margin-top: 0cm; text-align: left;\"><div class=\"su-spacer\" style=\"height:50px\"><\/div>\n\n\t\n\t<ul id=\"gallery-66\"\n\t    class=\"gallery gl-cols-3 gl-pinterest\"\n\t    data-options=\"id: gallery-66; category: 141; type: pinterest; items_per_page: 200; columns_count: 3; show_load_more: no; show_filter: no; fixed_items: fixed; load_on_scroll: no; preview_full_size: no; preview_show_zoom: yes; preview_show_readmore: yes; preview_show_share: yes; ajax_action: mental_gallery; \">\n\n\t\t\n   \n\t\t\t\t<li class=\"gl-item gl-loading          \"\n\t\t\tdata-category=\"intervento\">\n\n\t\t\t<a href=\"https:\/\/www.antonioferreira.gallery\/it\/gallery\/migrazione\/\">\n\t\t\t\t<figure>\n\t\t\t\t\t\t\t\t\t\t\t<img decoding=\"async\" src=\"https:\/\/www.antonioferreira.gallery\/wp-content\/uploads\/2023\/11\/Migracoes-700x460.jpg\" class=\"attachment-medium size-medium wp-post-image\" alt=\"\" srcset=\"https:\/\/www.antonioferreira.gallery\/wp-content\/uploads\/2023\/11\/Migracoes-700x460.jpg 700w, https:\/\/www.antonioferreira.gallery\/wp-content\/uploads\/2023\/11\/Migracoes-1280x840.jpg 1280w, https:\/\/www.antonioferreira.gallery\/wp-content\/uploads\/2023\/11\/Migracoes-150x98.jpg 150w, https:\/\/www.antonioferreira.gallery\/wp-content\/uploads\/2023\/11\/Migracoes-768x504.jpg 768w, https:\/\/www.antonioferreira.gallery\/wp-content\/uploads\/2023\/11\/Migracoes-1536x1009.jpg 1536w, https:\/\/www.antonioferreira.gallery\/wp-content\/uploads\/2023\/11\/Migracoes-2048x1345.jpg 2048w\" sizes=\"(max-width: 700px) 100vw, 700px\" \/>\t\t\t\t\t\t\t\t\t\t<figcaption>\n\t\t\t\t\t\t<div class=\"middle\">\n\t\t\t\t\t\t\t<div class=\"middle-inner\">\n\n\t\t\t\t\t\t\t\t\n\t\t\t\t\t\t\t\t<p class=\"gl-item-title\">Migrazione<\/p>\n\n\t\t\t\t\t\t\t\t\t\t\t\t\t\t\t\t\t<p class=\"gl-item-descr\">Olio su tela con 5 agate, 1 nocciolo di agrumi e una fluorite<\/p>\n\t\t\t\t\t\t\t\t\n\t\t\t\t\t\t\t<\/div>\n\t\t\t\t\t\t<\/div>\n\t\t\t\t\t<\/figcaption>\n\t\t\t\t<\/figure>\n\t\t\t<\/a>\n\n\t\t\t\n\t\t<\/li>\n\n\t\n\t\t\t\t<li class=\"gl-item gl-loading          \"\n\t\t\tdata-category=\"intervento\">\n\n\t\t\t<a href=\"https:\/\/www.antonioferreira.gallery\/it\/gallery\/ucraina-la-fine-del-mito-della-liberazione-russa\/\">\n\t\t\t\t<figure>\n\t\t\t\t\t\t\t\t\t\t\t<img decoding=\"async\" src=\"https:\/\/www.antonioferreira.gallery\/wp-content\/uploads\/2024\/11\/ucrania-700x423.jpg\" class=\"attachment-medium size-medium wp-post-image\" alt=\"\" srcset=\"https:\/\/www.antonioferreira.gallery\/wp-content\/uploads\/2024\/11\/ucrania-700x423.jpg 700w, https:\/\/www.antonioferreira.gallery\/wp-content\/uploads\/2024\/11\/ucrania-1280x774.jpg 1280w, https:\/\/www.antonioferreira.gallery\/wp-content\/uploads\/2024\/11\/ucrania-150x91.jpg 150w, https:\/\/www.antonioferreira.gallery\/wp-content\/uploads\/2024\/11\/ucrania-768x465.jpg 768w, https:\/\/www.antonioferreira.gallery\/wp-content\/uploads\/2024\/11\/ucrania-1536x929.jpg 1536w, https:\/\/www.antonioferreira.gallery\/wp-content\/uploads\/2024\/11\/ucrania-2048x1239.jpg 2048w\" sizes=\"(max-width: 700px) 100vw, 700px\" \/>\t\t\t\t\t\t\t\t\t\t<figcaption>\n\t\t\t\t\t\t<div class=\"middle\">\n\t\t\t\t\t\t\t<div class=\"middle-inner\">\n\n\t\t\t\t\t\t\t\t\n\t\t\t\t\t\t\t\t<p class=\"gl-item-title\">Ucraina: la fine del mito della liberazione russa<\/p>\n\n\t\t\t\t\t\t\t\t\t\t\t\t\t\t\t\t\t<p class=\"gl-item-descr\">Olio su tela con collage di minerali realgar Ci\u00f2 che sembra pu\u00f2 non essere sempre ci\u00f2 che \u00e8.<\/p>\n\t\t\t\t\t\t\t\t\n\t\t\t\t\t\t\t<\/div>\n\t\t\t\t\t\t<\/div>\n\t\t\t\t\t<\/figcaption>\n\t\t\t\t<\/figure>\n\t\t\t<\/a>\n\n\t\t\t\n\t\t<\/li>\n\n\t\n\t\t\t\t<li class=\"gl-item gl-loading          \"\n\t\t\tdata-category=\"intervento\">\n\n\t\t\t<a href=\"https:\/\/www.antonioferreira.gallery\/it\/gallery\/identita-europea\/\">\n\t\t\t\t<figure>\n\t\t\t\t\t\t\t\t\t\t\t<img decoding=\"async\" src=\"https:\/\/www.antonioferreira.gallery\/wp-content\/uploads\/2015\/02\/Identidade-europeia-700x345.jpg\" class=\"attachment-medium size-medium wp-post-image\" alt=\"\" srcset=\"https:\/\/www.antonioferreira.gallery\/wp-content\/uploads\/2015\/02\/Identidade-europeia-700x345.jpg 700w, https:\/\/www.antonioferreira.gallery\/wp-content\/uploads\/2015\/02\/Identidade-europeia-150x74.jpg 150w, https:\/\/www.antonioferreira.gallery\/wp-content\/uploads\/2015\/02\/Identidade-europeia-1280x631.jpg 1280w, https:\/\/www.antonioferreira.gallery\/wp-content\/uploads\/2015\/02\/Identidade-europeia.jpg 1892w\" sizes=\"(max-width: 700px) 100vw, 700px\" \/>\t\t\t\t\t\t\t\t\t\t<figcaption>\n\t\t\t\t\t\t<div class=\"middle\">\n\t\t\t\t\t\t\t<div class=\"middle-inner\">\n\n\t\t\t\t\t\t\t\t\n\t\t\t\t\t\t\t\t<p class=\"gl-item-title\">Identit\u00e0 Europea<\/p>\n\n\t\t\t\t\t\t\t\t\t\t\t\t\t\t\t\t\t<p class=\"gl-item-descr\">Olio su tela e corallo<\/p>\n\t\t\t\t\t\t\t\t\n\t\t\t\t\t\t\t<\/div>\n\t\t\t\t\t\t<\/div>\n\t\t\t\t\t<\/figcaption>\n\t\t\t\t<\/figure>\n\t\t\t<\/a>\n\n\t\t\t\n\t\t<\/li>\n\n\t\n\t\t\t\t<li class=\"gl-item gl-loading          \"\n\t\t\tdata-category=\"intervento\">\n\n\t\t\t<a href=\"https:\/\/www.antonioferreira.gallery\/it\/gallery\/autoritarismo-o-democrazia\/\">\n\t\t\t\t<figure>\n\t\t\t\t\t\t\t\t\t\t\t<img decoding=\"async\" src=\"https:\/\/www.antonioferreira.gallery\/wp-content\/uploads\/2024\/11\/Autoritarismo-ou-democracia_2-554x700.jpg\" class=\"attachment-medium size-medium wp-post-image\" alt=\"\" srcset=\"https:\/\/www.antonioferreira.gallery\/wp-content\/uploads\/2024\/11\/Autoritarismo-ou-democracia_2-554x700.jpg 554w, https:\/\/www.antonioferreira.gallery\/wp-content\/uploads\/2024\/11\/Autoritarismo-ou-democracia_2-1013x1280.jpg 1013w, https:\/\/www.antonioferreira.gallery\/wp-content\/uploads\/2024\/11\/Autoritarismo-ou-democracia_2-119x150.jpg 119w, https:\/\/www.antonioferreira.gallery\/wp-content\/uploads\/2024\/11\/Autoritarismo-ou-democracia_2-768x970.jpg 768w, https:\/\/www.antonioferreira.gallery\/wp-content\/uploads\/2024\/11\/Autoritarismo-ou-democracia_2-1216x1536.jpg 1216w, https:\/\/www.antonioferreira.gallery\/wp-content\/uploads\/2024\/11\/Autoritarismo-ou-democracia_2-1621x2048.jpg 1621w, https:\/\/www.antonioferreira.gallery\/wp-content\/uploads\/2024\/11\/Autoritarismo-ou-democracia_2-scaled.jpg 2026w\" sizes=\"(max-width: 554px) 100vw, 554px\" \/>\t\t\t\t\t\t\t\t\t\t<figcaption>\n\t\t\t\t\t\t<div class=\"middle\">\n\t\t\t\t\t\t\t<div class=\"middle-inner\">\n\n\t\t\t\t\t\t\t\t\n\t\t\t\t\t\t\t\t<p class=\"gl-item-title\">Autoritarismo o democrazia<\/p>\n\n\t\t\t\t\t\t\t\t\t\t\t\t\t\t\t\t\t<p class=\"gl-item-descr\">Olio su tela con due agate, una tormalina nera, una parte di conchiglia di madreperla e una labradorite Solo la...<\/p>\n\t\t\t\t\t\t\t\t\n\t\t\t\t\t\t\t<\/div>\n\t\t\t\t\t\t<\/div>\n\t\t\t\t\t<\/figcaption>\n\t\t\t\t<\/figure>\n\t\t\t<\/a>\n\n\t\t\t\n\t\t<\/li>\n\n\t\n\t\t\t\t<li class=\"gl-item gl-loading          \"\n\t\t\tdata-category=\"intervento\">\n\n\t\t\t<a href=\"https:\/\/www.antonioferreira.gallery\/it\/gallery\/guerra-e-pace-nel-xxi-secolo\/\">\n\t\t\t\t<figure>\n\t\t\t\t\t\t\t\t\t\t\t<img decoding=\"async\" src=\"https:\/\/www.antonioferreira.gallery\/wp-content\/uploads\/2023\/11\/Guerra-e-Paz-no-sec-XXI-462x700.jpg\" class=\"attachment-medium size-medium wp-post-image\" alt=\"\" srcset=\"https:\/\/www.antonioferreira.gallery\/wp-content\/uploads\/2023\/11\/Guerra-e-Paz-no-sec-XXI-462x700.jpg 462w, https:\/\/www.antonioferreira.gallery\/wp-content\/uploads\/2023\/11\/Guerra-e-Paz-no-sec-XXI-846x1280.jpg 846w, https:\/\/www.antonioferreira.gallery\/wp-content\/uploads\/2023\/11\/Guerra-e-Paz-no-sec-XXI-99x150.jpg 99w, https:\/\/www.antonioferreira.gallery\/wp-content\/uploads\/2023\/11\/Guerra-e-Paz-no-sec-XXI-768x1163.jpg 768w, https:\/\/www.antonioferreira.gallery\/wp-content\/uploads\/2023\/11\/Guerra-e-Paz-no-sec-XXI.jpg 950w\" sizes=\"(max-width: 462px) 100vw, 462px\" \/>\t\t\t\t\t\t\t\t\t\t<figcaption>\n\t\t\t\t\t\t<div class=\"middle\">\n\t\t\t\t\t\t\t<div class=\"middle-inner\">\n\n\t\t\t\t\t\t\t\t\n\t\t\t\t\t\t\t\t<p class=\"gl-item-title\">Guerra e pace nel XXI secolo<\/p>\n\n\t\t\t\t\t\t\t\t\t\t\t\t\t\t\t\t\t<p class=\"gl-item-descr\">Oil on canvas<\/p>\n\t\t\t\t\t\t\t\t\n\t\t\t\t\t\t\t<\/div>\n\t\t\t\t\t\t<\/div>\n\t\t\t\t\t<\/figcaption>\n\t\t\t\t<\/figure>\n\t\t\t<\/a>\n\n\t\t\t\n\t\t<\/li>\n\n\t\n\t\t\t\t<li class=\"gl-item gl-loading          \"\n\t\t\tdata-category=\"intervento\">\n\n\t\t\t<a href=\"https:\/\/www.antonioferreira.gallery\/it\/gallery\/minoranze\/\">\n\t\t\t\t<figure>\n\t\t\t\t\t\t\t\t\t\t\t<img decoding=\"async\" src=\"https:\/\/www.antonioferreira.gallery\/wp-content\/uploads\/2023\/11\/Minorias-1-465x700.jpg\" class=\"attachment-medium size-medium wp-post-image\" alt=\"\" srcset=\"https:\/\/www.antonioferreira.gallery\/wp-content\/uploads\/2023\/11\/Minorias-1-465x700.jpg 465w, https:\/\/www.antonioferreira.gallery\/wp-content\/uploads\/2023\/11\/Minorias-1-850x1280.jpg 850w, https:\/\/www.antonioferreira.gallery\/wp-content\/uploads\/2023\/11\/Minorias-1-100x150.jpg 100w, https:\/\/www.antonioferreira.gallery\/wp-content\/uploads\/2023\/11\/Minorias-1-768x1156.jpg 768w, https:\/\/www.antonioferreira.gallery\/wp-content\/uploads\/2023\/11\/Minorias-1-1020x1536.jpg 1020w, https:\/\/www.antonioferreira.gallery\/wp-content\/uploads\/2023\/11\/Minorias-1.jpg 1327w\" sizes=\"(max-width: 465px) 100vw, 465px\" \/>\t\t\t\t\t\t\t\t\t\t<figcaption>\n\t\t\t\t\t\t<div class=\"middle\">\n\t\t\t\t\t\t\t<div class=\"middle-inner\">\n\n\t\t\t\t\t\t\t\t\n\t\t\t\t\t\t\t\t<p class=\"gl-item-title\">Minoranze<\/p>\n\n\t\t\t\t\t\t\t\t\t\t\t\t\t\t\t\t\t<p class=\"gl-item-descr\">Olio su tela con geode di quarzo e 2 agate<\/p>\n\t\t\t\t\t\t\t\t\n\t\t\t\t\t\t\t<\/div>\n\t\t\t\t\t\t<\/div>\n\t\t\t\t\t<\/figcaption>\n\t\t\t\t<\/figure>\n\t\t\t<\/a>\n\n\t\t\t\n\t\t<\/li>\n\n\t\n\t\t\t\t<li class=\"gl-item gl-loading          \"\n\t\t\tdata-category=\"intervento\">\n\n\t\t\t<a href=\"https:\/\/www.antonioferreira.gallery\/it\/gallery\/ich-bin-ein-berliner\/\">\n\t\t\t\t<figure>\n\t\t\t\t\t\t\t\t\t\t\t<img decoding=\"async\" src=\"https:\/\/www.antonioferreira.gallery\/wp-content\/uploads\/2015\/02\/Berliner1-507x700.gif\" class=\"attachment-medium size-medium wp-post-image\" alt=\"\" srcset=\"https:\/\/www.antonioferreira.gallery\/wp-content\/uploads\/2015\/02\/Berliner1-507x700.gif 507w, https:\/\/www.antonioferreira.gallery\/wp-content\/uploads\/2015\/02\/Berliner1-109x150.gif 109w, https:\/\/www.antonioferreira.gallery\/wp-content\/uploads\/2015\/02\/Berliner1-928x1280.gif 928w\" sizes=\"(max-width: 507px) 100vw, 507px\" \/>\t\t\t\t\t\t\t\t\t\t<figcaption>\n\t\t\t\t\t\t<div class=\"middle\">\n\t\t\t\t\t\t\t<div class=\"middle-inner\">\n\n\t\t\t\t\t\t\t\t\n\t\t\t\t\t\t\t\t<p class=\"gl-item-title\">Ich bin ein Berliner<\/p>\n\n\t\t\t\t\t\t\t\t\t\t\t\t\t\t\t\t\t<p class=\"gl-item-descr\">Olio su tela<\/p>\n\t\t\t\t\t\t\t\t\n\t\t\t\t\t\t\t<\/div>\n\t\t\t\t\t\t<\/div>\n\t\t\t\t\t<\/figcaption>\n\t\t\t\t<\/figure>\n\t\t\t<\/a>\n\n\t\t\t\n\t\t<\/li>\n\n\t\n\t\t\t\t<li class=\"gl-item gl-loading          \"\n\t\t\tdata-category=\"intervento\">\n\n\t\t\t<a href=\"https:\/\/www.antonioferreira.gallery\/it\/gallery\/euro\/\">\n\t\t\t\t<figure>\n\t\t\t\t\t\t\t\t\t\t\t<img decoding=\"async\" src=\"https:\/\/www.antonioferreira.gallery\/wp-content\/uploads\/2015\/02\/Euro-497x700.jpg\" class=\"attachment-medium size-medium wp-post-image\" alt=\"\" srcset=\"https:\/\/www.antonioferreira.gallery\/wp-content\/uploads\/2015\/02\/Euro-497x700.jpg 497w, https:\/\/www.antonioferreira.gallery\/wp-content\/uploads\/2015\/02\/Euro-106x150.jpg 106w, https:\/\/www.antonioferreira.gallery\/wp-content\/uploads\/2015\/02\/Euro-908x1280.jpg 908w, https:\/\/www.antonioferreira.gallery\/wp-content\/uploads\/2015\/02\/Euro.jpg 1320w\" sizes=\"(max-width: 497px) 100vw, 497px\" \/>\t\t\t\t\t\t\t\t\t\t<figcaption>\n\t\t\t\t\t\t<div class=\"middle\">\n\t\t\t\t\t\t\t<div class=\"middle-inner\">\n\n\t\t\t\t\t\t\t\t\n\t\t\t\t\t\t\t\t<p class=\"gl-item-title\">Costruire l&#8217;euro<\/p>\n\n\t\t\t\t\t\t\t\t\t\t\t\t\t\t\t\t\t<p class=\"gl-item-descr\">Olio su tela<\/p>\n\t\t\t\t\t\t\t\t\n\t\t\t\t\t\t\t<\/div>\n\t\t\t\t\t\t<\/div>\n\t\t\t\t\t<\/figcaption>\n\t\t\t\t<\/figure>\n\t\t\t<\/a>\n\n\t\t\t\n\t\t<\/li>\n\n\t\n\t\t\t\t<li class=\"gl-item gl-loading          \"\n\t\t\tdata-category=\"intervento\">\n\n\t\t\t<a href=\"https:\/\/www.antonioferreira.gallery\/it\/gallery\/attacco-al-debiti-sovrani\/\">\n\t\t\t\t<figure>\n\t\t\t\t\t\t\t\t\t\t\t<img decoding=\"async\" src=\"https:\/\/www.antonioferreira.gallery\/wp-content\/uploads\/2015\/02\/Dividas-soberanas1-489x700.gif\" class=\"attachment-medium size-medium wp-post-image\" alt=\"\" srcset=\"https:\/\/www.antonioferreira.gallery\/wp-content\/uploads\/2015\/02\/Dividas-soberanas1-489x700.gif 489w, https:\/\/www.antonioferreira.gallery\/wp-content\/uploads\/2015\/02\/Dividas-soberanas1-105x150.gif 105w, https:\/\/www.antonioferreira.gallery\/wp-content\/uploads\/2015\/02\/Dividas-soberanas1-893x1280.gif 893w\" sizes=\"(max-width: 489px) 100vw, 489px\" \/>\t\t\t\t\t\t\t\t\t\t<figcaption>\n\t\t\t\t\t\t<div class=\"middle\">\n\t\t\t\t\t\t\t<div class=\"middle-inner\">\n\n\t\t\t\t\t\t\t\t\n\t\t\t\t\t\t\t\t<p class=\"gl-item-title\">Attacco al debiti sovrani<\/p>\n\n\t\t\t\t\t\t\t\t\t\t\t\t\t\t\t\t\t<p class=\"gl-item-descr\">Olio su tela<\/p>\n\t\t\t\t\t\t\t\t\n\t\t\t\t\t\t\t<\/div>\n\t\t\t\t\t\t<\/div>\n\t\t\t\t\t<\/figcaption>\n\t\t\t\t<\/figure>\n\t\t\t<\/a>\n\n\t\t\t\n\t\t<\/li>\n\n\t\n\t\t\t\t<li class=\"gl-item gl-loading          \"\n\t\t\tdata-category=\"intervento\">\n\n\t\t\t<a href=\"https:\/\/www.antonioferreira.gallery\/it\/gallery\/recessione\/\">\n\t\t\t\t<figure>\n\t\t\t\t\t\t\t\t\t\t\t<img decoding=\"async\" src=\"https:\/\/www.antonioferreira.gallery\/wp-content\/uploads\/2015\/02\/Recessao1-493x700.gif\" class=\"attachment-medium size-medium wp-post-image\" alt=\"\" srcset=\"https:\/\/www.antonioferreira.gallery\/wp-content\/uploads\/2015\/02\/Recessao1-493x700.gif 493w, https:\/\/www.antonioferreira.gallery\/wp-content\/uploads\/2015\/02\/Recessao1-901x1280.gif 901w, https:\/\/www.antonioferreira.gallery\/wp-content\/uploads\/2015\/02\/Recessao1-106x150.gif 106w, https:\/\/www.antonioferreira.gallery\/wp-content\/uploads\/2015\/02\/Recessao1-768x1091.gif 768w, https:\/\/www.antonioferreira.gallery\/wp-content\/uploads\/2015\/02\/Recessao1-1081x1536.gif 1081w\" sizes=\"(max-width: 493px) 100vw, 493px\" \/>\t\t\t\t\t\t\t\t\t\t<figcaption>\n\t\t\t\t\t\t<div class=\"middle\">\n\t\t\t\t\t\t\t<div class=\"middle-inner\">\n\n\t\t\t\t\t\t\t\t\n\t\t\t\t\t\t\t\t<p class=\"gl-item-title\">Recessione<\/p>\n\n\t\t\t\t\t\t\t\t\t\t\t\t\t\t\t\t\t<p class=\"gl-item-descr\">Olio su tela<\/p>\n\t\t\t\t\t\t\t\t\n\t\t\t\t\t\t\t<\/div>\n\t\t\t\t\t\t<\/div>\n\t\t\t\t\t<\/figcaption>\n\t\t\t\t<\/figure>\n\t\t\t<\/a>\n\n\t\t\t\n\t\t<\/li>\n\n\t\n\t\t\t\t<li class=\"gl-item gl-loading          \"\n\t\t\tdata-category=\"intervento\">\n\n\t\t\t<a href=\"https:\/\/www.antonioferreira.gallery\/it\/gallery\/coesione-sociale\/\">\n\t\t\t\t<figure>\n\t\t\t\t\t\t\t\t\t\t\t<img decoding=\"async\" src=\"https:\/\/www.antonioferreira.gallery\/wp-content\/uploads\/2015\/02\/Coesao-social-700x697.jpg\" class=\"attachment-medium size-medium wp-post-image\" alt=\"\" srcset=\"https:\/\/www.antonioferreira.gallery\/wp-content\/uploads\/2015\/02\/Coesao-social-700x697.jpg 700w, https:\/\/www.antonioferreira.gallery\/wp-content\/uploads\/2015\/02\/Coesao-social-1280x1275.jpg 1280w, https:\/\/www.antonioferreira.gallery\/wp-content\/uploads\/2015\/02\/Coesao-social-150x150.jpg 150w, https:\/\/www.antonioferreira.gallery\/wp-content\/uploads\/2015\/02\/Coesao-social-768x765.jpg 768w, https:\/\/www.antonioferreira.gallery\/wp-content\/uploads\/2015\/02\/Coesao-social.jpg 1317w\" sizes=\"(max-width: 700px) 100vw, 700px\" \/>\t\t\t\t\t\t\t\t\t\t<figcaption>\n\t\t\t\t\t\t<div class=\"middle\">\n\t\t\t\t\t\t\t<div class=\"middle-inner\">\n\n\t\t\t\t\t\t\t\t\n\t\t\t\t\t\t\t\t<p class=\"gl-item-title\">Coesione sociale<\/p>\n\n\t\t\t\t\t\t\t\t\t\t\t\t\t\t\t\t\t<p class=\"gl-item-descr\">Olio su tela<\/p>\n\t\t\t\t\t\t\t\t\n\t\t\t\t\t\t\t<\/div>\n\t\t\t\t\t\t<\/div>\n\t\t\t\t\t<\/figcaption>\n\t\t\t\t<\/figure>\n\t\t\t<\/a>\n\n\t\t\t\n\t\t<\/li>\n\n\t\t<\/ul> <!-- gallery -->\n\n\t\n\t\n\t\t<\/div> <!-- container -->\n\t\n\t\t<\/section>\n\t<\/div> <!-- section -->\n\n\t\n\t\n","protected":false},"excerpt":{"rendered":"","protected":false},"author":1,"featured_media":0,"parent":0,"menu_order":0,"comment_status":"open","ping_status":"closed","template":"page-full.php","meta":{"_exactmetrics_skip_tracking":false,"_exactmetrics_sitenote_active":false,"_exactmetrics_sitenote_note":"","_exactmetrics_sitenote_category":0,"footnotes":""},"class_list":["post-2982","page","type-page","status-publish","hentry"],"yoast_head":"<!-- This site is optimized with the Yoast SEO plugin v27.5 - https:\/\/yoast.com\/product\/yoast-seo-wordpress\/ -->\n<title>Intervento - Ant\u00f3nio Artur Ferreira Gallery<\/title>\n<meta name=\"description\" content=\"Uma das colec\u00e7\u00f5es de Ant\u00f3nio Artur Ferreira \u00e9 Sustentabilidade - Interven\u00e7\u00e3o, onde podemos encontrar pinturas sobre os mesmos.\" \/>\n<meta name=\"robots\" content=\"index, follow, max-snippet:-1, max-image-preview:large, max-video-preview:-1\" \/>\n<link rel=\"canonical\" href=\"https:\/\/www.antonioferreira.gallery\/it\/intervento\/\" \/>\n<meta property=\"og:locale\" content=\"it_IT\" \/>\n<meta property=\"og:type\" content=\"article\" \/>\n<meta property=\"og:title\" content=\"Intervento - Ant\u00f3nio Artur Ferreira Gallery\" \/>\n<meta property=\"og:description\" content=\"Uma das colec\u00e7\u00f5es de Ant\u00f3nio Artur Ferreira \u00e9 Sustentabilidade - Interven\u00e7\u00e3o, onde podemos encontrar pinturas sobre os mesmos.\" \/>\n<meta property=\"og:url\" content=\"https:\/\/www.antonioferreira.gallery\/it\/intervento\/\" \/>\n<meta property=\"og:site_name\" content=\"Ant\u00f3nio Artur Ferreira Gallery\" \/>\n<meta property=\"article:modified_time\" content=\"2023-12-10T12:43:10+00:00\" \/>\n<meta name=\"twitter:label1\" content=\"Est. reading time\" \/>\n\t<meta name=\"twitter:data1\" content=\"1 minute\" \/>\n<script type=\"application\/ld+json\" class=\"yoast-schema-graph\">{\"@context\":\"https:\\\/\\\/schema.org\",\"@graph\":[{\"@type\":\"WebPage\",\"@id\":\"https:\\\/\\\/www.antonioferreira.gallery\\\/it\\\/intervento\\\/\",\"url\":\"https:\\\/\\\/www.antonioferreira.gallery\\\/it\\\/intervento\\\/\",\"name\":\"Intervento - Ant\u00f3nio Artur Ferreira Gallery\",\"isPartOf\":{\"@id\":\"https:\\\/\\\/www.antonioferreira.gallery\\\/#website\"},\"datePublished\":\"2015-02-22T16:01:54+00:00\",\"dateModified\":\"2023-12-10T12:43:10+00:00\",\"description\":\"Uma das colec\u00e7\u00f5es de Ant\u00f3nio Artur Ferreira \u00e9 Sustentabilidade - Interven\u00e7\u00e3o, onde podemos encontrar pinturas sobre os mesmos.\",\"breadcrumb\":{\"@id\":\"https:\\\/\\\/www.antonioferreira.gallery\\\/it\\\/intervento\\\/#breadcrumb\"},\"inLanguage\":\"it-IT\",\"potentialAction\":[{\"@type\":\"ReadAction\",\"target\":[\"https:\\\/\\\/www.antonioferreira.gallery\\\/it\\\/intervento\\\/\"]}]},{\"@type\":\"BreadcrumbList\",\"@id\":\"https:\\\/\\\/www.antonioferreira.gallery\\\/it\\\/intervento\\\/#breadcrumb\",\"itemListElement\":[{\"@type\":\"ListItem\",\"position\":1,\"name\":\"Home\",\"item\":\"https:\\\/\\\/www.antonioferreira.gallery\\\/it\\\/\"},{\"@type\":\"ListItem\",\"position\":2,\"name\":\"Intervento\"}]},{\"@type\":\"WebSite\",\"@id\":\"https:\\\/\\\/www.antonioferreira.gallery\\\/#website\",\"url\":\"https:\\\/\\\/www.antonioferreira.gallery\\\/\",\"name\":\"Ant\u00f3nio Artur Ferreira Gallery\",\"description\":\"Visual Artist\",\"potentialAction\":[{\"@type\":\"SearchAction\",\"target\":{\"@type\":\"EntryPoint\",\"urlTemplate\":\"https:\\\/\\\/www.antonioferreira.gallery\\\/?s={search_term_string}\"},\"query-input\":{\"@type\":\"PropertyValueSpecification\",\"valueRequired\":true,\"valueName\":\"search_term_string\"}}],\"inLanguage\":\"it-IT\"}]}<\/script>\n<!-- \/ Yoast SEO plugin. -->","yoast_head_json":{"title":"Intervento - Ant\u00f3nio Artur Ferreira Gallery","description":"Uma das colec\u00e7\u00f5es de Ant\u00f3nio Artur Ferreira \u00e9 Sustentabilidade - Interven\u00e7\u00e3o, onde podemos encontrar pinturas sobre os mesmos.","robots":{"index":"index","follow":"follow","max-snippet":"max-snippet:-1","max-image-preview":"max-image-preview:large","max-video-preview":"max-video-preview:-1"},"canonical":"https:\/\/www.antonioferreira.gallery\/it\/intervento\/","og_locale":"it_IT","og_type":"article","og_title":"Intervento - Ant\u00f3nio Artur Ferreira Gallery","og_description":"Uma das colec\u00e7\u00f5es de Ant\u00f3nio Artur Ferreira \u00e9 Sustentabilidade - Interven\u00e7\u00e3o, onde podemos encontrar pinturas sobre os mesmos.","og_url":"https:\/\/www.antonioferreira.gallery\/it\/intervento\/","og_site_name":"Ant\u00f3nio Artur Ferreira Gallery","article_modified_time":"2023-12-10T12:43:10+00:00","twitter_misc":{"Est. reading time":"1 minute"},"schema":{"@context":"https:\/\/schema.org","@graph":[{"@type":"WebPage","@id":"https:\/\/www.antonioferreira.gallery\/it\/intervento\/","url":"https:\/\/www.antonioferreira.gallery\/it\/intervento\/","name":"Intervento - Ant\u00f3nio Artur Ferreira Gallery","isPartOf":{"@id":"https:\/\/www.antonioferreira.gallery\/#website"},"datePublished":"2015-02-22T16:01:54+00:00","dateModified":"2023-12-10T12:43:10+00:00","description":"Uma das colec\u00e7\u00f5es de Ant\u00f3nio Artur Ferreira \u00e9 Sustentabilidade - Interven\u00e7\u00e3o, onde podemos encontrar pinturas sobre os mesmos.","breadcrumb":{"@id":"https:\/\/www.antonioferreira.gallery\/it\/intervento\/#breadcrumb"},"inLanguage":"it-IT","potentialAction":[{"@type":"ReadAction","target":["https:\/\/www.antonioferreira.gallery\/it\/intervento\/"]}]},{"@type":"BreadcrumbList","@id":"https:\/\/www.antonioferreira.gallery\/it\/intervento\/#breadcrumb","itemListElement":[{"@type":"ListItem","position":1,"name":"Home","item":"https:\/\/www.antonioferreira.gallery\/it\/"},{"@type":"ListItem","position":2,"name":"Intervento"}]},{"@type":"WebSite","@id":"https:\/\/www.antonioferreira.gallery\/#website","url":"https:\/\/www.antonioferreira.gallery\/","name":"Ant\u00f3nio Artur Ferreira Gallery","description":"Visual Artist","potentialAction":[{"@type":"SearchAction","target":{"@type":"EntryPoint","urlTemplate":"https:\/\/www.antonioferreira.gallery\/?s={search_term_string}"},"query-input":{"@type":"PropertyValueSpecification","valueRequired":true,"valueName":"search_term_string"}}],"inLanguage":"it-IT"}]}},"_links":{"self":[{"href":"https:\/\/www.antonioferreira.gallery\/it\/wp-json\/wp\/v2\/pages\/2982","targetHints":{"allow":["GET"]}}],"collection":[{"href":"https:\/\/www.antonioferreira.gallery\/it\/wp-json\/wp\/v2\/pages"}],"about":[{"href":"https:\/\/www.antonioferreira.gallery\/it\/wp-json\/wp\/v2\/types\/page"}],"author":[{"embeddable":true,"href":"https:\/\/www.antonioferreira.gallery\/it\/wp-json\/wp\/v2\/users\/1"}],"replies":[{"embeddable":true,"href":"https:\/\/www.antonioferreira.gallery\/it\/wp-json\/wp\/v2\/comments?post=2982"}],"version-history":[{"count":4,"href":"https:\/\/www.antonioferreira.gallery\/it\/wp-json\/wp\/v2\/pages\/2982\/revisions"}],"predecessor-version":[{"id":3999,"href":"https:\/\/www.antonioferreira.gallery\/it\/wp-json\/wp\/v2\/pages\/2982\/revisions\/3999"}],"wp:attachment":[{"href":"https:\/\/www.antonioferreira.gallery\/it\/wp-json\/wp\/v2\/media?parent=2982"}],"curies":[{"name":"wp","href":"https:\/\/api.w.org\/{rel}","templated":true}]}}