{"id":2547,"date":"2021-09-28T17:57:46","date_gmt":"2021-09-28T17:57:46","guid":{"rendered":"https:\/\/www.antonioferreira.gallery\/it\/exposicoes-2\/"},"modified":"2026-01-11T18:19:47","modified_gmt":"2026-01-11T18:19:47","slug":"mostre","status":"publish","type":"page","link":"https:\/\/www.antonioferreira.gallery\/it\/mostre\/","title":{"rendered":"Mostre"},"content":{"rendered":"\n<div class=\"wp-block-columns has-background is-layout-flex wp-container-core-columns-is-layout-9d6595d7 wp-block-columns-is-layout-flex\" style=\"background-color:#1f72a636\">\n<div class=\"wp-block-column is-vertically-aligned-top is-layout-flow wp-block-column-is-layout-flow\" style=\"flex-basis:100%\">\n<div class=\"wp-block-columns is-layout-flex wp-container-core-columns-is-layout-9d6595d7 wp-block-columns-is-layout-flex\">\n<div class=\"wp-block-column is-vertically-aligned-top is-layout-flow wp-block-column-is-layout-flow\" style=\"flex-basis:60%\">\n<h2 class=\"wp-block-heading\">Prossima mostra<\/h2>\n\n\n\n<div style=\"height:20px\" aria-hidden=\"true\" class=\"wp-block-spacer\"><\/div>\n\n\n\n<p class=\"has-text-color has-link-color has-medium-font-size wp-elements-ebb632a11ca3eb51b659d1199de0d362\" style=\"color:#414141\">Monaco Art Fair 26<\/p>\n\n\n\n<div style=\"height:20px\" aria-hidden=\"true\" class=\"wp-block-spacer\"><\/div>\n\n\n\n<p class=\"has-text-color has-link-color wp-elements-5cefff6893c74571e0ada1f4296eb3af\" style=\"color:#414141\"><strong>18-20 settembre 2026 &#8211; Chapiteau de Fontvieille 5, avenue des Ligures 98000 Monaco<\/strong><\/p>\n<\/div>\n\n\n\n<div class=\"wp-block-column is-layout-flow wp-block-column-is-layout-flow\" style=\"flex-basis:40%\"><\/div>\n<\/div>\n<\/div>\n<\/div>\n\n\n\n<div class=\"wp-block-columns has-background is-layout-flex wp-container-core-columns-is-layout-9d6595d7 wp-block-columns-is-layout-flex\" style=\"background-color:#f4f4f4\">\n<div class=\"wp-block-column is-vertically-aligned-top is-layout-flow wp-block-column-is-layout-flow\" style=\"flex-basis:100%\">\n<div class=\"wp-block-columns is-layout-flex wp-container-core-columns-is-layout-9d6595d7 wp-block-columns-is-layout-flex\">\n<div class=\"wp-block-column is-vertically-aligned-top is-layout-flow wp-block-column-is-layout-flow\" style=\"flex-basis:33.33%\">\n<div style=\"height:20px\" aria-hidden=\"true\" class=\"wp-block-spacer\"><\/div>\n\n\n\n<h2 class=\"wp-block-heading\"><meta charset=\"utf-8\"><strong>Mostre<\/strong> Collettive<\/h2>\n\n\n\n<div style=\"height:10px\" aria-hidden=\"true\" class=\"wp-block-spacer\"><\/div>\n\n\n\n<h5 class=\"wp-block-heading has-text-color has-link-color wp-elements-69a8e5d6d023a70c2391a62a74a2b6e2\" style=\"color:#414141\"><strong>2025<\/strong><\/h5>\n\n\n\n<p class=\"has-text-color has-link-color wp-elements-6bd7cfc93ac0804a1429b8955b5eb8d1\" style=\"color:#414141\">\u2022 International Contemporary Art Exhibition, Galerie Thuillier. Parigi, Francia.<\/p>\n\n\n\n<p>\u2022 &#8220;Salone annuale dei soci&#8221; Societ\u00e0 Nazionale di Belle Arti, Lisbona<\/p>\n\n\n\n<p class=\"has-text-color has-link-color wp-elements-cce677a31e3f1f48b0eaef7683e93f43\" style=\"color:#414141\">\u2022 &#8220;Interconnecting Lines&#8221; organizzata da Artio Gallery, presso il Museo Europeo d&#8217;Arte Moderna MEAM di Barcellona, \u200b\u200bdal 13 al 15 giugno, dove ha vinto il 2\u00b0 premio.<\/p>\n\n\n\n<p class=\"has-text-color has-link-color wp-elements-29b0603372d78862da5b8c4a08ead232\" style=\"color:#414141\">\u2022 &#8220;D\u00e9cor&#8221; Mostra Internazionale d&#8217;Arte Contemporanea presentata da Artemida Experience, Spazio Arte Tolomeo, Milano.<\/p>\n\n\n\n<p class=\"has-text-color has-link-color wp-elements-34d8122458241e4c1bf97bcdff603bed\" style=\"color:#414141\">\u2022 \u201cVenice International Art Fair\u201d \u2013 21a Edizione, organizzata da Itsliquid Group<\/p>\n\n\n\n<p class=\"has-text-color has-link-color wp-elements-df7cda1c68d47bd83f270151184c5e70\" style=\"color:#414141\">\u2022 &#8220;Salone annuale dei soci&#8221; Societ\u00e0 Nazionale di Belle Arti, Lisbona<\/p>\n\n\n\n<h5 class=\"wp-block-heading has-text-color has-link-color wp-elements-e06e3fa49d269e233937698f78ea8e0c\" style=\"color:#414141\"><strong>2024<\/strong><\/h5>\n\n\n\n<p class=\"has-text-color has-link-color wp-elements-df7cda1c68d47bd83f270151184c5e70\" style=\"color:#414141\">\u2022 &#8220;Salone annuale dei soci&#8221; Societ\u00e0 Nazionale di Belle Arti, Lisbona<\/p>\n\n\n\n<p class=\"has-text-color has-link-color wp-elements-9e7341837270977b6703eb0253cee15f\" style=\"color:#414141\">\u2022 Societ\u00e0 Nazionale di Belle Arti, Lisbona<\/p>\n\n\n\n<p class=\"has-text-color has-link-color wp-elements-89c2175ddf9ac4a582eec4a192f242a0\" style=\"color:#414141\">\u2022 Laboratori di formazione e animazione culturale, Aljustrel<\/p>\n\n\n\n<h5 class=\"wp-block-heading has-text-color has-link-color wp-elements-29ab03d208fec9508c2ef8554671caa7\" style=\"color:#414141\"><strong>2023<\/strong><\/h5>\n\n\n\n<p class=\"has-text-color has-link-color wp-elements-de1a8dad7a3df474e67ab941c5847be1\" style=\"color:#414141\">\u2022 Galerias de S. Ant\u00f3nio, Monchique<\/p>\n\n\n\n<p class=\"has-text-color has-link-color wp-elements-9e7341837270977b6703eb0253cee15f\" style=\"color:#414141\">\u2022 Societ\u00e0 Nazionale di Belle Arti, Lisbona<\/p>\n\n\n\n<p class=\"has-text-color has-link-color wp-elements-89c2175ddf9ac4a582eec4a192f242a0\" style=\"color:#414141\">\u2022 Laboratori di formazione e animazione culturale, Aljustrel<\/p>\n\n\n\n<h5 class=\"wp-block-heading has-text-color has-link-color wp-elements-be1fa8cd72104f1172e5e1d07a799e3a\" style=\"color:#414141\"><strong>2022<\/strong><\/h5>\n\n\n\n<p class=\"has-text-color has-link-color wp-elements-3d9ecd0396f202d9878cddd9cb978711\" style=\"color:#414141\">Societ\u00e0 Nazionale di Belle Arti, Lisbona<\/p>\n\n\n\n<p class=\"has-text-color has-link-color wp-elements-796e4a64fbc9ea14e513c87448c9fbac\" style=\"color:#414141\">\u2022 \u201cSalone annuale dei soci&#8221; Societ\u00e0 Nazionale di Belle Arti, Lisbona<\/p>\n\n\n\n<p class=\"has-text-color has-link-color wp-elements-89c2175ddf9ac4a582eec4a192f242a0\" style=\"color:#414141\">\u2022 Laboratori di formazione e animazione culturale, Aljustrel<\/p>\n\n\n\n<h5 class=\"wp-block-heading has-text-color\" style=\"color:#414141\"><strong>2021<\/strong><\/h5>\n\n\n\n<p class=\"has-text-color\" style=\"color:#414141\">\u2022 \u201cSalone annuale dei soci&#8221; Societ\u00e0 Nazionale di Belle Arti, Lisbona<\/p>\n\n\n\n<p class=\"has-text-color\" style=\"color:#414141\">\u2022 Societ\u00e0 Nazionale di Belle Arti, Lisbona<\/p>\n\n\n\n<p class=\"has-text-color\" style=\"color:#414141\">\u2022 <meta charset=\"utf-8\">\u201cArt Fest\u201d, CascaisShopping, Lisbona.<\/p>\n\n\n\n<div style=\"height:10px\" aria-hidden=\"true\" class=\"wp-block-spacer\"><\/div>\n\n\n\n<h5 class=\"wp-block-heading has-text-color\" style=\"color:#414141\"><strong>2020<\/strong><\/h5>\n\n\n\n<p class=\"has-text-color\" style=\"color:#414141\">\u2022 Societ\u00e0 Nazionale di Belle Arti, Lisbona<\/p>\n\n\n\n<p class=\"has-text-color\" style=\"color:#414141\">\u2022 \u201cSalone annuale dei soci&#8221; Societ\u00e0 Nazionale di Belle Arti, Lisbona<\/p>\n\n\n\n<p class=\"has-text-color\" style=\"color:#414141\">\u2022 Laboratori di formazione e animazione culturale, Aljustrel<\/p>\n\n\n\n<div style=\"height:10px\" aria-hidden=\"true\" class=\"wp-block-spacer\"><\/div>\n\n\n\n<h5 class=\"wp-block-heading has-text-color\" style=\"color:#414141\"><strong>2019<\/strong><\/h5>\n\n\n\n<p class=\"has-text-color\" style=\"color:#414141\">\u2022 \u201cSalone annuale dei soci&#8221; Societ\u00e0 Nazionale di Belle Arti, Lisbonaa<\/p>\n\n\n\n<p class=\"has-text-color\" style=\"color:#414141\">\u2022 Societ\u00e0 Nazionale di Belle Arti, Lisbona<\/p>\n\n\n\n<p class=\"has-text-color\" style=\"color:#414141\">\u2022Laboratori di formazione e animazione culturale, Aljustrel<\/p>\n\n\n\n<div style=\"height:10px\" aria-hidden=\"true\" class=\"wp-block-spacer\"><\/div>\n\n\n\n<h5 class=\"wp-block-heading has-text-color\" style=\"color:#414141\"><strong>2018<\/strong><\/h5>\n\n\n\n<p class=\"has-text-color\" style=\"color:#414141\">\u2022 Laboratori di formazione e animazione culturale, Aljustrel<\/p>\n\n\n\n<p class=\"has-text-color\" style=\"color:#414141\">\u2022 Societ\u00e0 Nazionale di Belle Arti, Lisbona<\/p>\n<\/div>\n\n\n\n<div class=\"wp-block-column is-vertically-aligned-top is-layout-flow wp-block-column-is-layout-flow\" style=\"flex-basis:66.67%\">\n<div style=\"height:20px\" aria-hidden=\"true\" class=\"wp-block-spacer\"><\/div>\n\n\n<div class=\"wp-block-image\">\n<figure class=\"alignleft size-large\"><a href=\"https:\/\/www.antonioferreira.gallery\/wp-content\/uploads\/2022\/03\/im-exhibitions.jpg\"><img loading=\"lazy\" decoding=\"async\" width=\"1280\" height=\"825\" src=\"https:\/\/www.antonioferreira.gallery\/wp-content\/uploads\/2022\/03\/im-exhibitions-1280x825.jpg\" alt=\"\" class=\"wp-image-2528\" srcset=\"https:\/\/www.antonioferreira.gallery\/wp-content\/uploads\/2022\/03\/im-exhibitions-1280x825.jpg 1280w, https:\/\/www.antonioferreira.gallery\/wp-content\/uploads\/2022\/03\/im-exhibitions-700x451.jpg 700w, https:\/\/www.antonioferreira.gallery\/wp-content\/uploads\/2022\/03\/im-exhibitions-150x97.jpg 150w, https:\/\/www.antonioferreira.gallery\/wp-content\/uploads\/2022\/03\/im-exhibitions-768x495.jpg 768w, https:\/\/www.antonioferreira.gallery\/wp-content\/uploads\/2022\/03\/im-exhibitions-1536x990.jpg 1536w, https:\/\/www.antonioferreira.gallery\/wp-content\/uploads\/2022\/03\/im-exhibitions.jpg 1920w\" sizes=\"auto, (max-width: 1280px) 100vw, 1280px\" \/><\/a><figcaption class=\"wp-element-caption\"><meta charset=\"utf-8\">\u201cEsposizione Annuale dei Partner\u201d &#8211; Societ\u00e0 Nazionale di Belle Arti, 2019<\/figcaption><\/figure>\n<\/div><\/div>\n<\/div>\n<\/div>\n<\/div>\n\n\n\n<h2 class=\"wp-block-heading no-vertical-margin has-white-background-color has-text-color has-background\" style=\"color:#414141;font-size:22px\">Mostre Individuali<\/h2>\n\n\n\n<div class=\"wp-block-columns has-white-background-color has-background is-layout-flex wp-container-core-columns-is-layout-9d6595d7 wp-block-columns-is-layout-flex\">\n<div class=\"wp-block-column is-vertically-aligned-top is-layout-flow wp-block-column-is-layout-flow\" style=\"flex-basis:90%\">\n<div class=\"wp-block-columns is-layout-flex wp-container-core-columns-is-layout-9d6595d7 wp-block-columns-is-layout-flex\">\n<div class=\"wp-block-column is-vertically-aligned-top is-layout-flow wp-block-column-is-layout-flow\" style=\"flex-basis:66.66%\"><div class=\"wp-block-image is-resized\">\n<figure class=\"alignleft size-full\"><a href=\"https:\/\/www.antonioferreira.gallery\/wp-content\/uploads\/2015\/04\/expo3.gif\"><img loading=\"lazy\" decoding=\"async\" width=\"1170\" height=\"832\" src=\"https:\/\/www.antonioferreira.gallery\/wp-content\/uploads\/2015\/04\/expo3.gif\" alt=\"\" class=\"wp-image-820\"\/><\/a><\/figure>\n<\/div><\/div>\n\n\n\n<div class=\"wp-block-column is-vertically-aligned-top is-layout-flow wp-block-column-is-layout-flow\" style=\"flex-basis:33.33%\">\n<h5 class=\"wp-block-heading\"><strong>2023<\/strong><\/h5>\n\n\n\n<p class=\"has-text-color has-link-color wp-elements-63c2fccfd93af06d82378c6d82c3df25\" style=\"color:#414141\">\u2022 Espa\u00e7o Atmosfera M, Lisbona &#8211; Lancio della mostra virtuale (mostra congiunta con lo scultore Jos\u00e9 Maur\u00edcio)<\/p>\n\n\n\n<p class=\"has-text-color has-link-color wp-elements-4eeb0cb3d4f511e028929efd56241d86\" style=\"color:#414141\">\u2022 Galleria CodigoDesign, Porto &#8211; Entis (mostra congiunta con la scultrice \u00c2ngela Fonseca)<\/p>\n\n\n\n<h5 class=\"wp-block-heading has-text-color\" style=\"color:#414141\"><strong>2016<\/strong><\/h5>\n\n\n\n<p class=\"has-text-color\" style=\"color:#414141\">\u2022 &#8220;Dipingere l&#8217;Europa&#8221;<\/p>\n\n\n\n<p class=\"has-text-color\" style=\"color:#414141\">O Tuga, Coru\u00f1a, Spagna<\/p>\n\n\n\n<div style=\"height:10px\" aria-hidden=\"true\" class=\"wp-block-spacer\"><\/div>\n\n\n\n<h5 class=\"wp-block-heading has-text-color\" style=\"color:#414141\"><strong>2014<\/strong><\/h5>\n\n\n\n<p class=\"has-text-color\" style=\"color:#414141\">\u2022 &#8220;Viaggio dentro&#8221; (mostra congiunta con lo scultore Jos\u00e9 Maur\u00edcio)<\/p>\n\n\n\n<p class=\"has-text-color\" style=\"color:#414141\">Galleria Sant&#8217;Antonio, Monchique, Portogallo<\/p>\n\n\n\n<blockquote class=\"wp-block-quote is-layout-flow wp-block-quote-is-layout-flow\">\n<p>Absolutely stunning. Very expressive and vibrant<\/p>\n<\/blockquote>\n\n\n\n<blockquote class=\"wp-block-quote is-layout-flow wp-block-quote-is-layout-flow\">\n<p>Nos ha encantado. Gracias por proporcionarnos este fant\u00e1stico momento<\/p>\n<\/blockquote>\n<\/div>\n<\/div>\n<\/div>\n<\/div>\n","protected":false},"excerpt":{"rendered":"<p>Prossima mostra Monaco Art Fair 26 18-20 settembre 2026 &#8211; Chapiteau de Fontvieille 5, avenue des Ligures 98000 Monaco Mostre Collettive 2025 \u2022 International Contemporary Art Exhibition, Galerie Thuillier. Parigi, Francia. \u2022 &#8220;Salone annuale dei soci&#8221; Societ\u00e0 Nazionale di Belle Arti, Lisbona \u2022 &#8220;Interconnecting Lines&#8221; organizzata da Artio Gallery, presso il Museo Europeo d&#8217;Arte Moderna&#8230;<\/p>\n","protected":false},"author":1,"featured_media":0,"parent":0,"menu_order":0,"comment_status":"closed","ping_status":"closed","template":"page-full.php","meta":{"_exactmetrics_skip_tracking":false,"_exactmetrics_sitenote_active":false,"_exactmetrics_sitenote_note":"","_exactmetrics_sitenote_category":0,"footnotes":""},"class_list":["post-2547","page","type-page","status-publish","hentry"],"yoast_head":"<!-- This site is optimized with the Yoast SEO plugin v27.5 - https:\/\/yoast.com\/product\/yoast-seo-wordpress\/ -->\n<title>Mostre - Ant\u00f3nio Artur Ferreira Gallery<\/title>\n<meta name=\"description\" content=\"Tutte le mostre di Ant\u00f3nio Ferreira dal 2009, collettive e individuali.\" \/>\n<meta name=\"robots\" content=\"index, follow, max-snippet:-1, max-image-preview:large, max-video-preview:-1\" \/>\n<link rel=\"canonical\" href=\"https:\/\/www.antonioferreira.gallery\/it\/mostre\/\" \/>\n<meta property=\"og:locale\" content=\"it_IT\" \/>\n<meta property=\"og:type\" content=\"article\" \/>\n<meta property=\"og:title\" content=\"Mostre - Ant\u00f3nio Artur Ferreira Gallery\" \/>\n<meta property=\"og:description\" content=\"Tutte le mostre di Ant\u00f3nio Ferreira dal 2009, collettive e individuali.\" \/>\n<meta property=\"og:url\" content=\"https:\/\/www.antonioferreira.gallery\/it\/mostre\/\" \/>\n<meta property=\"og:site_name\" content=\"Ant\u00f3nio Artur Ferreira Gallery\" \/>\n<meta property=\"article:modified_time\" content=\"2026-01-11T18:19:47+00:00\" \/>\n<meta property=\"og:image\" content=\"https:\/\/www.antonioferreira.gallery\/wp-content\/uploads\/2022\/03\/im-exhibitions.jpg\" \/>\n\t<meta property=\"og:image:width\" content=\"1920\" \/>\n\t<meta property=\"og:image:height\" content=\"1237\" \/>\n\t<meta property=\"og:image:type\" content=\"image\/jpeg\" \/>\n<meta name=\"twitter:label1\" content=\"Est. reading time\" \/>\n\t<meta name=\"twitter:data1\" content=\"3 minutes\" \/>\n<script type=\"application\/ld+json\" class=\"yoast-schema-graph\">{\"@context\":\"https:\\\/\\\/schema.org\",\"@graph\":[{\"@type\":\"WebPage\",\"@id\":\"https:\\\/\\\/www.antonioferreira.gallery\\\/it\\\/mostre\\\/\",\"url\":\"https:\\\/\\\/www.antonioferreira.gallery\\\/it\\\/mostre\\\/\",\"name\":\"Mostre - Ant\u00f3nio Artur Ferreira Gallery\",\"isPartOf\":{\"@id\":\"https:\\\/\\\/www.antonioferreira.gallery\\\/#website\"},\"primaryImageOfPage\":{\"@id\":\"https:\\\/\\\/www.antonioferreira.gallery\\\/it\\\/mostre\\\/#primaryimage\"},\"image\":{\"@id\":\"https:\\\/\\\/www.antonioferreira.gallery\\\/it\\\/mostre\\\/#primaryimage\"},\"thumbnailUrl\":\"https:\\\/\\\/www.antonioferreira.gallery\\\/wp-content\\\/uploads\\\/2022\\\/03\\\/im-exhibitions-1280x825.jpg\",\"datePublished\":\"2021-09-28T17:57:46+00:00\",\"dateModified\":\"2026-01-11T18:19:47+00:00\",\"description\":\"Tutte le mostre di Ant\u00f3nio Ferreira dal 2009, collettive e individuali.\",\"breadcrumb\":{\"@id\":\"https:\\\/\\\/www.antonioferreira.gallery\\\/it\\\/mostre\\\/#breadcrumb\"},\"inLanguage\":\"it-IT\",\"potentialAction\":[{\"@type\":\"ReadAction\",\"target\":[\"https:\\\/\\\/www.antonioferreira.gallery\\\/it\\\/mostre\\\/\"]}]},{\"@type\":\"ImageObject\",\"inLanguage\":\"it-IT\",\"@id\":\"https:\\\/\\\/www.antonioferreira.gallery\\\/it\\\/mostre\\\/#primaryimage\",\"url\":\"https:\\\/\\\/www.antonioferreira.gallery\\\/wp-content\\\/uploads\\\/2022\\\/03\\\/im-exhibitions-1280x825.jpg\",\"contentUrl\":\"https:\\\/\\\/www.antonioferreira.gallery\\\/wp-content\\\/uploads\\\/2022\\\/03\\\/im-exhibitions-1280x825.jpg\"},{\"@type\":\"BreadcrumbList\",\"@id\":\"https:\\\/\\\/www.antonioferreira.gallery\\\/it\\\/mostre\\\/#breadcrumb\",\"itemListElement\":[{\"@type\":\"ListItem\",\"position\":1,\"name\":\"Home\",\"item\":\"https:\\\/\\\/www.antonioferreira.gallery\\\/it\\\/\"},{\"@type\":\"ListItem\",\"position\":2,\"name\":\"Mostre\"}]},{\"@type\":\"WebSite\",\"@id\":\"https:\\\/\\\/www.antonioferreira.gallery\\\/#website\",\"url\":\"https:\\\/\\\/www.antonioferreira.gallery\\\/\",\"name\":\"Ant\u00f3nio Artur Ferreira Gallery\",\"description\":\"Visual Artist\",\"potentialAction\":[{\"@type\":\"SearchAction\",\"target\":{\"@type\":\"EntryPoint\",\"urlTemplate\":\"https:\\\/\\\/www.antonioferreira.gallery\\\/?s={search_term_string}\"},\"query-input\":{\"@type\":\"PropertyValueSpecification\",\"valueRequired\":true,\"valueName\":\"search_term_string\"}}],\"inLanguage\":\"it-IT\"}]}<\/script>\n<!-- \/ Yoast SEO plugin. -->","yoast_head_json":{"title":"Mostre - Ant\u00f3nio Artur Ferreira Gallery","description":"Tutte le mostre di Ant\u00f3nio Ferreira dal 2009, collettive e individuali.","robots":{"index":"index","follow":"follow","max-snippet":"max-snippet:-1","max-image-preview":"max-image-preview:large","max-video-preview":"max-video-preview:-1"},"canonical":"https:\/\/www.antonioferreira.gallery\/it\/mostre\/","og_locale":"it_IT","og_type":"article","og_title":"Mostre - Ant\u00f3nio Artur Ferreira Gallery","og_description":"Tutte le mostre di Ant\u00f3nio Ferreira dal 2009, collettive e individuali.","og_url":"https:\/\/www.antonioferreira.gallery\/it\/mostre\/","og_site_name":"Ant\u00f3nio Artur Ferreira Gallery","article_modified_time":"2026-01-11T18:19:47+00:00","og_image":[{"width":1920,"height":1237,"url":"https:\/\/www.antonioferreira.gallery\/wp-content\/uploads\/2022\/03\/im-exhibitions.jpg","type":"image\/jpeg"}],"twitter_misc":{"Est. reading time":"3 minutes"},"schema":{"@context":"https:\/\/schema.org","@graph":[{"@type":"WebPage","@id":"https:\/\/www.antonioferreira.gallery\/it\/mostre\/","url":"https:\/\/www.antonioferreira.gallery\/it\/mostre\/","name":"Mostre - Ant\u00f3nio Artur Ferreira Gallery","isPartOf":{"@id":"https:\/\/www.antonioferreira.gallery\/#website"},"primaryImageOfPage":{"@id":"https:\/\/www.antonioferreira.gallery\/it\/mostre\/#primaryimage"},"image":{"@id":"https:\/\/www.antonioferreira.gallery\/it\/mostre\/#primaryimage"},"thumbnailUrl":"https:\/\/www.antonioferreira.gallery\/wp-content\/uploads\/2022\/03\/im-exhibitions-1280x825.jpg","datePublished":"2021-09-28T17:57:46+00:00","dateModified":"2026-01-11T18:19:47+00:00","description":"Tutte le mostre di Ant\u00f3nio Ferreira dal 2009, collettive e individuali.","breadcrumb":{"@id":"https:\/\/www.antonioferreira.gallery\/it\/mostre\/#breadcrumb"},"inLanguage":"it-IT","potentialAction":[{"@type":"ReadAction","target":["https:\/\/www.antonioferreira.gallery\/it\/mostre\/"]}]},{"@type":"ImageObject","inLanguage":"it-IT","@id":"https:\/\/www.antonioferreira.gallery\/it\/mostre\/#primaryimage","url":"https:\/\/www.antonioferreira.gallery\/wp-content\/uploads\/2022\/03\/im-exhibitions-1280x825.jpg","contentUrl":"https:\/\/www.antonioferreira.gallery\/wp-content\/uploads\/2022\/03\/im-exhibitions-1280x825.jpg"},{"@type":"BreadcrumbList","@id":"https:\/\/www.antonioferreira.gallery\/it\/mostre\/#breadcrumb","itemListElement":[{"@type":"ListItem","position":1,"name":"Home","item":"https:\/\/www.antonioferreira.gallery\/it\/"},{"@type":"ListItem","position":2,"name":"Mostre"}]},{"@type":"WebSite","@id":"https:\/\/www.antonioferreira.gallery\/#website","url":"https:\/\/www.antonioferreira.gallery\/","name":"Ant\u00f3nio Artur Ferreira Gallery","description":"Visual Artist","potentialAction":[{"@type":"SearchAction","target":{"@type":"EntryPoint","urlTemplate":"https:\/\/www.antonioferreira.gallery\/?s={search_term_string}"},"query-input":{"@type":"PropertyValueSpecification","valueRequired":true,"valueName":"search_term_string"}}],"inLanguage":"it-IT"}]}},"_links":{"self":[{"href":"https:\/\/www.antonioferreira.gallery\/it\/wp-json\/wp\/v2\/pages\/2547","targetHints":{"allow":["GET"]}}],"collection":[{"href":"https:\/\/www.antonioferreira.gallery\/it\/wp-json\/wp\/v2\/pages"}],"about":[{"href":"https:\/\/www.antonioferreira.gallery\/it\/wp-json\/wp\/v2\/types\/page"}],"author":[{"embeddable":true,"href":"https:\/\/www.antonioferreira.gallery\/it\/wp-json\/wp\/v2\/users\/1"}],"replies":[{"embeddable":true,"href":"https:\/\/www.antonioferreira.gallery\/it\/wp-json\/wp\/v2\/comments?post=2547"}],"version-history":[{"count":10,"href":"https:\/\/www.antonioferreira.gallery\/it\/wp-json\/wp\/v2\/pages\/2547\/revisions"}],"predecessor-version":[{"id":4702,"href":"https:\/\/www.antonioferreira.gallery\/it\/wp-json\/wp\/v2\/pages\/2547\/revisions\/4702"}],"wp:attachment":[{"href":"https:\/\/www.antonioferreira.gallery\/it\/wp-json\/wp\/v2\/media?parent=2547"}],"curies":[{"name":"wp","href":"https:\/\/api.w.org\/{rel}","templated":true}]}}