{"id":2498,"date":"2015-02-15T16:30:23","date_gmt":"2015-02-15T16:30:23","guid":{"rendered":"https:\/\/www.antonioferreira.gallery\/it\/antonio-ferreira\/"},"modified":"2023-11-29T23:54:50","modified_gmt":"2023-11-29T23:54:50","slug":"antonio-ferreira","status":"publish","type":"page","link":"https:\/\/www.antonioferreira.gallery\/it\/antonio-ferreira\/","title":{"rendered":"Ant\u00f3nio Ferreira"},"content":{"rendered":"\n\t\n\t<div class=\"section  st-invert\" id=\"home-about-bio\"\t\tstyle=\"\n\t\t\tpadding-top: 40px;\t\t\tpadding-bottom: 40px;\t\t\tbackground-color: #414141;\t\t\t background-image: url('https:\/\/www.antonioferreira.gallery\/wp-content\/uploads\/2022\/02\/anotnio-about.jpg');\t\t\t\t\t\t\"\n\t\t\t\t\t>\n\n\t\n\t<section>\n\n\t\n\t\n\t<div class=\"container\">\t\t\n<p class=\"p1\"><div class=\"row\"><div class=\"col-sm-6\">\n<h5 class=\"p1\"><span style=\"color: #ededed;\"><strong>Circa l'autore<\/strong><\/span><\/h5>\n<p class=\"p1\"><span style=\"color: #ededed;\">Nel 2009, Artur Ferreira ha iniziato la sua carriera artistica con l'obiettivo di condividere le sue idee attraverso le immagini. Seguendo il principio che dipinge idee e non cose, Artur Ferreira ha deciso di dipingere la sua esperienza di vita, le sue preoccupazioni e di trasmettere un messaggio di sostenibilit\u00e0.<\/span><\/p>\n<p class=\"p1\"><span style=\"color: #ededed;\">La sua prima mostra personale si \u00e8 tenuta in Algarve nel 2014 e la seconda due anni dopo a La Coru\u00f1a (Spagna). Nel 2017, Artur Ferreira \u00e8 stato invitato a frequentare il terzo anno del corso di pittura presso la Sociedade Nacional de Belas Artes di Lisbona. Da allora ha collaborato con questa societ\u00e0 e ha partecipato a diverse mostre collettive da essa organizzate a Lisbona e Aljustrel. Nel 2023 ha esposto anche alla Galleria C\u00f3digoDesign di Porto e alla Galerias de Santo Ant\u00f3nio di Monchique (vedi Mostre).<\/span><\/p>\n<p class=\"p1\"><span style=\"color: #ededed;\">Nel 2023, la condivisione di idee attraverso le immagini \u00e8 inclusa in un libro di studio. L'opera \"Fundamentalism\" \u00e8 stata pubblicata in libri di testo di religione e commentata in centri di studio in Germania e Austria.<\/span><\/p>\n<p class=\"entry-title\" style=\"text-align: left;\"><\/div><div class=\"col-sm-6\"><\/div><\/div>\n<p class=\"entry-title\" style=\"text-align: left;\">\t<\/div> <!-- container -->\n\t\n\t\t<\/section>\n\t<\/div> <!-- section -->\n\n\t\n\t\n\t\n\t<div class=\"section  st-invert\" id=\"home-about-bio-color\"\t\tstyle=\"\n\t\t\tpadding-top: 40px;\t\t\tpadding-bottom: 40px;\t\t\tbackground-color: #ededed;\t\t\t\t\t\t\t\t\t\"\n\t\t\t\t\t>\n\n\t\n\t<section>\n\n\t\n\t\n\t<div class=\"container\">\t\t\n<p class=\"entry-title\" style=\"text-align: left;\"><div class=\"row\"><div class=\"col-sm-6\">\n<h5 class=\"entry-title\" style=\"text-align: left;\"><strong>Sull'arte<\/strong><\/h5>\n<p class=\"p1\">Le preoccupazioni di Artur si dividono in tre temi principali: <strong>temi strutturanti<\/strong>, <strong>sostenibilit\u00e0<\/strong> e <strong>scoperta di s\u00e9 e dell'altro<\/strong>. Per ognuno di questi temi esistono diverse raccolte. I <strong>temi strutturanti<\/strong> sono legati alle domande fondamentali che ci definiscono come persone: Dio, lo scopo della vita (nascere e morire) e la consapevolezza dell'infinito.<\/p>\n<p class=\"p1\">Con un'educazione e una formazione profondamente umanista, nell'ambito della <strong>sostenibilit\u00e0<\/strong> Artur dipinge collezioni sui Valori e sulla politica attuale, contribuendo a progetti in cui cittadini di diverse nazionalit\u00e0, lingue, culture, razze e religioni cercano di vivere in comunit\u00e0 con obiettivi comuni. La sostenibilit\u00e0 comprende anche i luoghi in cui le persone vivono insieme, e in questo caso l'autore sottolinea nei suoi dipinti gli elementi che rendono questi luoghi unici. La sostenibilit\u00e0 sociale \u00e8 possibile solo nel rispetto degli equilibri naturali. La natura non \u00e8 solo un tema della collezione, ma definisce anche gran parte dello stile dell'autore.<\/p>\n<p class=\"p1\">Infine, a livello pi\u00f9 individuale, c'\u00e8 il tema della <strong>scoperta di s\u00e9 e dell'altro<\/strong>. Queste collezioni sono incentrate sulla pittura delle caratteristiche personali di ogni persona e del suo rapporto con gli altri, dei suoi sentimenti e delle sue interazioni. Anche la visione di altri artisti su questi temi, espressa in altre forme d'arte, \u00e8 oggetto di alcune opere.<\/p>\n<\/div><div class=\"col-sm-6\"><div class=\"su-image-carousel  su-image-carousel-has-spacing su-image-carousel-crop su-image-carousel-crop-4-3 su-image-carousel-has-outline su-image-carousel-adaptive su-image-carousel-slides-style-minimal su-image-carousel-controls-style-light su-image-carousel-align-left\" style=\"\" data-flickity-options='{\"groupCells\":true,\"cellSelector\":\".su-image-carousel-item\",\"adaptiveHeight\":false,\"cellAlign\":\"left\",\"prevNextButtons\":false,\"pageDots\":false,\"autoPlay\":5000,\"imagesLoaded\":true,\"contain\":true,\"selectedAttraction\":0.025,\"friction\":0.28}' id=\"su_image_carousel_69fe9f1486f31\"><div class=\"su-image-carousel-item\"><div class=\"su-image-carousel-item-content\"><img loading=\"lazy\" decoding=\"async\" width=\"150\" height=\"100\" src=\"https:\/\/www.antonioferreira.gallery\/wp-content\/uploads\/2023\/11\/perfil_9320-150x100.jpg\" class=\"\" alt=\"\" srcset=\"https:\/\/www.antonioferreira.gallery\/wp-content\/uploads\/2023\/11\/perfil_9320-150x100.jpg 150w, https:\/\/www.antonioferreira.gallery\/wp-content\/uploads\/2023\/11\/perfil_9320.jpg 596w\" sizes=\"auto, (max-width: 150px) 100vw, 150px\" \/><\/div><\/div><\/div><script id=\"su_image_carousel_69fe9f1486f31_script\">if(window.SUImageCarousel){setTimeout(function() {window.SUImageCarousel.initGallery(document.getElementById(\"su_image_carousel_69fe9f1486f31\"))}, 0);}var su_image_carousel_69fe9f1486f31_script=document.getElementById(\"su_image_carousel_69fe9f1486f31_script\");if(su_image_carousel_69fe9f1486f31_script){su_image_carousel_69fe9f1486f31_script.parentNode.removeChild(su_image_carousel_69fe9f1486f31_script);}<\/script><\/div><\/div>\n<div class=\"su-spacer\" style=\"height:80px\"><\/div>\n<div class=\"row\"><div class=\"col-sm-6\"><div class=\"su-image-carousel  su-image-carousel-has-spacing su-image-carousel-crop su-image-carousel-crop-4-3 su-image-carousel-has-outline su-image-carousel-adaptive su-image-carousel-slides-style-minimal su-image-carousel-controls-style-light su-image-carousel-align-left\" style=\"\" data-flickity-options='{\"groupCells\":true,\"cellSelector\":\".su-image-carousel-item\",\"adaptiveHeight\":false,\"cellAlign\":\"left\",\"prevNextButtons\":false,\"pageDots\":false,\"autoPlay\":5000,\"imagesLoaded\":true,\"contain\":true,\"selectedAttraction\":0.025,\"friction\":0.28}' id=\"su_image_carousel_69fe9f1487be3\"><div class=\"su-image-carousel-item\"><div class=\"su-image-carousel-item-content\"><img loading=\"lazy\" decoding=\"async\" width=\"150\" height=\"100\" src=\"https:\/\/www.antonioferreira.gallery\/wp-content\/uploads\/2023\/11\/detalhe-pedra_9303-150x100.jpg\" class=\"\" alt=\"\" srcset=\"https:\/\/www.antonioferreira.gallery\/wp-content\/uploads\/2023\/11\/detalhe-pedra_9303-150x100.jpg 150w, https:\/\/www.antonioferreira.gallery\/wp-content\/uploads\/2023\/11\/detalhe-pedra_9303.jpg 383w\" sizes=\"auto, (max-width: 150px) 100vw, 150px\" \/><\/div><\/div><\/div><script id=\"su_image_carousel_69fe9f1487be3_script\">if(window.SUImageCarousel){setTimeout(function() {window.SUImageCarousel.initGallery(document.getElementById(\"su_image_carousel_69fe9f1487be3\"))}, 0);}var su_image_carousel_69fe9f1487be3_script=document.getElementById(\"su_image_carousel_69fe9f1487be3_script\");if(su_image_carousel_69fe9f1487be3_script){su_image_carousel_69fe9f1487be3_script.parentNode.removeChild(su_image_carousel_69fe9f1487be3_script);}<\/script><\/div><div class=\"col-sm-6\">\n<p class=\"p1\">In termini pittorici, Artur concilia la tecnica tradizionale <strong>della pittura a olio con l'introduzione di rocce, minerali, gemme e altri elementi nelle opere<\/strong>. L'uso di colori a olio ha lo scopo di prolungare il tempo di asciugatura, l'interazione dei colori e di esaltarne la brillantezza.<span class=\"Apple-converted-space\">\u00a0<\/span><\/p>\n<p class=\"p2\">L'introduzione di rocce, minerali e gemme ha lo scopo di promuovere la <strong>natura<\/strong> cos\u00ec com'\u00e8, diventando parte integrante del simbolismo e dell'estetica dell'opera. Essa assume una nuova complessit\u00e0 e diventa tridimensionale.<span class=\"Apple-converted-space\">\u00a0<\/span><\/p>\n<p class=\"p2\">Nell'interpretare il dipinto, lo spettatore si trova a dover conciliare le caratteristiche degli elementi naturali con le forme e i colori dell'opera, e tender\u00e0 cos\u00ec a valorizzare maggiormente la natura e la sua estetica, stabilendo un nuovo equilibrio tra cultura e natura.<\/p>\n<p class=\"entry-title\" style=\"text-align: left;\"><\/div><\/div>\t<\/div> <!-- container -->\n\t\n\t\t<\/section>\n\t<\/div> <!-- section -->\n\n\t\n\t\n","protected":false},"excerpt":{"rendered":"","protected":false},"author":1,"featured_media":0,"parent":0,"menu_order":1,"comment_status":"closed","ping_status":"closed","template":"page-full.php","meta":{"_exactmetrics_skip_tracking":false,"_exactmetrics_sitenote_active":false,"_exactmetrics_sitenote_note":"","_exactmetrics_sitenote_category":0,"footnotes":""},"class_list":["post-2498","page","type-page","status-publish","hentry"],"yoast_head":"<!-- This site is optimized with the Yoast SEO plugin v27.5 - https:\/\/yoast.com\/product\/yoast-seo-wordpress\/ -->\n<title>Ant\u00f3nio Ferreira - Ant\u00f3nio Artur Ferreira Gallery<\/title>\n<meta name=\"description\" content=\"Nel 2009, Artur Ferreira ha iniziato la sua carriera artistica con l&#039;obiettivo di condividere le sue idee attraverso le immagini...\" \/>\n<meta name=\"robots\" content=\"index, follow, max-snippet:-1, max-image-preview:large, max-video-preview:-1\" \/>\n<link rel=\"canonical\" href=\"https:\/\/www.antonioferreira.gallery\/it\/antonio-ferreira\/\" \/>\n<meta property=\"og:locale\" content=\"it_IT\" \/>\n<meta property=\"og:type\" content=\"article\" \/>\n<meta property=\"og:title\" content=\"Ant\u00f3nio Ferreira - Ant\u00f3nio Artur Ferreira Gallery\" \/>\n<meta property=\"og:description\" content=\"Nel 2009, Artur Ferreira ha iniziato la sua carriera artistica con l&#039;obiettivo di condividere le sue idee attraverso le immagini...\" \/>\n<meta property=\"og:url\" content=\"https:\/\/www.antonioferreira.gallery\/it\/antonio-ferreira\/\" \/>\n<meta property=\"og:site_name\" content=\"Ant\u00f3nio Artur Ferreira Gallery\" \/>\n<meta property=\"article:modified_time\" content=\"2023-11-29T23:54:50+00:00\" \/>\n<meta name=\"twitter:label1\" content=\"Est. reading time\" \/>\n\t<meta name=\"twitter:data1\" content=\"4 minutes\" \/>\n<script type=\"application\/ld+json\" class=\"yoast-schema-graph\">{\"@context\":\"https:\\\/\\\/schema.org\",\"@graph\":[{\"@type\":\"WebPage\",\"@id\":\"https:\\\/\\\/www.antonioferreira.gallery\\\/it\\\/antonio-ferreira\\\/\",\"url\":\"https:\\\/\\\/www.antonioferreira.gallery\\\/it\\\/antonio-ferreira\\\/\",\"name\":\"Ant\u00f3nio Ferreira - Ant\u00f3nio Artur Ferreira Gallery\",\"isPartOf\":{\"@id\":\"https:\\\/\\\/www.antonioferreira.gallery\\\/#website\"},\"datePublished\":\"2015-02-15T16:30:23+00:00\",\"dateModified\":\"2023-11-29T23:54:50+00:00\",\"description\":\"Nel 2009, Artur Ferreira ha iniziato la sua carriera artistica con l'obiettivo di condividere le sue idee attraverso le immagini...\",\"breadcrumb\":{\"@id\":\"https:\\\/\\\/www.antonioferreira.gallery\\\/it\\\/antonio-ferreira\\\/#breadcrumb\"},\"inLanguage\":\"it-IT\",\"potentialAction\":[{\"@type\":\"ReadAction\",\"target\":[\"https:\\\/\\\/www.antonioferreira.gallery\\\/it\\\/antonio-ferreira\\\/\"]}]},{\"@type\":\"BreadcrumbList\",\"@id\":\"https:\\\/\\\/www.antonioferreira.gallery\\\/it\\\/antonio-ferreira\\\/#breadcrumb\",\"itemListElement\":[{\"@type\":\"ListItem\",\"position\":1,\"name\":\"Home\",\"item\":\"https:\\\/\\\/www.antonioferreira.gallery\\\/it\\\/\"},{\"@type\":\"ListItem\",\"position\":2,\"name\":\"Ant\u00f3nio Ferreira\"}]},{\"@type\":\"WebSite\",\"@id\":\"https:\\\/\\\/www.antonioferreira.gallery\\\/#website\",\"url\":\"https:\\\/\\\/www.antonioferreira.gallery\\\/\",\"name\":\"Ant\u00f3nio Artur Ferreira Gallery\",\"description\":\"Visual Artist\",\"potentialAction\":[{\"@type\":\"SearchAction\",\"target\":{\"@type\":\"EntryPoint\",\"urlTemplate\":\"https:\\\/\\\/www.antonioferreira.gallery\\\/?s={search_term_string}\"},\"query-input\":{\"@type\":\"PropertyValueSpecification\",\"valueRequired\":true,\"valueName\":\"search_term_string\"}}],\"inLanguage\":\"it-IT\"}]}<\/script>\n<!-- \/ Yoast SEO plugin. -->","yoast_head_json":{"title":"Ant\u00f3nio Ferreira - Ant\u00f3nio Artur Ferreira Gallery","description":"Nel 2009, Artur Ferreira ha iniziato la sua carriera artistica con l'obiettivo di condividere le sue idee attraverso le immagini...","robots":{"index":"index","follow":"follow","max-snippet":"max-snippet:-1","max-image-preview":"max-image-preview:large","max-video-preview":"max-video-preview:-1"},"canonical":"https:\/\/www.antonioferreira.gallery\/it\/antonio-ferreira\/","og_locale":"it_IT","og_type":"article","og_title":"Ant\u00f3nio Ferreira - Ant\u00f3nio Artur Ferreira Gallery","og_description":"Nel 2009, Artur Ferreira ha iniziato la sua carriera artistica con l'obiettivo di condividere le sue idee attraverso le immagini...","og_url":"https:\/\/www.antonioferreira.gallery\/it\/antonio-ferreira\/","og_site_name":"Ant\u00f3nio Artur Ferreira Gallery","article_modified_time":"2023-11-29T23:54:50+00:00","twitter_misc":{"Est. reading time":"4 minutes"},"schema":{"@context":"https:\/\/schema.org","@graph":[{"@type":"WebPage","@id":"https:\/\/www.antonioferreira.gallery\/it\/antonio-ferreira\/","url":"https:\/\/www.antonioferreira.gallery\/it\/antonio-ferreira\/","name":"Ant\u00f3nio Ferreira - Ant\u00f3nio Artur Ferreira Gallery","isPartOf":{"@id":"https:\/\/www.antonioferreira.gallery\/#website"},"datePublished":"2015-02-15T16:30:23+00:00","dateModified":"2023-11-29T23:54:50+00:00","description":"Nel 2009, Artur Ferreira ha iniziato la sua carriera artistica con l'obiettivo di condividere le sue idee attraverso le immagini...","breadcrumb":{"@id":"https:\/\/www.antonioferreira.gallery\/it\/antonio-ferreira\/#breadcrumb"},"inLanguage":"it-IT","potentialAction":[{"@type":"ReadAction","target":["https:\/\/www.antonioferreira.gallery\/it\/antonio-ferreira\/"]}]},{"@type":"BreadcrumbList","@id":"https:\/\/www.antonioferreira.gallery\/it\/antonio-ferreira\/#breadcrumb","itemListElement":[{"@type":"ListItem","position":1,"name":"Home","item":"https:\/\/www.antonioferreira.gallery\/it\/"},{"@type":"ListItem","position":2,"name":"Ant\u00f3nio Ferreira"}]},{"@type":"WebSite","@id":"https:\/\/www.antonioferreira.gallery\/#website","url":"https:\/\/www.antonioferreira.gallery\/","name":"Ant\u00f3nio Artur Ferreira Gallery","description":"Visual Artist","potentialAction":[{"@type":"SearchAction","target":{"@type":"EntryPoint","urlTemplate":"https:\/\/www.antonioferreira.gallery\/?s={search_term_string}"},"query-input":{"@type":"PropertyValueSpecification","valueRequired":true,"valueName":"search_term_string"}}],"inLanguage":"it-IT"}]}},"_links":{"self":[{"href":"https:\/\/www.antonioferreira.gallery\/it\/wp-json\/wp\/v2\/pages\/2498","targetHints":{"allow":["GET"]}}],"collection":[{"href":"https:\/\/www.antonioferreira.gallery\/it\/wp-json\/wp\/v2\/pages"}],"about":[{"href":"https:\/\/www.antonioferreira.gallery\/it\/wp-json\/wp\/v2\/types\/page"}],"author":[{"embeddable":true,"href":"https:\/\/www.antonioferreira.gallery\/it\/wp-json\/wp\/v2\/users\/1"}],"replies":[{"embeddable":true,"href":"https:\/\/www.antonioferreira.gallery\/it\/wp-json\/wp\/v2\/comments?post=2498"}],"version-history":[{"count":3,"href":"https:\/\/www.antonioferreira.gallery\/it\/wp-json\/wp\/v2\/pages\/2498\/revisions"}],"predecessor-version":[{"id":3541,"href":"https:\/\/www.antonioferreira.gallery\/it\/wp-json\/wp\/v2\/pages\/2498\/revisions\/3541"}],"wp:attachment":[{"href":"https:\/\/www.antonioferreira.gallery\/it\/wp-json\/wp\/v2\/media?parent=2498"}],"curies":[{"name":"wp","href":"https:\/\/api.w.org\/{rel}","templated":true}]}}