{"id":2986,"date":"2015-02-22T16:01:54","date_gmt":"2015-02-22T16:01:54","guid":{"rendered":"https:\/\/www.antonioferreira.gallery\/fr\/politica\/"},"modified":"2023-12-10T17:57:09","modified_gmt":"2023-12-10T17:57:09","slug":"interventioni","status":"publish","type":"page","link":"https:\/\/www.antonioferreira.gallery\/fr\/interventioni\/","title":{"rendered":"Intervention"},"content":{"rendered":"<p style=\"text-align: left;\">\n\t\n\t<div class=\"section \" \t\tstyle=\"\n\t\t\t\t\t\t\t\t\tbackground-color: #ededed;\t\t\t\t\t\t\t\t\t\"\n\t\t\t\t\t>\n\n\t\n\t<section>\n\n\t\n\t\n\t<div class=\"container\">\t\t\n<h5 style=\"text-align: center;\"><span style=\"color: #414141;\"><div class=\"row\"><div class=\"col-sm-12\">Soutenabilit\u00e9<\/div><\/div><\/span><\/h5>\n<h2 style=\"text-align: center;\"><span style=\"color: #414141;\"><div class=\"row\"><div class=\"col-sm-12\">Intervention<\/div><\/div><\/span><\/h2>\n<p style=\"margin-top: 0cm; text-align: left;\"><div class=\"su-spacer\" style=\"height:50px\"><\/div>\n\n\t\n\t<ul id=\"gallery-25\"\n\t    class=\"gallery gl-cols-3 gl-pinterest\"\n\t    data-options=\"id: gallery-25; category: 123; type: pinterest; items_per_page: 200; columns_count: 3; show_load_more: no; show_filter: no; fixed_items: fixed; load_on_scroll: no; preview_full_size: no; preview_show_zoom: yes; preview_show_readmore: yes; preview_show_share: yes; ajax_action: mental_gallery; \">\n\n\t\t\n   \n\t\t\t\t<li class=\"gl-item gl-loading          \"\n\t\t\tdata-category=\"intervention\">\n\n\t\t\t<a href=\"https:\/\/www.antonioferreira.gallery\/fr\/gallery\/migracoes\/\">\n\t\t\t\t<figure>\n\t\t\t\t\t\t\t\t\t\t\t<img decoding=\"async\" src=\"https:\/\/www.antonioferreira.gallery\/wp-content\/uploads\/2023\/11\/Migracoes-700x460.jpg\" class=\"attachment-medium size-medium wp-post-image\" alt=\"\" srcset=\"https:\/\/www.antonioferreira.gallery\/wp-content\/uploads\/2023\/11\/Migracoes-700x460.jpg 700w, https:\/\/www.antonioferreira.gallery\/wp-content\/uploads\/2023\/11\/Migracoes-1280x840.jpg 1280w, https:\/\/www.antonioferreira.gallery\/wp-content\/uploads\/2023\/11\/Migracoes-150x98.jpg 150w, https:\/\/www.antonioferreira.gallery\/wp-content\/uploads\/2023\/11\/Migracoes-768x504.jpg 768w, https:\/\/www.antonioferreira.gallery\/wp-content\/uploads\/2023\/11\/Migracoes-1536x1009.jpg 1536w, https:\/\/www.antonioferreira.gallery\/wp-content\/uploads\/2023\/11\/Migracoes-2048x1345.jpg 2048w\" sizes=\"(max-width: 700px) 100vw, 700px\" \/>\t\t\t\t\t\t\t\t\t\t<figcaption>\n\t\t\t\t\t\t<div class=\"middle\">\n\t\t\t\t\t\t\t<div class=\"middle-inner\">\n\n\t\t\t\t\t\t\t\t\n\t\t\t\t\t\t\t\t<p class=\"gl-item-title\">Migrations<\/p>\n\n\t\t\t\t\t\t\t\t\t\t\t\t\t\t\t\t\t<p class=\"gl-item-descr\">Huile sur toile comportant 5 agates, 1 noyau d&#8217;agrumes et une fluorite.<\/p>\n\t\t\t\t\t\t\t\t\n\t\t\t\t\t\t\t<\/div>\n\t\t\t\t\t\t<\/div>\n\t\t\t\t\t<\/figcaption>\n\t\t\t\t<\/figure>\n\t\t\t<\/a>\n\n\t\t\t\n\t\t<\/li>\n\n\t\n\t\t\t\t<li class=\"gl-item gl-loading          \"\n\t\t\tdata-category=\"intervention\">\n\n\t\t\t<a href=\"https:\/\/www.antonioferreira.gallery\/fr\/gallery\/ukraine-la-fin-du-mythe-de-la-liberation-russe\/\">\n\t\t\t\t<figure>\n\t\t\t\t\t\t\t\t\t\t\t<img decoding=\"async\" src=\"https:\/\/www.antonioferreira.gallery\/wp-content\/uploads\/2024\/11\/ucrania-700x423.jpg\" class=\"attachment-medium size-medium wp-post-image\" alt=\"\" srcset=\"https:\/\/www.antonioferreira.gallery\/wp-content\/uploads\/2024\/11\/ucrania-700x423.jpg 700w, https:\/\/www.antonioferreira.gallery\/wp-content\/uploads\/2024\/11\/ucrania-1280x774.jpg 1280w, https:\/\/www.antonioferreira.gallery\/wp-content\/uploads\/2024\/11\/ucrania-150x91.jpg 150w, https:\/\/www.antonioferreira.gallery\/wp-content\/uploads\/2024\/11\/ucrania-768x465.jpg 768w, https:\/\/www.antonioferreira.gallery\/wp-content\/uploads\/2024\/11\/ucrania-1536x929.jpg 1536w, https:\/\/www.antonioferreira.gallery\/wp-content\/uploads\/2024\/11\/ucrania-2048x1239.jpg 2048w\" sizes=\"(max-width: 700px) 100vw, 700px\" \/>\t\t\t\t\t\t\t\t\t\t<figcaption>\n\t\t\t\t\t\t<div class=\"middle\">\n\t\t\t\t\t\t\t<div class=\"middle-inner\">\n\n\t\t\t\t\t\t\t\t\n\t\t\t\t\t\t\t\t<p class=\"gl-item-title\">Ukraine : La fin du mythe de la lib\u00e9ration russe<\/p>\n\n\t\t\t\t\t\t\t\t\t\t\t\t\t\t\t\t\t<p class=\"gl-item-descr\">Huile sur toile avec collage min\u00e9ral de realgar Ce qui semble n&#39;est pas toujours ce qui est.<\/p>\n\t\t\t\t\t\t\t\t\n\t\t\t\t\t\t\t<\/div>\n\t\t\t\t\t\t<\/div>\n\t\t\t\t\t<\/figcaption>\n\t\t\t\t<\/figure>\n\t\t\t<\/a>\n\n\t\t\t\n\t\t<\/li>\n\n\t\n\t\t\t\t<li class=\"gl-item gl-loading          \"\n\t\t\tdata-category=\"intervention\">\n\n\t\t\t<a href=\"https:\/\/www.antonioferreira.gallery\/fr\/gallery\/identite-europeenne\/\">\n\t\t\t\t<figure>\n\t\t\t\t\t\t\t\t\t\t\t<img decoding=\"async\" src=\"https:\/\/www.antonioferreira.gallery\/wp-content\/uploads\/2015\/02\/Identidade-europeia-700x345.jpg\" class=\"attachment-medium size-medium wp-post-image\" alt=\"\" srcset=\"https:\/\/www.antonioferreira.gallery\/wp-content\/uploads\/2015\/02\/Identidade-europeia-700x345.jpg 700w, https:\/\/www.antonioferreira.gallery\/wp-content\/uploads\/2015\/02\/Identidade-europeia-150x74.jpg 150w, https:\/\/www.antonioferreira.gallery\/wp-content\/uploads\/2015\/02\/Identidade-europeia-1280x631.jpg 1280w, https:\/\/www.antonioferreira.gallery\/wp-content\/uploads\/2015\/02\/Identidade-europeia.jpg 1892w\" sizes=\"(max-width: 700px) 100vw, 700px\" \/>\t\t\t\t\t\t\t\t\t\t<figcaption>\n\t\t\t\t\t\t<div class=\"middle\">\n\t\t\t\t\t\t\t<div class=\"middle-inner\">\n\n\t\t\t\t\t\t\t\t\n\t\t\t\t\t\t\t\t<p class=\"gl-item-title\">Identit\u00e9 Europ\u00e9enne<\/p>\n\n\t\t\t\t\t\t\t\t\t\t\t\t\t\t\t\t\t<p class=\"gl-item-descr\">Huile sur toile et corail<\/p>\n\t\t\t\t\t\t\t\t\n\t\t\t\t\t\t\t<\/div>\n\t\t\t\t\t\t<\/div>\n\t\t\t\t\t<\/figcaption>\n\t\t\t\t<\/figure>\n\t\t\t<\/a>\n\n\t\t\t\n\t\t<\/li>\n\n\t\n\t\t\t\t<li class=\"gl-item gl-loading          \"\n\t\t\tdata-category=\"intervention\">\n\n\t\t\t<a href=\"https:\/\/www.antonioferreira.gallery\/fr\/gallery\/autoritarisme-ou-democratie\/\">\n\t\t\t\t<figure>\n\t\t\t\t\t\t\t\t\t\t\t<img decoding=\"async\" src=\"https:\/\/www.antonioferreira.gallery\/wp-content\/uploads\/2024\/11\/Autoritarismo-ou-democracia_2-554x700.jpg\" class=\"attachment-medium size-medium wp-post-image\" alt=\"\" srcset=\"https:\/\/www.antonioferreira.gallery\/wp-content\/uploads\/2024\/11\/Autoritarismo-ou-democracia_2-554x700.jpg 554w, https:\/\/www.antonioferreira.gallery\/wp-content\/uploads\/2024\/11\/Autoritarismo-ou-democracia_2-1013x1280.jpg 1013w, https:\/\/www.antonioferreira.gallery\/wp-content\/uploads\/2024\/11\/Autoritarismo-ou-democracia_2-119x150.jpg 119w, https:\/\/www.antonioferreira.gallery\/wp-content\/uploads\/2024\/11\/Autoritarismo-ou-democracia_2-768x970.jpg 768w, https:\/\/www.antonioferreira.gallery\/wp-content\/uploads\/2024\/11\/Autoritarismo-ou-democracia_2-1216x1536.jpg 1216w, https:\/\/www.antonioferreira.gallery\/wp-content\/uploads\/2024\/11\/Autoritarismo-ou-democracia_2-1621x2048.jpg 1621w, https:\/\/www.antonioferreira.gallery\/wp-content\/uploads\/2024\/11\/Autoritarismo-ou-democracia_2-scaled.jpg 2026w\" sizes=\"(max-width: 554px) 100vw, 554px\" \/>\t\t\t\t\t\t\t\t\t\t<figcaption>\n\t\t\t\t\t\t<div class=\"middle\">\n\t\t\t\t\t\t\t<div class=\"middle-inner\">\n\n\t\t\t\t\t\t\t\t\n\t\t\t\t\t\t\t\t<p class=\"gl-item-title\">Autoritarisme ou d\u00e9mocratie<\/p>\n\n\t\t\t\t\t\t\t\t\t\t\t\t\t\t\t\t\t<p class=\"gl-item-descr\">Huile sur toile avec deux agates, une tourmaline noire, un morceau de nacre et une labradorite. Seule la d\u00e9mocratie permet...<\/p>\n\t\t\t\t\t\t\t\t\n\t\t\t\t\t\t\t<\/div>\n\t\t\t\t\t\t<\/div>\n\t\t\t\t\t<\/figcaption>\n\t\t\t\t<\/figure>\n\t\t\t<\/a>\n\n\t\t\t\n\t\t<\/li>\n\n\t\n\t\t\t\t<li class=\"gl-item gl-loading          \"\n\t\t\tdata-category=\"intervention\">\n\n\t\t\t<a href=\"https:\/\/www.antonioferreira.gallery\/fr\/gallery\/guerre-et-paix-au-21eme-siecle\/\">\n\t\t\t\t<figure>\n\t\t\t\t\t\t\t\t\t\t\t<img decoding=\"async\" src=\"https:\/\/www.antonioferreira.gallery\/wp-content\/uploads\/2023\/11\/Guerra-e-Paz-no-sec-XXI-462x700.jpg\" class=\"attachment-medium size-medium wp-post-image\" alt=\"\" srcset=\"https:\/\/www.antonioferreira.gallery\/wp-content\/uploads\/2023\/11\/Guerra-e-Paz-no-sec-XXI-462x700.jpg 462w, https:\/\/www.antonioferreira.gallery\/wp-content\/uploads\/2023\/11\/Guerra-e-Paz-no-sec-XXI-846x1280.jpg 846w, https:\/\/www.antonioferreira.gallery\/wp-content\/uploads\/2023\/11\/Guerra-e-Paz-no-sec-XXI-99x150.jpg 99w, https:\/\/www.antonioferreira.gallery\/wp-content\/uploads\/2023\/11\/Guerra-e-Paz-no-sec-XXI-768x1163.jpg 768w, https:\/\/www.antonioferreira.gallery\/wp-content\/uploads\/2023\/11\/Guerra-e-Paz-no-sec-XXI.jpg 950w\" sizes=\"(max-width: 462px) 100vw, 462px\" \/>\t\t\t\t\t\t\t\t\t\t<figcaption>\n\t\t\t\t\t\t<div class=\"middle\">\n\t\t\t\t\t\t\t<div class=\"middle-inner\">\n\n\t\t\t\t\t\t\t\t\n\t\t\t\t\t\t\t\t<p class=\"gl-item-title\">Guerre et paix au 21\u00e8me si\u00e8cle<\/p>\n\n\t\t\t\t\t\t\t\t\t\t\t\t\t\t\t\t\t<p class=\"gl-item-descr\">\u00d3leo sobre tela<\/p>\n\t\t\t\t\t\t\t\t\n\t\t\t\t\t\t\t<\/div>\n\t\t\t\t\t\t<\/div>\n\t\t\t\t\t<\/figcaption>\n\t\t\t\t<\/figure>\n\t\t\t<\/a>\n\n\t\t\t\n\t\t<\/li>\n\n\t\n\t\t\t\t<li class=\"gl-item gl-loading          \"\n\t\t\tdata-category=\"intervention\">\n\n\t\t\t<a href=\"https:\/\/www.antonioferreira.gallery\/fr\/gallery\/minorites\/\">\n\t\t\t\t<figure>\n\t\t\t\t\t\t\t\t\t\t\t<img decoding=\"async\" src=\"https:\/\/www.antonioferreira.gallery\/wp-content\/uploads\/2023\/11\/Minorias-1-465x700.jpg\" class=\"attachment-medium size-medium wp-post-image\" alt=\"\" srcset=\"https:\/\/www.antonioferreira.gallery\/wp-content\/uploads\/2023\/11\/Minorias-1-465x700.jpg 465w, https:\/\/www.antonioferreira.gallery\/wp-content\/uploads\/2023\/11\/Minorias-1-850x1280.jpg 850w, https:\/\/www.antonioferreira.gallery\/wp-content\/uploads\/2023\/11\/Minorias-1-100x150.jpg 100w, https:\/\/www.antonioferreira.gallery\/wp-content\/uploads\/2023\/11\/Minorias-1-768x1156.jpg 768w, https:\/\/www.antonioferreira.gallery\/wp-content\/uploads\/2023\/11\/Minorias-1-1020x1536.jpg 1020w, https:\/\/www.antonioferreira.gallery\/wp-content\/uploads\/2023\/11\/Minorias-1.jpg 1327w\" sizes=\"(max-width: 465px) 100vw, 465px\" \/>\t\t\t\t\t\t\t\t\t\t<figcaption>\n\t\t\t\t\t\t<div class=\"middle\">\n\t\t\t\t\t\t\t<div class=\"middle-inner\">\n\n\t\t\t\t\t\t\t\t\n\t\t\t\t\t\t\t\t<p class=\"gl-item-title\">Minorit\u00e9s<\/p>\n\n\t\t\t\t\t\t\t\t\t\t\t\t\t\t\t\t\t<p class=\"gl-item-descr\">Huile sur toile avec g\u00e9ode de quartz et 2 agates<\/p>\n\t\t\t\t\t\t\t\t\n\t\t\t\t\t\t\t<\/div>\n\t\t\t\t\t\t<\/div>\n\t\t\t\t\t<\/figcaption>\n\t\t\t\t<\/figure>\n\t\t\t<\/a>\n\n\t\t\t\n\t\t<\/li>\n\n\t\n\t\t\t\t<li class=\"gl-item gl-loading          \"\n\t\t\tdata-category=\"intervention\">\n\n\t\t\t<a href=\"https:\/\/www.antonioferreira.gallery\/fr\/gallery\/ich-bin-ein-berliner\/\">\n\t\t\t\t<figure>\n\t\t\t\t\t\t\t\t\t\t\t<img decoding=\"async\" src=\"https:\/\/www.antonioferreira.gallery\/wp-content\/uploads\/2015\/02\/Berliner1-507x700.gif\" class=\"attachment-medium size-medium wp-post-image\" alt=\"\" srcset=\"https:\/\/www.antonioferreira.gallery\/wp-content\/uploads\/2015\/02\/Berliner1-507x700.gif 507w, https:\/\/www.antonioferreira.gallery\/wp-content\/uploads\/2015\/02\/Berliner1-109x150.gif 109w, https:\/\/www.antonioferreira.gallery\/wp-content\/uploads\/2015\/02\/Berliner1-928x1280.gif 928w\" sizes=\"(max-width: 507px) 100vw, 507px\" \/>\t\t\t\t\t\t\t\t\t\t<figcaption>\n\t\t\t\t\t\t<div class=\"middle\">\n\t\t\t\t\t\t\t<div class=\"middle-inner\">\n\n\t\t\t\t\t\t\t\t\n\t\t\t\t\t\t\t\t<p class=\"gl-item-title\">Ich bin ein Berliner<\/p>\n\n\t\t\t\t\t\t\t\t\t\t\t\t\t\t\t\t\t<p class=\"gl-item-descr\">Huile sur toile<\/p>\n\t\t\t\t\t\t\t\t\n\t\t\t\t\t\t\t<\/div>\n\t\t\t\t\t\t<\/div>\n\t\t\t\t\t<\/figcaption>\n\t\t\t\t<\/figure>\n\t\t\t<\/a>\n\n\t\t\t\n\t\t<\/li>\n\n\t\n\t\t\t\t<li class=\"gl-item gl-loading          \"\n\t\t\tdata-category=\"intervention\">\n\n\t\t\t<a href=\"https:\/\/www.antonioferreira.gallery\/fr\/gallery\/euro\/\">\n\t\t\t\t<figure>\n\t\t\t\t\t\t\t\t\t\t\t<img decoding=\"async\" src=\"https:\/\/www.antonioferreira.gallery\/wp-content\/uploads\/2015\/02\/Euro-497x700.jpg\" class=\"attachment-medium size-medium wp-post-image\" alt=\"\" srcset=\"https:\/\/www.antonioferreira.gallery\/wp-content\/uploads\/2015\/02\/Euro-497x700.jpg 497w, https:\/\/www.antonioferreira.gallery\/wp-content\/uploads\/2015\/02\/Euro-106x150.jpg 106w, https:\/\/www.antonioferreira.gallery\/wp-content\/uploads\/2015\/02\/Euro-908x1280.jpg 908w, https:\/\/www.antonioferreira.gallery\/wp-content\/uploads\/2015\/02\/Euro.jpg 1320w\" sizes=\"(max-width: 497px) 100vw, 497px\" \/>\t\t\t\t\t\t\t\t\t\t<figcaption>\n\t\t\t\t\t\t<div class=\"middle\">\n\t\t\t\t\t\t\t<div class=\"middle-inner\">\n\n\t\t\t\t\t\t\t\t\n\t\t\t\t\t\t\t\t<p class=\"gl-item-title\">Construire l&#8217;euro<\/p>\n\n\t\t\t\t\t\t\t\t\t\t\t\t\t\t\t\t\t<p class=\"gl-item-descr\">Huile sur toile<\/p>\n\t\t\t\t\t\t\t\t\n\t\t\t\t\t\t\t<\/div>\n\t\t\t\t\t\t<\/div>\n\t\t\t\t\t<\/figcaption>\n\t\t\t\t<\/figure>\n\t\t\t<\/a>\n\n\t\t\t\n\t\t<\/li>\n\n\t\n\t\t\t\t<li class=\"gl-item gl-loading          \"\n\t\t\tdata-category=\"intervention\">\n\n\t\t\t<a href=\"https:\/\/www.antonioferreira.gallery\/fr\/gallery\/assaut-des-dettes-souveraines\/\">\n\t\t\t\t<figure>\n\t\t\t\t\t\t\t\t\t\t\t<img decoding=\"async\" src=\"https:\/\/www.antonioferreira.gallery\/wp-content\/uploads\/2015\/02\/Dividas-soberanas1-489x700.gif\" class=\"attachment-medium size-medium wp-post-image\" alt=\"\" srcset=\"https:\/\/www.antonioferreira.gallery\/wp-content\/uploads\/2015\/02\/Dividas-soberanas1-489x700.gif 489w, https:\/\/www.antonioferreira.gallery\/wp-content\/uploads\/2015\/02\/Dividas-soberanas1-105x150.gif 105w, https:\/\/www.antonioferreira.gallery\/wp-content\/uploads\/2015\/02\/Dividas-soberanas1-893x1280.gif 893w\" sizes=\"(max-width: 489px) 100vw, 489px\" \/>\t\t\t\t\t\t\t\t\t\t<figcaption>\n\t\t\t\t\t\t<div class=\"middle\">\n\t\t\t\t\t\t\t<div class=\"middle-inner\">\n\n\t\t\t\t\t\t\t\t\n\t\t\t\t\t\t\t\t<p class=\"gl-item-title\">\u00c0 l&#8217;assaut des dettes souveraines<\/p>\n\n\t\t\t\t\t\t\t\t\t\t\t\t\t\t\t\t\t<p class=\"gl-item-descr\">Huile sur toile<\/p>\n\t\t\t\t\t\t\t\t\n\t\t\t\t\t\t\t<\/div>\n\t\t\t\t\t\t<\/div>\n\t\t\t\t\t<\/figcaption>\n\t\t\t\t<\/figure>\n\t\t\t<\/a>\n\n\t\t\t\n\t\t<\/li>\n\n\t\n\t\t\t\t<li class=\"gl-item gl-loading          \"\n\t\t\tdata-category=\"intervention\">\n\n\t\t\t<a href=\"https:\/\/www.antonioferreira.gallery\/fr\/gallery\/recession\/\">\n\t\t\t\t<figure>\n\t\t\t\t\t\t\t\t\t\t\t<img decoding=\"async\" src=\"https:\/\/www.antonioferreira.gallery\/wp-content\/uploads\/2015\/02\/Recessao1-493x700.gif\" class=\"attachment-medium size-medium wp-post-image\" alt=\"\" srcset=\"https:\/\/www.antonioferreira.gallery\/wp-content\/uploads\/2015\/02\/Recessao1-493x700.gif 493w, https:\/\/www.antonioferreira.gallery\/wp-content\/uploads\/2015\/02\/Recessao1-901x1280.gif 901w, https:\/\/www.antonioferreira.gallery\/wp-content\/uploads\/2015\/02\/Recessao1-106x150.gif 106w, https:\/\/www.antonioferreira.gallery\/wp-content\/uploads\/2015\/02\/Recessao1-768x1091.gif 768w, https:\/\/www.antonioferreira.gallery\/wp-content\/uploads\/2015\/02\/Recessao1-1081x1536.gif 1081w\" sizes=\"(max-width: 493px) 100vw, 493px\" \/>\t\t\t\t\t\t\t\t\t\t<figcaption>\n\t\t\t\t\t\t<div class=\"middle\">\n\t\t\t\t\t\t\t<div class=\"middle-inner\">\n\n\t\t\t\t\t\t\t\t\n\t\t\t\t\t\t\t\t<p class=\"gl-item-title\">R\u00e9cession<\/p>\n\n\t\t\t\t\t\t\t\t\t\t\t\t\t\t\t\t\t<p class=\"gl-item-descr\">Huile sur toile<\/p>\n\t\t\t\t\t\t\t\t\n\t\t\t\t\t\t\t<\/div>\n\t\t\t\t\t\t<\/div>\n\t\t\t\t\t<\/figcaption>\n\t\t\t\t<\/figure>\n\t\t\t<\/a>\n\n\t\t\t\n\t\t<\/li>\n\n\t\n\t\t\t\t<li class=\"gl-item gl-loading          \"\n\t\t\tdata-category=\"intervention\">\n\n\t\t\t<a href=\"https:\/\/www.antonioferreira.gallery\/fr\/gallery\/cohesion-sociale\/\">\n\t\t\t\t<figure>\n\t\t\t\t\t\t\t\t\t\t\t<img decoding=\"async\" src=\"https:\/\/www.antonioferreira.gallery\/wp-content\/uploads\/2015\/02\/Coesao-social-700x697.jpg\" class=\"attachment-medium size-medium wp-post-image\" alt=\"\" srcset=\"https:\/\/www.antonioferreira.gallery\/wp-content\/uploads\/2015\/02\/Coesao-social-700x697.jpg 700w, https:\/\/www.antonioferreira.gallery\/wp-content\/uploads\/2015\/02\/Coesao-social-1280x1275.jpg 1280w, https:\/\/www.antonioferreira.gallery\/wp-content\/uploads\/2015\/02\/Coesao-social-150x150.jpg 150w, https:\/\/www.antonioferreira.gallery\/wp-content\/uploads\/2015\/02\/Coesao-social-768x765.jpg 768w, https:\/\/www.antonioferreira.gallery\/wp-content\/uploads\/2015\/02\/Coesao-social.jpg 1317w\" sizes=\"(max-width: 700px) 100vw, 700px\" \/>\t\t\t\t\t\t\t\t\t\t<figcaption>\n\t\t\t\t\t\t<div class=\"middle\">\n\t\t\t\t\t\t\t<div class=\"middle-inner\">\n\n\t\t\t\t\t\t\t\t\n\t\t\t\t\t\t\t\t<p class=\"gl-item-title\">Coh\u00e9sion sociale<\/p>\n\n\t\t\t\t\t\t\t\t\t\t\t\t\t\t\t\t\t<p class=\"gl-item-descr\">Huile sur toile<\/p>\n\t\t\t\t\t\t\t\t\n\t\t\t\t\t\t\t<\/div>\n\t\t\t\t\t\t<\/div>\n\t\t\t\t\t<\/figcaption>\n\t\t\t\t<\/figure>\n\t\t\t<\/a>\n\n\t\t\t\n\t\t<\/li>\n\n\t\t<\/ul> <!-- gallery -->\n\n\t\n\t\n\t\t<\/div> <!-- container -->\n\t\n\t\t<\/section>\n\t<\/div> <!-- section -->\n\n\t\n\t\n","protected":false},"excerpt":{"rendered":"","protected":false},"author":1,"featured_media":0,"parent":0,"menu_order":0,"comment_status":"open","ping_status":"closed","template":"page-full.php","meta":{"_exactmetrics_skip_tracking":false,"_exactmetrics_sitenote_active":false,"_exactmetrics_sitenote_note":"","_exactmetrics_sitenote_category":0,"footnotes":""},"class_list":["post-2986","page","type-page","status-publish","hentry"],"yoast_head":"<!-- This site is optimized with the Yoast SEO plugin v27.5 - https:\/\/yoast.com\/product\/yoast-seo-wordpress\/ -->\n<title>Intervention - Ant\u00f3nio Artur Ferreira Gallery<\/title>\n<meta name=\"description\" content=\"Uma das colec\u00e7\u00f5es de Ant\u00f3nio Artur Ferreira \u00e9 Sustentabilidade - Interven\u00e7\u00e3o, onde podemos encontrar pinturas sobre os mesmos.\" \/>\n<meta name=\"robots\" content=\"index, follow, max-snippet:-1, max-image-preview:large, max-video-preview:-1\" \/>\n<link rel=\"canonical\" href=\"https:\/\/www.antonioferreira.gallery\/fr\/interventioni\/\" \/>\n<meta property=\"og:locale\" content=\"fr_FR\" \/>\n<meta property=\"og:type\" content=\"article\" \/>\n<meta property=\"og:title\" content=\"Intervention - Ant\u00f3nio Artur Ferreira Gallery\" \/>\n<meta property=\"og:description\" content=\"Uma das colec\u00e7\u00f5es de Ant\u00f3nio Artur Ferreira \u00e9 Sustentabilidade - Interven\u00e7\u00e3o, onde podemos encontrar pinturas sobre os mesmos.\" \/>\n<meta property=\"og:url\" content=\"https:\/\/www.antonioferreira.gallery\/fr\/interventioni\/\" \/>\n<meta property=\"og:site_name\" content=\"Ant\u00f3nio Artur Ferreira Gallery\" \/>\n<meta property=\"article:modified_time\" content=\"2023-12-10T17:57:09+00:00\" \/>\n<meta name=\"twitter:label1\" content=\"Est. reading time\" \/>\n\t<meta name=\"twitter:data1\" content=\"1 minute\" \/>\n<script type=\"application\/ld+json\" class=\"yoast-schema-graph\">{\"@context\":\"https:\\\/\\\/schema.org\",\"@graph\":[{\"@type\":\"WebPage\",\"@id\":\"https:\\\/\\\/www.antonioferreira.gallery\\\/fr\\\/interventioni\\\/\",\"url\":\"https:\\\/\\\/www.antonioferreira.gallery\\\/fr\\\/interventioni\\\/\",\"name\":\"Intervention - Ant\u00f3nio Artur Ferreira Gallery\",\"isPartOf\":{\"@id\":\"https:\\\/\\\/www.antonioferreira.gallery\\\/#website\"},\"datePublished\":\"2015-02-22T16:01:54+00:00\",\"dateModified\":\"2023-12-10T17:57:09+00:00\",\"description\":\"Uma das colec\u00e7\u00f5es de Ant\u00f3nio Artur Ferreira \u00e9 Sustentabilidade - Interven\u00e7\u00e3o, onde podemos encontrar pinturas sobre os mesmos.\",\"breadcrumb\":{\"@id\":\"https:\\\/\\\/www.antonioferreira.gallery\\\/fr\\\/interventioni\\\/#breadcrumb\"},\"inLanguage\":\"fr-FR\",\"potentialAction\":[{\"@type\":\"ReadAction\",\"target\":[\"https:\\\/\\\/www.antonioferreira.gallery\\\/fr\\\/interventioni\\\/\"]}]},{\"@type\":\"BreadcrumbList\",\"@id\":\"https:\\\/\\\/www.antonioferreira.gallery\\\/fr\\\/interventioni\\\/#breadcrumb\",\"itemListElement\":[{\"@type\":\"ListItem\",\"position\":1,\"name\":\"Home\",\"item\":\"https:\\\/\\\/www.antonioferreira.gallery\\\/fr\\\/\"},{\"@type\":\"ListItem\",\"position\":2,\"name\":\"Intervention\"}]},{\"@type\":\"WebSite\",\"@id\":\"https:\\\/\\\/www.antonioferreira.gallery\\\/#website\",\"url\":\"https:\\\/\\\/www.antonioferreira.gallery\\\/\",\"name\":\"Ant\u00f3nio Artur Ferreira Gallery\",\"description\":\"Visual Artist\",\"potentialAction\":[{\"@type\":\"SearchAction\",\"target\":{\"@type\":\"EntryPoint\",\"urlTemplate\":\"https:\\\/\\\/www.antonioferreira.gallery\\\/?s={search_term_string}\"},\"query-input\":{\"@type\":\"PropertyValueSpecification\",\"valueRequired\":true,\"valueName\":\"search_term_string\"}}],\"inLanguage\":\"fr-FR\"}]}<\/script>\n<!-- \/ Yoast SEO plugin. -->","yoast_head_json":{"title":"Intervention - Ant\u00f3nio Artur Ferreira Gallery","description":"Uma das colec\u00e7\u00f5es de Ant\u00f3nio Artur Ferreira \u00e9 Sustentabilidade - Interven\u00e7\u00e3o, onde podemos encontrar pinturas sobre os mesmos.","robots":{"index":"index","follow":"follow","max-snippet":"max-snippet:-1","max-image-preview":"max-image-preview:large","max-video-preview":"max-video-preview:-1"},"canonical":"https:\/\/www.antonioferreira.gallery\/fr\/interventioni\/","og_locale":"fr_FR","og_type":"article","og_title":"Intervention - Ant\u00f3nio Artur Ferreira Gallery","og_description":"Uma das colec\u00e7\u00f5es de Ant\u00f3nio Artur Ferreira \u00e9 Sustentabilidade - Interven\u00e7\u00e3o, onde podemos encontrar pinturas sobre os mesmos.","og_url":"https:\/\/www.antonioferreira.gallery\/fr\/interventioni\/","og_site_name":"Ant\u00f3nio Artur Ferreira Gallery","article_modified_time":"2023-12-10T17:57:09+00:00","twitter_misc":{"Est. reading time":"1 minute"},"schema":{"@context":"https:\/\/schema.org","@graph":[{"@type":"WebPage","@id":"https:\/\/www.antonioferreira.gallery\/fr\/interventioni\/","url":"https:\/\/www.antonioferreira.gallery\/fr\/interventioni\/","name":"Intervention - Ant\u00f3nio Artur Ferreira Gallery","isPartOf":{"@id":"https:\/\/www.antonioferreira.gallery\/#website"},"datePublished":"2015-02-22T16:01:54+00:00","dateModified":"2023-12-10T17:57:09+00:00","description":"Uma das colec\u00e7\u00f5es de Ant\u00f3nio Artur Ferreira \u00e9 Sustentabilidade - Interven\u00e7\u00e3o, onde podemos encontrar pinturas sobre os mesmos.","breadcrumb":{"@id":"https:\/\/www.antonioferreira.gallery\/fr\/interventioni\/#breadcrumb"},"inLanguage":"fr-FR","potentialAction":[{"@type":"ReadAction","target":["https:\/\/www.antonioferreira.gallery\/fr\/interventioni\/"]}]},{"@type":"BreadcrumbList","@id":"https:\/\/www.antonioferreira.gallery\/fr\/interventioni\/#breadcrumb","itemListElement":[{"@type":"ListItem","position":1,"name":"Home","item":"https:\/\/www.antonioferreira.gallery\/fr\/"},{"@type":"ListItem","position":2,"name":"Intervention"}]},{"@type":"WebSite","@id":"https:\/\/www.antonioferreira.gallery\/#website","url":"https:\/\/www.antonioferreira.gallery\/","name":"Ant\u00f3nio Artur Ferreira Gallery","description":"Visual Artist","potentialAction":[{"@type":"SearchAction","target":{"@type":"EntryPoint","urlTemplate":"https:\/\/www.antonioferreira.gallery\/?s={search_term_string}"},"query-input":{"@type":"PropertyValueSpecification","valueRequired":true,"valueName":"search_term_string"}}],"inLanguage":"fr-FR"}]}},"_links":{"self":[{"href":"https:\/\/www.antonioferreira.gallery\/fr\/wp-json\/wp\/v2\/pages\/2986","targetHints":{"allow":["GET"]}}],"collection":[{"href":"https:\/\/www.antonioferreira.gallery\/fr\/wp-json\/wp\/v2\/pages"}],"about":[{"href":"https:\/\/www.antonioferreira.gallery\/fr\/wp-json\/wp\/v2\/types\/page"}],"author":[{"embeddable":true,"href":"https:\/\/www.antonioferreira.gallery\/fr\/wp-json\/wp\/v2\/users\/1"}],"replies":[{"embeddable":true,"href":"https:\/\/www.antonioferreira.gallery\/fr\/wp-json\/wp\/v2\/comments?post=2986"}],"version-history":[{"count":4,"href":"https:\/\/www.antonioferreira.gallery\/fr\/wp-json\/wp\/v2\/pages\/2986\/revisions"}],"predecessor-version":[{"id":4107,"href":"https:\/\/www.antonioferreira.gallery\/fr\/wp-json\/wp\/v2\/pages\/2986\/revisions\/4107"}],"wp:attachment":[{"href":"https:\/\/www.antonioferreira.gallery\/fr\/wp-json\/wp\/v2\/media?parent=2986"}],"curies":[{"name":"wp","href":"https:\/\/api.w.org\/{rel}","templated":true}]}}