{"id":2538,"date":"2021-09-28T17:57:46","date_gmt":"2021-09-28T17:57:46","guid":{"rendered":"https:\/\/www.antonioferreira.gallery\/fr\/ausstellungen\/"},"modified":"2026-01-07T22:09:11","modified_gmt":"2026-01-07T22:09:11","slug":"expositions","status":"publish","type":"page","link":"https:\/\/www.antonioferreira.gallery\/fr\/expositions\/","title":{"rendered":"Exposicions"},"content":{"rendered":"\n<div class=\"wp-block-columns has-background is-layout-flex wp-container-core-columns-is-layout-9d6595d7 wp-block-columns-is-layout-flex\" style=\"background-color:#1f72a636\">\n<div class=\"wp-block-column is-vertically-aligned-top is-layout-flow wp-block-column-is-layout-flow\" style=\"flex-basis:100%\">\n<div class=\"wp-block-columns is-layout-flex wp-container-core-columns-is-layout-9d6595d7 wp-block-columns-is-layout-flex\">\n<div class=\"wp-block-column is-vertically-aligned-top is-layout-flow wp-block-column-is-layout-flow\" style=\"flex-basis:60%\">\n<h2 class=\"wp-block-heading\">Prochaine Exposition<\/h2>\n\n\n\n<div style=\"height:20px\" aria-hidden=\"true\" class=\"wp-block-spacer\"><\/div>\n\n\n\n<p class=\"has-text-color has-link-color has-medium-font-size wp-elements-ad9926f5d04a5c120a72c84ad57e2e12\" style=\"color:#414141\">Foire d&#8217;art de Monaco 26<\/p>\n\n\n\n<div style=\"height:20px\" aria-hidden=\"true\" class=\"wp-block-spacer\"><\/div>\n\n\n\n<p class=\"has-text-color has-link-color wp-elements-bf98f5ba7f5f1c3ce8fb9ce353e29881\" style=\"color:#414141\"><strong>18-20 septembre 2026, Chapiteau de Fontvieille 5, avenue des Ligures 98000 Monaco<\/strong><br><\/p>\n\n\n\n<p class=\"has-text-color has-link-color wp-elements-0a5c053ecc6158de4709737b10ff80d1\" style=\"color:#414141\"><\/p>\n<\/div>\n\n\n\n<div class=\"wp-block-column is-layout-flow wp-block-column-is-layout-flow\" style=\"flex-basis:40%\"><\/div>\n<\/div>\n<\/div>\n<\/div>\n\n\n\n<div class=\"wp-block-columns has-background is-layout-flex wp-container-core-columns-is-layout-9d6595d7 wp-block-columns-is-layout-flex\" style=\"background-color:#f4f4f4\">\n<div class=\"wp-block-column is-vertically-aligned-top is-layout-flow wp-block-column-is-layout-flow\" style=\"flex-basis:100%\">\n<div class=\"wp-block-columns is-layout-flex wp-container-core-columns-is-layout-9d6595d7 wp-block-columns-is-layout-flex\">\n<div class=\"wp-block-column is-vertically-aligned-top is-layout-flow wp-block-column-is-layout-flow\" style=\"flex-basis:33.33%\">\n<div style=\"height:20px\" aria-hidden=\"true\" class=\"wp-block-spacer\"><\/div>\n\n\n\n<h2 class=\"wp-block-heading\"><strong>Expositions<\/strong> Collectives<\/h2>\n\n\n\n<div style=\"height:10px\" aria-hidden=\"true\" class=\"wp-block-spacer\"><\/div>\n\n\n\n<h5 class=\"wp-block-heading has-text-color has-link-color wp-elements-5a39a3933bdadad396c0412a373f3be7\" style=\"color:#414141\"><strong>202<\/strong>5<\/h5>\n\n\n\n<p class=\"has-text-color has-link-color wp-elements-33a4a4aa25117bd468c1beef330dfa93\" style=\"color:#414141\">\u2022 \u201cSalon des membres de l\u2019Association Nationale des Beaux-Arts\u201d, Lisbonne<\/p>\n\n\n\n<p class=\"has-text-color has-link-color wp-elements-3bc3035f9133d40821d68e8226bf5b37\" style=\"color:#414141\">\u2022 Exposition internationale d&#8217;art contemporain, Du 27 septembre au 9 octobre &#8211; Galerie Thuillier.  Paris, France<\/p>\n\n\n\n<p class=\"has-text-color has-link-color wp-elements-c5fc6b80039615a138d70aec912bde73\" style=\"color:#414141\">\u2022 Exposition \u00ab\u00a0Interconnecting Lines\u00a0\u00bb, organis\u00e9e par la galerie Artio, au Mus\u00e9e europ\u00e9en d&#8217;art moderne MEAM de Barcelone, du 13 au 15 juin, o\u00f9 elle a remport\u00e9 le 2e prix.<\/p>\n\n\n\n<p class=\"has-text-color has-link-color wp-elements-3d79ad927a8e439a5b293401bb2a9dd2\" style=\"color:#414141\">\u2022 Exposition internationale d&#8217;art contemporain \u00ab&nbsp;D\u00e9cor&nbsp;\u00bb, pr\u00e9sent\u00e9e par Artemida Experience, Spazio Arte Tolomeo, Milan.<\/p>\n\n\n\n<p class=\"has-text-color has-link-color wp-elements-f07f3239be283b4b1cc106921b3e591d\" style=\"color:#414141\">\u2022 Venice International Art Fair \u00bb \u2013 21e \u00e9dition, organis\u00e9e par Itsliquid Group<\/p>\n\n\n\n<p class=\"has-text-color has-link-color wp-elements-33a4a4aa25117bd468c1beef330dfa93\" style=\"color:#414141\">\u2022 \u201cSalon des membres de l\u2019Association Nationale des Beaux-Arts\u201d, Lisbonne<\/p>\n\n\n\n<h5 class=\"wp-block-heading has-text-color has-link-color wp-elements-e06e3fa49d269e233937698f78ea8e0c\" style=\"color:#414141\"><strong>2024<\/strong><\/h5>\n\n\n\n<p class=\"has-text-color has-link-color wp-elements-33a4a4aa25117bd468c1beef330dfa93\" style=\"color:#414141\">\u2022 \u201cSalon des membres de l\u2019Association Nationale des Beaux-Arts\u201d, Lisbonne<\/p>\n\n\n\n<p class=\"has-text-color has-link-color wp-elements-8e7ecbe572b316e99ea427fb86a4551d\" style=\"color:#414141\">\u2022 Association Nationale des Beaux-Arts, Lisbonne<\/p>\n\n\n\n<p class=\"has-text-color has-link-color wp-elements-1d79ed66d7137368b2f5d071262f7e24\" style=\"color:#414141\">\u2022 Ateliers de Formation et d\u2019Animation Culturelle, Aljustrel (Portugal)<\/p>\n\n\n\n<h5 class=\"wp-block-heading has-text-color has-link-color wp-elements-29ab03d208fec9508c2ef8554671caa7\" style=\"color:#414141\"><strong>2023<\/strong><\/h5>\n\n\n\n<p class=\"has-text-color has-link-color wp-elements-de1a8dad7a3df474e67ab941c5847be1\" style=\"color:#414141\">\u2022 Galerias de S. Ant\u00f3nio, Monchique<\/p>\n\n\n\n<p class=\"has-text-color has-link-color wp-elements-8e7ecbe572b316e99ea427fb86a4551d\" style=\"color:#414141\">\u2022 Association Nationale des Beaux-Arts, Lisbonne<\/p>\n\n\n\n<p class=\"has-text-color has-link-color wp-elements-1d79ed66d7137368b2f5d071262f7e24\" style=\"color:#414141\">\u2022 Ateliers de Formation et d\u2019Animation Culturelle, Aljustrel (Portugal)<\/p>\n\n\n\n<h5 class=\"wp-block-heading has-text-color has-link-color wp-elements-be1fa8cd72104f1172e5e1d07a799e3a\" style=\"color:#414141\"><strong>2022<\/strong><\/h5>\n\n\n\n<p class=\"has-text-color has-link-color wp-elements-9e7341837270977b6703eb0253cee15f\" style=\"color:#414141\">\u2022 Societ\u00e0 Nazionale di Belle Arti, Lisbona<\/p>\n\n\n\n<p class=\"has-text-color has-link-color wp-elements-33a4a4aa25117bd468c1beef330dfa93\" style=\"color:#414141\">\u2022 \u201cSalon des membres de l\u2019Association Nationale des Beaux-Arts\u201d, Lisbonne<\/p>\n\n\n\n<p class=\"has-text-color has-link-color wp-elements-1d79ed66d7137368b2f5d071262f7e24\" style=\"color:#414141\">\u2022 Ateliers de Formation et d\u2019Animation Culturelle, Aljustrel (Portugal)<\/p>\n\n\n\n<h5 class=\"wp-block-heading has-text-color\" style=\"color:#414141\"><strong>2021<\/strong><\/h5>\n\n\n\n<p class=\"has-text-color\" style=\"color:#414141\">\u2022 Association Nationale des Beaux-Arts, Lisbonne<\/p>\n\n\n\n<p class=\"has-text-color\" style=\"color:#414141\">\u2022 Association Nationale des Beaux-Arts, Lisbonne<\/p>\n\n\n\n<p class=\"has-text-color\" style=\"color:#414141\">\u2022 \u201cArt Fest\u201d, centre CascaisShopping, Lisbonne.<\/p>\n\n\n\n<div style=\"height:10px\" aria-hidden=\"true\" class=\"wp-block-spacer\"><\/div>\n\n\n\n<h5 class=\"wp-block-heading has-text-color\" style=\"color:#414141\"><strong>2020<\/strong><\/h5>\n\n\n\n<p class=\"has-text-color\" style=\"color:#414141\">\u2022 Association Nationale des Beaux-Arts, Lisbonne<\/p>\n\n\n\n<p class=\"has-text-color\" style=\"color:#414141\">\u2022 Ateliers de Formation et d\u2019Animation culturelle, Aljustrel (Portugal)<\/p>\n\n\n\n<p class=\"has-text-color\" style=\"color:#414141\">\u2022 \u201cSalon des membres de l\u2019Association Nationale des Beaux-Arts\u201d, Lisbonne<\/p>\n\n\n\n<div style=\"height:10px\" aria-hidden=\"true\" class=\"wp-block-spacer\"><\/div>\n\n\n\n<h5 class=\"wp-block-heading has-text-color\" style=\"color:#414141\"><strong>2019<\/strong><\/h5>\n\n\n\n<p class=\"has-text-color\" style=\"color:#414141\">\u2022 &nbsp;Association Nationale des Beaux-Arts, Lisbonne<\/p>\n\n\n\n<p class=\"has-text-color\" style=\"color:#414141\">\u2022 Ateliers de Formation et d\u2019Animation culturelle, Aljustrel (Portugal)<\/p>\n\n\n\n<p class=\"has-text-color\" style=\"color:#414141\">\u2022 \u201cSalon des membres de l\u2019Association Nationale des Beaux-Arts\u201d, Lisbonne<\/p>\n\n\n\n<div style=\"height:10px\" aria-hidden=\"true\" class=\"wp-block-spacer\"><\/div>\n\n\n\n<h5 class=\"wp-block-heading has-text-color\" style=\"color:#414141\"><strong>2018<\/strong><\/h5>\n\n\n\n<p class=\"has-text-color\" style=\"color:#414141\">\u2022 Ateliers de Formation et d\u2019Animation culturelle, Aljustrel (Portugal)<\/p>\n\n\n\n<p class=\"has-text-color\" style=\"color:#414141\">\u2022 &nbsp;Association Nationale des Beaux-Arts, Lisbonne&nbsp;<\/p>\n<\/div>\n\n\n\n<div class=\"wp-block-column is-vertically-aligned-top is-layout-flow wp-block-column-is-layout-flow\" style=\"flex-basis:66.67%\">\n<div style=\"height:20px\" aria-hidden=\"true\" class=\"wp-block-spacer\"><\/div>\n\n\n<div class=\"wp-block-image\">\n<figure class=\"alignleft size-large\"><a href=\"https:\/\/www.antonioferreira.gallery\/wp-content\/uploads\/2022\/03\/im-exhibitions.jpg\"><img loading=\"lazy\" decoding=\"async\" width=\"1280\" height=\"825\" src=\"https:\/\/www.antonioferreira.gallery\/wp-content\/uploads\/2022\/03\/im-exhibitions-1280x825.jpg\" alt=\"\" class=\"wp-image-2528\" srcset=\"https:\/\/www.antonioferreira.gallery\/wp-content\/uploads\/2022\/03\/im-exhibitions-1280x825.jpg 1280w, https:\/\/www.antonioferreira.gallery\/wp-content\/uploads\/2022\/03\/im-exhibitions-700x451.jpg 700w, https:\/\/www.antonioferreira.gallery\/wp-content\/uploads\/2022\/03\/im-exhibitions-150x97.jpg 150w, https:\/\/www.antonioferreira.gallery\/wp-content\/uploads\/2022\/03\/im-exhibitions-768x495.jpg 768w, https:\/\/www.antonioferreira.gallery\/wp-content\/uploads\/2022\/03\/im-exhibitions-1536x990.jpg 1536w, https:\/\/www.antonioferreira.gallery\/wp-content\/uploads\/2022\/03\/im-exhibitions.jpg 1920w\" sizes=\"auto, (max-width: 1280px) 100vw, 1280px\" \/><\/a><figcaption class=\"wp-element-caption\"><span style=\"background-color:rgba(0, 0, 0, 0);color:#7c7c7c\" class=\"has-inline-color\">Salon des membres de l\u2019Association Nationale des Beaux-Arts<\/span>, <span style=\"background-color:rgba(0, 0, 0, 0);color:#7c7c7c\" class=\"has-inline-color\">2019<\/span><\/figcaption><\/figure>\n<\/div><\/div>\n<\/div>\n<\/div>\n<\/div>\n\n\n\n<h2 class=\"wp-block-heading no-vertical-margin has-white-background-color has-text-color has-background\" style=\"color:#414141;font-size:22px\"><strong>Expositions<\/strong> Solo<\/h2>\n\n\n\n<div class=\"wp-block-columns has-white-background-color has-background is-layout-flex wp-container-core-columns-is-layout-9d6595d7 wp-block-columns-is-layout-flex\">\n<div class=\"wp-block-column is-vertically-aligned-top is-layout-flow wp-block-column-is-layout-flow\" style=\"flex-basis:90%\">\n<div class=\"wp-block-columns is-layout-flex wp-container-core-columns-is-layout-9d6595d7 wp-block-columns-is-layout-flex\">\n<div class=\"wp-block-column is-vertically-aligned-top is-layout-flow wp-block-column-is-layout-flow\" style=\"flex-basis:66.66%\"><div class=\"wp-block-image is-resized\">\n<figure class=\"alignleft size-full\"><a href=\"https:\/\/www.antonioferreira.gallery\/wp-content\/uploads\/2015\/04\/expo3.gif\"><img loading=\"lazy\" decoding=\"async\" width=\"1170\" height=\"832\" src=\"https:\/\/www.antonioferreira.gallery\/wp-content\/uploads\/2015\/04\/expo3.gif\" alt=\"\" class=\"wp-image-820\"\/><\/a><\/figure>\n<\/div><\/div>\n\n\n\n<div class=\"wp-block-column is-vertically-aligned-top is-layout-flow wp-block-column-is-layout-flow\" style=\"flex-basis:33.33%\">\n<h5 class=\"wp-block-heading has-text-color has-link-color wp-elements-29ab03d208fec9508c2ef8554671caa7\" style=\"color:#414141\"><strong>2023<\/strong><\/h5>\n\n\n\n<p class=\"has-text-color has-link-color wp-elements-0a9f9562bf996531f2b45231ffe61f03\" style=\"color:#414141\">\u2022 Espa\u00e7o Atmosfera M, Lisbonne &#8211; Lancement d&#8217;une exposition virtuelle (exposition conjointe avec le sculpteur Jos\u00e9 Maur\u00edcio)<\/p>\n\n\n\n<p class=\"has-text-color has-link-color wp-elements-eb63b8a65c0c973a6833cc132c036aea\" style=\"color:#414141\">\u2022 Galeria CodigoDesign, Porto \u2013 Entis (exposition avec la sculpteur \u00c2ngela Fonseca)<\/p>\n\n\n\n<h5 class=\"wp-block-heading has-text-color\" style=\"color:#414141\"><strong>2016<\/strong><\/h5>\n\n\n\n<p class=\"has-text-color\" style=\"color:#414141\">\u2022 &#8220;Peindre l\u2019Europe&#8221;<\/p>\n\n\n\n<p class=\"has-text-color\" style=\"color:#414141\">O Tuga, La Corogne, Espagne<\/p>\n\n\n\n<div style=\"height:10px\" aria-hidden=\"true\" class=\"wp-block-spacer\"><\/div>\n\n\n\n<h5 class=\"wp-block-heading has-text-color\" style=\"color:#414141\"><strong>2014<\/strong><\/h5>\n\n\n\n<p class=\"has-text-color\" style=\"color:#414141\">\u2022 &#8220;Parcours int\u00e9rieur&#8221; (exposition avec la sculpteur Jos\u00e9 Mauricio)<\/p>\n\n\n\n<p class=\"has-text-color\" style=\"color:#414141\">Galerie Saint-Antonio, Monchique, Portugal<\/p>\n\n\n\n<blockquote class=\"wp-block-quote is-layout-flow wp-block-quote-is-layout-flow\">\n<p>Absolutely stunning. Very expressive and vibrant<\/p>\n<\/blockquote>\n\n\n\n<blockquote class=\"wp-block-quote is-layout-flow wp-block-quote-is-layout-flow\">\n<p>Nos ha encantado. Gracias por proporcionarnos este fant\u00e1stico momento <\/p>\n<\/blockquote>\n<\/div>\n<\/div>\n<\/div>\n<\/div>\n","protected":false},"excerpt":{"rendered":"<p>Prochaine Exposition Foire d&#8217;art de Monaco 26 18-20 septembre 2026, Chapiteau de Fontvieille 5, avenue des Ligures 98000 Monaco Expositions Collectives 2025 \u2022 \u201cSalon des membres de l\u2019Association Nationale des Beaux-Arts\u201d, Lisbonne \u2022 Exposition internationale d&#8217;art contemporain, Du 27 septembre au 9 octobre &#8211; Galerie Thuillier. Paris, France \u2022 Exposition \u00ab\u00a0Interconnecting Lines\u00a0\u00bb, organis\u00e9e par la&#8230;<\/p>\n","protected":false},"author":1,"featured_media":0,"parent":0,"menu_order":0,"comment_status":"closed","ping_status":"closed","template":"page-full.php","meta":{"_exactmetrics_skip_tracking":false,"_exactmetrics_sitenote_active":false,"_exactmetrics_sitenote_note":"","_exactmetrics_sitenote_category":0,"footnotes":""},"class_list":["post-2538","page","type-page","status-publish","hentry"],"yoast_head":"<!-- This site is optimized with the Yoast SEO plugin v27.5 - https:\/\/yoast.com\/product\/yoast-seo-wordpress\/ -->\n<title>Exposicions - Ant\u00f3nio Artur Ferreira Gallery<\/title>\n<meta name=\"description\" content=\"Toutes les expositions d&#039;Ant\u00f3nio Ferreira depuis 2009, collectives et individuelles.\" \/>\n<meta name=\"robots\" content=\"index, follow, max-snippet:-1, max-image-preview:large, max-video-preview:-1\" \/>\n<link rel=\"canonical\" href=\"https:\/\/www.antonioferreira.gallery\/fr\/expositions\/\" \/>\n<meta property=\"og:locale\" content=\"fr_FR\" \/>\n<meta property=\"og:type\" content=\"article\" \/>\n<meta property=\"og:title\" content=\"Exposicions - Ant\u00f3nio Artur Ferreira Gallery\" \/>\n<meta property=\"og:description\" content=\"Toutes les expositions d&#039;Ant\u00f3nio Ferreira depuis 2009, collectives et individuelles.\" \/>\n<meta property=\"og:url\" content=\"https:\/\/www.antonioferreira.gallery\/fr\/expositions\/\" \/>\n<meta property=\"og:site_name\" content=\"Ant\u00f3nio Artur Ferreira Gallery\" \/>\n<meta property=\"article:modified_time\" content=\"2026-01-07T22:09:11+00:00\" \/>\n<meta property=\"og:image\" content=\"https:\/\/www.antonioferreira.gallery\/wp-content\/uploads\/2022\/03\/im-exhibitions.jpg\" \/>\n\t<meta property=\"og:image:width\" content=\"1920\" \/>\n\t<meta property=\"og:image:height\" content=\"1237\" \/>\n\t<meta property=\"og:image:type\" content=\"image\/jpeg\" \/>\n<meta name=\"twitter:label1\" content=\"Est. reading time\" \/>\n\t<meta name=\"twitter:data1\" content=\"3 minutes\" \/>\n<script type=\"application\/ld+json\" class=\"yoast-schema-graph\">{\"@context\":\"https:\\\/\\\/schema.org\",\"@graph\":[{\"@type\":\"WebPage\",\"@id\":\"https:\\\/\\\/www.antonioferreira.gallery\\\/fr\\\/expositions\\\/\",\"url\":\"https:\\\/\\\/www.antonioferreira.gallery\\\/fr\\\/expositions\\\/\",\"name\":\"Exposicions - Ant\u00f3nio Artur Ferreira Gallery\",\"isPartOf\":{\"@id\":\"https:\\\/\\\/www.antonioferreira.gallery\\\/#website\"},\"primaryImageOfPage\":{\"@id\":\"https:\\\/\\\/www.antonioferreira.gallery\\\/fr\\\/expositions\\\/#primaryimage\"},\"image\":{\"@id\":\"https:\\\/\\\/www.antonioferreira.gallery\\\/fr\\\/expositions\\\/#primaryimage\"},\"thumbnailUrl\":\"https:\\\/\\\/www.antonioferreira.gallery\\\/wp-content\\\/uploads\\\/2022\\\/03\\\/im-exhibitions-1280x825.jpg\",\"datePublished\":\"2021-09-28T17:57:46+00:00\",\"dateModified\":\"2026-01-07T22:09:11+00:00\",\"description\":\"Toutes les expositions d'Ant\u00f3nio Ferreira depuis 2009, collectives et individuelles.\",\"breadcrumb\":{\"@id\":\"https:\\\/\\\/www.antonioferreira.gallery\\\/fr\\\/expositions\\\/#breadcrumb\"},\"inLanguage\":\"fr-FR\",\"potentialAction\":[{\"@type\":\"ReadAction\",\"target\":[\"https:\\\/\\\/www.antonioferreira.gallery\\\/fr\\\/expositions\\\/\"]}]},{\"@type\":\"ImageObject\",\"inLanguage\":\"fr-FR\",\"@id\":\"https:\\\/\\\/www.antonioferreira.gallery\\\/fr\\\/expositions\\\/#primaryimage\",\"url\":\"https:\\\/\\\/www.antonioferreira.gallery\\\/wp-content\\\/uploads\\\/2022\\\/03\\\/im-exhibitions-1280x825.jpg\",\"contentUrl\":\"https:\\\/\\\/www.antonioferreira.gallery\\\/wp-content\\\/uploads\\\/2022\\\/03\\\/im-exhibitions-1280x825.jpg\"},{\"@type\":\"BreadcrumbList\",\"@id\":\"https:\\\/\\\/www.antonioferreira.gallery\\\/fr\\\/expositions\\\/#breadcrumb\",\"itemListElement\":[{\"@type\":\"ListItem\",\"position\":1,\"name\":\"Home\",\"item\":\"https:\\\/\\\/www.antonioferreira.gallery\\\/fr\\\/\"},{\"@type\":\"ListItem\",\"position\":2,\"name\":\"Exposicions\"}]},{\"@type\":\"WebSite\",\"@id\":\"https:\\\/\\\/www.antonioferreira.gallery\\\/#website\",\"url\":\"https:\\\/\\\/www.antonioferreira.gallery\\\/\",\"name\":\"Ant\u00f3nio Artur Ferreira Gallery\",\"description\":\"Visual Artist\",\"potentialAction\":[{\"@type\":\"SearchAction\",\"target\":{\"@type\":\"EntryPoint\",\"urlTemplate\":\"https:\\\/\\\/www.antonioferreira.gallery\\\/?s={search_term_string}\"},\"query-input\":{\"@type\":\"PropertyValueSpecification\",\"valueRequired\":true,\"valueName\":\"search_term_string\"}}],\"inLanguage\":\"fr-FR\"}]}<\/script>\n<!-- \/ Yoast SEO plugin. -->","yoast_head_json":{"title":"Exposicions - Ant\u00f3nio Artur Ferreira Gallery","description":"Toutes les expositions d'Ant\u00f3nio Ferreira depuis 2009, collectives et individuelles.","robots":{"index":"index","follow":"follow","max-snippet":"max-snippet:-1","max-image-preview":"max-image-preview:large","max-video-preview":"max-video-preview:-1"},"canonical":"https:\/\/www.antonioferreira.gallery\/fr\/expositions\/","og_locale":"fr_FR","og_type":"article","og_title":"Exposicions - Ant\u00f3nio Artur Ferreira Gallery","og_description":"Toutes les expositions d'Ant\u00f3nio Ferreira depuis 2009, collectives et individuelles.","og_url":"https:\/\/www.antonioferreira.gallery\/fr\/expositions\/","og_site_name":"Ant\u00f3nio Artur Ferreira Gallery","article_modified_time":"2026-01-07T22:09:11+00:00","og_image":[{"width":1920,"height":1237,"url":"https:\/\/www.antonioferreira.gallery\/wp-content\/uploads\/2022\/03\/im-exhibitions.jpg","type":"image\/jpeg"}],"twitter_misc":{"Est. reading time":"3 minutes"},"schema":{"@context":"https:\/\/schema.org","@graph":[{"@type":"WebPage","@id":"https:\/\/www.antonioferreira.gallery\/fr\/expositions\/","url":"https:\/\/www.antonioferreira.gallery\/fr\/expositions\/","name":"Exposicions - Ant\u00f3nio Artur Ferreira Gallery","isPartOf":{"@id":"https:\/\/www.antonioferreira.gallery\/#website"},"primaryImageOfPage":{"@id":"https:\/\/www.antonioferreira.gallery\/fr\/expositions\/#primaryimage"},"image":{"@id":"https:\/\/www.antonioferreira.gallery\/fr\/expositions\/#primaryimage"},"thumbnailUrl":"https:\/\/www.antonioferreira.gallery\/wp-content\/uploads\/2022\/03\/im-exhibitions-1280x825.jpg","datePublished":"2021-09-28T17:57:46+00:00","dateModified":"2026-01-07T22:09:11+00:00","description":"Toutes les expositions d'Ant\u00f3nio Ferreira depuis 2009, collectives et individuelles.","breadcrumb":{"@id":"https:\/\/www.antonioferreira.gallery\/fr\/expositions\/#breadcrumb"},"inLanguage":"fr-FR","potentialAction":[{"@type":"ReadAction","target":["https:\/\/www.antonioferreira.gallery\/fr\/expositions\/"]}]},{"@type":"ImageObject","inLanguage":"fr-FR","@id":"https:\/\/www.antonioferreira.gallery\/fr\/expositions\/#primaryimage","url":"https:\/\/www.antonioferreira.gallery\/wp-content\/uploads\/2022\/03\/im-exhibitions-1280x825.jpg","contentUrl":"https:\/\/www.antonioferreira.gallery\/wp-content\/uploads\/2022\/03\/im-exhibitions-1280x825.jpg"},{"@type":"BreadcrumbList","@id":"https:\/\/www.antonioferreira.gallery\/fr\/expositions\/#breadcrumb","itemListElement":[{"@type":"ListItem","position":1,"name":"Home","item":"https:\/\/www.antonioferreira.gallery\/fr\/"},{"@type":"ListItem","position":2,"name":"Exposicions"}]},{"@type":"WebSite","@id":"https:\/\/www.antonioferreira.gallery\/#website","url":"https:\/\/www.antonioferreira.gallery\/","name":"Ant\u00f3nio Artur Ferreira Gallery","description":"Visual Artist","potentialAction":[{"@type":"SearchAction","target":{"@type":"EntryPoint","urlTemplate":"https:\/\/www.antonioferreira.gallery\/?s={search_term_string}"},"query-input":{"@type":"PropertyValueSpecification","valueRequired":true,"valueName":"search_term_string"}}],"inLanguage":"fr-FR"}]}},"_links":{"self":[{"href":"https:\/\/www.antonioferreira.gallery\/fr\/wp-json\/wp\/v2\/pages\/2538","targetHints":{"allow":["GET"]}}],"collection":[{"href":"https:\/\/www.antonioferreira.gallery\/fr\/wp-json\/wp\/v2\/pages"}],"about":[{"href":"https:\/\/www.antonioferreira.gallery\/fr\/wp-json\/wp\/v2\/types\/page"}],"author":[{"embeddable":true,"href":"https:\/\/www.antonioferreira.gallery\/fr\/wp-json\/wp\/v2\/users\/1"}],"replies":[{"embeddable":true,"href":"https:\/\/www.antonioferreira.gallery\/fr\/wp-json\/wp\/v2\/comments?post=2538"}],"version-history":[{"count":13,"href":"https:\/\/www.antonioferreira.gallery\/fr\/wp-json\/wp\/v2\/pages\/2538\/revisions"}],"predecessor-version":[{"id":4698,"href":"https:\/\/www.antonioferreira.gallery\/fr\/wp-json\/wp\/v2\/pages\/2538\/revisions\/4698"}],"wp:attachment":[{"href":"https:\/\/www.antonioferreira.gallery\/fr\/wp-json\/wp\/v2\/media?parent=2538"}],"curies":[{"name":"wp","href":"https:\/\/api.w.org\/{rel}","templated":true}]}}