{"id":2514,"date":"2015-02-20T18:29:28","date_gmt":"2015-02-20T18:29:28","guid":{"rendered":"https:\/\/www.antonioferreira.gallery\/fr\/inicio\/"},"modified":"2024-11-24T18:36:22","modified_gmt":"2024-11-24T18:36:22","slug":"inicio","status":"publish","type":"page","link":"https:\/\/www.antonioferreira.gallery\/fr\/","title":{"rendered":"In\u00edcio"},"content":{"rendered":"\n\t\n\t<div class=\"section  st-invert st-full-height\" id=\"home-about-bio\"\t\tstyle=\"\n\t\t\tpadding-top: 40px;\t\t\tpadding-bottom: 40px;\t\t\tbackground-color: #414141;\t\t\t background-image: url('https:\/\/www.antonioferreira.gallery\/wp-content\/uploads\/2022\/02\/antonio-home-1.jpg');\t\t\t\t\t\t\"\n\t\t\t\t\t>\n\n\t\n\t<section>\n\n\t\n\t\n\t<div class=\"container\">\t\t\n<p><span style=\"color: #000000;\"><div class=\"row\"><div class=\"col-sm-1\"> <\/div><div class=\"col-sm-10\">\u00a0<\/span><\/p>\n<h1 class=\"p1\" style=\"text-align: center;\"><span style=\"color: #ededed;\">PARTAGER LES ID\u00c9ES GR\u00c2CE \u00c0 LA COULEUR<\/span><\/h1>\n<\/div><div class=\"col-sm-1\"> <\/div><\/div><div class=\"su-spacer\" style=\"height:60px\"><\/div>\n<div class=\"row\"><div class=\"col-sm-2\"> <\/div><div class=\"col-sm-8\">\n<p class=\"p1\" style=\"text-align: center;\"><span style=\"color: #ededed;\"><strong>M\u00e9ditations sur les sentiments, les pens\u00e9es, les \u0153uvres d\u2019art, les lieux, la politique, les valeurs\/religion.<\/strong><\/span><\/p>\n<p style=\"text-align: left;\"><\/div><div class=\"col-sm-2\"><\/div><\/div><div class=\"su-spacer\" style=\"height:60px\"><\/div>\n<p style=\"text-align: left;\"><div class=\"row\"><div class=\"col-sm-3\"> <\/div><div class=\"col-sm-6\">\n<p style=\"text-align: center;\"><em><span style=\"color: #f2f2f2;\">\" Everything is completely different to what I'm used too! Never seen anything like it! \u00a0Love it! \"<\/span><\/em><\/p>\n<p style=\"text-align: left;\"><\/div><div class=\"col-sm-2\"><\/div><div class=\"col-sm-3\"> <\/div><\/div>\n<p style=\"text-align: left;\"><div class=\"row\"><div class=\"col-sm-2\"> <\/div><div class=\"col-sm-8\">\n<p style=\"text-align: center;\"><em><span style=\"color: #f2f2f2;\">\" Nos ha encantado. Gracias por proporcionarnos este fant\u00e1stico momento! \"<\/span><\/em><\/p>\n<p style=\"text-align: left;\"><\/div><div class=\"col-sm-2\"><\/div><\/div>\t<\/div> <!-- container -->\n\t\n\t\t<\/section>\n\t<\/div> <!-- section -->\n\n\t\n\t\n\n","protected":false},"excerpt":{"rendered":"","protected":false},"author":2,"featured_media":0,"parent":0,"menu_order":0,"comment_status":"open","ping_status":"closed","template":"page-full.php","meta":{"_exactmetrics_skip_tracking":false,"_exactmetrics_sitenote_active":false,"_exactmetrics_sitenote_note":"","_exactmetrics_sitenote_category":0,"footnotes":""},"class_list":["post-2514","page","type-page","status-publish","hentry"],"yoast_head":"<!-- This site is optimized with the Yoast SEO plugin v27.5 - https:\/\/yoast.com\/product\/yoast-seo-wordpress\/ -->\n<title>In\u00edcio - Ant\u00f3nio Artur Ferreira Gallery<\/title>\n<meta name=\"description\" content=\"M\u00e9ditations sur les sentiments, les pens\u00e9es, les \u0153uvres d\u2019art, les lieux, la politique, les valeurs\/religion.\" \/>\n<meta name=\"robots\" content=\"index, follow, max-snippet:-1, max-image-preview:large, max-video-preview:-1\" \/>\n<link rel=\"canonical\" href=\"https:\/\/www.antonioferreira.gallery\/fr\/\" \/>\n<meta property=\"og:locale\" content=\"fr_FR\" \/>\n<meta property=\"og:type\" content=\"article\" \/>\n<meta property=\"og:title\" content=\"In\u00edcio - Ant\u00f3nio Artur Ferreira Gallery\" \/>\n<meta property=\"og:description\" content=\"M\u00e9ditations sur les sentiments, les pens\u00e9es, les \u0153uvres d\u2019art, les lieux, la politique, les valeurs\/religion.\" \/>\n<meta property=\"og:url\" content=\"https:\/\/www.antonioferreira.gallery\/fr\/\" \/>\n<meta property=\"og:site_name\" content=\"Ant\u00f3nio Artur Ferreira Gallery\" \/>\n<meta property=\"article:modified_time\" content=\"2024-11-24T18:36:22+00:00\" \/>\n<meta name=\"twitter:label1\" content=\"Est. reading time\" \/>\n\t<meta name=\"twitter:data1\" content=\"1 minute\" \/>\n<script type=\"application\/ld+json\" class=\"yoast-schema-graph\">{\"@context\":\"https:\\\/\\\/schema.org\",\"@graph\":[{\"@type\":\"WebPage\",\"@id\":\"https:\\\/\\\/www.antonioferreira.gallery\\\/fr\\\/\",\"url\":\"https:\\\/\\\/www.antonioferreira.gallery\\\/fr\\\/\",\"name\":\"In\u00edcio - Ant\u00f3nio Artur Ferreira Gallery\",\"isPartOf\":{\"@id\":\"https:\\\/\\\/www.antonioferreira.gallery\\\/#website\"},\"datePublished\":\"2015-02-20T18:29:28+00:00\",\"dateModified\":\"2024-11-24T18:36:22+00:00\",\"description\":\"M\u00e9ditations sur les sentiments, les pens\u00e9es, les \u0153uvres d\u2019art, les lieux, la politique, les valeurs\\\/religion.\",\"breadcrumb\":{\"@id\":\"https:\\\/\\\/www.antonioferreira.gallery\\\/fr\\\/#breadcrumb\"},\"inLanguage\":\"fr-FR\",\"potentialAction\":[{\"@type\":\"ReadAction\",\"target\":[\"https:\\\/\\\/www.antonioferreira.gallery\\\/fr\\\/\"]}]},{\"@type\":\"BreadcrumbList\",\"@id\":\"https:\\\/\\\/www.antonioferreira.gallery\\\/fr\\\/#breadcrumb\",\"itemListElement\":[{\"@type\":\"ListItem\",\"position\":1,\"name\":\"Home\",\"item\":\"https:\\\/\\\/www.antonioferreira.gallery\\\/fr\\\/\"},{\"@type\":\"ListItem\",\"position\":2,\"name\":\"In\u00edcio\"}]},{\"@type\":\"WebSite\",\"@id\":\"https:\\\/\\\/www.antonioferreira.gallery\\\/#website\",\"url\":\"https:\\\/\\\/www.antonioferreira.gallery\\\/\",\"name\":\"Ant\u00f3nio Artur Ferreira Gallery\",\"description\":\"Visual Artist\",\"potentialAction\":[{\"@type\":\"SearchAction\",\"target\":{\"@type\":\"EntryPoint\",\"urlTemplate\":\"https:\\\/\\\/www.antonioferreira.gallery\\\/?s={search_term_string}\"},\"query-input\":{\"@type\":\"PropertyValueSpecification\",\"valueRequired\":true,\"valueName\":\"search_term_string\"}}],\"inLanguage\":\"fr-FR\"}]}<\/script>\n<!-- \/ Yoast SEO plugin. -->","yoast_head_json":{"title":"In\u00edcio - Ant\u00f3nio Artur Ferreira Gallery","description":"M\u00e9ditations sur les sentiments, les pens\u00e9es, les \u0153uvres d\u2019art, les lieux, la politique, les valeurs\/religion.","robots":{"index":"index","follow":"follow","max-snippet":"max-snippet:-1","max-image-preview":"max-image-preview:large","max-video-preview":"max-video-preview:-1"},"canonical":"https:\/\/www.antonioferreira.gallery\/fr\/","og_locale":"fr_FR","og_type":"article","og_title":"In\u00edcio - Ant\u00f3nio Artur Ferreira Gallery","og_description":"M\u00e9ditations sur les sentiments, les pens\u00e9es, les \u0153uvres d\u2019art, les lieux, la politique, les valeurs\/religion.","og_url":"https:\/\/www.antonioferreira.gallery\/fr\/","og_site_name":"Ant\u00f3nio Artur Ferreira Gallery","article_modified_time":"2024-11-24T18:36:22+00:00","twitter_misc":{"Est. reading time":"1 minute"},"schema":{"@context":"https:\/\/schema.org","@graph":[{"@type":"WebPage","@id":"https:\/\/www.antonioferreira.gallery\/fr\/","url":"https:\/\/www.antonioferreira.gallery\/fr\/","name":"In\u00edcio - Ant\u00f3nio Artur Ferreira Gallery","isPartOf":{"@id":"https:\/\/www.antonioferreira.gallery\/#website"},"datePublished":"2015-02-20T18:29:28+00:00","dateModified":"2024-11-24T18:36:22+00:00","description":"M\u00e9ditations sur les sentiments, les pens\u00e9es, les \u0153uvres d\u2019art, les lieux, la politique, les valeurs\/religion.","breadcrumb":{"@id":"https:\/\/www.antonioferreira.gallery\/fr\/#breadcrumb"},"inLanguage":"fr-FR","potentialAction":[{"@type":"ReadAction","target":["https:\/\/www.antonioferreira.gallery\/fr\/"]}]},{"@type":"BreadcrumbList","@id":"https:\/\/www.antonioferreira.gallery\/fr\/#breadcrumb","itemListElement":[{"@type":"ListItem","position":1,"name":"Home","item":"https:\/\/www.antonioferreira.gallery\/fr\/"},{"@type":"ListItem","position":2,"name":"In\u00edcio"}]},{"@type":"WebSite","@id":"https:\/\/www.antonioferreira.gallery\/#website","url":"https:\/\/www.antonioferreira.gallery\/","name":"Ant\u00f3nio Artur Ferreira Gallery","description":"Visual Artist","potentialAction":[{"@type":"SearchAction","target":{"@type":"EntryPoint","urlTemplate":"https:\/\/www.antonioferreira.gallery\/?s={search_term_string}"},"query-input":{"@type":"PropertyValueSpecification","valueRequired":true,"valueName":"search_term_string"}}],"inLanguage":"fr-FR"}]}},"_links":{"self":[{"href":"https:\/\/www.antonioferreira.gallery\/fr\/wp-json\/wp\/v2\/pages\/2514","targetHints":{"allow":["GET"]}}],"collection":[{"href":"https:\/\/www.antonioferreira.gallery\/fr\/wp-json\/wp\/v2\/pages"}],"about":[{"href":"https:\/\/www.antonioferreira.gallery\/fr\/wp-json\/wp\/v2\/types\/page"}],"author":[{"embeddable":true,"href":"https:\/\/www.antonioferreira.gallery\/fr\/wp-json\/wp\/v2\/users\/2"}],"replies":[{"embeddable":true,"href":"https:\/\/www.antonioferreira.gallery\/fr\/wp-json\/wp\/v2\/comments?post=2514"}],"version-history":[{"count":3,"href":"https:\/\/www.antonioferreira.gallery\/fr\/wp-json\/wp\/v2\/pages\/2514\/revisions"}],"predecessor-version":[{"id":4318,"href":"https:\/\/www.antonioferreira.gallery\/fr\/wp-json\/wp\/v2\/pages\/2514\/revisions\/4318"}],"wp:attachment":[{"href":"https:\/\/www.antonioferreira.gallery\/fr\/wp-json\/wp\/v2\/media?parent=2514"}],"curies":[{"name":"wp","href":"https:\/\/api.w.org\/{rel}","templated":true}]}}