{"id":2494,"date":"2015-02-15T16:30:23","date_gmt":"2015-02-15T16:30:23","guid":{"rendered":"https:\/\/www.antonioferreira.gallery\/fr\/antonio-ferreira\/"},"modified":"2023-11-29T23:38:20","modified_gmt":"2023-11-29T23:38:20","slug":"antonio-ferreira","status":"publish","type":"page","link":"https:\/\/www.antonioferreira.gallery\/fr\/antonio-ferreira\/","title":{"rendered":"Ant\u00f3nio Ferreira"},"content":{"rendered":"\n\t\n\t<div class=\"section  st-invert\" id=\"home-about-bio\"\t\tstyle=\"\n\t\t\tpadding-top: 40px;\t\t\tpadding-bottom: 40px;\t\t\tbackground-color: #414141;\t\t\t background-image: url('https:\/\/www.antonioferreira.gallery\/wp-content\/uploads\/2022\/02\/anotnio-about.jpg');\t\t\t\t\t\t\"\n\t\t\t\t\t>\n\n\t\n\t<section>\n\n\t\n\t\n\t<div class=\"container\">\t\t\n<p class=\"p1\"><div class=\"row\"><div class=\"col-sm-6\">\n<h5 class=\"entry-title\" style=\"text-align: left;\"><strong><span style=\"color: #ededed;\">A propos de l'auteur<\/span><\/strong><\/h5>\n<p class=\"p1\"><span style=\"color: #ededed;\">En 2009, Artur Ferreira a commenc\u00e9 sa carri\u00e8re artistique dans le but de partager ses id\u00e9es \u00e0 travers des images. Partant du principe qu'il peint des id\u00e9es et non des choses, Artur Ferreira a d\u00e9cid\u00e9 de peindre son exp\u00e9rience de vie, ses pr\u00e9occupations et de transmettre un message de durabilit\u00e9.<\/span><\/p>\n<p class=\"p1\"><span style=\"color: #ededed;\">Sa premi\u00e8re exposition personnelle a eu lieu en Algarve en 2014 et sa deuxi\u00e8me deux ans plus tard \u00e0 La Coru\u00f1a (Espagne). En 2017, Artur Ferreira a \u00e9t\u00e9 invit\u00e9 \u00e0 suivre la troisi\u00e8me ann\u00e9e du cours de peinture \u00e0 la Soci\u00e9t\u00e9 Nationale des Beaux-Arts de Lisbonne. Depuis, il collabore avec cette soci\u00e9t\u00e9 et a particip\u00e9 \u00e0 plusieurs expositions collectives organis\u00e9es par elle \u00e0 Lisbonne et \u00e0 Aljustrel. En 2023, il a \u00e9galement expos\u00e9 \u00e0 la Galerie C\u00f3digoDesign \u00e0 Porto et aux Galeries de Santo Ant\u00f3nio \u00e0 Monchique (voir Expositions).<\/span><\/p>\n<p class=\"p1\"><span style=\"color: #ededed;\">En 2023, le partage d'id\u00e9es \u00e0 travers des images est apparu sous la forme d'un livre d'\u00e9tude. L'\u0153uvre \"Fundamentalism\" a \u00e9t\u00e9 publi\u00e9e dans des manuels de religion et comment\u00e9e dans des centres d'\u00e9tudes en Allemagne et en Autriche.<\/span><\/p>\n<p class=\"entry-title\" style=\"text-align: left;\"><\/div><div class=\"col-sm-6\"><\/div><\/div>\n<p class=\"entry-title\" style=\"text-align: left;\">\t<\/div> <!-- container -->\n\t\n\t\t<\/section>\n\t<\/div> <!-- section -->\n\n\t\n\t\n\t\n\t<div class=\"section  st-invert\" id=\"home-about-bio-color\"\t\tstyle=\"\n\t\t\tpadding-top: 40px;\t\t\tpadding-bottom: 40px;\t\t\tbackground-color: #ededed;\t\t\t\t\t\t\t\t\t\"\n\t\t\t\t\t>\n\n\t\n\t<section>\n\n\t\n\t\n\t<div class=\"container\">\t\t\n<p class=\"entry-title\" style=\"text-align: left;\"><div class=\"row\"><div class=\"col-sm-6\">\n<h5 class=\"entry-title\" style=\"text-align: left;\"><strong><span style=\"color: #414141;\">\u00c0 propos de l'art<\/span><\/strong><\/h5>\n<p class=\"p1\"><span style=\"color: #414141;\">Les pr\u00e9occupations d'Artur sont divis\u00e9es en trois th\u00e8mes principaux : les th\u00e8mes structurants, la soutenabilit\u00e9 et la d\u00e9couverte de soi-m\u00eame et d'autrui. Chacun de ces th\u00e8mes fait l'objet de plusieurs collections. Les th\u00e8mes structurants sont li\u00e9s aux questions fondamentales qui nous d\u00e9finissent en tant qu'\u00eatres humains - Dieu, le but de la vie (na\u00eetre et mourir) et la conscience de l'infini.<\/span><\/p>\n<p class=\"p1\"><span style=\"color: #414141;\">Avec une \u00e9ducation et une formation profond\u00e9ment humaniste, Artur peint des collections sur les valeurs et la politique actuelle, contribuant \u00e0 des projets dans lesquels des citoyens de diff\u00e9rentes nationalit\u00e9s, langues, cultures, races et religions cherchent \u00e0 vivre en communaut\u00e9 avec des objectifs communs. La soutenabilit\u00e9 englobe \u00e9galement les lieux o\u00f9 les gens vivent ensemble, et dans ce cas, l'auteur souligne dans ses peintures les \u00e9l\u00e9ments qui rendent ces lieux uniques. La soutenabilit\u00e9 sociale n'est possible que dans le respect des \u00e9quilibres naturels. La nature n'est pas seulement un th\u00e8me de la collection, elle d\u00e9finit \u00e9galement une grande partie du style de l'auteur.<\/span><\/p>\n<p class=\"p1\"><span style=\"color: #414141;\">Enfin, \u00e0 un niveau plus individuel, il y a le th\u00e8me de la d\u00e9couverte de soi-m\u00eame et de l'autre. Ces collections s'attachent \u00e0 peindre les caract\u00e9ristiques personnelles de chacun et leur relation avec les autres, leurs sentiments et leurs interactions. La vision d'autres artistes sur ces sujets, exprim\u00e9e dans d'autres formes d'art, fait \u00e9galement l'objet de certaines \u0153uvres.<\/span><\/p>\n<\/div><div class=\"col-sm-6\"><div class=\"su-image-carousel  su-image-carousel-has-spacing su-image-carousel-crop su-image-carousel-crop-4-3 su-image-carousel-has-outline su-image-carousel-adaptive su-image-carousel-slides-style-minimal su-image-carousel-controls-style-light su-image-carousel-align-left\" style=\"\" data-flickity-options='{\"groupCells\":true,\"cellSelector\":\".su-image-carousel-item\",\"adaptiveHeight\":false,\"cellAlign\":\"left\",\"prevNextButtons\":false,\"pageDots\":false,\"autoPlay\":5000,\"imagesLoaded\":true,\"contain\":true,\"selectedAttraction\":0.025,\"friction\":0.28}' id=\"su_image_carousel_69fe9f70b673c\"><div class=\"su-image-carousel-item\"><div class=\"su-image-carousel-item-content\"><img loading=\"lazy\" decoding=\"async\" width=\"150\" height=\"100\" src=\"https:\/\/www.antonioferreira.gallery\/wp-content\/uploads\/2023\/11\/perfil_9320-150x100.jpg\" class=\"\" alt=\"\" srcset=\"https:\/\/www.antonioferreira.gallery\/wp-content\/uploads\/2023\/11\/perfil_9320-150x100.jpg 150w, https:\/\/www.antonioferreira.gallery\/wp-content\/uploads\/2023\/11\/perfil_9320.jpg 596w\" sizes=\"auto, (max-width: 150px) 100vw, 150px\" \/><\/div><\/div><\/div><script id=\"su_image_carousel_69fe9f70b673c_script\">if(window.SUImageCarousel){setTimeout(function() {window.SUImageCarousel.initGallery(document.getElementById(\"su_image_carousel_69fe9f70b673c\"))}, 0);}var su_image_carousel_69fe9f70b673c_script=document.getElementById(\"su_image_carousel_69fe9f70b673c_script\");if(su_image_carousel_69fe9f70b673c_script){su_image_carousel_69fe9f70b673c_script.parentNode.removeChild(su_image_carousel_69fe9f70b673c_script);}<\/script><\/div><\/div>\n<div class=\"su-spacer\" style=\"height:80px\"><\/div>\n<div class=\"row\"><div class=\"col-sm-6\"><div class=\"su-image-carousel  su-image-carousel-has-spacing su-image-carousel-crop su-image-carousel-crop-4-3 su-image-carousel-has-outline su-image-carousel-adaptive su-image-carousel-slides-style-minimal su-image-carousel-controls-style-light su-image-carousel-align-left\" style=\"\" data-flickity-options='{\"groupCells\":true,\"cellSelector\":\".su-image-carousel-item\",\"adaptiveHeight\":false,\"cellAlign\":\"left\",\"prevNextButtons\":false,\"pageDots\":false,\"autoPlay\":5000,\"imagesLoaded\":true,\"contain\":true,\"selectedAttraction\":0.025,\"friction\":0.28}' id=\"su_image_carousel_69fe9f70b758e\"><div class=\"su-image-carousel-item\"><div class=\"su-image-carousel-item-content\"><img loading=\"lazy\" decoding=\"async\" width=\"150\" height=\"100\" src=\"https:\/\/www.antonioferreira.gallery\/wp-content\/uploads\/2023\/11\/detalhe-pedra_9303-150x100.jpg\" class=\"\" alt=\"\" srcset=\"https:\/\/www.antonioferreira.gallery\/wp-content\/uploads\/2023\/11\/detalhe-pedra_9303-150x100.jpg 150w, https:\/\/www.antonioferreira.gallery\/wp-content\/uploads\/2023\/11\/detalhe-pedra_9303.jpg 383w\" sizes=\"auto, (max-width: 150px) 100vw, 150px\" \/><\/div><\/div><\/div><script id=\"su_image_carousel_69fe9f70b758e_script\">if(window.SUImageCarousel){setTimeout(function() {window.SUImageCarousel.initGallery(document.getElementById(\"su_image_carousel_69fe9f70b758e\"))}, 0);}var su_image_carousel_69fe9f70b758e_script=document.getElementById(\"su_image_carousel_69fe9f70b758e_script\");if(su_image_carousel_69fe9f70b758e_script){su_image_carousel_69fe9f70b758e_script.parentNode.removeChild(su_image_carousel_69fe9f70b758e_script);}<\/script><\/div><div class=\"col-sm-6\">\n<p class=\"p1\"><span style=\"color: #414141;\">Sur le plan pictural, Artur concilie la technique traditionnelle de la peinture \u00e0 l'huile avec l'introduction de roches, de min\u00e9raux, de gemmes et d'autres \u00e9l\u00e9ments dans les \u0153uvres. L'utilisation de la peinture \u00e0 l'huile a pour but de prolonger le temps de s\u00e9chage, l'interaction des couleurs et de renforcer leur \u00e9clat.<\/span><br \/>\n<span style=\"color: #414141;\">L'introduction de roches, de min\u00e9raux et de gemmes vise \u00e0 promouvoir la nature telle qu'elle est, en devenant partie int\u00e9grante du symbolisme et de l'esth\u00e9tique de l'\u0153uvre. Elle acquiert une nouvelle complexit\u00e9 et devient tridimensionnelle. <\/span><br \/>\n<span style=\"color: #414141;\">En interpr\u00e9tant le peinture, le spectateur est confront\u00e9 \u00e0 la n\u00e9cessit\u00e9 de concilier les caract\u00e9ristiques des \u00e9l\u00e9ments naturels avec les formes et les couleurs de l'\u0153uvre, et aura ainsi tendance \u00e0 valoriser davantage la nature et son esth\u00e9tique, et \u00e0 \u00e9tablir un nouvel \u00e9quilibre entre la culture et la nature.<\/span><\/p>\n<p class=\"entry-title\" style=\"text-align: left;\"><\/div><\/div>\t<\/div> <!-- container -->\n\t\n\t\t<\/section>\n\t<\/div> <!-- section -->\n\n\t\n\t\n","protected":false},"excerpt":{"rendered":"","protected":false},"author":1,"featured_media":0,"parent":0,"menu_order":1,"comment_status":"closed","ping_status":"closed","template":"page-full.php","meta":{"_exactmetrics_skip_tracking":false,"_exactmetrics_sitenote_active":false,"_exactmetrics_sitenote_note":"","_exactmetrics_sitenote_category":0,"footnotes":""},"class_list":["post-2494","page","type-page","status-publish","hentry"],"yoast_head":"<!-- This site is optimized with the Yoast SEO plugin v27.5 - https:\/\/yoast.com\/product\/yoast-seo-wordpress\/ -->\n<title>Ant\u00f3nio Ferreira - Ant\u00f3nio Artur Ferreira Gallery<\/title>\n<meta name=\"description\" content=\"En 2009, Artur Ferreira a commenc\u00e9 sa carri\u00e8re artistique dans le but de partager ses id\u00e9es \u00e0 travers des images...\" \/>\n<meta name=\"robots\" content=\"index, follow, max-snippet:-1, max-image-preview:large, max-video-preview:-1\" \/>\n<link rel=\"canonical\" href=\"https:\/\/www.antonioferreira.gallery\/fr\/antonio-ferreira\/\" \/>\n<meta property=\"og:locale\" content=\"fr_FR\" \/>\n<meta property=\"og:type\" content=\"article\" \/>\n<meta property=\"og:title\" content=\"Ant\u00f3nio Ferreira - Ant\u00f3nio Artur Ferreira Gallery\" \/>\n<meta property=\"og:description\" content=\"En 2009, Artur Ferreira a commenc\u00e9 sa carri\u00e8re artistique dans le but de partager ses id\u00e9es \u00e0 travers des images...\" \/>\n<meta property=\"og:url\" content=\"https:\/\/www.antonioferreira.gallery\/fr\/antonio-ferreira\/\" \/>\n<meta property=\"og:site_name\" content=\"Ant\u00f3nio Artur Ferreira Gallery\" \/>\n<meta property=\"article:modified_time\" content=\"2023-11-29T23:38:20+00:00\" \/>\n<meta name=\"twitter:label1\" content=\"Est. reading time\" \/>\n\t<meta name=\"twitter:data1\" content=\"4 minutes\" \/>\n<script type=\"application\/ld+json\" class=\"yoast-schema-graph\">{\"@context\":\"https:\\\/\\\/schema.org\",\"@graph\":[{\"@type\":\"WebPage\",\"@id\":\"https:\\\/\\\/www.antonioferreira.gallery\\\/fr\\\/antonio-ferreira\\\/\",\"url\":\"https:\\\/\\\/www.antonioferreira.gallery\\\/fr\\\/antonio-ferreira\\\/\",\"name\":\"Ant\u00f3nio Ferreira - Ant\u00f3nio Artur Ferreira Gallery\",\"isPartOf\":{\"@id\":\"https:\\\/\\\/www.antonioferreira.gallery\\\/#website\"},\"datePublished\":\"2015-02-15T16:30:23+00:00\",\"dateModified\":\"2023-11-29T23:38:20+00:00\",\"description\":\"En 2009, Artur Ferreira a commenc\u00e9 sa carri\u00e8re artistique dans le but de partager ses id\u00e9es \u00e0 travers des images...\",\"breadcrumb\":{\"@id\":\"https:\\\/\\\/www.antonioferreira.gallery\\\/fr\\\/antonio-ferreira\\\/#breadcrumb\"},\"inLanguage\":\"fr-FR\",\"potentialAction\":[{\"@type\":\"ReadAction\",\"target\":[\"https:\\\/\\\/www.antonioferreira.gallery\\\/fr\\\/antonio-ferreira\\\/\"]}]},{\"@type\":\"BreadcrumbList\",\"@id\":\"https:\\\/\\\/www.antonioferreira.gallery\\\/fr\\\/antonio-ferreira\\\/#breadcrumb\",\"itemListElement\":[{\"@type\":\"ListItem\",\"position\":1,\"name\":\"Home\",\"item\":\"https:\\\/\\\/www.antonioferreira.gallery\\\/fr\\\/\"},{\"@type\":\"ListItem\",\"position\":2,\"name\":\"Ant\u00f3nio Ferreira\"}]},{\"@type\":\"WebSite\",\"@id\":\"https:\\\/\\\/www.antonioferreira.gallery\\\/#website\",\"url\":\"https:\\\/\\\/www.antonioferreira.gallery\\\/\",\"name\":\"Ant\u00f3nio Artur Ferreira Gallery\",\"description\":\"Visual Artist\",\"potentialAction\":[{\"@type\":\"SearchAction\",\"target\":{\"@type\":\"EntryPoint\",\"urlTemplate\":\"https:\\\/\\\/www.antonioferreira.gallery\\\/?s={search_term_string}\"},\"query-input\":{\"@type\":\"PropertyValueSpecification\",\"valueRequired\":true,\"valueName\":\"search_term_string\"}}],\"inLanguage\":\"fr-FR\"}]}<\/script>\n<!-- \/ Yoast SEO plugin. -->","yoast_head_json":{"title":"Ant\u00f3nio Ferreira - Ant\u00f3nio Artur Ferreira Gallery","description":"En 2009, Artur Ferreira a commenc\u00e9 sa carri\u00e8re artistique dans le but de partager ses id\u00e9es \u00e0 travers des images...","robots":{"index":"index","follow":"follow","max-snippet":"max-snippet:-1","max-image-preview":"max-image-preview:large","max-video-preview":"max-video-preview:-1"},"canonical":"https:\/\/www.antonioferreira.gallery\/fr\/antonio-ferreira\/","og_locale":"fr_FR","og_type":"article","og_title":"Ant\u00f3nio Ferreira - Ant\u00f3nio Artur Ferreira Gallery","og_description":"En 2009, Artur Ferreira a commenc\u00e9 sa carri\u00e8re artistique dans le but de partager ses id\u00e9es \u00e0 travers des images...","og_url":"https:\/\/www.antonioferreira.gallery\/fr\/antonio-ferreira\/","og_site_name":"Ant\u00f3nio Artur Ferreira Gallery","article_modified_time":"2023-11-29T23:38:20+00:00","twitter_misc":{"Est. reading time":"4 minutes"},"schema":{"@context":"https:\/\/schema.org","@graph":[{"@type":"WebPage","@id":"https:\/\/www.antonioferreira.gallery\/fr\/antonio-ferreira\/","url":"https:\/\/www.antonioferreira.gallery\/fr\/antonio-ferreira\/","name":"Ant\u00f3nio Ferreira - Ant\u00f3nio Artur Ferreira Gallery","isPartOf":{"@id":"https:\/\/www.antonioferreira.gallery\/#website"},"datePublished":"2015-02-15T16:30:23+00:00","dateModified":"2023-11-29T23:38:20+00:00","description":"En 2009, Artur Ferreira a commenc\u00e9 sa carri\u00e8re artistique dans le but de partager ses id\u00e9es \u00e0 travers des images...","breadcrumb":{"@id":"https:\/\/www.antonioferreira.gallery\/fr\/antonio-ferreira\/#breadcrumb"},"inLanguage":"fr-FR","potentialAction":[{"@type":"ReadAction","target":["https:\/\/www.antonioferreira.gallery\/fr\/antonio-ferreira\/"]}]},{"@type":"BreadcrumbList","@id":"https:\/\/www.antonioferreira.gallery\/fr\/antonio-ferreira\/#breadcrumb","itemListElement":[{"@type":"ListItem","position":1,"name":"Home","item":"https:\/\/www.antonioferreira.gallery\/fr\/"},{"@type":"ListItem","position":2,"name":"Ant\u00f3nio Ferreira"}]},{"@type":"WebSite","@id":"https:\/\/www.antonioferreira.gallery\/#website","url":"https:\/\/www.antonioferreira.gallery\/","name":"Ant\u00f3nio Artur Ferreira Gallery","description":"Visual Artist","potentialAction":[{"@type":"SearchAction","target":{"@type":"EntryPoint","urlTemplate":"https:\/\/www.antonioferreira.gallery\/?s={search_term_string}"},"query-input":{"@type":"PropertyValueSpecification","valueRequired":true,"valueName":"search_term_string"}}],"inLanguage":"fr-FR"}]}},"_links":{"self":[{"href":"https:\/\/www.antonioferreira.gallery\/fr\/wp-json\/wp\/v2\/pages\/2494","targetHints":{"allow":["GET"]}}],"collection":[{"href":"https:\/\/www.antonioferreira.gallery\/fr\/wp-json\/wp\/v2\/pages"}],"about":[{"href":"https:\/\/www.antonioferreira.gallery\/fr\/wp-json\/wp\/v2\/types\/page"}],"author":[{"embeddable":true,"href":"https:\/\/www.antonioferreira.gallery\/fr\/wp-json\/wp\/v2\/users\/1"}],"replies":[{"embeddable":true,"href":"https:\/\/www.antonioferreira.gallery\/fr\/wp-json\/wp\/v2\/comments?post=2494"}],"version-history":[{"count":6,"href":"https:\/\/www.antonioferreira.gallery\/fr\/wp-json\/wp\/v2\/pages\/2494\/revisions"}],"predecessor-version":[{"id":3533,"href":"https:\/\/www.antonioferreira.gallery\/fr\/wp-json\/wp\/v2\/pages\/2494\/revisions\/3533"}],"wp:attachment":[{"href":"https:\/\/www.antonioferreira.gallery\/fr\/wp-json\/wp\/v2\/media?parent=2494"}],"curies":[{"name":"wp","href":"https:\/\/api.w.org\/{rel}","templated":true}]}}