{"id":921,"date":"2015-02-22T16:01:54","date_gmt":"2015-02-22T16:01:54","guid":{"rendered":"https:\/\/www.antonioferreira.gallery\/politica-2\/"},"modified":"2023-12-01T01:18:39","modified_gmt":"2023-12-01T01:18:39","slug":"intervencion","status":"publish","type":"page","link":"https:\/\/www.antonioferreira.gallery\/es\/intervencion\/","title":{"rendered":"Intervenci\u00f3n"},"content":{"rendered":"<p style=\"text-align: left;\">\n\t\n\t<div class=\"section \" \t\tstyle=\"\n\t\t\t\t\t\t\t\t\tbackground-color: #ededed;\t\t\t\t\t\t\t\t\t\"\n\t\t\t\t\t>\n\n\t\n\t<section>\n\n\t\n\t\n\t<div class=\"container\">\t\t\n<h5 style=\"text-align: center;\"><span style=\"color: #414141;\"><div class=\"row\"><div class=\"col-sm-12\">Sostenibilidad<\/div><\/div><\/span><\/h5>\n<h2 style=\"text-align: center;\"><span style=\"color: #414141;\"><div class=\"row\"><div class=\"col-sm-12\"> Intervenci\u00f3n <\/div><\/div><\/span><\/h2>\n<p style=\"margin-top: 0cm; text-align: left;\"><div class=\"su-spacer\" style=\"height:50px\"><\/div>\n\n\t\n\t<ul id=\"gallery-882\"\n\t    class=\"gallery gl-cols-3 gl-pinterest\"\n\t    data-options=\"id: gallery-882; category: 72; type: pinterest; items_per_page: 200; columns_count: 3; show_load_more: no; show_filter: no; fixed_items: fixed; load_on_scroll: no; preview_full_size: no; preview_show_zoom: yes; preview_show_readmore: yes; preview_show_share: yes; ajax_action: mental_gallery; \">\n\n\t\t\n   \n\t\t\t\t<li class=\"gl-item gl-loading          \"\n\t\t\tdata-category=\"intervencion\">\n\n\t\t\t<a href=\"https:\/\/www.antonioferreira.gallery\/es\/gallery\/migracion\/\">\n\t\t\t\t<figure>\n\t\t\t\t\t\t\t\t\t\t\t<img decoding=\"async\" src=\"https:\/\/www.antonioferreira.gallery\/wp-content\/uploads\/2023\/11\/Migracoes-700x460.jpg\" class=\"attachment-medium size-medium wp-post-image\" alt=\"\" srcset=\"https:\/\/www.antonioferreira.gallery\/wp-content\/uploads\/2023\/11\/Migracoes-700x460.jpg 700w, https:\/\/www.antonioferreira.gallery\/wp-content\/uploads\/2023\/11\/Migracoes-1280x840.jpg 1280w, https:\/\/www.antonioferreira.gallery\/wp-content\/uploads\/2023\/11\/Migracoes-150x98.jpg 150w, https:\/\/www.antonioferreira.gallery\/wp-content\/uploads\/2023\/11\/Migracoes-768x504.jpg 768w, https:\/\/www.antonioferreira.gallery\/wp-content\/uploads\/2023\/11\/Migracoes-1536x1009.jpg 1536w, https:\/\/www.antonioferreira.gallery\/wp-content\/uploads\/2023\/11\/Migracoes-2048x1345.jpg 2048w\" sizes=\"(max-width: 700px) 100vw, 700px\" \/>\t\t\t\t\t\t\t\t\t\t<figcaption>\n\t\t\t\t\t\t<div class=\"middle\">\n\t\t\t\t\t\t\t<div class=\"middle-inner\">\n\n\t\t\t\t\t\t\t\t\n\t\t\t\t\t\t\t\t<p class=\"gl-item-title\">Migraci\u00f3n<\/p>\n\n\t\t\t\t\t\t\t\t\t\t\t\t\t\t\t\t\t<p class=\"gl-item-descr\">\u00d3leo sobre lienzo con 5 \u00e1gatas, 1 piedra de c\u00edtricos y una fluorita<\/p>\n\t\t\t\t\t\t\t\t\n\t\t\t\t\t\t\t<\/div>\n\t\t\t\t\t\t<\/div>\n\t\t\t\t\t<\/figcaption>\n\t\t\t\t<\/figure>\n\t\t\t<\/a>\n\n\t\t\t\n\t\t<\/li>\n\n\t\n\t\t\t\t<li class=\"gl-item gl-loading          \"\n\t\t\tdata-category=\"intervencion\">\n\n\t\t\t<a href=\"https:\/\/www.antonioferreira.gallery\/es\/gallery\/ucrania-el-fin-del-mito-de-la-liberacion-rusa\/\">\n\t\t\t\t<figure>\n\t\t\t\t\t\t\t\t\t\t\t<img decoding=\"async\" src=\"https:\/\/www.antonioferreira.gallery\/wp-content\/uploads\/2024\/11\/ucrania-700x423.jpg\" class=\"attachment-medium size-medium wp-post-image\" alt=\"\" srcset=\"https:\/\/www.antonioferreira.gallery\/wp-content\/uploads\/2024\/11\/ucrania-700x423.jpg 700w, https:\/\/www.antonioferreira.gallery\/wp-content\/uploads\/2024\/11\/ucrania-1280x774.jpg 1280w, https:\/\/www.antonioferreira.gallery\/wp-content\/uploads\/2024\/11\/ucrania-150x91.jpg 150w, https:\/\/www.antonioferreira.gallery\/wp-content\/uploads\/2024\/11\/ucrania-768x465.jpg 768w, https:\/\/www.antonioferreira.gallery\/wp-content\/uploads\/2024\/11\/ucrania-1536x929.jpg 1536w, https:\/\/www.antonioferreira.gallery\/wp-content\/uploads\/2024\/11\/ucrania-2048x1239.jpg 2048w\" sizes=\"(max-width: 700px) 100vw, 700px\" \/>\t\t\t\t\t\t\t\t\t\t<figcaption>\n\t\t\t\t\t\t<div class=\"middle\">\n\t\t\t\t\t\t\t<div class=\"middle-inner\">\n\n\t\t\t\t\t\t\t\t\n\t\t\t\t\t\t\t\t<p class=\"gl-item-title\">Ucrania: el fin del mito de la liberaci\u00f3n rusa<\/p>\n\n\t\t\t\t\t\t\t\t\t\t\t\t\t\t\t\t\t<p class=\"gl-item-descr\">\u00d3leo sobre lienzo con collage mineral de realgar Lo que parece no siempre es lo que es.<\/p>\n\t\t\t\t\t\t\t\t\n\t\t\t\t\t\t\t<\/div>\n\t\t\t\t\t\t<\/div>\n\t\t\t\t\t<\/figcaption>\n\t\t\t\t<\/figure>\n\t\t\t<\/a>\n\n\t\t\t\n\t\t<\/li>\n\n\t\n\t\t\t\t<li class=\"gl-item gl-loading          \"\n\t\t\tdata-category=\"intervencion\">\n\n\t\t\t<a href=\"https:\/\/www.antonioferreira.gallery\/es\/gallery\/identidad-europea\/\">\n\t\t\t\t<figure>\n\t\t\t\t\t\t\t\t\t\t\t<img decoding=\"async\" src=\"https:\/\/www.antonioferreira.gallery\/wp-content\/uploads\/2015\/02\/Identidade-europeia1-700x343.gif\" class=\"attachment-medium size-medium wp-post-image\" alt=\"\" srcset=\"https:\/\/www.antonioferreira.gallery\/wp-content\/uploads\/2015\/02\/Identidade-europeia1-700x343.gif 700w, https:\/\/www.antonioferreira.gallery\/wp-content\/uploads\/2015\/02\/Identidade-europeia1-150x74.gif 150w, https:\/\/www.antonioferreira.gallery\/wp-content\/uploads\/2015\/02\/Identidade-europeia1-1280x628.gif 1280w\" sizes=\"(max-width: 700px) 100vw, 700px\" \/>\t\t\t\t\t\t\t\t\t\t<figcaption>\n\t\t\t\t\t\t<div class=\"middle\">\n\t\t\t\t\t\t\t<div class=\"middle-inner\">\n\n\t\t\t\t\t\t\t\t\n\t\t\t\t\t\t\t\t<p class=\"gl-item-title\">Identidad Europea<\/p>\n\n\t\t\t\t\t\t\t\t\t\t\t\t\t\t\t\t\t<p class=\"gl-item-descr\">\u00d3leo sobre lienzo y coral<\/p>\n\t\t\t\t\t\t\t\t\n\t\t\t\t\t\t\t<\/div>\n\t\t\t\t\t\t<\/div>\n\t\t\t\t\t<\/figcaption>\n\t\t\t\t<\/figure>\n\t\t\t<\/a>\n\n\t\t\t\n\t\t<\/li>\n\n\t\n\t\t\t\t<li class=\"gl-item gl-loading          \"\n\t\t\tdata-category=\"intervencion\">\n\n\t\t\t<a href=\"https:\/\/www.antonioferreira.gallery\/es\/gallery\/autoritarismo-o-democracia\/\">\n\t\t\t\t<figure>\n\t\t\t\t\t\t\t\t\t\t\t<img decoding=\"async\" src=\"https:\/\/www.antonioferreira.gallery\/wp-content\/uploads\/2024\/11\/Autoritarismo-ou-democracia_2-554x700.jpg\" class=\"attachment-medium size-medium wp-post-image\" alt=\"\" srcset=\"https:\/\/www.antonioferreira.gallery\/wp-content\/uploads\/2024\/11\/Autoritarismo-ou-democracia_2-554x700.jpg 554w, https:\/\/www.antonioferreira.gallery\/wp-content\/uploads\/2024\/11\/Autoritarismo-ou-democracia_2-1013x1280.jpg 1013w, https:\/\/www.antonioferreira.gallery\/wp-content\/uploads\/2024\/11\/Autoritarismo-ou-democracia_2-119x150.jpg 119w, https:\/\/www.antonioferreira.gallery\/wp-content\/uploads\/2024\/11\/Autoritarismo-ou-democracia_2-768x970.jpg 768w, https:\/\/www.antonioferreira.gallery\/wp-content\/uploads\/2024\/11\/Autoritarismo-ou-democracia_2-1216x1536.jpg 1216w, https:\/\/www.antonioferreira.gallery\/wp-content\/uploads\/2024\/11\/Autoritarismo-ou-democracia_2-1621x2048.jpg 1621w, https:\/\/www.antonioferreira.gallery\/wp-content\/uploads\/2024\/11\/Autoritarismo-ou-democracia_2-scaled.jpg 2026w\" sizes=\"(max-width: 554px) 100vw, 554px\" \/>\t\t\t\t\t\t\t\t\t\t<figcaption>\n\t\t\t\t\t\t<div class=\"middle\">\n\t\t\t\t\t\t\t<div class=\"middle-inner\">\n\n\t\t\t\t\t\t\t\t\n\t\t\t\t\t\t\t\t<p class=\"gl-item-title\">Autoritarismo o democracia<\/p>\n\n\t\t\t\t\t\t\t\t\t\t\t\t\t\t\t\t\t<p class=\"gl-item-descr\">\u00d3leo sobre lienzo con dos \u00e1gatas, una turmalina negra, una parte de concha de n\u00e1car y una labradorita S\u00f3lo la...<\/p>\n\t\t\t\t\t\t\t\t\n\t\t\t\t\t\t\t<\/div>\n\t\t\t\t\t\t<\/div>\n\t\t\t\t\t<\/figcaption>\n\t\t\t\t<\/figure>\n\t\t\t<\/a>\n\n\t\t\t\n\t\t<\/li>\n\n\t\n\t\t\t\t<li class=\"gl-item gl-loading          \"\n\t\t\tdata-category=\"intervencion\">\n\n\t\t\t<a href=\"https:\/\/www.antonioferreira.gallery\/es\/gallery\/guerra-y-paz-en-el-siglo-xxi\/\">\n\t\t\t\t<figure>\n\t\t\t\t\t\t\t\t\t\t\t<img decoding=\"async\" src=\"https:\/\/www.antonioferreira.gallery\/wp-content\/uploads\/2023\/11\/Guerra-e-Paz-no-sec-XXI-462x700.jpg\" class=\"attachment-medium size-medium wp-post-image\" alt=\"\" srcset=\"https:\/\/www.antonioferreira.gallery\/wp-content\/uploads\/2023\/11\/Guerra-e-Paz-no-sec-XXI-462x700.jpg 462w, https:\/\/www.antonioferreira.gallery\/wp-content\/uploads\/2023\/11\/Guerra-e-Paz-no-sec-XXI-846x1280.jpg 846w, https:\/\/www.antonioferreira.gallery\/wp-content\/uploads\/2023\/11\/Guerra-e-Paz-no-sec-XXI-99x150.jpg 99w, https:\/\/www.antonioferreira.gallery\/wp-content\/uploads\/2023\/11\/Guerra-e-Paz-no-sec-XXI-768x1163.jpg 768w, https:\/\/www.antonioferreira.gallery\/wp-content\/uploads\/2023\/11\/Guerra-e-Paz-no-sec-XXI.jpg 950w\" sizes=\"(max-width: 462px) 100vw, 462px\" \/>\t\t\t\t\t\t\t\t\t\t<figcaption>\n\t\t\t\t\t\t<div class=\"middle\">\n\t\t\t\t\t\t\t<div class=\"middle-inner\">\n\n\t\t\t\t\t\t\t\t\n\t\t\t\t\t\t\t\t<p class=\"gl-item-title\">Guerra y paz en el siglo XXI<\/p>\n\n\t\t\t\t\t\t\t\t\t\t\t\t\t\t\t\t\t<p class=\"gl-item-descr\">\u00d3leo sobre tela<\/p>\n\t\t\t\t\t\t\t\t\n\t\t\t\t\t\t\t<\/div>\n\t\t\t\t\t\t<\/div>\n\t\t\t\t\t<\/figcaption>\n\t\t\t\t<\/figure>\n\t\t\t<\/a>\n\n\t\t\t\n\t\t<\/li>\n\n\t\n\t\t\t\t<li class=\"gl-item gl-loading          \"\n\t\t\tdata-category=\"intervencion\">\n\n\t\t\t<a href=\"https:\/\/www.antonioferreira.gallery\/es\/gallery\/minorias\/\">\n\t\t\t\t<figure>\n\t\t\t\t\t\t\t\t\t\t\t<img decoding=\"async\" src=\"https:\/\/www.antonioferreira.gallery\/wp-content\/uploads\/2023\/11\/Minorias-1-465x700.jpg\" class=\"attachment-medium size-medium wp-post-image\" alt=\"\" srcset=\"https:\/\/www.antonioferreira.gallery\/wp-content\/uploads\/2023\/11\/Minorias-1-465x700.jpg 465w, https:\/\/www.antonioferreira.gallery\/wp-content\/uploads\/2023\/11\/Minorias-1-850x1280.jpg 850w, https:\/\/www.antonioferreira.gallery\/wp-content\/uploads\/2023\/11\/Minorias-1-100x150.jpg 100w, https:\/\/www.antonioferreira.gallery\/wp-content\/uploads\/2023\/11\/Minorias-1-768x1156.jpg 768w, https:\/\/www.antonioferreira.gallery\/wp-content\/uploads\/2023\/11\/Minorias-1-1020x1536.jpg 1020w, https:\/\/www.antonioferreira.gallery\/wp-content\/uploads\/2023\/11\/Minorias-1.jpg 1327w\" sizes=\"(max-width: 465px) 100vw, 465px\" \/>\t\t\t\t\t\t\t\t\t\t<figcaption>\n\t\t\t\t\t\t<div class=\"middle\">\n\t\t\t\t\t\t\t<div class=\"middle-inner\">\n\n\t\t\t\t\t\t\t\t\n\t\t\t\t\t\t\t\t<p class=\"gl-item-title\">Minor\u00edas<\/p>\n\n\t\t\t\t\t\t\t\t\t\t\t\t\t\t\t\t\t<p class=\"gl-item-descr\">\u00d3leo sobre lienzo con geoda de cuarzo y 2 \u00e1gatas<\/p>\n\t\t\t\t\t\t\t\t\n\t\t\t\t\t\t\t<\/div>\n\t\t\t\t\t\t<\/div>\n\t\t\t\t\t<\/figcaption>\n\t\t\t\t<\/figure>\n\t\t\t<\/a>\n\n\t\t\t\n\t\t<\/li>\n\n\t\n\t\t\t\t<li class=\"gl-item gl-loading          \"\n\t\t\tdata-category=\"intervencion\">\n\n\t\t\t<a href=\"https:\/\/www.antonioferreira.gallery\/es\/gallery\/ich-bin-ein-berliner\/\">\n\t\t\t\t<figure>\n\t\t\t\t\t\t\t\t\t\t\t<img decoding=\"async\" src=\"https:\/\/www.antonioferreira.gallery\/wp-content\/uploads\/2015\/02\/Berliner1-507x700.gif\" class=\"attachment-medium size-medium wp-post-image\" alt=\"\" srcset=\"https:\/\/www.antonioferreira.gallery\/wp-content\/uploads\/2015\/02\/Berliner1-507x700.gif 507w, https:\/\/www.antonioferreira.gallery\/wp-content\/uploads\/2015\/02\/Berliner1-109x150.gif 109w, https:\/\/www.antonioferreira.gallery\/wp-content\/uploads\/2015\/02\/Berliner1-928x1280.gif 928w\" sizes=\"(max-width: 507px) 100vw, 507px\" \/>\t\t\t\t\t\t\t\t\t\t<figcaption>\n\t\t\t\t\t\t<div class=\"middle\">\n\t\t\t\t\t\t\t<div class=\"middle-inner\">\n\n\t\t\t\t\t\t\t\t\n\t\t\t\t\t\t\t\t<p class=\"gl-item-title\">Ich bin ein Berliner<\/p>\n\n\t\t\t\t\t\t\t\t\t\t\t\t\t\t\t\t\t<p class=\"gl-item-descr\">\u00d3leo sobre lienzo<\/p>\n\t\t\t\t\t\t\t\t\n\t\t\t\t\t\t\t<\/div>\n\t\t\t\t\t\t<\/div>\n\t\t\t\t\t<\/figcaption>\n\t\t\t\t<\/figure>\n\t\t\t<\/a>\n\n\t\t\t\n\t\t<\/li>\n\n\t\n\t\t\t\t<li class=\"gl-item gl-loading          \"\n\t\t\tdata-category=\"intervencion\">\n\n\t\t\t<a href=\"https:\/\/www.antonioferreira.gallery\/es\/gallery\/construir-el-euro\/\">\n\t\t\t\t<figure>\n\t\t\t\t\t\t\t\t\t\t\t<img decoding=\"async\" src=\"https:\/\/www.antonioferreira.gallery\/wp-content\/uploads\/2015\/02\/Euro-497x700.jpg\" class=\"attachment-medium size-medium wp-post-image\" alt=\"\" srcset=\"https:\/\/www.antonioferreira.gallery\/wp-content\/uploads\/2015\/02\/Euro-497x700.jpg 497w, https:\/\/www.antonioferreira.gallery\/wp-content\/uploads\/2015\/02\/Euro-106x150.jpg 106w, https:\/\/www.antonioferreira.gallery\/wp-content\/uploads\/2015\/02\/Euro-908x1280.jpg 908w, https:\/\/www.antonioferreira.gallery\/wp-content\/uploads\/2015\/02\/Euro.jpg 1320w\" sizes=\"(max-width: 497px) 100vw, 497px\" \/>\t\t\t\t\t\t\t\t\t\t<figcaption>\n\t\t\t\t\t\t<div class=\"middle\">\n\t\t\t\t\t\t\t<div class=\"middle-inner\">\n\n\t\t\t\t\t\t\t\t\n\t\t\t\t\t\t\t\t<p class=\"gl-item-title\">Construir el Euro<\/p>\n\n\t\t\t\t\t\t\t\t\t\t\t\t\t\t\t\t\t<p class=\"gl-item-descr\">\u00d3leo sobre lienzo<\/p>\n\t\t\t\t\t\t\t\t\n\t\t\t\t\t\t\t<\/div>\n\t\t\t\t\t\t<\/div>\n\t\t\t\t\t<\/figcaption>\n\t\t\t\t<\/figure>\n\t\t\t<\/a>\n\n\t\t\t\n\t\t<\/li>\n\n\t\n\t\t\t\t<li class=\"gl-item gl-loading          \"\n\t\t\tdata-category=\"intervencion\">\n\n\t\t\t<a href=\"https:\/\/www.antonioferreira.gallery\/es\/gallery\/ataque-soberana\/\">\n\t\t\t\t<figure>\n\t\t\t\t\t\t\t\t\t\t\t<img decoding=\"async\" src=\"https:\/\/www.antonioferreira.gallery\/wp-content\/uploads\/2015\/02\/Dividas-soberanas1-489x700.gif\" class=\"attachment-medium size-medium wp-post-image\" alt=\"\" srcset=\"https:\/\/www.antonioferreira.gallery\/wp-content\/uploads\/2015\/02\/Dividas-soberanas1-489x700.gif 489w, https:\/\/www.antonioferreira.gallery\/wp-content\/uploads\/2015\/02\/Dividas-soberanas1-105x150.gif 105w, https:\/\/www.antonioferreira.gallery\/wp-content\/uploads\/2015\/02\/Dividas-soberanas1-893x1280.gif 893w\" sizes=\"(max-width: 489px) 100vw, 489px\" \/>\t\t\t\t\t\t\t\t\t\t<figcaption>\n\t\t\t\t\t\t<div class=\"middle\">\n\t\t\t\t\t\t\t<div class=\"middle-inner\">\n\n\t\t\t\t\t\t\t\t\n\t\t\t\t\t\t\t\t<p class=\"gl-item-title\">Ataque a la deuda soberana<\/p>\n\n\t\t\t\t\t\t\t\t\t\t\t\t\t\t\t\t\t<p class=\"gl-item-descr\">\u00d3leo sobre lienzo<\/p>\n\t\t\t\t\t\t\t\t\n\t\t\t\t\t\t\t<\/div>\n\t\t\t\t\t\t<\/div>\n\t\t\t\t\t<\/figcaption>\n\t\t\t\t<\/figure>\n\t\t\t<\/a>\n\n\t\t\t\n\t\t<\/li>\n\n\t\n\t\t\t\t<li class=\"gl-item gl-loading          \"\n\t\t\tdata-category=\"intervencion\">\n\n\t\t\t<a href=\"https:\/\/www.antonioferreira.gallery\/es\/gallery\/recesion\/\">\n\t\t\t\t<figure>\n\t\t\t\t\t\t\t\t\t\t\t<img decoding=\"async\" src=\"https:\/\/www.antonioferreira.gallery\/wp-content\/uploads\/2015\/02\/Recessao1-493x700.gif\" class=\"attachment-medium size-medium wp-post-image\" alt=\"\" srcset=\"https:\/\/www.antonioferreira.gallery\/wp-content\/uploads\/2015\/02\/Recessao1-493x700.gif 493w, https:\/\/www.antonioferreira.gallery\/wp-content\/uploads\/2015\/02\/Recessao1-901x1280.gif 901w, https:\/\/www.antonioferreira.gallery\/wp-content\/uploads\/2015\/02\/Recessao1-106x150.gif 106w, https:\/\/www.antonioferreira.gallery\/wp-content\/uploads\/2015\/02\/Recessao1-768x1091.gif 768w, https:\/\/www.antonioferreira.gallery\/wp-content\/uploads\/2015\/02\/Recessao1-1081x1536.gif 1081w\" sizes=\"(max-width: 493px) 100vw, 493px\" \/>\t\t\t\t\t\t\t\t\t\t<figcaption>\n\t\t\t\t\t\t<div class=\"middle\">\n\t\t\t\t\t\t\t<div class=\"middle-inner\">\n\n\t\t\t\t\t\t\t\t\n\t\t\t\t\t\t\t\t<p class=\"gl-item-title\">Recesi\u00f3n<\/p>\n\n\t\t\t\t\t\t\t\t\t\t\t\t\t\t\t\t\t<p class=\"gl-item-descr\">\u00d3leo sobre lienzo<\/p>\n\t\t\t\t\t\t\t\t\n\t\t\t\t\t\t\t<\/div>\n\t\t\t\t\t\t<\/div>\n\t\t\t\t\t<\/figcaption>\n\t\t\t\t<\/figure>\n\t\t\t<\/a>\n\n\t\t\t\n\t\t<\/li>\n\n\t\n\t\t\t\t<li class=\"gl-item gl-loading          \"\n\t\t\tdata-category=\"intervencion\">\n\n\t\t\t<a href=\"https:\/\/www.antonioferreira.gallery\/es\/gallery\/cohesion-social\/\">\n\t\t\t\t<figure>\n\t\t\t\t\t\t\t\t\t\t\t<img decoding=\"async\" src=\"https:\/\/www.antonioferreira.gallery\/wp-content\/uploads\/2015\/02\/Coesao-social-700x697.jpg\" class=\"attachment-medium size-medium wp-post-image\" alt=\"\" srcset=\"https:\/\/www.antonioferreira.gallery\/wp-content\/uploads\/2015\/02\/Coesao-social-700x697.jpg 700w, https:\/\/www.antonioferreira.gallery\/wp-content\/uploads\/2015\/02\/Coesao-social-1280x1275.jpg 1280w, https:\/\/www.antonioferreira.gallery\/wp-content\/uploads\/2015\/02\/Coesao-social-150x150.jpg 150w, https:\/\/www.antonioferreira.gallery\/wp-content\/uploads\/2015\/02\/Coesao-social-768x765.jpg 768w, https:\/\/www.antonioferreira.gallery\/wp-content\/uploads\/2015\/02\/Coesao-social.jpg 1317w\" sizes=\"(max-width: 700px) 100vw, 700px\" \/>\t\t\t\t\t\t\t\t\t\t<figcaption>\n\t\t\t\t\t\t<div class=\"middle\">\n\t\t\t\t\t\t\t<div class=\"middle-inner\">\n\n\t\t\t\t\t\t\t\t\n\t\t\t\t\t\t\t\t<p class=\"gl-item-title\">Cohesi\u00f3n social<\/p>\n\n\t\t\t\t\t\t\t\t\t\t\t\t\t\t\t\t\t<p class=\"gl-item-descr\">\u00d3leo sobre lienzo<\/p>\n\t\t\t\t\t\t\t\t\n\t\t\t\t\t\t\t<\/div>\n\t\t\t\t\t\t<\/div>\n\t\t\t\t\t<\/figcaption>\n\t\t\t\t<\/figure>\n\t\t\t<\/a>\n\n\t\t\t\n\t\t<\/li>\n\n\t\t<\/ul> <!-- gallery -->\n\n\t\n\t\n\t\t<\/div> <!-- container -->\n\t\n\t\t<\/section>\n\t<\/div> <!-- section -->\n\n\t\n\t\n","protected":false},"excerpt":{"rendered":"","protected":false},"author":1,"featured_media":0,"parent":0,"menu_order":0,"comment_status":"open","ping_status":"closed","template":"page-full.php","meta":{"_exactmetrics_skip_tracking":false,"_exactmetrics_sitenote_active":false,"_exactmetrics_sitenote_note":"","_exactmetrics_sitenote_category":0,"footnotes":""},"class_list":["post-921","page","type-page","status-publish","hentry"],"yoast_head":"<!-- This site is optimized with the Yoast SEO plugin v27.5 - https:\/\/yoast.com\/product\/yoast-seo-wordpress\/ -->\n<title>Intervenci\u00f3n - Ant\u00f3nio Artur Ferreira Gallery<\/title>\n<meta name=\"description\" content=\"Uma das colec\u00e7\u00f5es de Ant\u00f3nio Artur Ferreira \u00e9 Sustentabilidade - Interven\u00e7\u00e3o, onde podemos encontrar pinturas sobre os mesmos.\" \/>\n<meta name=\"robots\" content=\"index, follow, max-snippet:-1, max-image-preview:large, max-video-preview:-1\" \/>\n<link rel=\"canonical\" href=\"https:\/\/www.antonioferreira.gallery\/es\/intervencion\/\" \/>\n<meta property=\"og:locale\" content=\"es_ES\" \/>\n<meta property=\"og:type\" content=\"article\" \/>\n<meta property=\"og:title\" content=\"Intervenci\u00f3n - Ant\u00f3nio Artur Ferreira Gallery\" \/>\n<meta property=\"og:description\" content=\"Uma das colec\u00e7\u00f5es de Ant\u00f3nio Artur Ferreira \u00e9 Sustentabilidade - Interven\u00e7\u00e3o, onde podemos encontrar pinturas sobre os mesmos.\" \/>\n<meta property=\"og:url\" content=\"https:\/\/www.antonioferreira.gallery\/es\/intervencion\/\" \/>\n<meta property=\"og:site_name\" content=\"Ant\u00f3nio Artur Ferreira Gallery\" \/>\n<meta property=\"article:modified_time\" content=\"2023-12-01T01:18:39+00:00\" \/>\n<meta name=\"twitter:label1\" content=\"Est. reading time\" \/>\n\t<meta name=\"twitter:data1\" content=\"1 minute\" \/>\n<script type=\"application\/ld+json\" class=\"yoast-schema-graph\">{\"@context\":\"https:\\\/\\\/schema.org\",\"@graph\":[{\"@type\":\"WebPage\",\"@id\":\"https:\\\/\\\/www.antonioferreira.gallery\\\/es\\\/intervencion\\\/\",\"url\":\"https:\\\/\\\/www.antonioferreira.gallery\\\/es\\\/intervencion\\\/\",\"name\":\"Intervenci\u00f3n - Ant\u00f3nio Artur Ferreira Gallery\",\"isPartOf\":{\"@id\":\"https:\\\/\\\/www.antonioferreira.gallery\\\/#website\"},\"datePublished\":\"2015-02-22T16:01:54+00:00\",\"dateModified\":\"2023-12-01T01:18:39+00:00\",\"description\":\"Uma das colec\u00e7\u00f5es de Ant\u00f3nio Artur Ferreira \u00e9 Sustentabilidade - Interven\u00e7\u00e3o, onde podemos encontrar pinturas sobre os mesmos.\",\"breadcrumb\":{\"@id\":\"https:\\\/\\\/www.antonioferreira.gallery\\\/es\\\/intervencion\\\/#breadcrumb\"},\"inLanguage\":\"es-ES\",\"potentialAction\":[{\"@type\":\"ReadAction\",\"target\":[\"https:\\\/\\\/www.antonioferreira.gallery\\\/es\\\/intervencion\\\/\"]}]},{\"@type\":\"BreadcrumbList\",\"@id\":\"https:\\\/\\\/www.antonioferreira.gallery\\\/es\\\/intervencion\\\/#breadcrumb\",\"itemListElement\":[{\"@type\":\"ListItem\",\"position\":1,\"name\":\"Home\",\"item\":\"https:\\\/\\\/www.antonioferreira.gallery\\\/es\\\/\"},{\"@type\":\"ListItem\",\"position\":2,\"name\":\"Intervenci\u00f3n\"}]},{\"@type\":\"WebSite\",\"@id\":\"https:\\\/\\\/www.antonioferreira.gallery\\\/#website\",\"url\":\"https:\\\/\\\/www.antonioferreira.gallery\\\/\",\"name\":\"Ant\u00f3nio Artur Ferreira Gallery\",\"description\":\"Visual Artist\",\"potentialAction\":[{\"@type\":\"SearchAction\",\"target\":{\"@type\":\"EntryPoint\",\"urlTemplate\":\"https:\\\/\\\/www.antonioferreira.gallery\\\/?s={search_term_string}\"},\"query-input\":{\"@type\":\"PropertyValueSpecification\",\"valueRequired\":true,\"valueName\":\"search_term_string\"}}],\"inLanguage\":\"es-ES\"}]}<\/script>\n<!-- \/ Yoast SEO plugin. -->","yoast_head_json":{"title":"Intervenci\u00f3n - Ant\u00f3nio Artur Ferreira Gallery","description":"Uma das colec\u00e7\u00f5es de Ant\u00f3nio Artur Ferreira \u00e9 Sustentabilidade - Interven\u00e7\u00e3o, onde podemos encontrar pinturas sobre os mesmos.","robots":{"index":"index","follow":"follow","max-snippet":"max-snippet:-1","max-image-preview":"max-image-preview:large","max-video-preview":"max-video-preview:-1"},"canonical":"https:\/\/www.antonioferreira.gallery\/es\/intervencion\/","og_locale":"es_ES","og_type":"article","og_title":"Intervenci\u00f3n - Ant\u00f3nio Artur Ferreira Gallery","og_description":"Uma das colec\u00e7\u00f5es de Ant\u00f3nio Artur Ferreira \u00e9 Sustentabilidade - Interven\u00e7\u00e3o, onde podemos encontrar pinturas sobre os mesmos.","og_url":"https:\/\/www.antonioferreira.gallery\/es\/intervencion\/","og_site_name":"Ant\u00f3nio Artur Ferreira Gallery","article_modified_time":"2023-12-01T01:18:39+00:00","twitter_misc":{"Est. reading time":"1 minute"},"schema":{"@context":"https:\/\/schema.org","@graph":[{"@type":"WebPage","@id":"https:\/\/www.antonioferreira.gallery\/es\/intervencion\/","url":"https:\/\/www.antonioferreira.gallery\/es\/intervencion\/","name":"Intervenci\u00f3n - Ant\u00f3nio Artur Ferreira Gallery","isPartOf":{"@id":"https:\/\/www.antonioferreira.gallery\/#website"},"datePublished":"2015-02-22T16:01:54+00:00","dateModified":"2023-12-01T01:18:39+00:00","description":"Uma das colec\u00e7\u00f5es de Ant\u00f3nio Artur Ferreira \u00e9 Sustentabilidade - Interven\u00e7\u00e3o, onde podemos encontrar pinturas sobre os mesmos.","breadcrumb":{"@id":"https:\/\/www.antonioferreira.gallery\/es\/intervencion\/#breadcrumb"},"inLanguage":"es-ES","potentialAction":[{"@type":"ReadAction","target":["https:\/\/www.antonioferreira.gallery\/es\/intervencion\/"]}]},{"@type":"BreadcrumbList","@id":"https:\/\/www.antonioferreira.gallery\/es\/intervencion\/#breadcrumb","itemListElement":[{"@type":"ListItem","position":1,"name":"Home","item":"https:\/\/www.antonioferreira.gallery\/es\/"},{"@type":"ListItem","position":2,"name":"Intervenci\u00f3n"}]},{"@type":"WebSite","@id":"https:\/\/www.antonioferreira.gallery\/#website","url":"https:\/\/www.antonioferreira.gallery\/","name":"Ant\u00f3nio Artur Ferreira Gallery","description":"Visual Artist","potentialAction":[{"@type":"SearchAction","target":{"@type":"EntryPoint","urlTemplate":"https:\/\/www.antonioferreira.gallery\/?s={search_term_string}"},"query-input":{"@type":"PropertyValueSpecification","valueRequired":true,"valueName":"search_term_string"}}],"inLanguage":"es-ES"}]}},"_links":{"self":[{"href":"https:\/\/www.antonioferreira.gallery\/es\/wp-json\/wp\/v2\/pages\/921","targetHints":{"allow":["GET"]}}],"collection":[{"href":"https:\/\/www.antonioferreira.gallery\/es\/wp-json\/wp\/v2\/pages"}],"about":[{"href":"https:\/\/www.antonioferreira.gallery\/es\/wp-json\/wp\/v2\/types\/page"}],"author":[{"embeddable":true,"href":"https:\/\/www.antonioferreira.gallery\/es\/wp-json\/wp\/v2\/users\/1"}],"replies":[{"embeddable":true,"href":"https:\/\/www.antonioferreira.gallery\/es\/wp-json\/wp\/v2\/comments?post=921"}],"version-history":[{"count":7,"href":"https:\/\/www.antonioferreira.gallery\/es\/wp-json\/wp\/v2\/pages\/921\/revisions"}],"predecessor-version":[{"id":3715,"href":"https:\/\/www.antonioferreira.gallery\/es\/wp-json\/wp\/v2\/pages\/921\/revisions\/3715"}],"wp:attachment":[{"href":"https:\/\/www.antonioferreira.gallery\/es\/wp-json\/wp\/v2\/media?parent=921"}],"curies":[{"name":"wp","href":"https:\/\/api.w.org\/{rel}","templated":true}]}}