{"id":911,"date":"2015-02-20T19:35:37","date_gmt":"2015-02-20T19:35:37","guid":{"rendered":"https:\/\/www.antonioferreira.gallery\/sentimentos-2\/"},"modified":"2024-05-12T14:07:55","modified_gmt":"2024-05-12T14:07:55","slug":"sentiments","status":"publish","type":"page","link":"https:\/\/www.antonioferreira.gallery\/es\/sentiments\/","title":{"rendered":"sentiments"},"content":{"rendered":"\n\t\n\t<div class=\"section \" \t\tstyle=\"\n\t\t\t\t\t\t\t\t\tbackground-color: #ededed;\t\t\t\t\t\t\t\t\t\"\n\t\t\t\t\t>\n\n\t\n\t<section>\n\n\t\n\t\n\t<div class=\"container\">\t\t\n<h5 style=\"text-align: center;\"><span style=\"color: #414141;\"><div class=\"row\"><\/span><span style=\"color: #414141;\"><div class=\"col-sm-12\">descubrimiento de s\u00ed mismo y del otro<\/div><\/span><span style=\"color: #414141;\"><\/div><\/span><\/h5>\n<h2 style=\"text-align: center;\"><span style=\"color: #414141;\"><div class=\"row\"><div class=\"col-sm-12\"> sentiments <\/div><\/div><\/span><\/h2>\n<div class=\"su-spacer\" style=\"height:50px\"><\/div>\n\n\t\n\t<ul id=\"gallery-721\"\n\t    class=\"gallery gl-cols-3 gl-pinterest\"\n\t    data-options=\"id: gallery-721; category: 66; type: pinterest; items_per_page: 200; columns_count: 3; show_load_more: no; show_filter: no; fixed_items: fixed; load_on_scroll: no; preview_full_size: no; preview_show_zoom: yes; preview_show_readmore: yes; preview_show_share: yes; ajax_action: mental_gallery; \">\n\n\t\t\n   \n\t\t\t\t<li class=\"gl-item gl-loading          \"\n\t\t\tdata-category=\"\">\n\n\t\t\t<a href=\"https:\/\/www.antonioferreira.gallery\/es\/gallery\/amor-en-cuarzo-rosa\/\">\n\t\t\t\t<figure>\n\t\t\t\t\t\t\t\t\t\t\t<img decoding=\"async\" src=\"https:\/\/www.antonioferreira.gallery\/wp-content\/uploads\/2024\/11\/Amor-em-quartzo-rosa-538x700.jpg\" class=\"attachment-medium size-medium wp-post-image\" alt=\"\" srcset=\"https:\/\/www.antonioferreira.gallery\/wp-content\/uploads\/2024\/11\/Amor-em-quartzo-rosa-538x700.jpg 538w, https:\/\/www.antonioferreira.gallery\/wp-content\/uploads\/2024\/11\/Amor-em-quartzo-rosa-984x1280.jpg 984w, https:\/\/www.antonioferreira.gallery\/wp-content\/uploads\/2024\/11\/Amor-em-quartzo-rosa-115x150.jpg 115w, https:\/\/www.antonioferreira.gallery\/wp-content\/uploads\/2024\/11\/Amor-em-quartzo-rosa-768x999.jpg 768w, https:\/\/www.antonioferreira.gallery\/wp-content\/uploads\/2024\/11\/Amor-em-quartzo-rosa-1180x1536.jpg 1180w, https:\/\/www.antonioferreira.gallery\/wp-content\/uploads\/2024\/11\/Amor-em-quartzo-rosa-1574x2048.jpg 1574w, https:\/\/www.antonioferreira.gallery\/wp-content\/uploads\/2024\/11\/Amor-em-quartzo-rosa-scaled.jpg 1967w\" sizes=\"(max-width: 538px) 100vw, 538px\" \/>\t\t\t\t\t\t\t\t\t\t<figcaption>\n\t\t\t\t\t\t<div class=\"middle\">\n\t\t\t\t\t\t\t<div class=\"middle-inner\">\n\n\t\t\t\t\t\t\t\t\n\t\t\t\t\t\t\t\t<p class=\"gl-item-title\">Amor en cuarzo rosa<\/p>\n\n\t\t\t\t\t\t\t\t\t\t\t\t\t\t\t\t\t<p class=\"gl-item-descr\">\u00d3leo sobre lienzo con cuarzo rosa El amor es emoci\u00f3n &#8230;. entrega &#8230; compartir &#8230; comuni\u00f3n. sentiments<\/p>\n\t\t\t\t\t\t\t\t\n\t\t\t\t\t\t\t<\/div>\n\t\t\t\t\t\t<\/div>\n\t\t\t\t\t<\/figcaption>\n\t\t\t\t<\/figure>\n\t\t\t<\/a>\n\n\t\t\t\n\t\t<\/li>\n\n\t\n\t\t\t\t<li class=\"gl-item gl-loading          \"\n\t\t\tdata-category=\"sentimientos\">\n\n\t\t\t<a href=\"https:\/\/www.antonioferreira.gallery\/es\/gallery\/anoranza\/\">\n\t\t\t\t<figure>\n\t\t\t\t\t\t\t\t\t\t\t<img decoding=\"async\" src=\"https:\/\/www.antonioferreira.gallery\/wp-content\/uploads\/2020\/02\/Saudade1-572x700.jpeg\" class=\"attachment-medium size-medium wp-post-image\" alt=\"\" srcset=\"https:\/\/www.antonioferreira.gallery\/wp-content\/uploads\/2020\/02\/Saudade1-572x700.jpeg 572w, https:\/\/www.antonioferreira.gallery\/wp-content\/uploads\/2020\/02\/Saudade1-1046x1280.jpeg 1046w, https:\/\/www.antonioferreira.gallery\/wp-content\/uploads\/2020\/02\/Saudade1-123x150.jpeg 123w, https:\/\/www.antonioferreira.gallery\/wp-content\/uploads\/2020\/02\/Saudade1-768x940.jpeg 768w, https:\/\/www.antonioferreira.gallery\/wp-content\/uploads\/2020\/02\/Saudade1.jpeg 1222w\" sizes=\"(max-width: 572px) 100vw, 572px\" \/>\t\t\t\t\t\t\t\t\t\t<figcaption>\n\t\t\t\t\t\t<div class=\"middle\">\n\t\t\t\t\t\t\t<div class=\"middle-inner\">\n\n\t\t\t\t\t\t\t\t\n\t\t\t\t\t\t\t\t<p class=\"gl-item-title\">A\u00f1oranza<\/p>\n\n\t\t\t\t\t\t\t\t\t\t\t\t\t\t\t\t\t<p class=\"gl-item-descr\">\u00d3leo sobre lienzo<\/p>\n\t\t\t\t\t\t\t\t\n\t\t\t\t\t\t\t<\/div>\n\t\t\t\t\t\t<\/div>\n\t\t\t\t\t<\/figcaption>\n\t\t\t\t<\/figure>\n\t\t\t<\/a>\n\n\t\t\t\n\t\t<\/li>\n\n\t\n\t\t\t\t<li class=\"gl-item gl-loading          \"\n\t\t\tdata-category=\"sentimientos\">\n\n\t\t\t<a href=\"https:\/\/www.antonioferreira.gallery\/es\/gallery\/romance-ingenuo-de-dos-lineas-paralelas\/\">\n\t\t\t\t<figure>\n\t\t\t\t\t\t\t\t\t\t\t<img decoding=\"async\" src=\"https:\/\/www.antonioferreira.gallery\/wp-content\/uploads\/2015\/02\/Linhas-paralelas-1-567x700.jpg\" class=\"attachment-medium size-medium wp-post-image\" alt=\"\" srcset=\"https:\/\/www.antonioferreira.gallery\/wp-content\/uploads\/2015\/02\/Linhas-paralelas-1-567x700.jpg 567w, https:\/\/www.antonioferreira.gallery\/wp-content\/uploads\/2015\/02\/Linhas-paralelas-1-121x150.jpg 121w, https:\/\/www.antonioferreira.gallery\/wp-content\/uploads\/2015\/02\/Linhas-paralelas-1-1036x1280.jpg 1036w, https:\/\/www.antonioferreira.gallery\/wp-content\/uploads\/2015\/02\/Linhas-paralelas-1.jpg 1376w\" sizes=\"(max-width: 567px) 100vw, 567px\" \/>\t\t\t\t\t\t\t\t\t\t<figcaption>\n\t\t\t\t\t\t<div class=\"middle\">\n\t\t\t\t\t\t\t<div class=\"middle-inner\">\n\n\t\t\t\t\t\t\t\t\n\t\t\t\t\t\t\t\t<p class=\"gl-item-title\">Romance ingenuo de dos l\u00edneas paralelas<\/p>\n\n\t\t\t\t\t\t\t\t\t\t\t\t\t\t\t\t\t<p class=\"gl-item-descr\">\u00d3leo sobre lienzo<\/p>\n\t\t\t\t\t\t\t\t\n\t\t\t\t\t\t\t<\/div>\n\t\t\t\t\t\t<\/div>\n\t\t\t\t\t<\/figcaption>\n\t\t\t\t<\/figure>\n\t\t\t<\/a>\n\n\t\t\t\n\t\t<\/li>\n\n\t\n\t\t\t\t<li class=\"gl-item gl-loading          \"\n\t\t\tdata-category=\"sentimientos\">\n\n\t\t\t<a href=\"https:\/\/www.antonioferreira.gallery\/es\/gallery\/les-miserables\/\">\n\t\t\t\t<figure>\n\t\t\t\t\t\t\t\t\t\t\t<img decoding=\"async\" src=\"https:\/\/www.antonioferreira.gallery\/wp-content\/uploads\/2015\/02\/Miseraveis-469x700.jpg\" class=\"attachment-medium size-medium wp-post-image\" alt=\"\" srcset=\"https:\/\/www.antonioferreira.gallery\/wp-content\/uploads\/2015\/02\/Miseraveis-469x700.jpg 469w, https:\/\/www.antonioferreira.gallery\/wp-content\/uploads\/2015\/02\/Miseraveis-858x1280.jpg 858w, https:\/\/www.antonioferreira.gallery\/wp-content\/uploads\/2015\/02\/Miseraveis-101x150.jpg 101w, https:\/\/www.antonioferreira.gallery\/wp-content\/uploads\/2015\/02\/Miseraveis-768x1145.jpg 768w, https:\/\/www.antonioferreira.gallery\/wp-content\/uploads\/2015\/02\/Miseraveis-1030x1536.jpg 1030w, https:\/\/www.antonioferreira.gallery\/wp-content\/uploads\/2015\/02\/Miseraveis.jpg 1344w\" sizes=\"(max-width: 469px) 100vw, 469px\" \/>\t\t\t\t\t\t\t\t\t\t<figcaption>\n\t\t\t\t\t\t<div class=\"middle\">\n\t\t\t\t\t\t\t<div class=\"middle-inner\">\n\n\t\t\t\t\t\t\t\t\n\t\t\t\t\t\t\t\t<p class=\"gl-item-title\">Les Mis\u00e9rables<\/p>\n\n\t\t\t\t\t\t\t\t\t\t\t\t\t\t\t\t\t<p class=\"gl-item-descr\">\u00d3leo sobre lienzo<\/p>\n\t\t\t\t\t\t\t\t\n\t\t\t\t\t\t\t<\/div>\n\t\t\t\t\t\t<\/div>\n\t\t\t\t\t<\/figcaption>\n\t\t\t\t<\/figure>\n\t\t\t<\/a>\n\n\t\t\t\n\t\t<\/li>\n\n\t\n\t\t\t\t<li class=\"gl-item gl-loading          \"\n\t\t\tdata-category=\"sentimientos\">\n\n\t\t\t<a href=\"https:\/\/www.antonioferreira.gallery\/es\/gallery\/anna-karenina\/\">\n\t\t\t\t<figure>\n\t\t\t\t\t\t\t\t\t\t\t<img decoding=\"async\" src=\"https:\/\/www.antonioferreira.gallery\/wp-content\/uploads\/2015\/02\/Anna-K-489x700.gif\" class=\"attachment-medium size-medium wp-post-image\" alt=\"\" srcset=\"https:\/\/www.antonioferreira.gallery\/wp-content\/uploads\/2015\/02\/Anna-K-489x700.gif 489w, https:\/\/www.antonioferreira.gallery\/wp-content\/uploads\/2015\/02\/Anna-K-105x150.gif 105w, https:\/\/www.antonioferreira.gallery\/wp-content\/uploads\/2015\/02\/Anna-K-895x1280.gif 895w\" sizes=\"(max-width: 489px) 100vw, 489px\" \/>\t\t\t\t\t\t\t\t\t\t<figcaption>\n\t\t\t\t\t\t<div class=\"middle\">\n\t\t\t\t\t\t\t<div class=\"middle-inner\">\n\n\t\t\t\t\t\t\t\t\n\t\t\t\t\t\t\t\t<p class=\"gl-item-title\">Anna Karenina<\/p>\n\n\t\t\t\t\t\t\t\t\t\t\t\t\t\t\t\t\t<p class=\"gl-item-descr\">\u00d3leo sobre lienzo<\/p>\n\t\t\t\t\t\t\t\t\n\t\t\t\t\t\t\t<\/div>\n\t\t\t\t\t\t<\/div>\n\t\t\t\t\t<\/figcaption>\n\t\t\t\t<\/figure>\n\t\t\t<\/a>\n\n\t\t\t\n\t\t<\/li>\n\n\t\n\t\t\t\t<li class=\"gl-item gl-loading          \"\n\t\t\tdata-category=\"sentimientos\">\n\n\t\t\t<a href=\"https:\/\/www.antonioferreira.gallery\/es\/gallery\/fantasma-de-la-opera\/\">\n\t\t\t\t<figure>\n\t\t\t\t\t\t\t\t\t\t\t<img decoding=\"async\" src=\"https:\/\/www.antonioferreira.gallery\/wp-content\/uploads\/2015\/02\/Fantasma-opera-591x700.jpg\" class=\"attachment-medium size-medium wp-post-image\" alt=\"\" srcset=\"https:\/\/www.antonioferreira.gallery\/wp-content\/uploads\/2015\/02\/Fantasma-opera-591x700.jpg 591w, https:\/\/www.antonioferreira.gallery\/wp-content\/uploads\/2015\/02\/Fantasma-opera-1081x1280.jpg 1081w, https:\/\/www.antonioferreira.gallery\/wp-content\/uploads\/2015\/02\/Fantasma-opera-127x150.jpg 127w, https:\/\/www.antonioferreira.gallery\/wp-content\/uploads\/2015\/02\/Fantasma-opera-768x909.jpg 768w, https:\/\/www.antonioferreira.gallery\/wp-content\/uploads\/2015\/02\/Fantasma-opera.jpg 1132w\" sizes=\"(max-width: 591px) 100vw, 591px\" \/>\t\t\t\t\t\t\t\t\t\t<figcaption>\n\t\t\t\t\t\t<div class=\"middle\">\n\t\t\t\t\t\t\t<div class=\"middle-inner\">\n\n\t\t\t\t\t\t\t\t\n\t\t\t\t\t\t\t\t<p class=\"gl-item-title\">El fantasma de la \u00f3pera<\/p>\n\n\t\t\t\t\t\t\t\t\t\t\t\t\t\t\t\t\t<p class=\"gl-item-descr\">\u00d3leo sobre lienzo<\/p>\n\t\t\t\t\t\t\t\t\n\t\t\t\t\t\t\t<\/div>\n\t\t\t\t\t\t<\/div>\n\t\t\t\t\t<\/figcaption>\n\t\t\t\t<\/figure>\n\t\t\t<\/a>\n\n\t\t\t\n\t\t<\/li>\n\n\t\n\t\t\t\t<li class=\"gl-item gl-loading          \"\n\t\t\tdata-category=\"sentimientos\">\n\n\t\t\t<a href=\"https:\/\/www.antonioferreira.gallery\/es\/gallery\/helena\/\">\n\t\t\t\t<figure>\n\t\t\t\t\t\t\t\t\t\t\t<img decoding=\"async\" src=\"https:\/\/www.antonioferreira.gallery\/wp-content\/uploads\/2015\/02\/Helena-499x700.jpg\" class=\"attachment-medium size-medium wp-post-image\" alt=\"\" srcset=\"https:\/\/www.antonioferreira.gallery\/wp-content\/uploads\/2015\/02\/Helena-499x700.jpg 499w, https:\/\/www.antonioferreira.gallery\/wp-content\/uploads\/2015\/02\/Helena-107x150.jpg 107w, https:\/\/www.antonioferreira.gallery\/wp-content\/uploads\/2015\/02\/Helena-913x1280.jpg 913w, https:\/\/www.antonioferreira.gallery\/wp-content\/uploads\/2015\/02\/Helena-e1424718689859.jpg 1000w\" sizes=\"(max-width: 499px) 100vw, 499px\" \/>\t\t\t\t\t\t\t\t\t\t<figcaption>\n\t\t\t\t\t\t<div class=\"middle\">\n\t\t\t\t\t\t\t<div class=\"middle-inner\">\n\n\t\t\t\t\t\t\t\t\n\t\t\t\t\t\t\t\t<p class=\"gl-item-title\">Los puentes de Elena<\/p>\n\n\t\t\t\t\t\t\t\t\t\t\t\t\t\t\t\t\t<p class=\"gl-item-descr\">\u00d3leo sobre lienzo<\/p>\n\t\t\t\t\t\t\t\t\n\t\t\t\t\t\t\t<\/div>\n\t\t\t\t\t\t<\/div>\n\t\t\t\t\t<\/figcaption>\n\t\t\t\t<\/figure>\n\t\t\t<\/a>\n\n\t\t\t\n\t\t<\/li>\n\n\t\n\t\t\t\t<li class=\"gl-item gl-loading          \"\n\t\t\tdata-category=\"sentimientos\">\n\n\t\t\t<a href=\"https:\/\/www.antonioferreira.gallery\/es\/gallery\/esperanza\/\">\n\t\t\t\t<figure>\n\t\t\t\t\t\t\t\t\t\t\t<img decoding=\"async\" src=\"https:\/\/www.antonioferreira.gallery\/wp-content\/uploads\/2015\/02\/IMG_2558-522x700.gif\" class=\"attachment-medium size-medium wp-post-image\" alt=\"\" srcset=\"https:\/\/www.antonioferreira.gallery\/wp-content\/uploads\/2015\/02\/IMG_2558-522x700.gif 522w, https:\/\/www.antonioferreira.gallery\/wp-content\/uploads\/2015\/02\/IMG_2558-112x150.gif 112w, https:\/\/www.antonioferreira.gallery\/wp-content\/uploads\/2015\/02\/IMG_2558-954x1280.gif 954w\" sizes=\"(max-width: 522px) 100vw, 522px\" \/>\t\t\t\t\t\t\t\t\t\t<figcaption>\n\t\t\t\t\t\t<div class=\"middle\">\n\t\t\t\t\t\t\t<div class=\"middle-inner\">\n\n\t\t\t\t\t\t\t\t\n\t\t\t\t\t\t\t\t<p class=\"gl-item-title\">Esperanza<\/p>\n\n\t\t\t\t\t\t\t\t\t\t\t\t\t\t\t\t\t<p class=\"gl-item-descr\">Oleo sobre lienzo<\/p>\n\t\t\t\t\t\t\t\t\n\t\t\t\t\t\t\t<\/div>\n\t\t\t\t\t\t<\/div>\n\t\t\t\t\t<\/figcaption>\n\t\t\t\t<\/figure>\n\t\t\t<\/a>\n\n\t\t\t\n\t\t<\/li>\n\n\t\n\t\t\t\t<li class=\"gl-item gl-loading          \"\n\t\t\tdata-category=\"sentimientos\">\n\n\t\t\t<a href=\"https:\/\/www.antonioferreira.gallery\/es\/gallery\/amor-de-padres\/\">\n\t\t\t\t<figure>\n\t\t\t\t\t\t\t\t\t\t\t<img decoding=\"async\" src=\"https:\/\/www.antonioferreira.gallery\/wp-content\/uploads\/2015\/02\/Amor-de-pais-1-e1424463897544-592x700.jpg\" class=\"attachment-medium size-medium wp-post-image\" alt=\"\" srcset=\"https:\/\/www.antonioferreira.gallery\/wp-content\/uploads\/2015\/02\/Amor-de-pais-1-e1424463897544-592x700.jpg 592w, https:\/\/www.antonioferreira.gallery\/wp-content\/uploads\/2015\/02\/Amor-de-pais-1-e1424463897544-127x150.jpg 127w, https:\/\/www.antonioferreira.gallery\/wp-content\/uploads\/2015\/02\/Amor-de-pais-1-e1424463897544.jpg 800w\" sizes=\"(max-width: 592px) 100vw, 592px\" \/>\t\t\t\t\t\t\t\t\t\t<figcaption>\n\t\t\t\t\t\t<div class=\"middle\">\n\t\t\t\t\t\t\t<div class=\"middle-inner\">\n\n\t\t\t\t\t\t\t\t\n\t\t\t\t\t\t\t\t<p class=\"gl-item-title\">Amor de padres<\/p>\n\n\t\t\t\t\t\t\t\t\t\t\t\t\t\t\t\t\t<p class=\"gl-item-descr\">Oleo sobre lienzo<\/p>\n\t\t\t\t\t\t\t\t\n\t\t\t\t\t\t\t<\/div>\n\t\t\t\t\t\t<\/div>\n\t\t\t\t\t<\/figcaption>\n\t\t\t\t<\/figure>\n\t\t\t<\/a>\n\n\t\t\t\n\t\t<\/li>\n\n\t\t<\/ul> <!-- gallery -->\n\n\t\n\t\n\t\t<\/div> <!-- container -->\n\t\n\t\t<\/section>\n\t<\/div> <!-- section -->\n\n\t\n\t\n","protected":false},"excerpt":{"rendered":"","protected":false},"author":2,"featured_media":0,"parent":0,"menu_order":0,"comment_status":"open","ping_status":"closed","template":"page-full.php","meta":{"_exactmetrics_skip_tracking":false,"_exactmetrics_sitenote_active":false,"_exactmetrics_sitenote_note":"","_exactmetrics_sitenote_category":0,"footnotes":""},"class_list":["post-911","page","type-page","status-publish","hentry"],"yoast_head":"<!-- This site is optimized with the Yoast SEO plugin v27.5 - https:\/\/yoast.com\/product\/yoast-seo-wordpress\/ -->\n<title>sentiments - Ant\u00f3nio Artur Ferreira Gallery<\/title>\n<meta name=\"description\" content=\"Una de las colecciones de Ant\u00f3nio Artur Ferreira es El descubrimiento de uno mismo y del otro - Sentimientos, donde podemos encontrar...\" \/>\n<meta name=\"robots\" content=\"index, follow, max-snippet:-1, max-image-preview:large, max-video-preview:-1\" \/>\n<link rel=\"canonical\" href=\"https:\/\/www.antonioferreira.gallery\/es\/sentiments\/\" \/>\n<meta property=\"og:locale\" content=\"es_ES\" \/>\n<meta property=\"og:type\" content=\"article\" \/>\n<meta property=\"og:title\" content=\"sentiments - Ant\u00f3nio Artur Ferreira Gallery\" \/>\n<meta property=\"og:description\" content=\"Una de las colecciones de Ant\u00f3nio Artur Ferreira es El descubrimiento de uno mismo y del otro - Sentimientos, donde podemos encontrar...\" \/>\n<meta property=\"og:url\" content=\"https:\/\/www.antonioferreira.gallery\/es\/sentiments\/\" \/>\n<meta property=\"og:site_name\" content=\"Ant\u00f3nio Artur Ferreira Gallery\" \/>\n<meta property=\"article:modified_time\" content=\"2024-05-12T14:07:55+00:00\" \/>\n<meta name=\"twitter:label1\" content=\"Est. reading time\" \/>\n\t<meta name=\"twitter:data1\" content=\"1 minute\" \/>\n<script type=\"application\/ld+json\" class=\"yoast-schema-graph\">{\"@context\":\"https:\\\/\\\/schema.org\",\"@graph\":[{\"@type\":\"WebPage\",\"@id\":\"https:\\\/\\\/www.antonioferreira.gallery\\\/es\\\/sentiments\\\/\",\"url\":\"https:\\\/\\\/www.antonioferreira.gallery\\\/es\\\/sentiments\\\/\",\"name\":\"sentiments - Ant\u00f3nio Artur Ferreira Gallery\",\"isPartOf\":{\"@id\":\"https:\\\/\\\/www.antonioferreira.gallery\\\/#website\"},\"datePublished\":\"2015-02-20T19:35:37+00:00\",\"dateModified\":\"2024-05-12T14:07:55+00:00\",\"description\":\"Una de las colecciones de Ant\u00f3nio Artur Ferreira es El descubrimiento de uno mismo y del otro - Sentimientos, donde podemos encontrar...\",\"breadcrumb\":{\"@id\":\"https:\\\/\\\/www.antonioferreira.gallery\\\/es\\\/sentiments\\\/#breadcrumb\"},\"inLanguage\":\"es-ES\",\"potentialAction\":[{\"@type\":\"ReadAction\",\"target\":[\"https:\\\/\\\/www.antonioferreira.gallery\\\/es\\\/sentiments\\\/\"]}]},{\"@type\":\"BreadcrumbList\",\"@id\":\"https:\\\/\\\/www.antonioferreira.gallery\\\/es\\\/sentiments\\\/#breadcrumb\",\"itemListElement\":[{\"@type\":\"ListItem\",\"position\":1,\"name\":\"Home\",\"item\":\"https:\\\/\\\/www.antonioferreira.gallery\\\/es\\\/\"},{\"@type\":\"ListItem\",\"position\":2,\"name\":\"sentiments\"}]},{\"@type\":\"WebSite\",\"@id\":\"https:\\\/\\\/www.antonioferreira.gallery\\\/#website\",\"url\":\"https:\\\/\\\/www.antonioferreira.gallery\\\/\",\"name\":\"Ant\u00f3nio Artur Ferreira Gallery\",\"description\":\"Visual Artist\",\"potentialAction\":[{\"@type\":\"SearchAction\",\"target\":{\"@type\":\"EntryPoint\",\"urlTemplate\":\"https:\\\/\\\/www.antonioferreira.gallery\\\/?s={search_term_string}\"},\"query-input\":{\"@type\":\"PropertyValueSpecification\",\"valueRequired\":true,\"valueName\":\"search_term_string\"}}],\"inLanguage\":\"es-ES\"}]}<\/script>\n<!-- \/ Yoast SEO plugin. -->","yoast_head_json":{"title":"sentiments - Ant\u00f3nio Artur Ferreira Gallery","description":"Una de las colecciones de Ant\u00f3nio Artur Ferreira es El descubrimiento de uno mismo y del otro - Sentimientos, donde podemos encontrar...","robots":{"index":"index","follow":"follow","max-snippet":"max-snippet:-1","max-image-preview":"max-image-preview:large","max-video-preview":"max-video-preview:-1"},"canonical":"https:\/\/www.antonioferreira.gallery\/es\/sentiments\/","og_locale":"es_ES","og_type":"article","og_title":"sentiments - Ant\u00f3nio Artur Ferreira Gallery","og_description":"Una de las colecciones de Ant\u00f3nio Artur Ferreira es El descubrimiento de uno mismo y del otro - Sentimientos, donde podemos encontrar...","og_url":"https:\/\/www.antonioferreira.gallery\/es\/sentiments\/","og_site_name":"Ant\u00f3nio Artur Ferreira Gallery","article_modified_time":"2024-05-12T14:07:55+00:00","twitter_misc":{"Est. reading time":"1 minute"},"schema":{"@context":"https:\/\/schema.org","@graph":[{"@type":"WebPage","@id":"https:\/\/www.antonioferreira.gallery\/es\/sentiments\/","url":"https:\/\/www.antonioferreira.gallery\/es\/sentiments\/","name":"sentiments - Ant\u00f3nio Artur Ferreira Gallery","isPartOf":{"@id":"https:\/\/www.antonioferreira.gallery\/#website"},"datePublished":"2015-02-20T19:35:37+00:00","dateModified":"2024-05-12T14:07:55+00:00","description":"Una de las colecciones de Ant\u00f3nio Artur Ferreira es El descubrimiento de uno mismo y del otro - Sentimientos, donde podemos encontrar...","breadcrumb":{"@id":"https:\/\/www.antonioferreira.gallery\/es\/sentiments\/#breadcrumb"},"inLanguage":"es-ES","potentialAction":[{"@type":"ReadAction","target":["https:\/\/www.antonioferreira.gallery\/es\/sentiments\/"]}]},{"@type":"BreadcrumbList","@id":"https:\/\/www.antonioferreira.gallery\/es\/sentiments\/#breadcrumb","itemListElement":[{"@type":"ListItem","position":1,"name":"Home","item":"https:\/\/www.antonioferreira.gallery\/es\/"},{"@type":"ListItem","position":2,"name":"sentiments"}]},{"@type":"WebSite","@id":"https:\/\/www.antonioferreira.gallery\/#website","url":"https:\/\/www.antonioferreira.gallery\/","name":"Ant\u00f3nio Artur Ferreira Gallery","description":"Visual Artist","potentialAction":[{"@type":"SearchAction","target":{"@type":"EntryPoint","urlTemplate":"https:\/\/www.antonioferreira.gallery\/?s={search_term_string}"},"query-input":{"@type":"PropertyValueSpecification","valueRequired":true,"valueName":"search_term_string"}}],"inLanguage":"es-ES"}]}},"_links":{"self":[{"href":"https:\/\/www.antonioferreira.gallery\/es\/wp-json\/wp\/v2\/pages\/911","targetHints":{"allow":["GET"]}}],"collection":[{"href":"https:\/\/www.antonioferreira.gallery\/es\/wp-json\/wp\/v2\/pages"}],"about":[{"href":"https:\/\/www.antonioferreira.gallery\/es\/wp-json\/wp\/v2\/types\/page"}],"author":[{"embeddable":true,"href":"https:\/\/www.antonioferreira.gallery\/es\/wp-json\/wp\/v2\/users\/2"}],"replies":[{"embeddable":true,"href":"https:\/\/www.antonioferreira.gallery\/es\/wp-json\/wp\/v2\/comments?post=911"}],"version-history":[{"count":8,"href":"https:\/\/www.antonioferreira.gallery\/es\/wp-json\/wp\/v2\/pages\/911\/revisions"}],"predecessor-version":[{"id":4192,"href":"https:\/\/www.antonioferreira.gallery\/es\/wp-json\/wp\/v2\/pages\/911\/revisions\/4192"}],"wp:attachment":[{"href":"https:\/\/www.antonioferreira.gallery\/es\/wp-json\/wp\/v2\/media?parent=911"}],"curies":[{"name":"wp","href":"https:\/\/api.w.org\/{rel}","templated":true}]}}