{"id":1019,"date":"2015-02-15T16:30:23","date_gmt":"2015-02-15T16:30:23","guid":{"rendered":"https:\/\/www.antonioferreira.gallery\/antonio-ferreira-2\/"},"modified":"2023-11-29T23:44:01","modified_gmt":"2023-11-29T23:44:01","slug":"antonio-ferreira","status":"publish","type":"page","link":"https:\/\/www.antonioferreira.gallery\/es\/antonio-ferreira\/","title":{"rendered":"Ant\u00f3nio Ferreira"},"content":{"rendered":"\n\t\n\t<div class=\"section  st-invert\" id=\"home-about-bio\"\t\tstyle=\"\n\t\t\tpadding-top: 40px;\t\t\tpadding-bottom: 40px;\t\t\tbackground-color: #414141;\t\t\t background-image: url('https:\/\/www.antonioferreira.gallery\/wp-content\/uploads\/2022\/02\/anotnio-about.jpg');\t\t\t\t\t\t\"\n\t\t\t\t\t>\n\n\t\n\t<section>\n\n\t\n\t\n\t<div class=\"container\">\t\t\n<p class=\"p1\"><div class=\"row\"><div class=\"col-sm-6\">\n<h5 class=\"entry-title\" style=\"text-align: left;\"><span style=\"color: #ededed;\"><strong>Sobre el arthor<\/strong><\/span><\/h5>\n<p class=\"p1\"><span style=\"color: #ededed;\">En 2009, Artur Ferreira comenz\u00f3 su carrera art\u00edstica con el objetivo de compartir sus ideas a trav\u00e9s de im\u00e1genes. Siguiendo el principio de que pinta ideas y no cosas, Artur Ferreira decidi\u00f3 pintar su experiencia vital, sus inquietudes y transmitir un mensaje de sostenibilidad.<\/span><\/p>\n<p class=\"p1\"><span style=\"color: #ededed;\">Su primera exposici\u00f3n individual tuvo lugar en el Algarve en 2014 y la segunda dos a\u00f1os despu\u00e9s en La Coru\u00f1a (Espa\u00f1a). En 2017, Artur Ferreira fue invitado a realizar el 3er a\u00f1o del curso de pintura de la Sociedade Nacional de Belas Artes de Lisboa. Desde entonces colabora con esta sociedad y ha participado en varias exposiciones colectivas organizadas por ella en Lisboa y Aljustrel. En 2023 tambi\u00e9n expuso en la Galer\u00eda C\u00f3digoDesign de Oporto y en las Galer\u00edas de Santo Ant\u00f3nio de Monchique (v\u00e9ase Exposiciones).<\/span><\/p>\n<p class=\"p1\"><span style=\"color: #ededed;\">En 2023, el intercambio de ideas a trav\u00e9s de im\u00e1genes fue incluido en libro de estudio. La obra \"Fundamentalismo\" fue publicada en libros de texto de Religi\u00f3n y comentada en centros de estudio de Alemania y Austria.<\/span><\/p>\n<p class=\"entry-title\" style=\"text-align: left;\"><\/div><div class=\"col-sm-6\"><\/div><\/div>\n<p class=\"entry-title\" style=\"text-align: left;\">\t<\/div> <!-- container -->\n\t\n\t\t<\/section>\n\t<\/div> <!-- section -->\n\n\t\n\t\n\t\n\t<div class=\"section  st-invert\" id=\"home-about-bio-color\"\t\tstyle=\"\n\t\t\tpadding-top: 40px;\t\t\tpadding-bottom: 40px;\t\t\tbackground-color: #ededed;\t\t\t\t\t\t\t\t\t\"\n\t\t\t\t\t>\n\n\t\n\t<section>\n\n\t\n\t\n\t<div class=\"container\">\t\t\n<p class=\"entry-title\" style=\"text-align: left;\"><div class=\"row\"><div class=\"col-sm-6\">\n<h5 class=\"entry-title\" style=\"text-align: left;\"><span style=\"color: #414141;\"><strong>Sobre el arte<\/strong><\/span><\/h5>\n<p class=\"p1\">Las preocupaciones de Artur se dividen en tres temas principales: <strong>temas estructurantes<\/strong>; <strong>sostenibilidad<\/strong>; <strong>y descubrimiento de s\u00ed mismo y del otro<\/strong>. Hay varias colecciones sobre cada uno de estos temas. Los <strong>temas estructurantes<\/strong> est\u00e1n relacionados con las cuestiones fundamentales que nos definen como personas: Dios, el prop\u00f3sito de la vida (nacer y morir) y la conciencia del infinito.<\/p>\n<p class=\"p1\">Con una educaci\u00f3n y formaci\u00f3n profundamente humanista, en <strong>sostenibilidad<\/strong> Artur pinta colecciones sobre Valores y pol\u00edtica actual, contribuyendo a proyectos en los que ciudadanos de diferentes nacionalidades, lenguas, culturas, razas y religiones buscan vivir en comunidad con objetivos comunes. La sostenibilidad tambi\u00e9n incluye los lugares en los que conviven las personas, y en este caso el autor destaca en sus pinturas los elementos que hacen que estos lugares sean \u00fanicos. La sostenibilidad social s\u00f3lo es posible respetando los equilibrios naturales. La naturaleza no s\u00f3lo es un tema de la colecci\u00f3n, sino que tambi\u00e9n define gran parte del estilo del autor.<\/p>\n<p class=\"p1\">Por \u00faltimo, en un plano m\u00e1s individual, est\u00e1 el tema <strong>del descubrimiento de s\u00ed mismo y del otro<\/strong>. Estas colecciones se centran en pintar las caracter\u00edsticas personales de cada persona y su relaci\u00f3n con los dem\u00e1s, sus sentimientos y sus interacciones. La visi\u00f3n de otros artistas sobre estos temas, expresada en otras formas de arte, tambi\u00e9n es objeto de algunas obras.<\/p>\n<\/div><div class=\"col-sm-6\"><div class=\"su-image-carousel  su-image-carousel-has-spacing su-image-carousel-crop su-image-carousel-crop-4-3 su-image-carousel-has-outline su-image-carousel-adaptive su-image-carousel-slides-style-minimal su-image-carousel-controls-style-light su-image-carousel-align-left\" style=\"\" data-flickity-options='{\"groupCells\":true,\"cellSelector\":\".su-image-carousel-item\",\"adaptiveHeight\":false,\"cellAlign\":\"left\",\"prevNextButtons\":false,\"pageDots\":false,\"autoPlay\":5000,\"imagesLoaded\":true,\"contain\":true,\"selectedAttraction\":0.025,\"friction\":0.28}' id=\"su_image_carousel_69fe9f5cf00d9\"><div class=\"su-image-carousel-item\"><div class=\"su-image-carousel-item-content\"><img loading=\"lazy\" decoding=\"async\" width=\"150\" height=\"100\" src=\"https:\/\/www.antonioferreira.gallery\/wp-content\/uploads\/2023\/11\/perfil_9320-150x100.jpg\" class=\"\" alt=\"\" srcset=\"https:\/\/www.antonioferreira.gallery\/wp-content\/uploads\/2023\/11\/perfil_9320-150x100.jpg 150w, https:\/\/www.antonioferreira.gallery\/wp-content\/uploads\/2023\/11\/perfil_9320.jpg 596w\" sizes=\"auto, (max-width: 150px) 100vw, 150px\" \/><\/div><\/div><\/div><script id=\"su_image_carousel_69fe9f5cf00d9_script\">if(window.SUImageCarousel){setTimeout(function() {window.SUImageCarousel.initGallery(document.getElementById(\"su_image_carousel_69fe9f5cf00d9\"))}, 0);}var su_image_carousel_69fe9f5cf00d9_script=document.getElementById(\"su_image_carousel_69fe9f5cf00d9_script\");if(su_image_carousel_69fe9f5cf00d9_script){su_image_carousel_69fe9f5cf00d9_script.parentNode.removeChild(su_image_carousel_69fe9f5cf00d9_script);}<\/script><\/div><\/div>\n<div class=\"su-spacer\" style=\"height:80px\"><\/div>\n<div class=\"row\"><div class=\"col-sm-6\"><div class=\"su-image-carousel  su-image-carousel-has-spacing su-image-carousel-crop su-image-carousel-crop-4-3 su-image-carousel-has-outline su-image-carousel-adaptive su-image-carousel-slides-style-minimal su-image-carousel-controls-style-light su-image-carousel-align-left\" style=\"\" data-flickity-options='{\"groupCells\":true,\"cellSelector\":\".su-image-carousel-item\",\"adaptiveHeight\":false,\"cellAlign\":\"left\",\"prevNextButtons\":false,\"pageDots\":false,\"autoPlay\":5000,\"imagesLoaded\":true,\"contain\":true,\"selectedAttraction\":0.025,\"friction\":0.28}' id=\"su_image_carousel_69fe9f5cf0e66\"><div class=\"su-image-carousel-item\"><div class=\"su-image-carousel-item-content\"><img loading=\"lazy\" decoding=\"async\" width=\"150\" height=\"100\" src=\"https:\/\/www.antonioferreira.gallery\/wp-content\/uploads\/2023\/11\/detalhe-pedra_9303-150x100.jpg\" class=\"\" alt=\"\" srcset=\"https:\/\/www.antonioferreira.gallery\/wp-content\/uploads\/2023\/11\/detalhe-pedra_9303-150x100.jpg 150w, https:\/\/www.antonioferreira.gallery\/wp-content\/uploads\/2023\/11\/detalhe-pedra_9303.jpg 383w\" sizes=\"auto, (max-width: 150px) 100vw, 150px\" \/><\/div><\/div><\/div><script id=\"su_image_carousel_69fe9f5cf0e66_script\">if(window.SUImageCarousel){setTimeout(function() {window.SUImageCarousel.initGallery(document.getElementById(\"su_image_carousel_69fe9f5cf0e66\"))}, 0);}var su_image_carousel_69fe9f5cf0e66_script=document.getElementById(\"su_image_carousel_69fe9f5cf0e66_script\");if(su_image_carousel_69fe9f5cf0e66_script){su_image_carousel_69fe9f5cf0e66_script.parentNode.removeChild(su_image_carousel_69fe9f5cf0e66_script);}<\/script><\/div><div class=\"col-sm-6\">\n<p class=\"p1\">Desde el punto de vista pict\u00f3rico, Artur concilia la <strong>t\u00e9cnica tradicional de la pintura al \u00f3leo con la introducci\u00f3n de rocas, minerales, gemas y otros elementos en las obras<\/strong>. El uso de pinturas al \u00f3leo tiene por objeto prolongar el tiempo de secado, la interacci\u00f3n de los colores y realzar su brillo.<\/p>\n<p class=\"p2\">La introducci\u00f3n de rocas, minerales y gemas pretende promover la <strong>naturaleza<\/strong> tal como es, convirti\u00e9ndose en parte integrante del simbolismo y la est\u00e9tica de la obra. \u00c9sta adquiere una nueva complejidad y se vuelve tridimensional.<span class=\"Apple-converted-space\">\u00a0<\/span><\/p>\n<p class=\"p2\">Al interpretar el cuadro, el espectador se enfrenta a la necesidad de conciliar las caracter\u00edsticas de los elementos naturales con las formas y colores de la obra, por lo que tender\u00e1 a valorar m\u00e1s la naturaleza y su est\u00e9tica, y a establecer un nuevo equilibrio entre cultura y naturaleza.<\/p>\n<p class=\"entry-title\" style=\"text-align: left;\"><\/div><\/div>\t<\/div> <!-- container -->\n\t\n\t\t<\/section>\n\t<\/div> <!-- section -->\n\n\t\n\t\n","protected":false},"excerpt":{"rendered":"","protected":false},"author":1,"featured_media":0,"parent":0,"menu_order":1,"comment_status":"closed","ping_status":"closed","template":"page-full.php","meta":{"_exactmetrics_skip_tracking":false,"_exactmetrics_sitenote_active":false,"_exactmetrics_sitenote_note":"","_exactmetrics_sitenote_category":0,"footnotes":""},"class_list":["post-1019","page","type-page","status-publish","hentry"],"yoast_head":"<!-- This site is optimized with the Yoast SEO plugin v27.5 - https:\/\/yoast.com\/product\/yoast-seo-wordpress\/ -->\n<title>Ant\u00f3nio Ferreira - Ant\u00f3nio Artur Ferreira Gallery<\/title>\n<meta name=\"description\" content=\"En 2009, Artur Ferreira comenz\u00f3 su carrera art\u00edstica con el objetivo de compartir sus ideas a trav\u00e9s de im\u00e1genes...\" \/>\n<meta name=\"robots\" content=\"index, follow, max-snippet:-1, max-image-preview:large, max-video-preview:-1\" \/>\n<link rel=\"canonical\" href=\"https:\/\/www.antonioferreira.gallery\/es\/antonio-ferreira\/\" \/>\n<meta property=\"og:locale\" content=\"es_ES\" \/>\n<meta property=\"og:type\" content=\"article\" \/>\n<meta property=\"og:title\" content=\"Ant\u00f3nio Ferreira - Ant\u00f3nio Artur Ferreira Gallery\" \/>\n<meta property=\"og:description\" content=\"En 2009, Artur Ferreira comenz\u00f3 su carrera art\u00edstica con el objetivo de compartir sus ideas a trav\u00e9s de im\u00e1genes...\" \/>\n<meta property=\"og:url\" content=\"https:\/\/www.antonioferreira.gallery\/es\/antonio-ferreira\/\" \/>\n<meta property=\"og:site_name\" content=\"Ant\u00f3nio Artur Ferreira Gallery\" \/>\n<meta property=\"article:modified_time\" content=\"2023-11-29T23:44:01+00:00\" \/>\n<meta name=\"twitter:label1\" content=\"Est. reading time\" \/>\n\t<meta name=\"twitter:data1\" content=\"4 minutes\" \/>\n<script type=\"application\/ld+json\" class=\"yoast-schema-graph\">{\"@context\":\"https:\\\/\\\/schema.org\",\"@graph\":[{\"@type\":\"WebPage\",\"@id\":\"https:\\\/\\\/www.antonioferreira.gallery\\\/es\\\/antonio-ferreira\\\/\",\"url\":\"https:\\\/\\\/www.antonioferreira.gallery\\\/es\\\/antonio-ferreira\\\/\",\"name\":\"Ant\u00f3nio Ferreira - Ant\u00f3nio Artur Ferreira Gallery\",\"isPartOf\":{\"@id\":\"https:\\\/\\\/www.antonioferreira.gallery\\\/#website\"},\"datePublished\":\"2015-02-15T16:30:23+00:00\",\"dateModified\":\"2023-11-29T23:44:01+00:00\",\"description\":\"En 2009, Artur Ferreira comenz\u00f3 su carrera art\u00edstica con el objetivo de compartir sus ideas a trav\u00e9s de im\u00e1genes...\",\"breadcrumb\":{\"@id\":\"https:\\\/\\\/www.antonioferreira.gallery\\\/es\\\/antonio-ferreira\\\/#breadcrumb\"},\"inLanguage\":\"es-ES\",\"potentialAction\":[{\"@type\":\"ReadAction\",\"target\":[\"https:\\\/\\\/www.antonioferreira.gallery\\\/es\\\/antonio-ferreira\\\/\"]}]},{\"@type\":\"BreadcrumbList\",\"@id\":\"https:\\\/\\\/www.antonioferreira.gallery\\\/es\\\/antonio-ferreira\\\/#breadcrumb\",\"itemListElement\":[{\"@type\":\"ListItem\",\"position\":1,\"name\":\"Home\",\"item\":\"https:\\\/\\\/www.antonioferreira.gallery\\\/es\\\/\"},{\"@type\":\"ListItem\",\"position\":2,\"name\":\"Ant\u00f3nio Ferreira\"}]},{\"@type\":\"WebSite\",\"@id\":\"https:\\\/\\\/www.antonioferreira.gallery\\\/#website\",\"url\":\"https:\\\/\\\/www.antonioferreira.gallery\\\/\",\"name\":\"Ant\u00f3nio Artur Ferreira Gallery\",\"description\":\"Visual Artist\",\"potentialAction\":[{\"@type\":\"SearchAction\",\"target\":{\"@type\":\"EntryPoint\",\"urlTemplate\":\"https:\\\/\\\/www.antonioferreira.gallery\\\/?s={search_term_string}\"},\"query-input\":{\"@type\":\"PropertyValueSpecification\",\"valueRequired\":true,\"valueName\":\"search_term_string\"}}],\"inLanguage\":\"es-ES\"}]}<\/script>\n<!-- \/ Yoast SEO plugin. -->","yoast_head_json":{"title":"Ant\u00f3nio Ferreira - Ant\u00f3nio Artur Ferreira Gallery","description":"En 2009, Artur Ferreira comenz\u00f3 su carrera art\u00edstica con el objetivo de compartir sus ideas a trav\u00e9s de im\u00e1genes...","robots":{"index":"index","follow":"follow","max-snippet":"max-snippet:-1","max-image-preview":"max-image-preview:large","max-video-preview":"max-video-preview:-1"},"canonical":"https:\/\/www.antonioferreira.gallery\/es\/antonio-ferreira\/","og_locale":"es_ES","og_type":"article","og_title":"Ant\u00f3nio Ferreira - Ant\u00f3nio Artur Ferreira Gallery","og_description":"En 2009, Artur Ferreira comenz\u00f3 su carrera art\u00edstica con el objetivo de compartir sus ideas a trav\u00e9s de im\u00e1genes...","og_url":"https:\/\/www.antonioferreira.gallery\/es\/antonio-ferreira\/","og_site_name":"Ant\u00f3nio Artur Ferreira Gallery","article_modified_time":"2023-11-29T23:44:01+00:00","twitter_misc":{"Est. reading time":"4 minutes"},"schema":{"@context":"https:\/\/schema.org","@graph":[{"@type":"WebPage","@id":"https:\/\/www.antonioferreira.gallery\/es\/antonio-ferreira\/","url":"https:\/\/www.antonioferreira.gallery\/es\/antonio-ferreira\/","name":"Ant\u00f3nio Ferreira - Ant\u00f3nio Artur Ferreira Gallery","isPartOf":{"@id":"https:\/\/www.antonioferreira.gallery\/#website"},"datePublished":"2015-02-15T16:30:23+00:00","dateModified":"2023-11-29T23:44:01+00:00","description":"En 2009, Artur Ferreira comenz\u00f3 su carrera art\u00edstica con el objetivo de compartir sus ideas a trav\u00e9s de im\u00e1genes...","breadcrumb":{"@id":"https:\/\/www.antonioferreira.gallery\/es\/antonio-ferreira\/#breadcrumb"},"inLanguage":"es-ES","potentialAction":[{"@type":"ReadAction","target":["https:\/\/www.antonioferreira.gallery\/es\/antonio-ferreira\/"]}]},{"@type":"BreadcrumbList","@id":"https:\/\/www.antonioferreira.gallery\/es\/antonio-ferreira\/#breadcrumb","itemListElement":[{"@type":"ListItem","position":1,"name":"Home","item":"https:\/\/www.antonioferreira.gallery\/es\/"},{"@type":"ListItem","position":2,"name":"Ant\u00f3nio Ferreira"}]},{"@type":"WebSite","@id":"https:\/\/www.antonioferreira.gallery\/#website","url":"https:\/\/www.antonioferreira.gallery\/","name":"Ant\u00f3nio Artur Ferreira Gallery","description":"Visual Artist","potentialAction":[{"@type":"SearchAction","target":{"@type":"EntryPoint","urlTemplate":"https:\/\/www.antonioferreira.gallery\/?s={search_term_string}"},"query-input":{"@type":"PropertyValueSpecification","valueRequired":true,"valueName":"search_term_string"}}],"inLanguage":"es-ES"}]}},"_links":{"self":[{"href":"https:\/\/www.antonioferreira.gallery\/es\/wp-json\/wp\/v2\/pages\/1019","targetHints":{"allow":["GET"]}}],"collection":[{"href":"https:\/\/www.antonioferreira.gallery\/es\/wp-json\/wp\/v2\/pages"}],"about":[{"href":"https:\/\/www.antonioferreira.gallery\/es\/wp-json\/wp\/v2\/types\/page"}],"author":[{"embeddable":true,"href":"https:\/\/www.antonioferreira.gallery\/es\/wp-json\/wp\/v2\/users\/1"}],"replies":[{"embeddable":true,"href":"https:\/\/www.antonioferreira.gallery\/es\/wp-json\/wp\/v2\/comments?post=1019"}],"version-history":[{"count":9,"href":"https:\/\/www.antonioferreira.gallery\/es\/wp-json\/wp\/v2\/pages\/1019\/revisions"}],"predecessor-version":[{"id":3537,"href":"https:\/\/www.antonioferreira.gallery\/es\/wp-json\/wp\/v2\/pages\/1019\/revisions\/3537"}],"wp:attachment":[{"href":"https:\/\/www.antonioferreira.gallery\/es\/wp-json\/wp\/v2\/media?parent=1019"}],"curies":[{"name":"wp","href":"https:\/\/api.w.org\/{rel}","templated":true}]}}