{"id":558,"date":"2015-02-22T14:48:14","date_gmt":"2015-02-22T14:48:14","guid":{"rendered":"http:\/\/antonioferreira.gallery\/lugares-2\/"},"modified":"2024-05-12T10:30:40","modified_gmt":"2024-05-12T10:30:40","slug":"places","status":"publish","type":"page","link":"https:\/\/www.antonioferreira.gallery\/en\/places\/","title":{"rendered":"Places"},"content":{"rendered":"\n\t\n\t<div class=\"section \" \t\tstyle=\"\n\t\t\t\t\t\t\t\t\tbackground-color: #ededed;\t\t\t\t\t\t\t\t\t\"\n\t\t\t\t\t>\n\n\t\n\t<section>\n\n\t\n\t\n\t<div class=\"container\">\t\t\n<h5 style=\"text-align: center;\"><span style=\"color: #414141;\"><div class=\"row\"><div class=\"col-sm-12\">Sustainability<\/div><\/div><\/span><\/h5>\n<h2 style=\"text-align: center;\"><span style=\"color: #414141;\"><div class=\"row\"><div class=\"col-sm-12\">Places<\/div><\/div><\/span><\/h2>\n<div class=\"su-spacer\" style=\"height:50px\"><\/div>\n\n\t\n\t<ul id=\"gallery-homepage\"\n\t    class=\"gallery gl-cols-3 gl-pinterest\"\n\t    data-options=\"id: gallery-homepage; category: 6; type: pinterest; items_per_page: 200; columns_count: 3; show_load_more: no; show_filter: no; fixed_items: fixed; load_on_scroll: no; preview_full_size: no; preview_show_zoom: yes; preview_show_readmore: yes; preview_show_share: yes; ajax_action: mental_gallery; \">\n\n\t\t\n   \n\t\t\t\t<li class=\"gl-item gl-loading          \"\n\t\t\tdata-category=\"\">\n\n\t\t\t<a href=\"https:\/\/www.antonioferreira.gallery\/en\/gallery\/the-miami-squirrel\/\">\n\t\t\t\t<figure>\n\t\t\t\t\t\t\t\t\t\t\t<img decoding=\"async\" src=\"https:\/\/www.antonioferreira.gallery\/wp-content\/uploads\/2024\/11\/Miami-beach-squirl-465x700.jpg\" class=\"attachment-medium size-medium wp-post-image\" alt=\"\" srcset=\"https:\/\/www.antonioferreira.gallery\/wp-content\/uploads\/2024\/11\/Miami-beach-squirl-465x700.jpg 465w, https:\/\/www.antonioferreira.gallery\/wp-content\/uploads\/2024\/11\/Miami-beach-squirl-851x1280.jpg 851w, https:\/\/www.antonioferreira.gallery\/wp-content\/uploads\/2024\/11\/Miami-beach-squirl-100x150.jpg 100w, https:\/\/www.antonioferreira.gallery\/wp-content\/uploads\/2024\/11\/Miami-beach-squirl-768x1155.jpg 768w, https:\/\/www.antonioferreira.gallery\/wp-content\/uploads\/2024\/11\/Miami-beach-squirl-1021x1536.jpg 1021w, https:\/\/www.antonioferreira.gallery\/wp-content\/uploads\/2024\/11\/Miami-beach-squirl-1361x2048.jpg 1361w, https:\/\/www.antonioferreira.gallery\/wp-content\/uploads\/2024\/11\/Miami-beach-squirl-scaled.jpg 1702w\" sizes=\"(max-width: 465px) 100vw, 465px\" \/>\t\t\t\t\t\t\t\t\t\t<figcaption>\n\t\t\t\t\t\t<div class=\"middle\">\n\t\t\t\t\t\t\t<div class=\"middle-inner\">\n\n\t\t\t\t\t\t\t\t\n\t\t\t\t\t\t\t\t<p class=\"gl-item-title\">The Miami Squirrel<\/p>\n\n\t\t\t\t\t\t\t\t\t\t\t\t\t\t\t\t\t<p class=\"gl-item-descr\">Oil on canvas with collage of malachite, azurite with quartz tetrahedrite and mother-of-pearl shell A modern city in the rainforest....<\/p>\n\t\t\t\t\t\t\t\t\n\t\t\t\t\t\t\t<\/div>\n\t\t\t\t\t\t<\/div>\n\t\t\t\t\t<\/figcaption>\n\t\t\t\t<\/figure>\n\t\t\t<\/a>\n\n\t\t\t\n\t\t<\/li>\n\n\t\n\t\t\t\t<li class=\"gl-item gl-loading          \"\n\t\t\tdata-category=\"\">\n\n\t\t\t<a href=\"https:\/\/www.antonioferreira.gallery\/en\/gallery\/povoa-de-varzim\/\">\n\t\t\t\t<figure>\n\t\t\t\t\t\t\t\t\t\t\t<img decoding=\"async\" src=\"https:\/\/www.antonioferreira.gallery\/wp-content\/uploads\/2023\/11\/Povoa-do-Varzim-472x700.jpg\" class=\"attachment-medium size-medium wp-post-image\" alt=\"\" srcset=\"https:\/\/www.antonioferreira.gallery\/wp-content\/uploads\/2023\/11\/Povoa-do-Varzim-472x700.jpg 472w, https:\/\/www.antonioferreira.gallery\/wp-content\/uploads\/2023\/11\/Povoa-do-Varzim-863x1280.jpg 863w, https:\/\/www.antonioferreira.gallery\/wp-content\/uploads\/2023\/11\/Povoa-do-Varzim-101x150.jpg 101w, https:\/\/www.antonioferreira.gallery\/wp-content\/uploads\/2023\/11\/Povoa-do-Varzim-768x1138.jpg 768w, https:\/\/www.antonioferreira.gallery\/wp-content\/uploads\/2023\/11\/Povoa-do-Varzim-1036x1536.jpg 1036w, https:\/\/www.antonioferreira.gallery\/wp-content\/uploads\/2023\/11\/Povoa-do-Varzim.jpg 1078w\" sizes=\"(max-width: 472px) 100vw, 472px\" \/>\t\t\t\t\t\t\t\t\t\t<figcaption>\n\t\t\t\t\t\t<div class=\"middle\">\n\t\t\t\t\t\t\t<div class=\"middle-inner\">\n\n\t\t\t\t\t\t\t\t\n\t\t\t\t\t\t\t\t<p class=\"gl-item-title\">P\u00f3voa de Varzim<\/p>\n\n\t\t\t\t\t\t\t\t\t\t\t\t\t\t\t\t\t<p class=\"gl-item-descr\">Oil on canvas Places<\/p>\n\t\t\t\t\t\t\t\t\n\t\t\t\t\t\t\t<\/div>\n\t\t\t\t\t\t<\/div>\n\t\t\t\t\t<\/figcaption>\n\t\t\t\t<\/figure>\n\t\t\t<\/a>\n\n\t\t\t\n\t\t<\/li>\n\n\t\n\t\t\t\t<li class=\"gl-item gl-loading          \"\n\t\t\tdata-category=\"\">\n\n\t\t\t<a href=\"https:\/\/www.antonioferreira.gallery\/en\/gallery\/paris\/\">\n\t\t\t\t<figure>\n\t\t\t\t\t\t\t\t\t\t\t<img decoding=\"async\" src=\"https:\/\/www.antonioferreira.gallery\/wp-content\/uploads\/2023\/11\/Paris-2-468x700.jpg\" class=\"attachment-medium size-medium wp-post-image\" alt=\"\" srcset=\"https:\/\/www.antonioferreira.gallery\/wp-content\/uploads\/2023\/11\/Paris-2-468x700.jpg 468w, https:\/\/www.antonioferreira.gallery\/wp-content\/uploads\/2023\/11\/Paris-2-856x1280.jpg 856w, https:\/\/www.antonioferreira.gallery\/wp-content\/uploads\/2023\/11\/Paris-2-100x150.jpg 100w, https:\/\/www.antonioferreira.gallery\/wp-content\/uploads\/2023\/11\/Paris-2-768x1148.jpg 768w, https:\/\/www.antonioferreira.gallery\/wp-content\/uploads\/2023\/11\/Paris-2-1027x1536.jpg 1027w, https:\/\/www.antonioferreira.gallery\/wp-content\/uploads\/2023\/11\/Paris-2-1370x2048.jpg 1370w, https:\/\/www.antonioferreira.gallery\/wp-content\/uploads\/2023\/11\/Paris-2-scaled.jpg 1712w\" sizes=\"(max-width: 468px) 100vw, 468px\" \/>\t\t\t\t\t\t\t\t\t\t<figcaption>\n\t\t\t\t\t\t<div class=\"middle\">\n\t\t\t\t\t\t\t<div class=\"middle-inner\">\n\n\t\t\t\t\t\t\t\t\n\t\t\t\t\t\t\t\t<p class=\"gl-item-title\">Paris<\/p>\n\n\t\t\t\t\t\t\t\t\t\t\t\t\t\t\t\t\t<p class=\"gl-item-descr\">Oil on canvas with a milk quartz stone, a citrus stone, a calcedony and yellow marble Places<\/p>\n\t\t\t\t\t\t\t\t\n\t\t\t\t\t\t\t<\/div>\n\t\t\t\t\t\t<\/div>\n\t\t\t\t\t<\/figcaption>\n\t\t\t\t<\/figure>\n\t\t\t<\/a>\n\n\t\t\t\n\t\t<\/li>\n\n\t\n\t\t\t\t<li class=\"gl-item gl-loading          \"\n\t\t\tdata-category=\"\">\n\n\t\t\t<a href=\"https:\/\/www.antonioferreira.gallery\/en\/gallery\/hamburgo\/\">\n\t\t\t\t<figure>\n\t\t\t\t\t\t\t\t\t\t\t<img decoding=\"async\" src=\"https:\/\/www.antonioferreira.gallery\/wp-content\/uploads\/2023\/11\/Hamburgo-488x700.jpg\" class=\"attachment-medium size-medium wp-post-image\" alt=\"\" srcset=\"https:\/\/www.antonioferreira.gallery\/wp-content\/uploads\/2023\/11\/Hamburgo-488x700.jpg 488w, https:\/\/www.antonioferreira.gallery\/wp-content\/uploads\/2023\/11\/Hamburgo-893x1280.jpg 893w, https:\/\/www.antonioferreira.gallery\/wp-content\/uploads\/2023\/11\/Hamburgo-105x150.jpg 105w, https:\/\/www.antonioferreira.gallery\/wp-content\/uploads\/2023\/11\/Hamburgo-768x1101.jpg 768w, https:\/\/www.antonioferreira.gallery\/wp-content\/uploads\/2023\/11\/Hamburgo-1072x1536.jpg 1072w, https:\/\/www.antonioferreira.gallery\/wp-content\/uploads\/2023\/11\/Hamburgo.jpg 1085w\" sizes=\"(max-width: 488px) 100vw, 488px\" \/>\t\t\t\t\t\t\t\t\t\t<figcaption>\n\t\t\t\t\t\t<div class=\"middle\">\n\t\t\t\t\t\t\t<div class=\"middle-inner\">\n\n\t\t\t\t\t\t\t\t\n\t\t\t\t\t\t\t\t<p class=\"gl-item-title\">Hamburg<\/p>\n\n\t\t\t\t\t\t\t\t\t\t\t\t\t\t\t\t\t<p class=\"gl-item-descr\">Oil on canvas with 19 shells Places<\/p>\n\t\t\t\t\t\t\t\t\n\t\t\t\t\t\t\t<\/div>\n\t\t\t\t\t\t<\/div>\n\t\t\t\t\t<\/figcaption>\n\t\t\t\t<\/figure>\n\t\t\t<\/a>\n\n\t\t\t\n\t\t<\/li>\n\n\t\n\t\t\t\t<li class=\"gl-item gl-loading          \"\n\t\t\tdata-category=\"_places\">\n\n\t\t\t<a href=\"https:\/\/www.antonioferreira.gallery\/en\/gallery\/lisbon-environment-and-art\/\">\n\t\t\t\t<figure>\n\t\t\t\t\t\t\t\t\t\t\t<img decoding=\"async\" src=\"https:\/\/www.antonioferreira.gallery\/wp-content\/uploads\/2020\/02\/Lisboa-ambiente-e-cultura-487x700.jpg\" class=\"attachment-medium size-medium wp-post-image\" alt=\"\" srcset=\"https:\/\/www.antonioferreira.gallery\/wp-content\/uploads\/2020\/02\/Lisboa-ambiente-e-cultura-487x700.jpg 487w, https:\/\/www.antonioferreira.gallery\/wp-content\/uploads\/2020\/02\/Lisboa-ambiente-e-cultura-891x1280.jpg 891w, https:\/\/www.antonioferreira.gallery\/wp-content\/uploads\/2020\/02\/Lisboa-ambiente-e-cultura-104x150.jpg 104w, https:\/\/www.antonioferreira.gallery\/wp-content\/uploads\/2020\/02\/Lisboa-ambiente-e-cultura-768x1103.jpg 768w, https:\/\/www.antonioferreira.gallery\/wp-content\/uploads\/2020\/02\/Lisboa-ambiente-e-cultura-1069x1536.jpg 1069w, https:\/\/www.antonioferreira.gallery\/wp-content\/uploads\/2020\/02\/Lisboa-ambiente-e-cultura.jpg 1180w\" sizes=\"(max-width: 487px) 100vw, 487px\" \/>\t\t\t\t\t\t\t\t\t\t<figcaption>\n\t\t\t\t\t\t<div class=\"middle\">\n\t\t\t\t\t\t\t<div class=\"middle-inner\">\n\n\t\t\t\t\t\t\t\t\n\t\t\t\t\t\t\t\t<p class=\"gl-item-title\">Lisbon (Environment and Art)<\/p>\n\n\t\t\t\t\t\t\t\t\t\t\t\t\t\t\t\t\t<p class=\"gl-item-descr\">Oil on canvas, with a chalcedony and an amazonite stone Places<\/p>\n\t\t\t\t\t\t\t\t\n\t\t\t\t\t\t\t<\/div>\n\t\t\t\t\t\t<\/div>\n\t\t\t\t\t<\/figcaption>\n\t\t\t\t<\/figure>\n\t\t\t<\/a>\n\n\t\t\t\n\t\t<\/li>\n\n\t\n\t\t\t\t<li class=\"gl-item gl-loading          \"\n\t\t\tdata-category=\"\">\n\n\t\t\t<a href=\"https:\/\/www.antonioferreira.gallery\/en\/gallery\/alhambra\/\">\n\t\t\t\t<figure>\n\t\t\t\t\t\t\t\t\t\t\t<img decoding=\"async\" src=\"https:\/\/www.antonioferreira.gallery\/wp-content\/uploads\/2020\/02\/Alambra_2-1-455x700.jpeg\" class=\"attachment-medium size-medium wp-post-image\" alt=\"\" srcset=\"https:\/\/www.antonioferreira.gallery\/wp-content\/uploads\/2020\/02\/Alambra_2-1-455x700.jpeg 455w, https:\/\/www.antonioferreira.gallery\/wp-content\/uploads\/2020\/02\/Alambra_2-1-831x1280.jpeg 831w, https:\/\/www.antonioferreira.gallery\/wp-content\/uploads\/2020\/02\/Alambra_2-1-97x150.jpeg 97w, https:\/\/www.antonioferreira.gallery\/wp-content\/uploads\/2020\/02\/Alambra_2-1-768x1182.jpeg 768w, https:\/\/www.antonioferreira.gallery\/wp-content\/uploads\/2020\/02\/Alambra_2-1-998x1536.jpeg 998w, https:\/\/www.antonioferreira.gallery\/wp-content\/uploads\/2020\/02\/Alambra_2-1.jpeg 1023w\" sizes=\"(max-width: 455px) 100vw, 455px\" \/>\t\t\t\t\t\t\t\t\t\t<figcaption>\n\t\t\t\t\t\t<div class=\"middle\">\n\t\t\t\t\t\t\t<div class=\"middle-inner\">\n\n\t\t\t\t\t\t\t\t\n\t\t\t\t\t\t\t\t<p class=\"gl-item-title\">Alhambra<\/p>\n\n\t\t\t\t\t\t\t\t\t\t\t\t\t\t\t\t\t<p class=\"gl-item-descr\">Oil on canvas, with Sahara Desert sand Places<\/p>\n\t\t\t\t\t\t\t\t\n\t\t\t\t\t\t\t<\/div>\n\t\t\t\t\t\t<\/div>\n\t\t\t\t\t<\/figcaption>\n\t\t\t\t<\/figure>\n\t\t\t<\/a>\n\n\t\t\t\n\t\t<\/li>\n\n\t\n\t\t\t\t<li class=\"gl-item gl-loading          \"\n\t\t\tdata-category=\"\">\n\n\t\t\t<a href=\"https:\/\/www.antonioferreira.gallery\/en\/gallery\/acores\/\">\n\t\t\t\t<figure>\n\t\t\t\t\t\t\t\t\t\t\t<img decoding=\"async\" src=\"https:\/\/www.antonioferreira.gallery\/wp-content\/uploads\/2020\/02\/Ac\u0327ores2-1-567x700.jpg\" class=\"attachment-medium size-medium wp-post-image\" alt=\"\" srcset=\"https:\/\/www.antonioferreira.gallery\/wp-content\/uploads\/2020\/02\/Ac\u0327ores2-1-567x700.jpg 567w, https:\/\/www.antonioferreira.gallery\/wp-content\/uploads\/2020\/02\/Ac\u0327ores2-1-1037x1280.jpg 1037w, https:\/\/www.antonioferreira.gallery\/wp-content\/uploads\/2020\/02\/Ac\u0327ores2-1-122x150.jpg 122w, https:\/\/www.antonioferreira.gallery\/wp-content\/uploads\/2020\/02\/Ac\u0327ores2-1-768x948.jpg 768w, https:\/\/www.antonioferreira.gallery\/wp-content\/uploads\/2020\/02\/Ac\u0327ores2-1-1245x1536.jpg 1245w, https:\/\/www.antonioferreira.gallery\/wp-content\/uploads\/2020\/02\/Ac\u0327ores2-1-1660x2048.jpg 1660w\" sizes=\"(max-width: 567px) 100vw, 567px\" \/>\t\t\t\t\t\t\t\t\t\t<figcaption>\n\t\t\t\t\t\t<div class=\"middle\">\n\t\t\t\t\t\t\t<div class=\"middle-inner\">\n\n\t\t\t\t\t\t\t\t\n\t\t\t\t\t\t\t\t<p class=\"gl-item-title\">Azores<\/p>\n\n\t\t\t\t\t\t\t\t\t\t\t\t\t\t\t\t\t<p class=\"gl-item-descr\">Places<\/p>\n\t\t\t\t\t\t\t\t\n\t\t\t\t\t\t\t<\/div>\n\t\t\t\t\t\t<\/div>\n\t\t\t\t\t<\/figcaption>\n\t\t\t\t<\/figure>\n\t\t\t<\/a>\n\n\t\t\t\n\t\t<\/li>\n\n\t\n\t\t\t\t<li class=\"gl-item gl-loading          \"\n\t\t\tdata-category=\"\">\n\n\t\t\t<a href=\"https:\/\/www.antonioferreira.gallery\/en\/gallery\/city-of-london\/\">\n\t\t\t\t<figure>\n\t\t\t\t\t\t\t\t\t\t\t<img decoding=\"async\" src=\"https:\/\/www.antonioferreira.gallery\/wp-content\/uploads\/2016\/11\/the-city_4.jpg\" class=\"attachment-medium size-medium wp-post-image\" alt=\"\" \/>\t\t\t\t\t\t\t\t\t\t<figcaption>\n\t\t\t\t\t\t<div class=\"middle\">\n\t\t\t\t\t\t\t<div class=\"middle-inner\">\n\n\t\t\t\t\t\t\t\t\n\t\t\t\t\t\t\t\t<p class=\"gl-item-title\">City of London<\/p>\n\n\t\t\t\t\t\t\t\t\t\t\t\t\t\t\t\t\t<p class=\"gl-item-descr\">Oil on canvas with mirrors Places<\/p>\n\t\t\t\t\t\t\t\t\n\t\t\t\t\t\t\t<\/div>\n\t\t\t\t\t\t<\/div>\n\t\t\t\t\t<\/figcaption>\n\t\t\t\t<\/figure>\n\t\t\t<\/a>\n\n\t\t\t\n\t\t<\/li>\n\n\t\n\t\t\t\t<li class=\"gl-item gl-loading          \"\n\t\t\tdata-category=\"_places\">\n\n\t\t\t<a href=\"https:\/\/www.antonioferreira.gallery\/en\/gallery\/madrid\/\">\n\t\t\t\t<figure>\n\t\t\t\t\t\t\t\t\t\t\t<img decoding=\"async\" src=\"https:\/\/www.antonioferreira.gallery\/wp-content\/uploads\/2016\/03\/madrid_p.jpg\" class=\"attachment-medium size-medium wp-post-image\" alt=\"\" \/>\t\t\t\t\t\t\t\t\t\t<figcaption>\n\t\t\t\t\t\t<div class=\"middle\">\n\t\t\t\t\t\t\t<div class=\"middle-inner\">\n\n\t\t\t\t\t\t\t\t\n\t\t\t\t\t\t\t\t<p class=\"gl-item-title\">Madrid<\/p>\n\n\t\t\t\t\t\t\t\t\t\t\t\t\t\t\t\t\t<p class=\"gl-item-descr\">Oil on canvas, with three marble pyramids, dry arbutus and iron handicraft Places<\/p>\n\t\t\t\t\t\t\t\t\n\t\t\t\t\t\t\t<\/div>\n\t\t\t\t\t\t<\/div>\n\t\t\t\t\t<\/figcaption>\n\t\t\t\t<\/figure>\n\t\t\t<\/a>\n\n\t\t\t\n\t\t<\/li>\n\n\t\n\t\t\t\t<li class=\"gl-item gl-loading          \"\n\t\t\tdata-category=\"\">\n\n\t\t\t<a href=\"https:\/\/www.antonioferreira.gallery\/en\/gallery\/algarve\/\">\n\t\t\t\t<figure>\n\t\t\t\t\t\t\t\t\t\t\t<img decoding=\"async\" src=\"https:\/\/www.antonioferreira.gallery\/wp-content\/uploads\/2016\/03\/AlgarveII-573x700.jpg\" class=\"attachment-medium size-medium wp-post-image\" alt=\"\" srcset=\"https:\/\/www.antonioferreira.gallery\/wp-content\/uploads\/2016\/03\/AlgarveII-573x700.jpg 573w, https:\/\/www.antonioferreira.gallery\/wp-content\/uploads\/2016\/03\/AlgarveII-1047x1280.jpg 1047w, https:\/\/www.antonioferreira.gallery\/wp-content\/uploads\/2016\/03\/AlgarveII-123x150.jpg 123w, https:\/\/www.antonioferreira.gallery\/wp-content\/uploads\/2016\/03\/AlgarveII-768x939.jpg 768w, https:\/\/www.antonioferreira.gallery\/wp-content\/uploads\/2016\/03\/AlgarveII-1257x1536.jpg 1257w, https:\/\/www.antonioferreira.gallery\/wp-content\/uploads\/2016\/03\/AlgarveII-1676x2048.jpg 1676w, https:\/\/www.antonioferreira.gallery\/wp-content\/uploads\/2016\/03\/AlgarveII.jpg 2043w\" sizes=\"(max-width: 573px) 100vw, 573px\" \/>\t\t\t\t\t\t\t\t\t\t<figcaption>\n\t\t\t\t\t\t<div class=\"middle\">\n\t\t\t\t\t\t\t<div class=\"middle-inner\">\n\n\t\t\t\t\t\t\t\t\n\t\t\t\t\t\t\t\t<p class=\"gl-item-title\">Algarve<\/p>\n\n\t\t\t\t\t\t\t\t\t\t\t\t\t\t\t\t\t<p class=\"gl-item-descr\">Places<\/p>\n\t\t\t\t\t\t\t\t\n\t\t\t\t\t\t\t<\/div>\n\t\t\t\t\t\t<\/div>\n\t\t\t\t\t<\/figcaption>\n\t\t\t\t<\/figure>\n\t\t\t<\/a>\n\n\t\t\t\n\t\t<\/li>\n\n\t\n\t\t\t\t<li class=\"gl-item gl-loading          \"\n\t\t\tdata-category=\"\">\n\n\t\t\t<a href=\"https:\/\/www.antonioferreira.gallery\/en\/gallery\/barcelona\/\">\n\t\t\t\t<figure>\n\t\t\t\t\t\t\t\t\t\t\t<img decoding=\"async\" src=\"https:\/\/www.antonioferreira.gallery\/wp-content\/uploads\/2015\/02\/IMG_9862.jpg\" class=\"attachment-medium size-medium wp-post-image\" alt=\"\" \/>\t\t\t\t\t\t\t\t\t\t<figcaption>\n\t\t\t\t\t\t<div class=\"middle\">\n\t\t\t\t\t\t\t<div class=\"middle-inner\">\n\n\t\t\t\t\t\t\t\t\n\t\t\t\t\t\t\t\t<p class=\"gl-item-title\">Barcelona<\/p>\n\n\t\t\t\t\t\t\t\t\t\t\t\t\t\t\t\t\t<p class=\"gl-item-descr\">Oil on canvas, with two artificial magnetic bornites Places<\/p>\n\t\t\t\t\t\t\t\t\n\t\t\t\t\t\t\t<\/div>\n\t\t\t\t\t\t<\/div>\n\t\t\t\t\t<\/figcaption>\n\t\t\t\t<\/figure>\n\t\t\t<\/a>\n\n\t\t\t\n\t\t<\/li>\n\n\t\n\t\t\t\t<li class=\"gl-item gl-loading          \"\n\t\t\tdata-category=\"\">\n\n\t\t\t<a href=\"https:\/\/www.antonioferreira.gallery\/en\/gallery\/lisbon\/\">\n\t\t\t\t<figure>\n\t\t\t\t\t\t\t\t\t\t\t<img decoding=\"async\" src=\"https:\/\/www.antonioferreira.gallery\/wp-content\/uploads\/2015\/02\/Lisboa-1-498x700.jpg\" class=\"attachment-medium size-medium wp-post-image\" alt=\"\" srcset=\"https:\/\/www.antonioferreira.gallery\/wp-content\/uploads\/2015\/02\/Lisboa-1-498x700.jpg 498w, https:\/\/www.antonioferreira.gallery\/wp-content\/uploads\/2015\/02\/Lisboa-1-107x150.jpg 107w, https:\/\/www.antonioferreira.gallery\/wp-content\/uploads\/2015\/02\/Lisboa-1-911x1280.jpg 911w, https:\/\/www.antonioferreira.gallery\/wp-content\/uploads\/2015\/02\/Lisboa-1.jpg 1332w\" sizes=\"(max-width: 498px) 100vw, 498px\" \/>\t\t\t\t\t\t\t\t\t\t<figcaption>\n\t\t\t\t\t\t<div class=\"middle\">\n\t\t\t\t\t\t\t<div class=\"middle-inner\">\n\n\t\t\t\t\t\t\t\t\n\t\t\t\t\t\t\t\t<p class=\"gl-item-title\">Lisbon<\/p>\n\n\t\t\t\t\t\t\t\t\t\t\t\t\t\t\t\t\t<p class=\"gl-item-descr\">Oil on canvas Places<\/p>\n\t\t\t\t\t\t\t\t\n\t\t\t\t\t\t\t<\/div>\n\t\t\t\t\t\t<\/div>\n\t\t\t\t\t<\/figcaption>\n\t\t\t\t<\/figure>\n\t\t\t<\/a>\n\n\t\t\t\n\t\t<\/li>\n\n\t\n\t\t\t\t<li class=\"gl-item gl-loading          \"\n\t\t\tdata-category=\"\">\n\n\t\t\t<a href=\"https:\/\/www.antonioferreira.gallery\/en\/gallery\/monchique\/\">\n\t\t\t\t<figure>\n\t\t\t\t\t\t\t\t\t\t\t<img decoding=\"async\" src=\"https:\/\/www.antonioferreira.gallery\/wp-content\/uploads\/2015\/02\/Monchique-2-700x575.gif\" class=\"attachment-medium size-medium wp-post-image\" alt=\"\" srcset=\"https:\/\/www.antonioferreira.gallery\/wp-content\/uploads\/2015\/02\/Monchique-2-700x575.gif 700w, https:\/\/www.antonioferreira.gallery\/wp-content\/uploads\/2015\/02\/Monchique-2-150x123.gif 150w\" sizes=\"(max-width: 700px) 100vw, 700px\" \/>\t\t\t\t\t\t\t\t\t\t<figcaption>\n\t\t\t\t\t\t<div class=\"middle\">\n\t\t\t\t\t\t\t<div class=\"middle-inner\">\n\n\t\t\t\t\t\t\t\t\n\t\t\t\t\t\t\t\t<p class=\"gl-item-title\">Monchique<\/p>\n\n\t\t\t\t\t\t\t\t\t\t\t\t\t\t\t\t\t<p class=\"gl-item-descr\">Oil on canvas, with two sienite rocks. Places<\/p>\n\t\t\t\t\t\t\t\t\n\t\t\t\t\t\t\t<\/div>\n\t\t\t\t\t\t<\/div>\n\t\t\t\t\t<\/figcaption>\n\t\t\t\t<\/figure>\n\t\t\t<\/a>\n\n\t\t\t\n\t\t<\/li>\n\n\t\n\t\t\t\t<li class=\"gl-item gl-loading          \"\n\t\t\tdata-category=\"\">\n\n\t\t\t<a href=\"https:\/\/www.antonioferreira.gallery\/en\/gallery\/s-marcos\/\">\n\t\t\t\t<figure>\n\t\t\t\t\t\t\t\t\t\t\t<img decoding=\"async\" src=\"https:\/\/www.antonioferreira.gallery\/wp-content\/uploads\/2022\/01\/S-Marcos-em-murano_2-700x462.jpg\" class=\"attachment-medium size-medium wp-post-image\" alt=\"\" srcset=\"https:\/\/www.antonioferreira.gallery\/wp-content\/uploads\/2022\/01\/S-Marcos-em-murano_2-700x462.jpg 700w, https:\/\/www.antonioferreira.gallery\/wp-content\/uploads\/2022\/01\/S-Marcos-em-murano_2-1280x844.jpg 1280w, https:\/\/www.antonioferreira.gallery\/wp-content\/uploads\/2022\/01\/S-Marcos-em-murano_2-150x99.jpg 150w, https:\/\/www.antonioferreira.gallery\/wp-content\/uploads\/2022\/01\/S-Marcos-em-murano_2-768x507.jpg 768w, https:\/\/www.antonioferreira.gallery\/wp-content\/uploads\/2022\/01\/S-Marcos-em-murano_2-1536x1013.jpg 1536w, https:\/\/www.antonioferreira.gallery\/wp-content\/uploads\/2022\/01\/S-Marcos-em-murano_2-2048x1351.jpg 2048w\" sizes=\"(max-width: 700px) 100vw, 700px\" \/>\t\t\t\t\t\t\t\t\t\t<figcaption>\n\t\t\t\t\t\t<div class=\"middle\">\n\t\t\t\t\t\t\t<div class=\"middle-inner\">\n\n\t\t\t\t\t\t\t\t\n\t\t\t\t\t\t\t\t<p class=\"gl-item-title\">St Mark&#8217;s Square in Murano Glass<\/p>\n\n\t\t\t\t\t\t\t\t\t\t\t\t\t\t\t\t\t<p class=\"gl-item-descr\">Oil on canvas Places<\/p>\n\t\t\t\t\t\t\t\t\n\t\t\t\t\t\t\t<\/div>\n\t\t\t\t\t\t<\/div>\n\t\t\t\t\t<\/figcaption>\n\t\t\t\t<\/figure>\n\t\t\t<\/a>\n\n\t\t\t\n\t\t<\/li>\n\n\t\t<\/ul> <!-- gallery -->\n\n\t\n\t\n\t\t<\/div> <!-- container -->\n\t\n\t\t<\/section>\n\t<\/div> <!-- section -->\n\n\t\n\t\n","protected":false},"excerpt":{"rendered":"","protected":false},"author":1,"featured_media":0,"parent":0,"menu_order":0,"comment_status":"open","ping_status":"closed","template":"page-full.php","meta":{"_exactmetrics_skip_tracking":false,"_exactmetrics_sitenote_active":false,"_exactmetrics_sitenote_note":"","_exactmetrics_sitenote_category":0,"footnotes":""},"class_list":["post-558","page","type-page","status-publish","hentry"],"yoast_head":"<!-- This site is optimized with the Yoast SEO plugin v27.5 - https:\/\/yoast.com\/product\/yoast-seo-wordpress\/ -->\n<title>Places - Ant\u00f3nio Artur Ferreira Gallery<\/title>\n<meta name=\"description\" content=\"Uma das colec\u00e7\u00f5es de Ant\u00f3nio Artur Ferreira \u00e9 Sustentabilidade - Localidades, onde podemos encontrar pinturas sobre os mesmos.\" \/>\n<meta name=\"robots\" content=\"index, follow, max-snippet:-1, max-image-preview:large, max-video-preview:-1\" \/>\n<link rel=\"canonical\" href=\"https:\/\/www.antonioferreira.gallery\/en\/places\/\" \/>\n<meta property=\"og:locale\" content=\"en_US\" \/>\n<meta property=\"og:type\" content=\"article\" \/>\n<meta property=\"og:title\" content=\"Places - Ant\u00f3nio Artur Ferreira Gallery\" \/>\n<meta property=\"og:description\" content=\"Uma das colec\u00e7\u00f5es de Ant\u00f3nio Artur Ferreira \u00e9 Sustentabilidade - Localidades, onde podemos encontrar pinturas sobre os mesmos.\" \/>\n<meta property=\"og:url\" content=\"https:\/\/www.antonioferreira.gallery\/en\/places\/\" \/>\n<meta property=\"og:site_name\" content=\"Ant\u00f3nio Artur Ferreira Gallery\" \/>\n<meta property=\"article:modified_time\" content=\"2024-05-12T10:30:40+00:00\" \/>\n<meta name=\"twitter:label1\" content=\"Est. reading time\" \/>\n\t<meta name=\"twitter:data1\" content=\"1 minute\" \/>\n<script type=\"application\/ld+json\" class=\"yoast-schema-graph\">{\"@context\":\"https:\\\/\\\/schema.org\",\"@graph\":[{\"@type\":\"WebPage\",\"@id\":\"https:\\\/\\\/www.antonioferreira.gallery\\\/en\\\/places\\\/\",\"url\":\"https:\\\/\\\/www.antonioferreira.gallery\\\/en\\\/places\\\/\",\"name\":\"Places - Ant\u00f3nio Artur Ferreira Gallery\",\"isPartOf\":{\"@id\":\"https:\\\/\\\/www.antonioferreira.gallery\\\/#website\"},\"datePublished\":\"2015-02-22T14:48:14+00:00\",\"dateModified\":\"2024-05-12T10:30:40+00:00\",\"description\":\"Uma das colec\u00e7\u00f5es de Ant\u00f3nio Artur Ferreira \u00e9 Sustentabilidade - Localidades, onde podemos encontrar pinturas sobre os mesmos.\",\"breadcrumb\":{\"@id\":\"https:\\\/\\\/www.antonioferreira.gallery\\\/en\\\/places\\\/#breadcrumb\"},\"inLanguage\":\"en-US\",\"potentialAction\":[{\"@type\":\"ReadAction\",\"target\":[\"https:\\\/\\\/www.antonioferreira.gallery\\\/en\\\/places\\\/\"]}]},{\"@type\":\"BreadcrumbList\",\"@id\":\"https:\\\/\\\/www.antonioferreira.gallery\\\/en\\\/places\\\/#breadcrumb\",\"itemListElement\":[{\"@type\":\"ListItem\",\"position\":1,\"name\":\"Home\",\"item\":\"https:\\\/\\\/www.antonioferreira.gallery\\\/en\\\/\"},{\"@type\":\"ListItem\",\"position\":2,\"name\":\"Places\"}]},{\"@type\":\"WebSite\",\"@id\":\"https:\\\/\\\/www.antonioferreira.gallery\\\/#website\",\"url\":\"https:\\\/\\\/www.antonioferreira.gallery\\\/\",\"name\":\"Ant\u00f3nio Artur Ferreira Gallery\",\"description\":\"Visual Artist\",\"potentialAction\":[{\"@type\":\"SearchAction\",\"target\":{\"@type\":\"EntryPoint\",\"urlTemplate\":\"https:\\\/\\\/www.antonioferreira.gallery\\\/?s={search_term_string}\"},\"query-input\":{\"@type\":\"PropertyValueSpecification\",\"valueRequired\":true,\"valueName\":\"search_term_string\"}}],\"inLanguage\":\"en-US\"}]}<\/script>\n<!-- \/ Yoast SEO plugin. -->","yoast_head_json":{"title":"Places - Ant\u00f3nio Artur Ferreira Gallery","description":"Uma das colec\u00e7\u00f5es de Ant\u00f3nio Artur Ferreira \u00e9 Sustentabilidade - Localidades, onde podemos encontrar pinturas sobre os mesmos.","robots":{"index":"index","follow":"follow","max-snippet":"max-snippet:-1","max-image-preview":"max-image-preview:large","max-video-preview":"max-video-preview:-1"},"canonical":"https:\/\/www.antonioferreira.gallery\/en\/places\/","og_locale":"en_US","og_type":"article","og_title":"Places - Ant\u00f3nio Artur Ferreira Gallery","og_description":"Uma das colec\u00e7\u00f5es de Ant\u00f3nio Artur Ferreira \u00e9 Sustentabilidade - Localidades, onde podemos encontrar pinturas sobre os mesmos.","og_url":"https:\/\/www.antonioferreira.gallery\/en\/places\/","og_site_name":"Ant\u00f3nio Artur Ferreira Gallery","article_modified_time":"2024-05-12T10:30:40+00:00","twitter_misc":{"Est. reading time":"1 minute"},"schema":{"@context":"https:\/\/schema.org","@graph":[{"@type":"WebPage","@id":"https:\/\/www.antonioferreira.gallery\/en\/places\/","url":"https:\/\/www.antonioferreira.gallery\/en\/places\/","name":"Places - Ant\u00f3nio Artur Ferreira Gallery","isPartOf":{"@id":"https:\/\/www.antonioferreira.gallery\/#website"},"datePublished":"2015-02-22T14:48:14+00:00","dateModified":"2024-05-12T10:30:40+00:00","description":"Uma das colec\u00e7\u00f5es de Ant\u00f3nio Artur Ferreira \u00e9 Sustentabilidade - Localidades, onde podemos encontrar pinturas sobre os mesmos.","breadcrumb":{"@id":"https:\/\/www.antonioferreira.gallery\/en\/places\/#breadcrumb"},"inLanguage":"en-US","potentialAction":[{"@type":"ReadAction","target":["https:\/\/www.antonioferreira.gallery\/en\/places\/"]}]},{"@type":"BreadcrumbList","@id":"https:\/\/www.antonioferreira.gallery\/en\/places\/#breadcrumb","itemListElement":[{"@type":"ListItem","position":1,"name":"Home","item":"https:\/\/www.antonioferreira.gallery\/en\/"},{"@type":"ListItem","position":2,"name":"Places"}]},{"@type":"WebSite","@id":"https:\/\/www.antonioferreira.gallery\/#website","url":"https:\/\/www.antonioferreira.gallery\/","name":"Ant\u00f3nio Artur Ferreira Gallery","description":"Visual Artist","potentialAction":[{"@type":"SearchAction","target":{"@type":"EntryPoint","urlTemplate":"https:\/\/www.antonioferreira.gallery\/?s={search_term_string}"},"query-input":{"@type":"PropertyValueSpecification","valueRequired":true,"valueName":"search_term_string"}}],"inLanguage":"en-US"}]}},"_links":{"self":[{"href":"https:\/\/www.antonioferreira.gallery\/en\/wp-json\/wp\/v2\/pages\/558","targetHints":{"allow":["GET"]}}],"collection":[{"href":"https:\/\/www.antonioferreira.gallery\/en\/wp-json\/wp\/v2\/pages"}],"about":[{"href":"https:\/\/www.antonioferreira.gallery\/en\/wp-json\/wp\/v2\/types\/page"}],"author":[{"embeddable":true,"href":"https:\/\/www.antonioferreira.gallery\/en\/wp-json\/wp\/v2\/users\/1"}],"replies":[{"embeddable":true,"href":"https:\/\/www.antonioferreira.gallery\/en\/wp-json\/wp\/v2\/comments?post=558"}],"version-history":[{"count":8,"href":"https:\/\/www.antonioferreira.gallery\/en\/wp-json\/wp\/v2\/pages\/558\/revisions"}],"predecessor-version":[{"id":4184,"href":"https:\/\/www.antonioferreira.gallery\/en\/wp-json\/wp\/v2\/pages\/558\/revisions\/4184"}],"wp:attachment":[{"href":"https:\/\/www.antonioferreira.gallery\/en\/wp-json\/wp\/v2\/media?parent=558"}],"curies":[{"name":"wp","href":"https:\/\/api.w.org\/{rel}","templated":true}]}}