{"id":2153,"date":"2021-09-28T17:57:46","date_gmt":"2021-09-28T17:57:46","guid":{"rendered":"https:\/\/www.antonioferreira.gallery\/en\/exposicoes-2\/"},"modified":"2026-01-07T22:06:18","modified_gmt":"2026-01-07T22:06:18","slug":"exhibitions","status":"publish","type":"page","link":"https:\/\/www.antonioferreira.gallery\/en\/exhibitions\/","title":{"rendered":"Exhibitions"},"content":{"rendered":"\n<div class=\"wp-block-columns has-background is-layout-flex wp-container-core-columns-is-layout-9d6595d7 wp-block-columns-is-layout-flex\" style=\"background-color:#1f72a636\">\n<div class=\"wp-block-column is-vertically-aligned-top is-layout-flow wp-block-column-is-layout-flow\" style=\"flex-basis:100%\">\n<div class=\"wp-block-columns is-layout-flex wp-container-core-columns-is-layout-9d6595d7 wp-block-columns-is-layout-flex\">\n<div class=\"wp-block-column is-vertically-aligned-top is-layout-flow wp-block-column-is-layout-flow\" style=\"flex-basis:60%\">\n<h2 class=\"wp-block-heading\"><meta charset=\"utf-8\"><\/h2>\n\n\n\n<h2 class=\"wp-block-heading has-text-color has-link-color wp-elements-3d814234dd209248545028ea000db2ac\" style=\"color:#414141\">Upcoming exhibition<\/h2>\n\n\n\n<div style=\"height:20px\" aria-hidden=\"true\" class=\"wp-block-spacer\"><\/div>\n\n\n\n<p class=\"has-text-color has-link-color has-medium-font-size wp-elements-ebb632a11ca3eb51b659d1199de0d362\" style=\"color:#414141\">Monaco Art Fair 26<\/p>\n\n\n\n<div style=\"height:20px\" aria-hidden=\"true\" class=\"wp-block-spacer\"><\/div>\n\n\n\n<p class=\"has-text-color has-link-color wp-elements-dd038651904a36d5e8727b8850d682fd\" style=\"color:#414141\"><strong>18th to 20th September &#8211; Chapiteau de Fontvieille 5, avenue des Ligures 98000 Monaco<\/strong><\/p>\n\n\n\n<p class=\"has-text-color has-link-color wp-elements-0a5c053ecc6158de4709737b10ff80d1\" style=\"color:#414141\"><\/p>\n<\/div>\n\n\n\n<div class=\"wp-block-column is-layout-flow wp-block-column-is-layout-flow\" style=\"flex-basis:40%\"><\/div>\n<\/div>\n<\/div>\n<\/div>\n\n\n\n<div class=\"wp-block-columns has-background is-layout-flex wp-container-core-columns-is-layout-9d6595d7 wp-block-columns-is-layout-flex\" style=\"background-color:#f4f4f4\">\n<div class=\"wp-block-column is-vertically-aligned-top is-layout-flow wp-block-column-is-layout-flow\" style=\"flex-basis:100%\">\n<div class=\"wp-block-columns is-layout-flex wp-container-core-columns-is-layout-9d6595d7 wp-block-columns-is-layout-flex\">\n<div class=\"wp-block-column is-vertically-aligned-top is-layout-flow wp-block-column-is-layout-flow\" style=\"flex-basis:33.33%\">\n<div style=\"height:20px\" aria-hidden=\"true\" class=\"wp-block-spacer\"><\/div>\n\n\n\n<h2 class=\"wp-block-heading\">Collective Exhibitions<\/h2>\n\n\n\n<div style=\"height:10px\" aria-hidden=\"true\" class=\"wp-block-spacer\"><\/div>\n\n\n\n<h5 class=\"wp-block-heading has-text-color has-link-color wp-elements-5a39a3933bdadad396c0412a373f3be7\" style=\"color:#414141\"><strong>202<\/strong>5<\/h5>\n\n\n\n<p class=\"has-text-color has-link-color wp-elements-348da5d973d85294451ff2fb6fb5e91b\" style=\"color:#414141\">\u2022  \u201cAnnual Partners Salon\u201d \u2013 National Society of Fine Arts, Lisbon<\/p>\n\n\n\n<p class=\"has-text-color has-link-color wp-elements-1516bb46ac52484a21bda1d5d7434307\" style=\"color:#414141\">\u2022 International Contemporary Art Exhibition, Galerie Thuillier.  Paris, France<\/p>\n\n\n\n<p class=\"has-text-color has-link-color wp-elements-8322c2aeab001a254549e3c3e6e4c223\" style=\"color:#414141\">\u2022 &#8220;Interconnecting Lines&#8221; organized by Artio Gallery, at the European Museum of Modern Art MEAM in Barcelona, \u200b\u200bfrom June 13 to 15, where it won 2nd prize.<\/p>\n\n\n\n<p class=\"has-text-color has-link-color wp-elements-7a113cfeff3f2d2f52d817d5fc623160\" style=\"color:#414141\">\u2022 &#8220;D\u00e9cor&#8221; International Contemporary Art Exhibition presented by Artemida Experience, Spazio Arte Tolomeo, Milan.<\/p>\n\n\n\n<p class=\"has-text-color has-link-color wp-elements-8cc9f3ec084e2120bf8b5973060d8b30\" style=\"color:#414141\">\u2022 Venice International Art Fair\u201d \u2013 21st Edition, organized by Itsliquid Group<\/p>\n\n\n\n<p class=\"has-text-color has-link-color wp-elements-fd7ee0ab1372806916265e8b6f16024a\" style=\"color:#414141\">\u2022 \u201cAnnual Partners Salon\u201d \u2013 National Society of Fine Arts, Lisbon<\/p>\n\n\n\n<h5 class=\"wp-block-heading has-text-color has-link-color wp-elements-e06e3fa49d269e233937698f78ea8e0c\" style=\"color:#414141\"><strong>2024<\/strong><\/h5>\n\n\n\n<p class=\"has-text-color has-link-color wp-elements-348da5d973d85294451ff2fb6fb5e91b\" style=\"color:#414141\">\u2022  \u201cAnnual Partners Salon\u201d \u2013 National Society of Fine Arts, Lisbon<\/p>\n\n\n\n<p class=\"has-text-color has-link-color wp-elements-00c94cb1d7a85a2d3bfdb9a4384c30c2\" style=\"color:#414141\">\u2022 Training and cultural animation workshops, Aljustrel<\/p>\n\n\n\n<p class=\"has-text-color has-link-color wp-elements-9e5b179cc3eacaca1aa1bead7ae4ea08\" style=\"color:#414141\">\u2022 National Society of Fine Arts, Lisbon<\/p>\n\n\n\n<h5 class=\"wp-block-heading has-text-color has-link-color wp-elements-29ab03d208fec9508c2ef8554671caa7\" style=\"color:#414141\"><strong>2023<\/strong><\/h5>\n\n\n\n<p class=\"has-text-color has-link-color wp-elements-de1a8dad7a3df474e67ab941c5847be1\" style=\"color:#414141\">\u2022 Galerias de S. Ant\u00f3nio, Monchique<\/p>\n\n\n\n<p class=\"has-text-color has-link-color wp-elements-9e5b179cc3eacaca1aa1bead7ae4ea08\" style=\"color:#414141\">\u2022 National Society of Fine Arts, Lisbon<\/p>\n\n\n\n<p class=\"has-text-color has-link-color wp-elements-00c94cb1d7a85a2d3bfdb9a4384c30c2\" style=\"color:#414141\">\u2022 Training and cultural animation workshops, Aljustrel<\/p>\n\n\n\n<h5 class=\"wp-block-heading has-text-color\" style=\"color:#414141\"><strong>2022<\/strong><\/h5>\n\n\n\n<p class=\"has-text-color has-link-color wp-elements-9e5b179cc3eacaca1aa1bead7ae4ea08\" style=\"color:#414141\">\u2022 National Society of Fine Arts, Lisbon<\/p>\n\n\n\n<p class=\"has-text-color has-link-color wp-elements-fd7ee0ab1372806916265e8b6f16024a\" style=\"color:#414141\">\u2022 \u201cAnnual Partners Salon\u201d \u2013 National Society of Fine Arts, Lisbon<\/p>\n\n\n\n<p class=\"has-text-color has-link-color wp-elements-00c94cb1d7a85a2d3bfdb9a4384c30c2\" style=\"color:#414141\">\u2022 Training and cultural animation workshops, Aljustrel<\/p>\n\n\n\n<h5 class=\"wp-block-heading has-text-color\" style=\"color:#414141\"><strong>2021<\/strong><\/h5>\n\n\n\n<p class=\"has-text-color\" style=\"color:#414141\">\u2022 \u201cAnnual Partners Salon\u201d &#8211; National Society of Fine Arts, Lisbon<\/p>\n\n\n\n<p class=\"has-text-color\" style=\"color:#414141\">\u2022 National Society of Fine Arts, Lisbon<\/p>\n\n\n\n<p class=\"has-text-color\" style=\"color:#414141\">\u2022 \u201cArt Fest\u201d, CascaisShopping, Lisbon.<\/p>\n\n\n\n<div style=\"height:10px\" aria-hidden=\"true\" class=\"wp-block-spacer\"><\/div>\n\n\n\n<h5 class=\"wp-block-heading has-text-color\" style=\"color:#414141\"><strong>2020<\/strong><\/h5>\n\n\n\n<p class=\"has-text-color\" style=\"color:#414141\">\u2022 National Society of Fine Arts, Lisbon<\/p>\n\n\n\n<p class=\"has-text-color\" style=\"color:#414141\">\u2022 \u201cAnnual Partners Salon\u201d &#8211; National Society of Fine Arts, Lisbon<\/p>\n\n\n\n<p class=\"has-text-color\" style=\"color:#414141\">\u2022 Training and cultural animation workshops, Aljustrel<\/p>\n\n\n\n<div style=\"height:10px\" aria-hidden=\"true\" class=\"wp-block-spacer\"><\/div>\n\n\n\n<h5 class=\"wp-block-heading has-text-color\" style=\"color:#414141\"><strong>2019<\/strong><\/h5>\n\n\n\n<p class=\"has-text-color\" style=\"color:#414141\">\u2022 \u201cSalon of member artists of the National Society of Fine Arts\u201d, Lisbon<\/p>\n\n\n\n<p class=\"has-text-color\" style=\"color:#414141\">\u2022 National Society of Fine Arts, Lisbon<\/p>\n\n\n\n<p class=\"has-text-color\" style=\"color:#414141\">\u2022Training and cultural animation workshops, Aljustrel<\/p>\n\n\n\n<div style=\"height:10px\" aria-hidden=\"true\" class=\"wp-block-spacer\"><\/div>\n\n\n\n<h5 class=\"wp-block-heading has-text-color\" style=\"color:#414141\"><strong>2018<\/strong><\/h5>\n\n\n\n<p class=\"has-text-color\" style=\"color:#414141\">\u2022 Training and cultural animation workshops, Aljustrel<\/p>\n\n\n\n<p class=\"has-text-color\" style=\"color:#414141\">\u2022 &nbsp;National Society of Fine Arts, Lisbon<\/p>\n<\/div>\n\n\n\n<div class=\"wp-block-column is-vertically-aligned-top is-layout-flow wp-block-column-is-layout-flow\" style=\"flex-basis:66.67%\">\n<div style=\"height:60px\" aria-hidden=\"true\" class=\"wp-block-spacer\"><\/div>\n\n\n<div class=\"wp-block-image\">\n<figure class=\"alignleft size-large\"><a href=\"https:\/\/www.antonioferreira.gallery\/wp-content\/uploads\/2022\/03\/im-exhibitions.jpg\"><img loading=\"lazy\" decoding=\"async\" width=\"1280\" height=\"825\" src=\"https:\/\/www.antonioferreira.gallery\/wp-content\/uploads\/2022\/03\/im-exhibitions-1280x825.jpg\" alt=\"\" class=\"wp-image-2528\" srcset=\"https:\/\/www.antonioferreira.gallery\/wp-content\/uploads\/2022\/03\/im-exhibitions-1280x825.jpg 1280w, https:\/\/www.antonioferreira.gallery\/wp-content\/uploads\/2022\/03\/im-exhibitions-700x451.jpg 700w, https:\/\/www.antonioferreira.gallery\/wp-content\/uploads\/2022\/03\/im-exhibitions-150x97.jpg 150w, https:\/\/www.antonioferreira.gallery\/wp-content\/uploads\/2022\/03\/im-exhibitions-768x495.jpg 768w, https:\/\/www.antonioferreira.gallery\/wp-content\/uploads\/2022\/03\/im-exhibitions-1536x990.jpg 1536w, https:\/\/www.antonioferreira.gallery\/wp-content\/uploads\/2022\/03\/im-exhibitions.jpg 1920w\" sizes=\"auto, (max-width: 1280px) 100vw, 1280px\" \/><\/a><figcaption class=\"wp-element-caption\">Salon of member artists of the National Society of Fine Arts, 2019<\/figcaption><\/figure>\n<\/div><\/div>\n<\/div>\n<\/div>\n<\/div>\n\n\n\n<h2 class=\"wp-block-heading no-vertical-margin has-white-background-color has-text-color has-background\" style=\"color:#414141;font-size:22px\">Individual Exhibitions<\/h2>\n\n\n\n<div class=\"wp-block-columns has-white-background-color has-background is-layout-flex wp-container-core-columns-is-layout-9d6595d7 wp-block-columns-is-layout-flex\">\n<div class=\"wp-block-column is-vertically-aligned-top is-layout-flow wp-block-column-is-layout-flow\" style=\"flex-basis:90%\">\n<div class=\"wp-block-columns is-layout-flex wp-container-core-columns-is-layout-9d6595d7 wp-block-columns-is-layout-flex\">\n<div class=\"wp-block-column is-vertically-aligned-top is-layout-flow wp-block-column-is-layout-flow\" style=\"flex-basis:66.66%\"><div class=\"wp-block-image is-resized\">\n<figure class=\"alignleft size-full\"><a href=\"https:\/\/www.antonioferreira.gallery\/wp-content\/uploads\/2015\/04\/expo3.gif\"><img loading=\"lazy\" decoding=\"async\" width=\"1170\" height=\"832\" src=\"https:\/\/www.antonioferreira.gallery\/wp-content\/uploads\/2015\/04\/expo3.gif\" alt=\"\" class=\"wp-image-820\"\/><\/a><\/figure>\n<\/div><\/div>\n\n\n\n<div class=\"wp-block-column is-vertically-aligned-top is-layout-flow wp-block-column-is-layout-flow\" style=\"flex-basis:33.33%\">\n<h5 class=\"wp-block-heading has-text-color has-link-color wp-elements-29ab03d208fec9508c2ef8554671caa7\" style=\"color:#414141\"><strong>2023<\/strong><\/h5>\n\n\n\n<p class=\"has-text-color has-link-color wp-elements-48c700834228b44e82d41f63835628ec\" style=\"color:#414141\"> \u2022 Espa\u00e7o Atmosfera M, Lisbon &#8211; Launch of a virtual exhibition (joint exhibition with sculptor Jos\u00e9 Maur\u00edcio)<\/p>\n\n\n\n<p class=\"has-text-color has-link-color wp-elements-52df73ec9686abb629b97d964fb6e8aa\" style=\"color:#414141\">\u2022 Galeria CodigoDesign, Oporto \u2013 Entis (join exhibition with sculptora escultora \u00c2ngela Fonseca)<\/p>\n\n\n\n<h5 class=\"wp-block-heading has-text-color\" style=\"color:#414141\"><strong>2016<\/strong><\/h5>\n\n\n\n<p class=\"has-text-color\" style=\"color:#414141\">\u2022 &#8220;Painting Europe&#8221;<\/p>\n\n\n\n<p class=\"has-text-color\" style=\"color:#414141\">O Tuga, Coru\u00f1a, Spain<\/p>\n\n\n\n<div style=\"height:10px\" aria-hidden=\"true\" class=\"wp-block-spacer\"><\/div>\n\n\n\n<h5 class=\"wp-block-heading has-text-color\" style=\"color:#414141\"><strong>2014<\/strong><\/h5>\n\n\n\n<p class=\"has-text-color\" style=\"color:#414141\">\u2022 &#8220;Journey Within&#8221; (join exhibition with sculptora escultora Jos\u00e9 Mauricio)<\/p>\n\n\n\n<p class=\"has-text-color\" style=\"color:#414141\">Saint Antonio Gallery, Monchique, Portugal<\/p>\n\n\n\n<blockquote class=\"wp-block-quote is-layout-flow wp-block-quote-is-layout-flow\">\n<p>Absolutely stunning. Very expressive and vibrant<\/p>\n<\/blockquote>\n\n\n\n<blockquote class=\"wp-block-quote is-layout-flow wp-block-quote-is-layout-flow\">\n<p>Nos ha encantado. Gracias por proporcionarnos este fant\u00e1stico momento<\/p>\n<\/blockquote>\n<\/div>\n<\/div>\n<\/div>\n<\/div>\n","protected":false},"excerpt":{"rendered":"<p>Upcoming exhibition Monaco Art Fair 26 18th to 20th September &#8211; Chapiteau de Fontvieille 5, avenue des Ligures 98000 Monaco Collective Exhibitions 2025 \u2022 \u201cAnnual Partners Salon\u201d \u2013 National Society of Fine Arts, Lisbon \u2022 International Contemporary Art Exhibition, Galerie Thuillier. Paris, France \u2022 &#8220;Interconnecting Lines&#8221; organized by Artio Gallery, at the European Museum of&#8230;<\/p>\n","protected":false},"author":1,"featured_media":0,"parent":0,"menu_order":0,"comment_status":"closed","ping_status":"closed","template":"page-full.php","meta":{"_exactmetrics_skip_tracking":false,"_exactmetrics_sitenote_active":false,"_exactmetrics_sitenote_note":"","_exactmetrics_sitenote_category":0,"footnotes":""},"class_list":["post-2153","page","type-page","status-publish","hentry"],"yoast_head":"<!-- This site is optimized with the Yoast SEO plugin v27.5 - https:\/\/yoast.com\/product\/yoast-seo-wordpress\/ -->\n<title>Exhibitions - Ant\u00f3nio Artur Ferreira Gallery<\/title>\n<meta name=\"description\" content=\"All exhibitions by Ant\u00f3nio Ferreira since 2009, collective and individual.\" \/>\n<meta name=\"robots\" content=\"index, follow, max-snippet:-1, max-image-preview:large, max-video-preview:-1\" \/>\n<link rel=\"canonical\" href=\"https:\/\/www.antonioferreira.gallery\/en\/exhibitions\/\" \/>\n<meta property=\"og:locale\" content=\"en_US\" \/>\n<meta property=\"og:type\" content=\"article\" \/>\n<meta property=\"og:title\" content=\"Exhibitions - Ant\u00f3nio Artur Ferreira Gallery\" \/>\n<meta property=\"og:description\" content=\"All exhibitions by Ant\u00f3nio Ferreira since 2009, collective and individual.\" \/>\n<meta property=\"og:url\" content=\"https:\/\/www.antonioferreira.gallery\/en\/exhibitions\/\" \/>\n<meta property=\"og:site_name\" content=\"Ant\u00f3nio Artur Ferreira Gallery\" \/>\n<meta property=\"article:modified_time\" content=\"2026-01-07T22:06:18+00:00\" \/>\n<meta property=\"og:image\" content=\"https:\/\/www.antonioferreira.gallery\/wp-content\/uploads\/2022\/03\/im-exhibitions.jpg\" \/>\n\t<meta property=\"og:image:width\" content=\"1920\" \/>\n\t<meta property=\"og:image:height\" content=\"1237\" \/>\n\t<meta property=\"og:image:type\" content=\"image\/jpeg\" \/>\n<meta name=\"twitter:label1\" content=\"Est. reading time\" \/>\n\t<meta name=\"twitter:data1\" content=\"3 minutes\" \/>\n<script type=\"application\/ld+json\" class=\"yoast-schema-graph\">{\"@context\":\"https:\\\/\\\/schema.org\",\"@graph\":[{\"@type\":\"WebPage\",\"@id\":\"https:\\\/\\\/www.antonioferreira.gallery\\\/en\\\/exhibitions\\\/\",\"url\":\"https:\\\/\\\/www.antonioferreira.gallery\\\/en\\\/exhibitions\\\/\",\"name\":\"Exhibitions - Ant\u00f3nio Artur Ferreira Gallery\",\"isPartOf\":{\"@id\":\"https:\\\/\\\/www.antonioferreira.gallery\\\/#website\"},\"primaryImageOfPage\":{\"@id\":\"https:\\\/\\\/www.antonioferreira.gallery\\\/en\\\/exhibitions\\\/#primaryimage\"},\"image\":{\"@id\":\"https:\\\/\\\/www.antonioferreira.gallery\\\/en\\\/exhibitions\\\/#primaryimage\"},\"thumbnailUrl\":\"https:\\\/\\\/www.antonioferreira.gallery\\\/wp-content\\\/uploads\\\/2022\\\/03\\\/im-exhibitions-1280x825.jpg\",\"datePublished\":\"2021-09-28T17:57:46+00:00\",\"dateModified\":\"2026-01-07T22:06:18+00:00\",\"description\":\"All exhibitions by Ant\u00f3nio Ferreira since 2009, collective and individual.\",\"breadcrumb\":{\"@id\":\"https:\\\/\\\/www.antonioferreira.gallery\\\/en\\\/exhibitions\\\/#breadcrumb\"},\"inLanguage\":\"en-US\",\"potentialAction\":[{\"@type\":\"ReadAction\",\"target\":[\"https:\\\/\\\/www.antonioferreira.gallery\\\/en\\\/exhibitions\\\/\"]}]},{\"@type\":\"ImageObject\",\"inLanguage\":\"en-US\",\"@id\":\"https:\\\/\\\/www.antonioferreira.gallery\\\/en\\\/exhibitions\\\/#primaryimage\",\"url\":\"https:\\\/\\\/www.antonioferreira.gallery\\\/wp-content\\\/uploads\\\/2022\\\/03\\\/im-exhibitions-1280x825.jpg\",\"contentUrl\":\"https:\\\/\\\/www.antonioferreira.gallery\\\/wp-content\\\/uploads\\\/2022\\\/03\\\/im-exhibitions-1280x825.jpg\"},{\"@type\":\"BreadcrumbList\",\"@id\":\"https:\\\/\\\/www.antonioferreira.gallery\\\/en\\\/exhibitions\\\/#breadcrumb\",\"itemListElement\":[{\"@type\":\"ListItem\",\"position\":1,\"name\":\"Home\",\"item\":\"https:\\\/\\\/www.antonioferreira.gallery\\\/en\\\/\"},{\"@type\":\"ListItem\",\"position\":2,\"name\":\"Exhibitions\"}]},{\"@type\":\"WebSite\",\"@id\":\"https:\\\/\\\/www.antonioferreira.gallery\\\/#website\",\"url\":\"https:\\\/\\\/www.antonioferreira.gallery\\\/\",\"name\":\"Ant\u00f3nio Artur Ferreira Gallery\",\"description\":\"Visual Artist\",\"potentialAction\":[{\"@type\":\"SearchAction\",\"target\":{\"@type\":\"EntryPoint\",\"urlTemplate\":\"https:\\\/\\\/www.antonioferreira.gallery\\\/?s={search_term_string}\"},\"query-input\":{\"@type\":\"PropertyValueSpecification\",\"valueRequired\":true,\"valueName\":\"search_term_string\"}}],\"inLanguage\":\"en-US\"}]}<\/script>\n<!-- \/ Yoast SEO plugin. -->","yoast_head_json":{"title":"Exhibitions - Ant\u00f3nio Artur Ferreira Gallery","description":"All exhibitions by Ant\u00f3nio Ferreira since 2009, collective and individual.","robots":{"index":"index","follow":"follow","max-snippet":"max-snippet:-1","max-image-preview":"max-image-preview:large","max-video-preview":"max-video-preview:-1"},"canonical":"https:\/\/www.antonioferreira.gallery\/en\/exhibitions\/","og_locale":"en_US","og_type":"article","og_title":"Exhibitions - Ant\u00f3nio Artur Ferreira Gallery","og_description":"All exhibitions by Ant\u00f3nio Ferreira since 2009, collective and individual.","og_url":"https:\/\/www.antonioferreira.gallery\/en\/exhibitions\/","og_site_name":"Ant\u00f3nio Artur Ferreira Gallery","article_modified_time":"2026-01-07T22:06:18+00:00","og_image":[{"width":1920,"height":1237,"url":"https:\/\/www.antonioferreira.gallery\/wp-content\/uploads\/2022\/03\/im-exhibitions.jpg","type":"image\/jpeg"}],"twitter_misc":{"Est. reading time":"3 minutes"},"schema":{"@context":"https:\/\/schema.org","@graph":[{"@type":"WebPage","@id":"https:\/\/www.antonioferreira.gallery\/en\/exhibitions\/","url":"https:\/\/www.antonioferreira.gallery\/en\/exhibitions\/","name":"Exhibitions - Ant\u00f3nio Artur Ferreira Gallery","isPartOf":{"@id":"https:\/\/www.antonioferreira.gallery\/#website"},"primaryImageOfPage":{"@id":"https:\/\/www.antonioferreira.gallery\/en\/exhibitions\/#primaryimage"},"image":{"@id":"https:\/\/www.antonioferreira.gallery\/en\/exhibitions\/#primaryimage"},"thumbnailUrl":"https:\/\/www.antonioferreira.gallery\/wp-content\/uploads\/2022\/03\/im-exhibitions-1280x825.jpg","datePublished":"2021-09-28T17:57:46+00:00","dateModified":"2026-01-07T22:06:18+00:00","description":"All exhibitions by Ant\u00f3nio Ferreira since 2009, collective and individual.","breadcrumb":{"@id":"https:\/\/www.antonioferreira.gallery\/en\/exhibitions\/#breadcrumb"},"inLanguage":"en-US","potentialAction":[{"@type":"ReadAction","target":["https:\/\/www.antonioferreira.gallery\/en\/exhibitions\/"]}]},{"@type":"ImageObject","inLanguage":"en-US","@id":"https:\/\/www.antonioferreira.gallery\/en\/exhibitions\/#primaryimage","url":"https:\/\/www.antonioferreira.gallery\/wp-content\/uploads\/2022\/03\/im-exhibitions-1280x825.jpg","contentUrl":"https:\/\/www.antonioferreira.gallery\/wp-content\/uploads\/2022\/03\/im-exhibitions-1280x825.jpg"},{"@type":"BreadcrumbList","@id":"https:\/\/www.antonioferreira.gallery\/en\/exhibitions\/#breadcrumb","itemListElement":[{"@type":"ListItem","position":1,"name":"Home","item":"https:\/\/www.antonioferreira.gallery\/en\/"},{"@type":"ListItem","position":2,"name":"Exhibitions"}]},{"@type":"WebSite","@id":"https:\/\/www.antonioferreira.gallery\/#website","url":"https:\/\/www.antonioferreira.gallery\/","name":"Ant\u00f3nio Artur Ferreira Gallery","description":"Visual Artist","potentialAction":[{"@type":"SearchAction","target":{"@type":"EntryPoint","urlTemplate":"https:\/\/www.antonioferreira.gallery\/?s={search_term_string}"},"query-input":{"@type":"PropertyValueSpecification","valueRequired":true,"valueName":"search_term_string"}}],"inLanguage":"en-US"}]}},"_links":{"self":[{"href":"https:\/\/www.antonioferreira.gallery\/en\/wp-json\/wp\/v2\/pages\/2153","targetHints":{"allow":["GET"]}}],"collection":[{"href":"https:\/\/www.antonioferreira.gallery\/en\/wp-json\/wp\/v2\/pages"}],"about":[{"href":"https:\/\/www.antonioferreira.gallery\/en\/wp-json\/wp\/v2\/types\/page"}],"author":[{"embeddable":true,"href":"https:\/\/www.antonioferreira.gallery\/en\/wp-json\/wp\/v2\/users\/1"}],"replies":[{"embeddable":true,"href":"https:\/\/www.antonioferreira.gallery\/en\/wp-json\/wp\/v2\/comments?post=2153"}],"version-history":[{"count":15,"href":"https:\/\/www.antonioferreira.gallery\/en\/wp-json\/wp\/v2\/pages\/2153\/revisions"}],"predecessor-version":[{"id":4696,"href":"https:\/\/www.antonioferreira.gallery\/en\/wp-json\/wp\/v2\/pages\/2153\/revisions\/4696"}],"wp:attachment":[{"href":"https:\/\/www.antonioferreira.gallery\/en\/wp-json\/wp\/v2\/media?parent=2153"}],"curies":[{"name":"wp","href":"https:\/\/api.w.org\/{rel}","templated":true}]}}