{"id":2189,"date":"2021-09-28T17:57:46","date_gmt":"2021-09-28T17:57:46","guid":{"rendered":"https:\/\/www.antonioferreira.gallery\/de\/exposicoes-2\/"},"modified":"2026-01-11T18:21:35","modified_gmt":"2026-01-11T18:21:35","slug":"ausstellungen","status":"publish","type":"page","link":"https:\/\/www.antonioferreira.gallery\/de\/ausstellungen\/","title":{"rendered":"Ausstellungen"},"content":{"rendered":"\n<div class=\"wp-block-columns has-background is-layout-flex wp-container-core-columns-is-layout-9d6595d7 wp-block-columns-is-layout-flex\" style=\"background-color:#1f72a636\">\n<div class=\"wp-block-column is-vertically-aligned-top is-layout-flow wp-block-column-is-layout-flow\" style=\"flex-basis:100%\">\n<div class=\"wp-block-columns is-layout-flex wp-container-core-columns-is-layout-9d6595d7 wp-block-columns-is-layout-flex\">\n<div class=\"wp-block-column is-vertically-aligned-top is-layout-flow wp-block-column-is-layout-flow\" style=\"flex-basis:60%\">\n<h2 class=\"wp-block-heading\">N\u00e4chste Ausstellung <\/h2>\n\n\n\n<div style=\"height:20px\" aria-hidden=\"true\" class=\"wp-block-spacer\"><\/div>\n\n\n\n<p class=\"has-text-color has-link-color has-medium-font-size wp-elements-ebb632a11ca3eb51b659d1199de0d362\" style=\"color:#414141\">Monaco Art Fair 26<\/p>\n\n\n\n<div style=\"height:20px\" aria-hidden=\"true\" class=\"wp-block-spacer\"><\/div>\n\n\n\n<p class=\"has-text-color has-link-color wp-elements-6eaa5e4402830160a67dd56c9f4eb483\" style=\"color:#414141\"><strong>18.-20. September 2026. \u2013 Chapiteau de Fontvieille 5, avenue des Ligures 98000 Monaco<\/strong><\/p>\n<\/div>\n\n\n\n<div class=\"wp-block-column is-layout-flow wp-block-column-is-layout-flow\" style=\"flex-basis:40%\"><\/div>\n<\/div>\n<\/div>\n<\/div>\n\n\n\n<div class=\"wp-block-columns has-background is-layout-flex wp-container-core-columns-is-layout-9d6595d7 wp-block-columns-is-layout-flex\" style=\"background-color:#f4f4f4\">\n<div class=\"wp-block-column is-vertically-aligned-top is-layout-flow wp-block-column-is-layout-flow\" style=\"flex-basis:100%\">\n<div class=\"wp-block-columns is-layout-flex wp-container-core-columns-is-layout-9d6595d7 wp-block-columns-is-layout-flex\">\n<div class=\"wp-block-column is-vertically-aligned-top is-layout-flow wp-block-column-is-layout-flow\" style=\"flex-basis:33.33%\">\n<div style=\"height:20px\" aria-hidden=\"true\" class=\"wp-block-spacer\"><\/div>\n\n\n\n<h2 class=\"wp-block-heading\">Kollektivausstellugen<\/h2>\n\n\n\n<div style=\"height:10px\" aria-hidden=\"true\" class=\"wp-block-spacer\"><\/div>\n\n\n\n<h5 class=\"wp-block-heading\"><strong>202<\/strong>5<\/h5>\n\n\n\n<p>\u2022 Internationale Ausstellung zeitgen\u00f6ssischer Kunst, Galerie Thuillier. Paris, Frankreich<\/p>\n\n\n\n<p>\u2022 J\u00e4hrlicher Salon der Mitglieder&#8221; Nationale Gesellschaft f\u00fcr Sch\u00f6ne K\u00fcnste, Lissabon<\/p>\n\n\n\n<p class=\"has-text-color has-link-color wp-elements-9b1c300ce92737a217b9bbfeea8db303\" style=\"color:#414141\">\u2022 \u201eInterconnecting Lines\u201c \u2013 organisiert von der Artio Gallery im Europ\u00e4ischen Museum f\u00fcr Moderne Kunst MEAM in Barcelona vom 13. bis 15. Juni, wo sie den 2. Preis gewann.<\/p>\n\n\n\n<p class=\"has-text-color has-link-color wp-elements-c961ce4ef21953b9389ade793027e597\" style=\"color:#414141\">\u2022 \u201eD\u00e9cor\u201c \u2013 Internationale Ausstellung zeitgen\u00f6ssischer Kunst, pr\u00e4sentiert von Artemida Experience, Spazio Arte Tolomeo, Mailand.<\/p>\n\n\n\n<p class=\"has-text-color has-link-color wp-elements-9e8fe5fa2be4fbe39662b4151586f157\" style=\"color:#414141\">\u2022 \u201eVenice International Art Fair\u201c \u2013 21. Ausgabe, organisiert von Itsliquid Group<\/p>\n\n\n\n<p class=\"has-text-color has-link-color wp-elements-68a19ece612476a46e0ca841575b7a31\" style=\"color:#414141\">\u2022 J\u00e4hrlicher Salon der Mitglieder&#8221; Nationale Gesellschaft f\u00fcr Sch\u00f6ne K\u00fcnste, Lissabon<\/p>\n\n\n\n<h5 class=\"wp-block-heading\"><strong>2024<\/strong><\/h5>\n\n\n\n<p class=\"has-text-color has-link-color wp-elements-52040a1baf8ca1081cb5e634b1b38267\" style=\"color:#414141\">\u2022 J\u00e4hrlicher Salon der Mitglieder&#8221; Nationale Gesellschaft f\u00fcr Sch\u00f6ne K\u00fcnste, Lissabon <\/p>\n\n\n\n<p class=\"has-text-color has-link-color wp-elements-556014b4abbaf28a46076c6fd17448a1\" style=\"color:#414141\">\u2022 Nationale Gesellschaft f\u00fcr Sch\u00f6ne K\u00fcnste, Lissabon<\/p>\n\n\n\n<p class=\"has-text-color has-link-color wp-elements-b643bdbd1eb0020af8f8e04132178671\" style=\"color:#414141\">\u2022 Workshops zur Weiterbildung und kulturellen Animation, Aljustrel<\/p>\n\n\n\n<h5 class=\"wp-block-heading\"><strong>2023<\/strong><\/h5>\n\n\n\n<p class=\"has-text-color has-link-color wp-elements-de1a8dad7a3df474e67ab941c5847be1\" style=\"color:#414141\">\u2022 Galerias de S. Ant\u00f3nio, Monchique<\/p>\n\n\n\n<p class=\"has-text-color has-link-color wp-elements-556014b4abbaf28a46076c6fd17448a1\" style=\"color:#414141\">\u2022 Nationale Gesellschaft f\u00fcr Sch\u00f6ne K\u00fcnste, Lissabon<\/p>\n\n\n\n<p class=\"has-text-color has-link-color wp-elements-b643bdbd1eb0020af8f8e04132178671\" style=\"color:#414141\">\u2022 Workshops zur Weiterbildung und kulturellen Animation, Aljustrel<\/p>\n\n\n\n<h5 class=\"wp-block-heading\"><strong>2022<\/strong><\/h5>\n\n\n\n<p class=\"has-text-color has-link-color wp-elements-556014b4abbaf28a46076c6fd17448a1\" style=\"color:#414141\">\u2022 Nationale Gesellschaft f\u00fcr Sch\u00f6ne K\u00fcnste, Lissabon<\/p>\n\n\n\n<p class=\"has-text-color has-link-color wp-elements-68a19ece612476a46e0ca841575b7a31\" style=\"color:#414141\">\u2022 J\u00e4hrlicher Salon der Mitglieder&#8221; Nationale Gesellschaft f\u00fcr Sch\u00f6ne K\u00fcnste, Lissabon<\/p>\n\n\n\n<p class=\"has-text-color has-link-color wp-elements-b643bdbd1eb0020af8f8e04132178671\" style=\"color:#414141\">\u2022 Workshops zur Weiterbildung und kulturellen Animation, Aljustrel<\/p>\n\n\n\n<h5 class=\"wp-block-heading has-text-color\" style=\"color:#414141\"><strong>2021<\/strong><\/h5>\n\n\n\n<p class=\"has-text-color\" style=\"color:#414141\">\u2022 \u201eJ\u00e4hrlicher Salon der Mitglieder\u201d &#8211; Nationale Gesellschaft f\u00fcr Sch\u00f6ne K\u00fcnste, Lissabon<\/p>\n\n\n\n<p class=\"has-text-color\" style=\"color:#414141\">\u2022 Nationale Gesellschaft f\u00fcr Sch\u00f6ne K\u00fcnste, Lissabon<\/p>\n\n\n\n<p class=\"has-text-color\" style=\"color:#414141\">\u2022 \u201eKunstfest\u201d, Cascais-Shopping Center, Lissabon.<\/p>\n\n\n\n<div style=\"height:10px\" aria-hidden=\"true\" class=\"wp-block-spacer\"><\/div>\n\n\n\n<h5 class=\"wp-block-heading has-text-color\" style=\"color:#414141\"><strong>2020<\/strong><\/h5>\n\n\n\n<p class=\"has-text-color\" style=\"color:#414141\">\u2022 Nationale Gesellschaft f\u00fcr Sch\u00f6ne K\u00fcnste, Lissabon<\/p>\n\n\n\n<p class=\"has-text-color\" style=\"color:#414141\">\u2022 \u201eJ\u00e4hrlicher Salon der Mitglieder\u201d &#8211; Nationale Gesellschaft f\u00fcr Sch\u00f6ne K\u00fcnste, Lissabon<\/p>\n\n\n\n<p class=\"has-text-color\" style=\"color:#414141\">\u2022 Workshops zur Weiterbildung und kulturellen Animation, Aljustrel<\/p>\n\n\n\n<div style=\"height:10px\" aria-hidden=\"true\" class=\"wp-block-spacer\"><\/div>\n\n\n\n<h5 class=\"wp-block-heading has-text-color\" style=\"color:#414141\"><strong>2019<\/strong><\/h5>\n\n\n\n<p class=\"has-text-color\" style=\"color:#414141\">\u2022 \u201eSalon der K\u00fcnstler-Mitglieder der Nationalen Gesellschaft f\u00fcr Sch\u00f6ne K\u00fcnste \u201d, Lissabon<\/p>\n\n\n\n<p class=\"has-text-color\" style=\"color:#414141\">\u2022 Nationale Gesellschaft f\u00fcr Sch\u00f6ne K\u00fcnste, Lissabon<\/p>\n\n\n\n<p class=\"has-text-color\" style=\"color:#414141\">\u2022 Workshops zur Weiterbildung und kulturellen Animation, Aljustrel<\/p>\n\n\n\n<div style=\"height:10px\" aria-hidden=\"true\" class=\"wp-block-spacer\"><\/div>\n\n\n\n<h5 class=\"wp-block-heading has-text-color\" style=\"color:#414141\"><strong>2018<\/strong><\/h5>\n\n\n\n<p class=\"has-text-color\" style=\"color:#414141\">\u2022 Workshops zur Weiterbildung und kulturellen Animation, Aljustrel<\/p>\n\n\n\n<p class=\"has-text-color\" style=\"color:#414141\">\u2022 Nationale Gesellschaft f\u00fcr Sch\u00f6ne K\u00fcnste, Lissabon<\/p>\n<\/div>\n\n\n\n<div class=\"wp-block-column is-vertically-aligned-top is-layout-flow wp-block-column-is-layout-flow\" style=\"flex-basis:66.67%\">\n<div style=\"height:20px\" aria-hidden=\"true\" class=\"wp-block-spacer\"><\/div>\n\n\n<div class=\"wp-block-image\">\n<figure class=\"alignleft size-large\"><a href=\"https:\/\/www.antonioferreira.gallery\/wp-content\/uploads\/2022\/03\/im-exhibitions.jpg\"><img loading=\"lazy\" decoding=\"async\" width=\"1280\" height=\"825\" src=\"https:\/\/www.antonioferreira.gallery\/wp-content\/uploads\/2022\/03\/im-exhibitions-1280x825.jpg\" alt=\"\" class=\"wp-image-2528\" srcset=\"https:\/\/www.antonioferreira.gallery\/wp-content\/uploads\/2022\/03\/im-exhibitions-1280x825.jpg 1280w, https:\/\/www.antonioferreira.gallery\/wp-content\/uploads\/2022\/03\/im-exhibitions-700x451.jpg 700w, https:\/\/www.antonioferreira.gallery\/wp-content\/uploads\/2022\/03\/im-exhibitions-150x97.jpg 150w, https:\/\/www.antonioferreira.gallery\/wp-content\/uploads\/2022\/03\/im-exhibitions-768x495.jpg 768w, https:\/\/www.antonioferreira.gallery\/wp-content\/uploads\/2022\/03\/im-exhibitions-1536x990.jpg 1536w, https:\/\/www.antonioferreira.gallery\/wp-content\/uploads\/2022\/03\/im-exhibitions.jpg 1920w\" sizes=\"auto, (max-width: 1280px) 100vw, 1280px\" \/><\/a><figcaption class=\"wp-element-caption\"><span style=\"background-color:rgba(0, 0, 0, 0);color:#7c7c7c\" class=\"has-inline-color\">Salon der K\u00fcnstler-Mitglieder der Nationalen Gesellschaft f\u00fcr Sch\u00f6ne K\u00fcnste <\/span>,<span style=\"background-color:rgba(0, 0, 0, 0);color:#7c7c7c\" class=\"has-inline-color\">2019<\/span><\/figcaption><\/figure>\n<\/div><\/div>\n<\/div>\n<\/div>\n<\/div>\n\n\n\n<h2 class=\"wp-block-heading no-vertical-margin has-white-background-color has-text-color has-background\" style=\"color:#414141;font-size:22px\">Einzelausstellungen<\/h2>\n\n\n\n<div class=\"wp-block-columns has-white-background-color has-background is-layout-flex wp-container-core-columns-is-layout-9d6595d7 wp-block-columns-is-layout-flex\">\n<div class=\"wp-block-column is-vertically-aligned-top is-layout-flow wp-block-column-is-layout-flow\" style=\"flex-basis:90%\">\n<div class=\"wp-block-columns is-layout-flex wp-container-core-columns-is-layout-9d6595d7 wp-block-columns-is-layout-flex\">\n<div class=\"wp-block-column is-vertically-aligned-top is-layout-flow wp-block-column-is-layout-flow\" style=\"flex-basis:66.66%\"><div class=\"wp-block-image is-resized\">\n<figure class=\"alignleft size-full\"><a href=\"https:\/\/www.antonioferreira.gallery\/wp-content\/uploads\/2015\/04\/expo3.gif\"><img loading=\"lazy\" decoding=\"async\" width=\"1170\" height=\"832\" src=\"https:\/\/www.antonioferreira.gallery\/wp-content\/uploads\/2015\/04\/expo3.gif\" alt=\"\" class=\"wp-image-820\"\/><\/a><\/figure>\n<\/div><\/div>\n\n\n\n<div class=\"wp-block-column is-vertically-aligned-top is-layout-flow wp-block-column-is-layout-flow\" style=\"flex-basis:33.33%\">\n<h5 class=\"wp-block-heading\"><strong>2023<\/strong><\/h5>\n\n\n\n<p class=\"has-text-color has-link-color wp-elements-065b64c9458443728ee953debf9092a2\" style=\"color:#414141\">\u2022 Espa\u00e7o Atmosfera M, Lissabon &#8211; Er\u00f6ffnung der virtuellen Ausstellung (gemeinsame Ausstellung mit dem Bildhauer Jos\u00e9 Maur\u00edcio)<\/p>\n\n\n\n<p class=\"has-text-color has-link-color wp-elements-fa9737885633f734c4ec05c216651e67\" style=\"color:#414141\">\u2022 CodigoDesign Gallery, Porto &#8211; Entis (gemeinsame Ausstellung mit der Bildhauerin \u00c2ngela Fonseca)<\/p>\n\n\n\n<h5 class=\"wp-block-heading has-text-color\" style=\"color:#414141\"><strong>2016<\/strong><\/h5>\n\n\n\n<p class=\"has-text-color\" style=\"color:#414141\">\u2022 &#8220;Europa malen&#8221;<\/p>\n\n\n\n<p class=\"has-text-color\" style=\"color:#414141\">O Tuga, Coru\u00f1a, Spanien<\/p>\n\n\n\n<div style=\"height:10px\" aria-hidden=\"true\" class=\"wp-block-spacer\"><\/div>\n\n\n\n<h5 class=\"wp-block-heading has-text-color\" style=\"color:#414141\"><strong>2014<\/strong><\/h5>\n\n\n\n<p class=\"has-text-color\" style=\"color:#414141\">\u2022 &#8220;Innere Reise&#8221; (gemeinsame Ausstellung mit dem Bildhauer Jos\u00e9 Maur\u00edcio)<\/p>\n\n\n\n<p class=\"has-text-color\" style=\"color:#414141\">Galerie Saint Antonio, Monchique, Portugal<\/p>\n\n\n\n<blockquote class=\"wp-block-quote is-layout-flow wp-block-quote-is-layout-flow\">\n<p>Absolutely stunning. Very expressive and vibrant<\/p>\n<\/blockquote>\n\n\n\n<blockquote class=\"wp-block-quote is-layout-flow wp-block-quote-is-layout-flow\">\n<p>Nos ha encantado. Gracias por proporcionarnos este fant\u00e1stico momento<\/p>\n<\/blockquote>\n<\/div>\n<\/div>\n<\/div>\n<\/div>\n","protected":false},"excerpt":{"rendered":"<p>N\u00e4chste Ausstellung Monaco Art Fair 26 18.-20. September 2026. \u2013 Chapiteau de Fontvieille 5, avenue des Ligures 98000 Monaco Kollektivausstellugen 2025 \u2022 Internationale Ausstellung zeitgen\u00f6ssischer Kunst, Galerie Thuillier. Paris, Frankreich \u2022 J\u00e4hrlicher Salon der Mitglieder&#8221; Nationale Gesellschaft f\u00fcr Sch\u00f6ne K\u00fcnste, Lissabon \u2022 \u201eInterconnecting Lines\u201c \u2013 organisiert von der Artio Gallery im Europ\u00e4ischen Museum f\u00fcr Moderne&#8230;<\/p>\n","protected":false},"author":1,"featured_media":0,"parent":0,"menu_order":0,"comment_status":"closed","ping_status":"closed","template":"page-full.php","meta":{"_exactmetrics_skip_tracking":false,"_exactmetrics_sitenote_active":false,"_exactmetrics_sitenote_note":"","_exactmetrics_sitenote_category":0,"footnotes":""},"class_list":["post-2189","page","type-page","status-publish","hentry"],"yoast_head":"<!-- This site is optimized with the Yoast SEO plugin v27.5 - https:\/\/yoast.com\/product\/yoast-seo-wordpress\/ -->\n<title>Ausstellungen - Ant\u00f3nio Artur Ferreira Gallery<\/title>\n<meta name=\"description\" content=\"Alle Ausstellungen von Ant\u00f3nio Ferreira seit 2009, kollektiv und individuell.\" \/>\n<meta name=\"robots\" content=\"index, follow, max-snippet:-1, max-image-preview:large, max-video-preview:-1\" \/>\n<link rel=\"canonical\" href=\"https:\/\/www.antonioferreira.gallery\/de\/ausstellungen\/\" \/>\n<meta property=\"og:locale\" content=\"de_DE\" \/>\n<meta property=\"og:type\" content=\"article\" \/>\n<meta property=\"og:title\" content=\"Ausstellungen - Ant\u00f3nio Artur Ferreira Gallery\" \/>\n<meta property=\"og:description\" content=\"Alle Ausstellungen von Ant\u00f3nio Ferreira seit 2009, kollektiv und individuell.\" \/>\n<meta property=\"og:url\" content=\"https:\/\/www.antonioferreira.gallery\/de\/ausstellungen\/\" \/>\n<meta property=\"og:site_name\" content=\"Ant\u00f3nio Artur Ferreira Gallery\" \/>\n<meta property=\"article:modified_time\" content=\"2026-01-11T18:21:35+00:00\" \/>\n<meta property=\"og:image\" content=\"https:\/\/www.antonioferreira.gallery\/wp-content\/uploads\/2022\/03\/im-exhibitions.jpg\" \/>\n\t<meta property=\"og:image:width\" content=\"1920\" \/>\n\t<meta property=\"og:image:height\" content=\"1237\" \/>\n\t<meta property=\"og:image:type\" content=\"image\/jpeg\" \/>\n<meta name=\"twitter:label1\" content=\"Est. reading time\" \/>\n\t<meta name=\"twitter:data1\" content=\"3 minutes\" \/>\n<script type=\"application\/ld+json\" class=\"yoast-schema-graph\">{\"@context\":\"https:\\\/\\\/schema.org\",\"@graph\":[{\"@type\":\"WebPage\",\"@id\":\"https:\\\/\\\/www.antonioferreira.gallery\\\/de\\\/ausstellungen\\\/\",\"url\":\"https:\\\/\\\/www.antonioferreira.gallery\\\/de\\\/ausstellungen\\\/\",\"name\":\"Ausstellungen - Ant\u00f3nio Artur Ferreira Gallery\",\"isPartOf\":{\"@id\":\"https:\\\/\\\/www.antonioferreira.gallery\\\/#website\"},\"primaryImageOfPage\":{\"@id\":\"https:\\\/\\\/www.antonioferreira.gallery\\\/de\\\/ausstellungen\\\/#primaryimage\"},\"image\":{\"@id\":\"https:\\\/\\\/www.antonioferreira.gallery\\\/de\\\/ausstellungen\\\/#primaryimage\"},\"thumbnailUrl\":\"https:\\\/\\\/www.antonioferreira.gallery\\\/wp-content\\\/uploads\\\/2022\\\/03\\\/im-exhibitions-1280x825.jpg\",\"datePublished\":\"2021-09-28T17:57:46+00:00\",\"dateModified\":\"2026-01-11T18:21:35+00:00\",\"description\":\"Alle Ausstellungen von Ant\u00f3nio Ferreira seit 2009, kollektiv und individuell.\",\"breadcrumb\":{\"@id\":\"https:\\\/\\\/www.antonioferreira.gallery\\\/de\\\/ausstellungen\\\/#breadcrumb\"},\"inLanguage\":\"de-DE\",\"potentialAction\":[{\"@type\":\"ReadAction\",\"target\":[\"https:\\\/\\\/www.antonioferreira.gallery\\\/de\\\/ausstellungen\\\/\"]}]},{\"@type\":\"ImageObject\",\"inLanguage\":\"de-DE\",\"@id\":\"https:\\\/\\\/www.antonioferreira.gallery\\\/de\\\/ausstellungen\\\/#primaryimage\",\"url\":\"https:\\\/\\\/www.antonioferreira.gallery\\\/wp-content\\\/uploads\\\/2022\\\/03\\\/im-exhibitions-1280x825.jpg\",\"contentUrl\":\"https:\\\/\\\/www.antonioferreira.gallery\\\/wp-content\\\/uploads\\\/2022\\\/03\\\/im-exhibitions-1280x825.jpg\"},{\"@type\":\"BreadcrumbList\",\"@id\":\"https:\\\/\\\/www.antonioferreira.gallery\\\/de\\\/ausstellungen\\\/#breadcrumb\",\"itemListElement\":[{\"@type\":\"ListItem\",\"position\":1,\"name\":\"Home\",\"item\":\"https:\\\/\\\/www.antonioferreira.gallery\\\/de\\\/\"},{\"@type\":\"ListItem\",\"position\":2,\"name\":\"Ausstellungen\"}]},{\"@type\":\"WebSite\",\"@id\":\"https:\\\/\\\/www.antonioferreira.gallery\\\/#website\",\"url\":\"https:\\\/\\\/www.antonioferreira.gallery\\\/\",\"name\":\"Ant\u00f3nio Artur Ferreira Gallery\",\"description\":\"Visual Artist\",\"potentialAction\":[{\"@type\":\"SearchAction\",\"target\":{\"@type\":\"EntryPoint\",\"urlTemplate\":\"https:\\\/\\\/www.antonioferreira.gallery\\\/?s={search_term_string}\"},\"query-input\":{\"@type\":\"PropertyValueSpecification\",\"valueRequired\":true,\"valueName\":\"search_term_string\"}}],\"inLanguage\":\"de-DE\"}]}<\/script>\n<!-- \/ Yoast SEO plugin. -->","yoast_head_json":{"title":"Ausstellungen - Ant\u00f3nio Artur Ferreira Gallery","description":"Alle Ausstellungen von Ant\u00f3nio Ferreira seit 2009, kollektiv und individuell.","robots":{"index":"index","follow":"follow","max-snippet":"max-snippet:-1","max-image-preview":"max-image-preview:large","max-video-preview":"max-video-preview:-1"},"canonical":"https:\/\/www.antonioferreira.gallery\/de\/ausstellungen\/","og_locale":"de_DE","og_type":"article","og_title":"Ausstellungen - Ant\u00f3nio Artur Ferreira Gallery","og_description":"Alle Ausstellungen von Ant\u00f3nio Ferreira seit 2009, kollektiv und individuell.","og_url":"https:\/\/www.antonioferreira.gallery\/de\/ausstellungen\/","og_site_name":"Ant\u00f3nio Artur Ferreira Gallery","article_modified_time":"2026-01-11T18:21:35+00:00","og_image":[{"width":1920,"height":1237,"url":"https:\/\/www.antonioferreira.gallery\/wp-content\/uploads\/2022\/03\/im-exhibitions.jpg","type":"image\/jpeg"}],"twitter_misc":{"Est. reading time":"3 minutes"},"schema":{"@context":"https:\/\/schema.org","@graph":[{"@type":"WebPage","@id":"https:\/\/www.antonioferreira.gallery\/de\/ausstellungen\/","url":"https:\/\/www.antonioferreira.gallery\/de\/ausstellungen\/","name":"Ausstellungen - Ant\u00f3nio Artur Ferreira Gallery","isPartOf":{"@id":"https:\/\/www.antonioferreira.gallery\/#website"},"primaryImageOfPage":{"@id":"https:\/\/www.antonioferreira.gallery\/de\/ausstellungen\/#primaryimage"},"image":{"@id":"https:\/\/www.antonioferreira.gallery\/de\/ausstellungen\/#primaryimage"},"thumbnailUrl":"https:\/\/www.antonioferreira.gallery\/wp-content\/uploads\/2022\/03\/im-exhibitions-1280x825.jpg","datePublished":"2021-09-28T17:57:46+00:00","dateModified":"2026-01-11T18:21:35+00:00","description":"Alle Ausstellungen von Ant\u00f3nio Ferreira seit 2009, kollektiv und individuell.","breadcrumb":{"@id":"https:\/\/www.antonioferreira.gallery\/de\/ausstellungen\/#breadcrumb"},"inLanguage":"de-DE","potentialAction":[{"@type":"ReadAction","target":["https:\/\/www.antonioferreira.gallery\/de\/ausstellungen\/"]}]},{"@type":"ImageObject","inLanguage":"de-DE","@id":"https:\/\/www.antonioferreira.gallery\/de\/ausstellungen\/#primaryimage","url":"https:\/\/www.antonioferreira.gallery\/wp-content\/uploads\/2022\/03\/im-exhibitions-1280x825.jpg","contentUrl":"https:\/\/www.antonioferreira.gallery\/wp-content\/uploads\/2022\/03\/im-exhibitions-1280x825.jpg"},{"@type":"BreadcrumbList","@id":"https:\/\/www.antonioferreira.gallery\/de\/ausstellungen\/#breadcrumb","itemListElement":[{"@type":"ListItem","position":1,"name":"Home","item":"https:\/\/www.antonioferreira.gallery\/de\/"},{"@type":"ListItem","position":2,"name":"Ausstellungen"}]},{"@type":"WebSite","@id":"https:\/\/www.antonioferreira.gallery\/#website","url":"https:\/\/www.antonioferreira.gallery\/","name":"Ant\u00f3nio Artur Ferreira Gallery","description":"Visual Artist","potentialAction":[{"@type":"SearchAction","target":{"@type":"EntryPoint","urlTemplate":"https:\/\/www.antonioferreira.gallery\/?s={search_term_string}"},"query-input":{"@type":"PropertyValueSpecification","valueRequired":true,"valueName":"search_term_string"}}],"inLanguage":"de-DE"}]}},"_links":{"self":[{"href":"https:\/\/www.antonioferreira.gallery\/de\/wp-json\/wp\/v2\/pages\/2189","targetHints":{"allow":["GET"]}}],"collection":[{"href":"https:\/\/www.antonioferreira.gallery\/de\/wp-json\/wp\/v2\/pages"}],"about":[{"href":"https:\/\/www.antonioferreira.gallery\/de\/wp-json\/wp\/v2\/types\/page"}],"author":[{"embeddable":true,"href":"https:\/\/www.antonioferreira.gallery\/de\/wp-json\/wp\/v2\/users\/1"}],"replies":[{"embeddable":true,"href":"https:\/\/www.antonioferreira.gallery\/de\/wp-json\/wp\/v2\/comments?post=2189"}],"version-history":[{"count":13,"href":"https:\/\/www.antonioferreira.gallery\/de\/wp-json\/wp\/v2\/pages\/2189\/revisions"}],"predecessor-version":[{"id":4704,"href":"https:\/\/www.antonioferreira.gallery\/de\/wp-json\/wp\/v2\/pages\/2189\/revisions\/4704"}],"wp:attachment":[{"href":"https:\/\/www.antonioferreira.gallery\/de\/wp-json\/wp\/v2\/media?parent=2189"}],"curies":[{"name":"wp","href":"https:\/\/api.w.org\/{rel}","templated":true}]}}