{"id":1419,"date":"2015-02-23T17:34:34","date_gmt":"2015-02-23T17:34:34","guid":{"rendered":"https:\/\/www.antonioferreira.gallery\/de\/literatura-e-obras-musicais\/"},"modified":"2023-12-13T22:10:38","modified_gmt":"2023-12-13T22:10:38","slug":"die-perspektiven-anderer-kuenstler-malen","status":"publish","type":"page","link":"https:\/\/www.antonioferreira.gallery\/de\/die-perspektiven-anderer-kuenstler-malen\/","title":{"rendered":"Die Perspektiven anderer K\u00fcnstler malen"},"content":{"rendered":"\n\t\n\t<div class=\"section \" \t\tstyle=\"\n\t\t\t\t\t\t\t\t\tbackground-color: #ededed;\t\t\t\t\t\t\t\t\t\"\n\t\t\t\t\t>\n\n\t\n\t<section>\n\n\t\n\t\n\t<div class=\"container\">\t\t\n<h5 style=\"text-align: center;\"><span style=\"color: #414141;\"><div class=\"row\"><div class=\"col-sm-12\">Die Entdeckung des Selbst und des Anderen<\/div><\/div><\/span><\/h5>\n<h2 style=\"text-align: center;\"><span style=\"color: #414141;\"><div class=\"row\"><div class=\"col-sm-12\">Die Perspektiven anderer K\u00fcnstler malen<\/div><\/div><\/span><\/h2>\n<p style=\"text-align: left;\"><div class=\"su-spacer\" style=\"height:50px\"><\/div>\n\n\t\n\t<ul id=\"gallery-667\"\n\t    class=\"gallery gl-cols-3 gl-pinterest\"\n\t    data-options=\"id: gallery-667; category: 85; type: pinterest; items_per_page: 200; columns_count: 3; show_load_more: no; show_filter: no; fixed_items: fixed; load_on_scroll: no; preview_full_size: no; preview_show_zoom: yes; preview_show_readmore: yes; preview_show_share: yes; ajax_action: mental_gallery; \">\n\n\t\t\n   \n\t\t\t\t<li class=\"gl-item gl-loading          \"\n\t\t\tdata-category=\"orte\">\n\n\t\t\t<a href=\"https:\/\/www.antonioferreira.gallery\/de\/gallery\/lissabon-unwelt-und-kunst\/\">\n\t\t\t\t<figure>\n\t\t\t\t\t\t\t\t\t\t\t<img decoding=\"async\" src=\"https:\/\/www.antonioferreira.gallery\/wp-content\/uploads\/2020\/02\/Lisboa-ambiente-e-cultura-487x700.jpg\" class=\"attachment-medium size-medium wp-post-image\" alt=\"\" srcset=\"https:\/\/www.antonioferreira.gallery\/wp-content\/uploads\/2020\/02\/Lisboa-ambiente-e-cultura-487x700.jpg 487w, https:\/\/www.antonioferreira.gallery\/wp-content\/uploads\/2020\/02\/Lisboa-ambiente-e-cultura-891x1280.jpg 891w, https:\/\/www.antonioferreira.gallery\/wp-content\/uploads\/2020\/02\/Lisboa-ambiente-e-cultura-104x150.jpg 104w, https:\/\/www.antonioferreira.gallery\/wp-content\/uploads\/2020\/02\/Lisboa-ambiente-e-cultura-768x1103.jpg 768w, https:\/\/www.antonioferreira.gallery\/wp-content\/uploads\/2020\/02\/Lisboa-ambiente-e-cultura-1069x1536.jpg 1069w, https:\/\/www.antonioferreira.gallery\/wp-content\/uploads\/2020\/02\/Lisboa-ambiente-e-cultura.jpg 1180w\" sizes=\"(max-width: 487px) 100vw, 487px\" \/>\t\t\t\t\t\t\t\t\t\t<figcaption>\n\t\t\t\t\t\t<div class=\"middle\">\n\t\t\t\t\t\t\t<div class=\"middle-inner\">\n\n\t\t\t\t\t\t\t\t\n\t\t\t\t\t\t\t\t<p class=\"gl-item-title\">Lissabon (unwelt und kunst)<\/p>\n\n\t\t\t\t\t\t\t\t\t\t\t\t\t\t\t\t\t<p class=\"gl-item-descr\">\u00d6l auf Leinwand mit einem Chalcedon und einem Amazonitstein Orte<\/p>\n\t\t\t\t\t\t\t\t\n\t\t\t\t\t\t\t<\/div>\n\t\t\t\t\t\t<\/div>\n\t\t\t\t\t<\/figcaption>\n\t\t\t\t<\/figure>\n\t\t\t<\/a>\n\n\t\t\t\n\t\t<\/li>\n\n\t\n\t\t\t\t<li class=\"gl-item gl-loading          \"\n\t\t\tdata-category=\"orte\">\n\n\t\t\t<a href=\"https:\/\/www.antonioferreira.gallery\/de\/gallery\/alhambra\/\">\n\t\t\t\t<figure>\n\t\t\t\t\t\t\t\t\t\t\t<img decoding=\"async\" src=\"https:\/\/www.antonioferreira.gallery\/wp-content\/uploads\/2020\/02\/Alambra_2-1-455x700.jpeg\" class=\"attachment-medium size-medium wp-post-image\" alt=\"\" srcset=\"https:\/\/www.antonioferreira.gallery\/wp-content\/uploads\/2020\/02\/Alambra_2-1-455x700.jpeg 455w, https:\/\/www.antonioferreira.gallery\/wp-content\/uploads\/2020\/02\/Alambra_2-1-831x1280.jpeg 831w, https:\/\/www.antonioferreira.gallery\/wp-content\/uploads\/2020\/02\/Alambra_2-1-97x150.jpeg 97w, https:\/\/www.antonioferreira.gallery\/wp-content\/uploads\/2020\/02\/Alambra_2-1-768x1182.jpeg 768w, https:\/\/www.antonioferreira.gallery\/wp-content\/uploads\/2020\/02\/Alambra_2-1-998x1536.jpeg 998w, https:\/\/www.antonioferreira.gallery\/wp-content\/uploads\/2020\/02\/Alambra_2-1.jpeg 1023w\" sizes=\"(max-width: 455px) 100vw, 455px\" \/>\t\t\t\t\t\t\t\t\t\t<figcaption>\n\t\t\t\t\t\t<div class=\"middle\">\n\t\t\t\t\t\t\t<div class=\"middle-inner\">\n\n\t\t\t\t\t\t\t\t\n\t\t\t\t\t\t\t\t<p class=\"gl-item-title\">Alhambra<\/p>\n\n\t\t\t\t\t\t\t\t\t\t\t\t\t\t\t\t\t<p class=\"gl-item-descr\">\u00d6l auf Leinwand mit Sahara-W\u00fcstensand Orte<\/p>\n\t\t\t\t\t\t\t\t\n\t\t\t\t\t\t\t<\/div>\n\t\t\t\t\t\t<\/div>\n\t\t\t\t\t<\/figcaption>\n\t\t\t\t<\/figure>\n\t\t\t<\/a>\n\n\t\t\t\n\t\t<\/li>\n\n\t\n\t\t\t\t<li class=\"gl-item gl-loading          \"\n\t\t\tdata-category=\"orte\">\n\n\t\t\t<a href=\"https:\/\/www.antonioferreira.gallery\/de\/gallery\/azoren\/\">\n\t\t\t\t<figure>\n\t\t\t\t\t\t\t\t\t\t\t<img decoding=\"async\" src=\"https:\/\/www.antonioferreira.gallery\/wp-content\/uploads\/2020\/02\/Ac\u0327ores2-1-567x700.jpg\" class=\"attachment-medium size-medium wp-post-image\" alt=\"\" srcset=\"https:\/\/www.antonioferreira.gallery\/wp-content\/uploads\/2020\/02\/Ac\u0327ores2-1-567x700.jpg 567w, https:\/\/www.antonioferreira.gallery\/wp-content\/uploads\/2020\/02\/Ac\u0327ores2-1-1037x1280.jpg 1037w, https:\/\/www.antonioferreira.gallery\/wp-content\/uploads\/2020\/02\/Ac\u0327ores2-1-122x150.jpg 122w, https:\/\/www.antonioferreira.gallery\/wp-content\/uploads\/2020\/02\/Ac\u0327ores2-1-768x948.jpg 768w, https:\/\/www.antonioferreira.gallery\/wp-content\/uploads\/2020\/02\/Ac\u0327ores2-1-1245x1536.jpg 1245w, https:\/\/www.antonioferreira.gallery\/wp-content\/uploads\/2020\/02\/Ac\u0327ores2-1-1660x2048.jpg 1660w\" sizes=\"(max-width: 567px) 100vw, 567px\" \/>\t\t\t\t\t\t\t\t\t\t<figcaption>\n\t\t\t\t\t\t<div class=\"middle\">\n\t\t\t\t\t\t\t<div class=\"middle-inner\">\n\n\t\t\t\t\t\t\t\t\n\t\t\t\t\t\t\t\t<p class=\"gl-item-title\">Azoren<\/p>\n\n\t\t\t\t\t\t\t\t\t\t\t\t\t\t\t\t\t<p class=\"gl-item-descr\">Orte<\/p>\n\t\t\t\t\t\t\t\t\n\t\t\t\t\t\t\t<\/div>\n\t\t\t\t\t\t<\/div>\n\t\t\t\t\t<\/figcaption>\n\t\t\t\t<\/figure>\n\t\t\t<\/a>\n\n\t\t\t\n\t\t<\/li>\n\n\t\n\t\t\t\t<li class=\"gl-item gl-loading          \"\n\t\t\tdata-category=\"orte\">\n\n\t\t\t<a href=\"https:\/\/www.antonioferreira.gallery\/de\/gallery\/die-stadt-london\/\">\n\t\t\t\t<figure>\n\t\t\t\t\t\t\t\t\t\t\t<img decoding=\"async\" src=\"https:\/\/www.antonioferreira.gallery\/wp-content\/uploads\/2016\/11\/the-city_4.jpg\" class=\"attachment-medium size-medium wp-post-image\" alt=\"\" \/>\t\t\t\t\t\t\t\t\t\t<figcaption>\n\t\t\t\t\t\t<div class=\"middle\">\n\t\t\t\t\t\t\t<div class=\"middle-inner\">\n\n\t\t\t\t\t\t\t\t\n\t\t\t\t\t\t\t\t<p class=\"gl-item-title\">Die stadt London<\/p>\n\n\t\t\t\t\t\t\t\t\t\t\t\t\t\t\t\t\t<p class=\"gl-item-descr\">\u00d6l auf Leinwand mit Spiegel Orte<\/p>\n\t\t\t\t\t\t\t\t\n\t\t\t\t\t\t\t<\/div>\n\t\t\t\t\t\t<\/div>\n\t\t\t\t\t<\/figcaption>\n\t\t\t\t<\/figure>\n\t\t\t<\/a>\n\n\t\t\t\n\t\t<\/li>\n\n\t\n\t\t\t\t<li class=\"gl-item gl-loading          \"\n\t\t\tdata-category=\"orte\">\n\n\t\t\t<a href=\"https:\/\/www.antonioferreira.gallery\/de\/gallery\/barcelona\/\">\n\t\t\t\t<figure>\n\t\t\t\t\t\t\t\t\t\t\t<img decoding=\"async\" src=\"https:\/\/www.antonioferreira.gallery\/wp-content\/uploads\/2015\/02\/IMG_9862.jpg\" class=\"attachment-medium size-medium wp-post-image\" alt=\"\" \/>\t\t\t\t\t\t\t\t\t\t<figcaption>\n\t\t\t\t\t\t<div class=\"middle\">\n\t\t\t\t\t\t\t<div class=\"middle-inner\">\n\n\t\t\t\t\t\t\t\t\n\t\t\t\t\t\t\t\t<p class=\"gl-item-title\">Barcelona<\/p>\n\n\t\t\t\t\t\t\t\t\t\t\t\t\t\t\t\t\t<p class=\"gl-item-descr\">\u00d6l auf Leinwand mit zwei k\u00fcnstlichen magnetischen Borniten. Orte<\/p>\n\t\t\t\t\t\t\t\t\n\t\t\t\t\t\t\t<\/div>\n\t\t\t\t\t\t<\/div>\n\t\t\t\t\t<\/figcaption>\n\t\t\t\t<\/figure>\n\t\t\t<\/a>\n\n\t\t\t\n\t\t<\/li>\n\n\t\n\t\t\t\t<li class=\"gl-item gl-loading          \"\n\t\t\tdata-category=\"orte\">\n\n\t\t\t<a href=\"https:\/\/www.antonioferreira.gallery\/de\/gallery\/lissabon\/\">\n\t\t\t\t<figure>\n\t\t\t\t\t\t\t\t\t\t\t<img decoding=\"async\" src=\"https:\/\/www.antonioferreira.gallery\/wp-content\/uploads\/2015\/02\/lisboa1-497x700.gif\" class=\"attachment-medium size-medium wp-post-image\" alt=\"\" srcset=\"https:\/\/www.antonioferreira.gallery\/wp-content\/uploads\/2015\/02\/lisboa1-497x700.gif 497w, https:\/\/www.antonioferreira.gallery\/wp-content\/uploads\/2015\/02\/lisboa1-106x150.gif 106w, https:\/\/www.antonioferreira.gallery\/wp-content\/uploads\/2015\/02\/lisboa1-909x1280.gif 909w\" sizes=\"(max-width: 497px) 100vw, 497px\" \/>\t\t\t\t\t\t\t\t\t\t<figcaption>\n\t\t\t\t\t\t<div class=\"middle\">\n\t\t\t\t\t\t\t<div class=\"middle-inner\">\n\n\t\t\t\t\t\t\t\t\n\t\t\t\t\t\t\t\t<p class=\"gl-item-title\">Lissabon<\/p>\n\n\t\t\t\t\t\t\t\t\t\t\t\t\t\t\t\t\t<p class=\"gl-item-descr\">\u00d6l auf Leinwand Orte<\/p>\n\t\t\t\t\t\t\t\t\n\t\t\t\t\t\t\t<\/div>\n\t\t\t\t\t\t<\/div>\n\t\t\t\t\t<\/figcaption>\n\t\t\t\t<\/figure>\n\t\t\t<\/a>\n\n\t\t\t\n\t\t<\/li>\n\n\t\n\t\t\t\t<li class=\"gl-item gl-loading          \"\n\t\t\tdata-category=\"orte\">\n\n\t\t\t<a href=\"https:\/\/www.antonioferreira.gallery\/de\/gallery\/madrid\/\">\n\t\t\t\t<figure>\n\t\t\t\t\t\t\t\t\t\t\t<img decoding=\"async\" src=\"https:\/\/www.antonioferreira.gallery\/wp-content\/uploads\/2016\/03\/madrid_p.jpg\" class=\"attachment-medium size-medium wp-post-image\" alt=\"\" \/>\t\t\t\t\t\t\t\t\t\t<figcaption>\n\t\t\t\t\t\t<div class=\"middle\">\n\t\t\t\t\t\t\t<div class=\"middle-inner\">\n\n\t\t\t\t\t\t\t\t\n\t\t\t\t\t\t\t\t<p class=\"gl-item-title\">Madrid<\/p>\n\n\t\t\t\t\t\t\t\t\t\t\t\t\t\t\t\t\t<p class=\"gl-item-descr\">\u00d6l auf Leinwand mit drei Marmorpyramiden, trockenem Arbutus und eisernes Kunsthandwerk. Das Symbol von Madrid wird zusammen mit weiteren, f\u00fcr...<\/p>\n\t\t\t\t\t\t\t\t\n\t\t\t\t\t\t\t<\/div>\n\t\t\t\t\t\t<\/div>\n\t\t\t\t\t<\/figcaption>\n\t\t\t\t<\/figure>\n\t\t\t<\/a>\n\n\t\t\t\n\t\t<\/li>\n\n\t\n\t\t\t\t<li class=\"gl-item gl-loading          \"\n\t\t\tdata-category=\"orte\">\n\n\t\t\t<a href=\"https:\/\/www.antonioferreira.gallery\/de\/gallery\/algarve\/\">\n\t\t\t\t<figure>\n\t\t\t\t\t\t\t\t\t\t\t<img decoding=\"async\" src=\"https:\/\/www.antonioferreira.gallery\/wp-content\/uploads\/2016\/03\/AlgarveII-573x700.jpg\" class=\"attachment-medium size-medium wp-post-image\" alt=\"\" srcset=\"https:\/\/www.antonioferreira.gallery\/wp-content\/uploads\/2016\/03\/AlgarveII-573x700.jpg 573w, https:\/\/www.antonioferreira.gallery\/wp-content\/uploads\/2016\/03\/AlgarveII-1047x1280.jpg 1047w, https:\/\/www.antonioferreira.gallery\/wp-content\/uploads\/2016\/03\/AlgarveII-123x150.jpg 123w, https:\/\/www.antonioferreira.gallery\/wp-content\/uploads\/2016\/03\/AlgarveII-768x939.jpg 768w, https:\/\/www.antonioferreira.gallery\/wp-content\/uploads\/2016\/03\/AlgarveII-1257x1536.jpg 1257w, https:\/\/www.antonioferreira.gallery\/wp-content\/uploads\/2016\/03\/AlgarveII-1676x2048.jpg 1676w, https:\/\/www.antonioferreira.gallery\/wp-content\/uploads\/2016\/03\/AlgarveII.jpg 2043w\" sizes=\"(max-width: 573px) 100vw, 573px\" \/>\t\t\t\t\t\t\t\t\t\t<figcaption>\n\t\t\t\t\t\t<div class=\"middle\">\n\t\t\t\t\t\t\t<div class=\"middle-inner\">\n\n\t\t\t\t\t\t\t\t\n\t\t\t\t\t\t\t\t<p class=\"gl-item-title\">Algarve<\/p>\n\n\t\t\t\t\t\t\t\t\t\t\t\t\t\t\t\t\t<p class=\"gl-item-descr\">\u00d6l auf Leinwand mit zwei Unakit-Steinen, zwei Rauchquarz-Geoden, einem Rauchquarz-Edelstein, einem Zitrusquarz, vier Chalcedonen, einem feldspathoiden Sodalith-Mineral, zwei Wellhornschnecken, einem...<\/p>\n\t\t\t\t\t\t\t\t\n\t\t\t\t\t\t\t<\/div>\n\t\t\t\t\t\t<\/div>\n\t\t\t\t\t<\/figcaption>\n\t\t\t\t<\/figure>\n\t\t\t<\/a>\n\n\t\t\t\n\t\t<\/li>\n\n\t\n\t\t\t\t<li class=\"gl-item gl-loading          \"\n\t\t\tdata-category=\"orte\">\n\n\t\t\t<a href=\"https:\/\/www.antonioferreira.gallery\/de\/gallery\/monchique\/\">\n\t\t\t\t<figure>\n\t\t\t\t\t\t\t\t\t\t\t<img decoding=\"async\" src=\"https:\/\/www.antonioferreira.gallery\/wp-content\/uploads\/2015\/02\/Monchique-2-700x575.gif\" class=\"attachment-medium size-medium wp-post-image\" alt=\"\" srcset=\"https:\/\/www.antonioferreira.gallery\/wp-content\/uploads\/2015\/02\/Monchique-2-700x575.gif 700w, https:\/\/www.antonioferreira.gallery\/wp-content\/uploads\/2015\/02\/Monchique-2-150x123.gif 150w\" sizes=\"(max-width: 700px) 100vw, 700px\" \/>\t\t\t\t\t\t\t\t\t\t<figcaption>\n\t\t\t\t\t\t<div class=\"middle\">\n\t\t\t\t\t\t\t<div class=\"middle-inner\">\n\n\t\t\t\t\t\t\t\t\n\t\t\t\t\t\t\t\t<p class=\"gl-item-title\">Monchique<\/p>\n\n\t\t\t\t\t\t\t\t\t\t\t\t\t\t\t\t\t<p class=\"gl-item-descr\">\u00d6l auf Leinwand mit zwei Syenitsteinen. Orte<\/p>\n\t\t\t\t\t\t\t\t\n\t\t\t\t\t\t\t<\/div>\n\t\t\t\t\t\t<\/div>\n\t\t\t\t\t<\/figcaption>\n\t\t\t\t<\/figure>\n\t\t\t<\/a>\n\n\t\t\t\n\t\t<\/li>\n\n\t\n\t\t\t\t<li class=\"gl-item gl-loading          \"\n\t\t\tdata-category=\"orte\">\n\n\t\t\t<a href=\"https:\/\/www.antonioferreira.gallery\/de\/gallery\/sankt-markus-in-murano\/\">\n\t\t\t\t<figure>\n\t\t\t\t\t\t\t\t\t\t\t<img decoding=\"async\" src=\"https:\/\/www.antonioferreira.gallery\/wp-content\/uploads\/2022\/01\/S-Marcos-em-murano_2-700x462.jpg\" class=\"attachment-medium size-medium wp-post-image\" alt=\"\" srcset=\"https:\/\/www.antonioferreira.gallery\/wp-content\/uploads\/2022\/01\/S-Marcos-em-murano_2-700x462.jpg 700w, https:\/\/www.antonioferreira.gallery\/wp-content\/uploads\/2022\/01\/S-Marcos-em-murano_2-1280x844.jpg 1280w, https:\/\/www.antonioferreira.gallery\/wp-content\/uploads\/2022\/01\/S-Marcos-em-murano_2-150x99.jpg 150w, https:\/\/www.antonioferreira.gallery\/wp-content\/uploads\/2022\/01\/S-Marcos-em-murano_2-768x507.jpg 768w, https:\/\/www.antonioferreira.gallery\/wp-content\/uploads\/2022\/01\/S-Marcos-em-murano_2-1536x1013.jpg 1536w, https:\/\/www.antonioferreira.gallery\/wp-content\/uploads\/2022\/01\/S-Marcos-em-murano_2-2048x1351.jpg 2048w\" sizes=\"(max-width: 700px) 100vw, 700px\" \/>\t\t\t\t\t\t\t\t\t\t<figcaption>\n\t\t\t\t\t\t<div class=\"middle\">\n\t\t\t\t\t\t\t<div class=\"middle-inner\">\n\n\t\t\t\t\t\t\t\t\n\t\t\t\t\t\t\t\t<p class=\"gl-item-title\">Sankt Markus in Murano<\/p>\n\n\t\t\t\t\t\t\t\t\t\t\t\t\t\t\t\t\t<p class=\"gl-item-descr\">\u00d6l auf Leinwand Orte<\/p>\n\t\t\t\t\t\t\t\t\n\t\t\t\t\t\t\t<\/div>\n\t\t\t\t\t\t<\/div>\n\t\t\t\t\t<\/figcaption>\n\t\t\t\t<\/figure>\n\t\t\t<\/a>\n\n\t\t\t\n\t\t<\/li>\n\n\t\t<\/ul> <!-- gallery -->\n\n\t\n\t\n\t\t<\/div> <!-- container -->\n\t\n\t\t<\/section>\n\t<\/div> <!-- section -->\n\n\t\n\t\n","protected":false},"excerpt":{"rendered":"","protected":false},"author":1,"featured_media":0,"parent":0,"menu_order":0,"comment_status":"open","ping_status":"closed","template":"page-full.php","meta":{"_exactmetrics_skip_tracking":false,"_exactmetrics_sitenote_active":false,"_exactmetrics_sitenote_note":"","_exactmetrics_sitenote_category":0,"footnotes":""},"class_list":["post-1419","page","type-page","status-publish","hentry"],"yoast_head":"<!-- This site is optimized with the Yoast SEO plugin v27.5 - https:\/\/yoast.com\/product\/yoast-seo-wordpress\/ -->\n<title>Die Perspektiven anderer K\u00fcnstler malen - Ant\u00f3nio Artur Ferreira Gallery<\/title>\n<meta name=\"description\" content=\"Eine der Sammlungen von Ant\u00f3nio Artur Ferreira ist \u201eDie Entdeckung des Selbst und des Anderen \u2013 Malperspektiven anderer K\u00fcnstler\u201c.\" \/>\n<meta name=\"robots\" content=\"index, follow, max-snippet:-1, max-image-preview:large, max-video-preview:-1\" \/>\n<link rel=\"canonical\" href=\"https:\/\/www.antonioferreira.gallery\/de\/die-perspektiven-anderer-kuenstler-malen\/\" \/>\n<meta property=\"og:locale\" content=\"de_DE\" \/>\n<meta property=\"og:type\" content=\"article\" \/>\n<meta property=\"og:title\" content=\"Die Perspektiven anderer K\u00fcnstler malen - Ant\u00f3nio Artur Ferreira Gallery\" \/>\n<meta property=\"og:description\" content=\"Eine der Sammlungen von Ant\u00f3nio Artur Ferreira ist \u201eDie Entdeckung des Selbst und des Anderen \u2013 Malperspektiven anderer K\u00fcnstler\u201c.\" \/>\n<meta property=\"og:url\" content=\"https:\/\/www.antonioferreira.gallery\/de\/die-perspektiven-anderer-kuenstler-malen\/\" \/>\n<meta property=\"og:site_name\" content=\"Ant\u00f3nio Artur Ferreira Gallery\" \/>\n<meta property=\"article:modified_time\" content=\"2023-12-13T22:10:38+00:00\" \/>\n<meta name=\"twitter:label1\" content=\"Est. reading time\" \/>\n\t<meta name=\"twitter:data1\" content=\"1 minute\" \/>\n<script type=\"application\/ld+json\" class=\"yoast-schema-graph\">{\"@context\":\"https:\\\/\\\/schema.org\",\"@graph\":[{\"@type\":\"WebPage\",\"@id\":\"https:\\\/\\\/www.antonioferreira.gallery\\\/de\\\/die-perspektiven-anderer-kuenstler-malen\\\/\",\"url\":\"https:\\\/\\\/www.antonioferreira.gallery\\\/de\\\/die-perspektiven-anderer-kuenstler-malen\\\/\",\"name\":\"Die Perspektiven anderer K\u00fcnstler malen - Ant\u00f3nio Artur Ferreira Gallery\",\"isPartOf\":{\"@id\":\"https:\\\/\\\/www.antonioferreira.gallery\\\/#website\"},\"datePublished\":\"2015-02-23T17:34:34+00:00\",\"dateModified\":\"2023-12-13T22:10:38+00:00\",\"description\":\"Eine der Sammlungen von Ant\u00f3nio Artur Ferreira ist \u201eDie Entdeckung des Selbst und des Anderen \u2013 Malperspektiven anderer K\u00fcnstler\u201c.\",\"breadcrumb\":{\"@id\":\"https:\\\/\\\/www.antonioferreira.gallery\\\/de\\\/die-perspektiven-anderer-kuenstler-malen\\\/#breadcrumb\"},\"inLanguage\":\"de-DE\",\"potentialAction\":[{\"@type\":\"ReadAction\",\"target\":[\"https:\\\/\\\/www.antonioferreira.gallery\\\/de\\\/die-perspektiven-anderer-kuenstler-malen\\\/\"]}]},{\"@type\":\"BreadcrumbList\",\"@id\":\"https:\\\/\\\/www.antonioferreira.gallery\\\/de\\\/die-perspektiven-anderer-kuenstler-malen\\\/#breadcrumb\",\"itemListElement\":[{\"@type\":\"ListItem\",\"position\":1,\"name\":\"Home\",\"item\":\"https:\\\/\\\/www.antonioferreira.gallery\\\/de\\\/\"},{\"@type\":\"ListItem\",\"position\":2,\"name\":\"Die Perspektiven anderer K\u00fcnstler malen\"}]},{\"@type\":\"WebSite\",\"@id\":\"https:\\\/\\\/www.antonioferreira.gallery\\\/#website\",\"url\":\"https:\\\/\\\/www.antonioferreira.gallery\\\/\",\"name\":\"Ant\u00f3nio Artur Ferreira Gallery\",\"description\":\"Visual Artist\",\"potentialAction\":[{\"@type\":\"SearchAction\",\"target\":{\"@type\":\"EntryPoint\",\"urlTemplate\":\"https:\\\/\\\/www.antonioferreira.gallery\\\/?s={search_term_string}\"},\"query-input\":{\"@type\":\"PropertyValueSpecification\",\"valueRequired\":true,\"valueName\":\"search_term_string\"}}],\"inLanguage\":\"de-DE\"}]}<\/script>\n<!-- \/ Yoast SEO plugin. -->","yoast_head_json":{"title":"Die Perspektiven anderer K\u00fcnstler malen - Ant\u00f3nio Artur Ferreira Gallery","description":"Eine der Sammlungen von Ant\u00f3nio Artur Ferreira ist \u201eDie Entdeckung des Selbst und des Anderen \u2013 Malperspektiven anderer K\u00fcnstler\u201c.","robots":{"index":"index","follow":"follow","max-snippet":"max-snippet:-1","max-image-preview":"max-image-preview:large","max-video-preview":"max-video-preview:-1"},"canonical":"https:\/\/www.antonioferreira.gallery\/de\/die-perspektiven-anderer-kuenstler-malen\/","og_locale":"de_DE","og_type":"article","og_title":"Die Perspektiven anderer K\u00fcnstler malen - Ant\u00f3nio Artur Ferreira Gallery","og_description":"Eine der Sammlungen von Ant\u00f3nio Artur Ferreira ist \u201eDie Entdeckung des Selbst und des Anderen \u2013 Malperspektiven anderer K\u00fcnstler\u201c.","og_url":"https:\/\/www.antonioferreira.gallery\/de\/die-perspektiven-anderer-kuenstler-malen\/","og_site_name":"Ant\u00f3nio Artur Ferreira Gallery","article_modified_time":"2023-12-13T22:10:38+00:00","twitter_misc":{"Est. reading time":"1 minute"},"schema":{"@context":"https:\/\/schema.org","@graph":[{"@type":"WebPage","@id":"https:\/\/www.antonioferreira.gallery\/de\/die-perspektiven-anderer-kuenstler-malen\/","url":"https:\/\/www.antonioferreira.gallery\/de\/die-perspektiven-anderer-kuenstler-malen\/","name":"Die Perspektiven anderer K\u00fcnstler malen - Ant\u00f3nio Artur Ferreira Gallery","isPartOf":{"@id":"https:\/\/www.antonioferreira.gallery\/#website"},"datePublished":"2015-02-23T17:34:34+00:00","dateModified":"2023-12-13T22:10:38+00:00","description":"Eine der Sammlungen von Ant\u00f3nio Artur Ferreira ist \u201eDie Entdeckung des Selbst und des Anderen \u2013 Malperspektiven anderer K\u00fcnstler\u201c.","breadcrumb":{"@id":"https:\/\/www.antonioferreira.gallery\/de\/die-perspektiven-anderer-kuenstler-malen\/#breadcrumb"},"inLanguage":"de-DE","potentialAction":[{"@type":"ReadAction","target":["https:\/\/www.antonioferreira.gallery\/de\/die-perspektiven-anderer-kuenstler-malen\/"]}]},{"@type":"BreadcrumbList","@id":"https:\/\/www.antonioferreira.gallery\/de\/die-perspektiven-anderer-kuenstler-malen\/#breadcrumb","itemListElement":[{"@type":"ListItem","position":1,"name":"Home","item":"https:\/\/www.antonioferreira.gallery\/de\/"},{"@type":"ListItem","position":2,"name":"Die Perspektiven anderer K\u00fcnstler malen"}]},{"@type":"WebSite","@id":"https:\/\/www.antonioferreira.gallery\/#website","url":"https:\/\/www.antonioferreira.gallery\/","name":"Ant\u00f3nio Artur Ferreira Gallery","description":"Visual Artist","potentialAction":[{"@type":"SearchAction","target":{"@type":"EntryPoint","urlTemplate":"https:\/\/www.antonioferreira.gallery\/?s={search_term_string}"},"query-input":{"@type":"PropertyValueSpecification","valueRequired":true,"valueName":"search_term_string"}}],"inLanguage":"de-DE"}]}},"_links":{"self":[{"href":"https:\/\/www.antonioferreira.gallery\/de\/wp-json\/wp\/v2\/pages\/1419","targetHints":{"allow":["GET"]}}],"collection":[{"href":"https:\/\/www.antonioferreira.gallery\/de\/wp-json\/wp\/v2\/pages"}],"about":[{"href":"https:\/\/www.antonioferreira.gallery\/de\/wp-json\/wp\/v2\/types\/page"}],"author":[{"embeddable":true,"href":"https:\/\/www.antonioferreira.gallery\/de\/wp-json\/wp\/v2\/users\/1"}],"replies":[{"embeddable":true,"href":"https:\/\/www.antonioferreira.gallery\/de\/wp-json\/wp\/v2\/comments?post=1419"}],"version-history":[{"count":7,"href":"https:\/\/www.antonioferreira.gallery\/de\/wp-json\/wp\/v2\/pages\/1419\/revisions"}],"predecessor-version":[{"id":3905,"href":"https:\/\/www.antonioferreira.gallery\/de\/wp-json\/wp\/v2\/pages\/1419\/revisions\/3905"}],"wp:attachment":[{"href":"https:\/\/www.antonioferreira.gallery\/de\/wp-json\/wp\/v2\/media?parent=1419"}],"curies":[{"name":"wp","href":"https:\/\/api.w.org\/{rel}","templated":true}]}}