{"id":1350,"date":"2015-02-15T16:30:23","date_gmt":"2015-02-15T16:30:23","guid":{"rendered":"https:\/\/www.antonioferreira.gallery\/de\/antonio-ferreira\/"},"modified":"2023-11-29T23:49:59","modified_gmt":"2023-11-29T23:49:59","slug":"antonio-ferreira","status":"publish","type":"page","link":"https:\/\/www.antonioferreira.gallery\/de\/antonio-ferreira\/","title":{"rendered":"Ant\u00f3nio Ferreira"},"content":{"rendered":"\n\t\n\t<div class=\"section  st-invert\" id=\"home-about-bio\"\t\tstyle=\"\n\t\t\tpadding-top: 40px;\t\t\tpadding-bottom: 40px;\t\t\tbackground-color: #414141;\t\t\t background-image: url('https:\/\/www.antonioferreira.gallery\/wp-content\/uploads\/2022\/02\/anotnio-about.jpg');\t\t\t\t\t\t\"\n\t\t\t\t\t>\n\n\t\n\t<section>\n\n\t\n\t\n\t<div class=\"container\">\t\t\n<p class=\"p1\"><div class=\"row\"><div class=\"col-sm-6\">\n<h5 class=\"p1\"><span style=\"color: #ededed;\"><strong>\u00dcber den K\u00fcnstler<\/strong><\/span><\/h5>\n<p class=\"p1\"><span style=\"color: #ededed;\">Im Jahr 2009 begann Artur Ferreira seine k\u00fcnstlerische Laufbahn mit dem Ziel, seine Ideen durch Bilder zu vermitteln. Nach dem Grundsatz, dass er Ideen und nicht Dinge malt, beschloss Artur Ferreira, seine Lebenserfahrung und seine Anliegen zu malen und eine Botschaft der Nachhaltigkeit zu vermitteln.<\/span><\/p>\n<p class=\"p1\"><span style=\"color: #ededed;\">Seine erste Einzelausstellung fand 2014 an der Algarve statt, seine zweite zwei Jahre sp\u00e4ter in La Coru\u00f1a (Spanien). 2017 wurde Artur Ferreira eingeladen, das dritte Jahr des Malkurses an der Sociedade Nacional de Belas Artes in Lissabon zu besuchen. Seitdem arbeitet er mit dieser Gesellschaft zusammen und hat an mehreren von ihr organisierten Gruppenausstellungen in Lissabon und Aljustrel teilgenommen. Im Jahr 2023 stellte er auch in der Galerie C\u00f3digoDesign in Porto und in den Galerias de Santo Ant\u00f3nio in Monchique aus (siehe Ausstellungen).<\/span><\/p>\n<p class=\"p1\"><span style=\"color: #ededed;\">Im Jahr 2023 wird der Austausch von Ideen durch Bilder in ein Studienbuch aufgenommen. Das Werk \"Fundamentalismus\" wurde in Religionslehrb\u00fcchern ver\u00f6ffentlicht und in Studienzentren in Deutschland und \u00d6sterreich kommentiert.<\/span><\/p>\n<p class=\"entry-title\" style=\"text-align: left;\"><\/div><div class=\"col-sm-6\"><\/div><\/div>\n<p class=\"entry-title\" style=\"text-align: left;\">\t<\/div> <!-- container -->\n\t\n\t\t<\/section>\n\t<\/div> <!-- section -->\n\n\t\n\t\n\t\n\t<div class=\"section  st-invert\" id=\"home-about-bio-color\"\t\tstyle=\"\n\t\t\tpadding-top: 40px;\t\t\tpadding-bottom: 40px;\t\t\tbackground-color: #ededed;\t\t\t\t\t\t\t\t\t\"\n\t\t\t\t\t>\n\n\t\n\t<section>\n\n\t\n\t\n\t<div class=\"container\">\t\t\n<p class=\"entry-title\" style=\"text-align: left;\"><div class=\"row\"><div class=\"col-sm-6\">\n<h5 class=\"entry-title\" style=\"text-align: left;\"><span style=\"color: #414141;\">\u00fcber die Kunst<\/span><\/h5>\n<p class=\"p1\"><span style=\"color: #414141;\">Arturs Anliegen sind in drei Hauptthemen unterteilt: Strukturierungsthemen, Nachhaltigkeit und <span class=\"s1\">die Entdeckung des Selbst und des Anderen<\/span>. Zu jedem dieser Themen gibt es mehrere Sammlungen. Die strukturierenden Themen beziehen sich auf die grundlegenden Fragen, die uns als Menschen definieren: Gott, der Sinn des Lebens (geboren werden und sterben) und das Bewusstsein des Unendlichen.<\/span><\/p>\n<p class=\"p1\"><span style=\"color: #414141;\">Mit einer zutiefst humanistischen Erziehung und Ausbildung malt Artur im Bereich der Nachhaltigkeit Sammlungen \u00fcber Werte und aktuelle Politik und tr\u00e4gt zu Projekten bei, in denen B\u00fcrger verschiedener Nationalit\u00e4ten, Sprachen, Kulturen, Rassen und Religionen versuchen, in Gemeinschaft mit gemeinsamen Zielen zu leben. Zur Nachhaltigkeit geh\u00f6ren auch die Orte, an denen Menschen zusammenleben, und in diesem Fall hebt der Autor in seinen Gem\u00e4lden die Elemente hervor, die diese Orte einzigartig machen. Soziale Nachhaltigkeit ist nur m\u00f6glich, wenn die nat\u00fcrlichen Gleichgewichte respektiert werden. Die Natur ist nicht nur ein Thema der Sammlung, sondern bestimmt auch einen Gro\u00dfteil des Stils des Autors.<\/span><\/p>\n<p class=\"p1\"><span style=\"color: #414141;\">Auf einer individuelleren Ebene schlie\u00dflich geht es um die Entdeckung des Selbst und des Anderen. In diesen Sammlungen geht es darum, die pers\u00f6nlichen Eigenschaften eines jeden Menschen und seine Beziehung zu anderen, seine Gef\u00fchle und seine Interaktionen zu malen. Die Sichtweise anderer K\u00fcnstler zu diesen Themen, die in anderen Kunstformen zum Ausdruck kommt, ist ebenfalls Gegenstand einiger Werke.<\/span><\/p>\n<\/div><div class=\"col-sm-6\"><div class=\"su-image-carousel  su-image-carousel-has-spacing su-image-carousel-crop su-image-carousel-crop-4-3 su-image-carousel-has-outline su-image-carousel-adaptive su-image-carousel-slides-style-minimal su-image-carousel-controls-style-light su-image-carousel-align-left\" style=\"\" data-flickity-options='{\"groupCells\":true,\"cellSelector\":\".su-image-carousel-item\",\"adaptiveHeight\":false,\"cellAlign\":\"left\",\"prevNextButtons\":false,\"pageDots\":false,\"autoPlay\":5000,\"imagesLoaded\":true,\"contain\":true,\"selectedAttraction\":0.025,\"friction\":0.28}' id=\"su_image_carousel_69fe9f13ce19a\"><div class=\"su-image-carousel-item\"><div class=\"su-image-carousel-item-content\"><img loading=\"lazy\" decoding=\"async\" width=\"150\" height=\"100\" src=\"https:\/\/www.antonioferreira.gallery\/wp-content\/uploads\/2023\/11\/perfil_9320-150x100.jpg\" class=\"\" alt=\"\" srcset=\"https:\/\/www.antonioferreira.gallery\/wp-content\/uploads\/2023\/11\/perfil_9320-150x100.jpg 150w, https:\/\/www.antonioferreira.gallery\/wp-content\/uploads\/2023\/11\/perfil_9320.jpg 596w\" sizes=\"auto, (max-width: 150px) 100vw, 150px\" \/><\/div><\/div><\/div><script id=\"su_image_carousel_69fe9f13ce19a_script\">if(window.SUImageCarousel){setTimeout(function() {window.SUImageCarousel.initGallery(document.getElementById(\"su_image_carousel_69fe9f13ce19a\"))}, 0);}var su_image_carousel_69fe9f13ce19a_script=document.getElementById(\"su_image_carousel_69fe9f13ce19a_script\");if(su_image_carousel_69fe9f13ce19a_script){su_image_carousel_69fe9f13ce19a_script.parentNode.removeChild(su_image_carousel_69fe9f13ce19a_script);}<\/script><\/div><\/div>\n<div class=\"su-spacer\" style=\"height:80px\"><\/div>\n<div class=\"row\"><div class=\"col-sm-6\"><div class=\"su-image-carousel  su-image-carousel-has-spacing su-image-carousel-crop su-image-carousel-crop-4-3 su-image-carousel-has-outline su-image-carousel-adaptive su-image-carousel-slides-style-minimal su-image-carousel-controls-style-light su-image-carousel-align-left\" style=\"\" data-flickity-options='{\"groupCells\":true,\"cellSelector\":\".su-image-carousel-item\",\"adaptiveHeight\":false,\"cellAlign\":\"left\",\"prevNextButtons\":false,\"pageDots\":false,\"autoPlay\":5000,\"imagesLoaded\":true,\"contain\":true,\"selectedAttraction\":0.025,\"friction\":0.28}' id=\"su_image_carousel_69fe9f13ceeea\"><div class=\"su-image-carousel-item\"><div class=\"su-image-carousel-item-content\"><img loading=\"lazy\" decoding=\"async\" width=\"150\" height=\"100\" src=\"https:\/\/www.antonioferreira.gallery\/wp-content\/uploads\/2023\/11\/detalhe-pedra_9303-150x100.jpg\" class=\"\" alt=\"\" srcset=\"https:\/\/www.antonioferreira.gallery\/wp-content\/uploads\/2023\/11\/detalhe-pedra_9303-150x100.jpg 150w, https:\/\/www.antonioferreira.gallery\/wp-content\/uploads\/2023\/11\/detalhe-pedra_9303.jpg 383w\" sizes=\"auto, (max-width: 150px) 100vw, 150px\" \/><\/div><\/div><\/div><script id=\"su_image_carousel_69fe9f13ceeea_script\">if(window.SUImageCarousel){setTimeout(function() {window.SUImageCarousel.initGallery(document.getElementById(\"su_image_carousel_69fe9f13ceeea\"))}, 0);}var su_image_carousel_69fe9f13ceeea_script=document.getElementById(\"su_image_carousel_69fe9f13ceeea_script\");if(su_image_carousel_69fe9f13ceeea_script){su_image_carousel_69fe9f13ceeea_script.parentNode.removeChild(su_image_carousel_69fe9f13ceeea_script);}<\/script><\/div><div class=\"col-sm-6\">\n<p class=\"p1\">In der Malerei verbindet Artur die <strong>traditionelle Technik der \u00d6lmalerei mit der Einbeziehung von Gesteinen, Mineralien, Edelsteinen und anderen Elementen in seine Werke<\/strong>. Die Verwendung von \u00d6lfarben soll die Trocknungszeit verl\u00e4ngern, das Zusammenspiel der Farben f\u00f6rdern und ihre Leuchtkraft verst\u00e4rken.<\/p>\n<p class=\"p1\">Die Einf\u00fchrung von Gesteinen, Mineralien und Edelsteinen soll die<strong> Natur<\/strong> so darstellen, wie sie ist, und wird zu einem integralen Bestandteil der Symbolik und \u00c4sthetik des Werks. Sie erh\u00e4lt eine neue Komplexit\u00e4t und wird dreidimensional.<span class=\"Apple-converted-space\">\u00a0<\/span><\/p>\n<p class=\"p1\">Bei der Interpretation des Gem\u00e4ldes sieht sich der Betrachter mit der Notwendigkeit konfrontiert, die Eigenschaften der nat\u00fcrlichen Elemente mit den Formen und Farben des Werks in Einklang zu bringen, und wird so dazu neigen, die Natur und ihre \u00c4sthetik mehr zu sch\u00e4tzen und ein neues Gleichgewicht zwischen Kultur und Natur herzustellen.<\/p>\n<p class=\"entry-title\" style=\"text-align: left;\"><\/div><\/div>\t<\/div> <!-- container -->\n\t\n\t\t<\/section>\n\t<\/div> <!-- section -->\n\n\t\n\t\n","protected":false},"excerpt":{"rendered":"","protected":false},"author":1,"featured_media":0,"parent":0,"menu_order":1,"comment_status":"closed","ping_status":"closed","template":"page-full.php","meta":{"_exactmetrics_skip_tracking":false,"_exactmetrics_sitenote_active":false,"_exactmetrics_sitenote_note":"","_exactmetrics_sitenote_category":0,"footnotes":""},"class_list":["post-1350","page","type-page","status-publish","hentry"],"yoast_head":"<!-- This site is optimized with the Yoast SEO plugin v27.5 - https:\/\/yoast.com\/product\/yoast-seo-wordpress\/ -->\n<title>Ant\u00f3nio Ferreira - Ant\u00f3nio Artur Ferreira Gallery<\/title>\n<meta name=\"description\" content=\"Im Jahr 2009 begann Artur Ferreira seine k\u00fcnstlerische Laufbahn mit dem Ziel, seine Ideen durch Bilder zu vermitteln...\" \/>\n<meta name=\"robots\" content=\"index, follow, max-snippet:-1, max-image-preview:large, max-video-preview:-1\" \/>\n<link rel=\"canonical\" href=\"https:\/\/www.antonioferreira.gallery\/de\/antonio-ferreira\/\" \/>\n<meta property=\"og:locale\" content=\"de_DE\" \/>\n<meta property=\"og:type\" content=\"article\" \/>\n<meta property=\"og:title\" content=\"Ant\u00f3nio Ferreira - Ant\u00f3nio Artur Ferreira Gallery\" \/>\n<meta property=\"og:description\" content=\"Im Jahr 2009 begann Artur Ferreira seine k\u00fcnstlerische Laufbahn mit dem Ziel, seine Ideen durch Bilder zu vermitteln...\" \/>\n<meta property=\"og:url\" content=\"https:\/\/www.antonioferreira.gallery\/de\/antonio-ferreira\/\" \/>\n<meta property=\"og:site_name\" content=\"Ant\u00f3nio Artur Ferreira Gallery\" \/>\n<meta property=\"article:modified_time\" content=\"2023-11-29T23:49:59+00:00\" \/>\n<meta name=\"twitter:label1\" content=\"Est. reading time\" \/>\n\t<meta name=\"twitter:data1\" content=\"4 minutes\" \/>\n<script type=\"application\/ld+json\" class=\"yoast-schema-graph\">{\"@context\":\"https:\\\/\\\/schema.org\",\"@graph\":[{\"@type\":\"WebPage\",\"@id\":\"https:\\\/\\\/www.antonioferreira.gallery\\\/de\\\/antonio-ferreira\\\/\",\"url\":\"https:\\\/\\\/www.antonioferreira.gallery\\\/de\\\/antonio-ferreira\\\/\",\"name\":\"Ant\u00f3nio Ferreira - Ant\u00f3nio Artur Ferreira Gallery\",\"isPartOf\":{\"@id\":\"https:\\\/\\\/www.antonioferreira.gallery\\\/#website\"},\"datePublished\":\"2015-02-15T16:30:23+00:00\",\"dateModified\":\"2023-11-29T23:49:59+00:00\",\"description\":\"Im Jahr 2009 begann Artur Ferreira seine k\u00fcnstlerische Laufbahn mit dem Ziel, seine Ideen durch Bilder zu vermitteln...\",\"breadcrumb\":{\"@id\":\"https:\\\/\\\/www.antonioferreira.gallery\\\/de\\\/antonio-ferreira\\\/#breadcrumb\"},\"inLanguage\":\"de-DE\",\"potentialAction\":[{\"@type\":\"ReadAction\",\"target\":[\"https:\\\/\\\/www.antonioferreira.gallery\\\/de\\\/antonio-ferreira\\\/\"]}]},{\"@type\":\"BreadcrumbList\",\"@id\":\"https:\\\/\\\/www.antonioferreira.gallery\\\/de\\\/antonio-ferreira\\\/#breadcrumb\",\"itemListElement\":[{\"@type\":\"ListItem\",\"position\":1,\"name\":\"Home\",\"item\":\"https:\\\/\\\/www.antonioferreira.gallery\\\/de\\\/\"},{\"@type\":\"ListItem\",\"position\":2,\"name\":\"Ant\u00f3nio Ferreira\"}]},{\"@type\":\"WebSite\",\"@id\":\"https:\\\/\\\/www.antonioferreira.gallery\\\/#website\",\"url\":\"https:\\\/\\\/www.antonioferreira.gallery\\\/\",\"name\":\"Ant\u00f3nio Artur Ferreira Gallery\",\"description\":\"Visual Artist\",\"potentialAction\":[{\"@type\":\"SearchAction\",\"target\":{\"@type\":\"EntryPoint\",\"urlTemplate\":\"https:\\\/\\\/www.antonioferreira.gallery\\\/?s={search_term_string}\"},\"query-input\":{\"@type\":\"PropertyValueSpecification\",\"valueRequired\":true,\"valueName\":\"search_term_string\"}}],\"inLanguage\":\"de-DE\"}]}<\/script>\n<!-- \/ Yoast SEO plugin. -->","yoast_head_json":{"title":"Ant\u00f3nio Ferreira - Ant\u00f3nio Artur Ferreira Gallery","description":"Im Jahr 2009 begann Artur Ferreira seine k\u00fcnstlerische Laufbahn mit dem Ziel, seine Ideen durch Bilder zu vermitteln...","robots":{"index":"index","follow":"follow","max-snippet":"max-snippet:-1","max-image-preview":"max-image-preview:large","max-video-preview":"max-video-preview:-1"},"canonical":"https:\/\/www.antonioferreira.gallery\/de\/antonio-ferreira\/","og_locale":"de_DE","og_type":"article","og_title":"Ant\u00f3nio Ferreira - Ant\u00f3nio Artur Ferreira Gallery","og_description":"Im Jahr 2009 begann Artur Ferreira seine k\u00fcnstlerische Laufbahn mit dem Ziel, seine Ideen durch Bilder zu vermitteln...","og_url":"https:\/\/www.antonioferreira.gallery\/de\/antonio-ferreira\/","og_site_name":"Ant\u00f3nio Artur Ferreira Gallery","article_modified_time":"2023-11-29T23:49:59+00:00","twitter_misc":{"Est. reading time":"4 minutes"},"schema":{"@context":"https:\/\/schema.org","@graph":[{"@type":"WebPage","@id":"https:\/\/www.antonioferreira.gallery\/de\/antonio-ferreira\/","url":"https:\/\/www.antonioferreira.gallery\/de\/antonio-ferreira\/","name":"Ant\u00f3nio Ferreira - Ant\u00f3nio Artur Ferreira Gallery","isPartOf":{"@id":"https:\/\/www.antonioferreira.gallery\/#website"},"datePublished":"2015-02-15T16:30:23+00:00","dateModified":"2023-11-29T23:49:59+00:00","description":"Im Jahr 2009 begann Artur Ferreira seine k\u00fcnstlerische Laufbahn mit dem Ziel, seine Ideen durch Bilder zu vermitteln...","breadcrumb":{"@id":"https:\/\/www.antonioferreira.gallery\/de\/antonio-ferreira\/#breadcrumb"},"inLanguage":"de-DE","potentialAction":[{"@type":"ReadAction","target":["https:\/\/www.antonioferreira.gallery\/de\/antonio-ferreira\/"]}]},{"@type":"BreadcrumbList","@id":"https:\/\/www.antonioferreira.gallery\/de\/antonio-ferreira\/#breadcrumb","itemListElement":[{"@type":"ListItem","position":1,"name":"Home","item":"https:\/\/www.antonioferreira.gallery\/de\/"},{"@type":"ListItem","position":2,"name":"Ant\u00f3nio Ferreira"}]},{"@type":"WebSite","@id":"https:\/\/www.antonioferreira.gallery\/#website","url":"https:\/\/www.antonioferreira.gallery\/","name":"Ant\u00f3nio Artur Ferreira Gallery","description":"Visual Artist","potentialAction":[{"@type":"SearchAction","target":{"@type":"EntryPoint","urlTemplate":"https:\/\/www.antonioferreira.gallery\/?s={search_term_string}"},"query-input":{"@type":"PropertyValueSpecification","valueRequired":true,"valueName":"search_term_string"}}],"inLanguage":"de-DE"}]}},"_links":{"self":[{"href":"https:\/\/www.antonioferreira.gallery\/de\/wp-json\/wp\/v2\/pages\/1350","targetHints":{"allow":["GET"]}}],"collection":[{"href":"https:\/\/www.antonioferreira.gallery\/de\/wp-json\/wp\/v2\/pages"}],"about":[{"href":"https:\/\/www.antonioferreira.gallery\/de\/wp-json\/wp\/v2\/types\/page"}],"author":[{"embeddable":true,"href":"https:\/\/www.antonioferreira.gallery\/de\/wp-json\/wp\/v2\/users\/1"}],"replies":[{"embeddable":true,"href":"https:\/\/www.antonioferreira.gallery\/de\/wp-json\/wp\/v2\/comments?post=1350"}],"version-history":[{"count":4,"href":"https:\/\/www.antonioferreira.gallery\/de\/wp-json\/wp\/v2\/pages\/1350\/revisions"}],"predecessor-version":[{"id":3539,"href":"https:\/\/www.antonioferreira.gallery\/de\/wp-json\/wp\/v2\/pages\/1350\/revisions\/3539"}],"wp:attachment":[{"href":"https:\/\/www.antonioferreira.gallery\/de\/wp-json\/wp\/v2\/media?parent=1350"}],"curies":[{"name":"wp","href":"https:\/\/api.w.org\/{rel}","templated":true}]}}